{"id":202,"date":"2026-01-23T20:39:03","date_gmt":"2026-01-23T19:39:03","guid":{"rendered":"https:\/\/gadgetboost.lesgeeks.eu\/?page_id=202"},"modified":"2026-04-04T11:08:17","modified_gmt":"2026-04-04T09:08:17","slug":"livraison","status":"publish","type":"page","link":"https:\/\/www.vapote-shop.fr\/index.php\/livraison\/","title":{"rendered":"Livraison"},"content":{"rendered":"\n<h2 class=\"wp-block-heading\">\ud83d\ude9a Livraison<\/h2>\n\n\n\n<p>Chez <strong>Vapote-Shop<\/strong>, nous faisons le maximum pour vous proposer une livraison simple, rapide et sans frais suppl\u00e9mentaires.<\/p>\n\n\n\n<h3 class=\"wp-block-heading\">\ud83d\udce6 Livraison gratuite<\/h3>\n\n\n\n<p>\ud83d\ude9a <strong>La livraison est gratuite.<\/strong><\/p>\n\n\n\n<p>\ud83d\udcb0 <strong>Montant minimum de commande : 30 \u20ac<\/strong><\/p>\n\n\n\n<h3 class=\"wp-block-heading\">\u2709\ufe0f Mode d\u2019exp\u00e9dition<\/h3>\n\n\n\n<p>Toutes les commandes sont <strong>envoy\u00e9es via<\/strong> :<\/p>\n\n\n\n<p>\ud83d\ude9a <strong>Livraison en Relais Colis avec suivi<\/strong><\/p>\n\n\n\n<p>Toutes vos commandes sont exp\u00e9di\u00e9es via <strong>Relais Colis<\/strong> avec num\u00e9ro de suivi.<\/p>\n\n\n\n<p>\ud83d\udd0e Un num\u00e9ro de suivi vous est envoy\u00e9 d\u00e8s l\u2019exp\u00e9dition afin de suivre votre colis en temps r\u00e9el.<\/p>\n\n\n\n<p>\ud83d\ude9a Livraison rapide en point relais (g\u00e9n\u00e9ralement 48 \u00e0 72h ouvr\u00e9es).<\/p>\n\n\n\n<p>\ud83d\udce6 Vos produits sont soigneusement emball\u00e9s pour garantir une r\u00e9ception en parfait \u00e9tat.<\/p>\n\n\n\n<p>\ud83d\udcac Vous recevez une notification par email (et\/ou SMS selon le transporteur) lorsque votre colis est disponible dans votre relais.<\/p>\n\n\n\n<p>\ud83c\udfaf <strong>Frais de livraison : Gratuit<\/strong><\/p>\n\n\n\n<div class=\"wp-block-group is-nowrap is-layout-flex wp-container-core-group-is-layout-6c531013 wp-block-group-is-layout-flex\">\n<p><strong>\ud83d\udcb0 Montant minimum de commande : 30 \u20ac<\/strong><\/p>\n<\/div>\n\n\n\n<h3 class=\"wp-block-heading\">\u23f1\ufe0f D\u00e9lais d\u2019exp\u00e9dition<\/h3>\n\n\n\n<ul class=\"wp-block-list\">\n<li>Commande pr\u00e9par\u00e9e sous <strong>48 \u00e0 72 heures ouvr\u00e9es<\/strong><\/li>\n\n\n\n<li>Livraison g\u00e9n\u00e9ralement constat\u00e9e sous <strong>2 \u00e0 4 jours ouvr\u00e9s<\/strong> apr\u00e8s exp\u00e9dition (d\u00e9lais indicatifs)<\/li>\n<\/ul>\n\n\n\n<h3 class=\"wp-block-heading\">\ud83d\udcec Suivi de commande<\/h3>\n\n\n\n<p>Une fois votre commande exp\u00e9di\u00e9e, vous recevez :<br>\ud83d\udce7 un email contenant votre <strong>num\u00e9ro de suivi<\/strong>.<\/p>\n\n\n\n<h3 class=\"wp-block-heading\">\u2753 Une question sur votre livraison ?<\/h3>\n\n\n\n<p>Vous pouvez nous contacter \u00e0 tout moment via la page Contact ou par email :<br>\ud83d\udce7 <strong><a href=\"mailto:contact@vapote-shop.fr\" title=\"\"><strong>contact@vapote-shop.fr<\/strong><\/a><\/strong><\/p>\n","protected":false},"excerpt":{"rendered":"<p>\ud83d\ude9a Livraison Chez Vapote-Shop, nous faisons le maximum pour vous proposer une livraison simple, rapide et sans frais suppl\u00e9mentaires. \ud83d\udce6 Livraison gratuite \ud83d\ude9a La livraison est gratuite. \ud83d\udcb0 Montant minimum de commande : 30 \u20ac \u2709\ufe0f Mode d\u2019exp\u00e9dition Toutes les commandes sont envoy\u00e9es via : \ud83d\ude9a Livraison en Relais Colis avec suivi Toutes vos commandes [&hellip;]<\/p>\n","protected":false},"author":1,"featured_media":0,"parent":0,"menu_order":0,"comment_status":"closed","ping_status":"closed","template":"","meta":{"slim_seo":{"title":"Livraison - Vapote-Shop","description":"\ud83d\ude9a Livraison Chez Vapote-Shop , nous faisons le maximum pour vous proposer une livraison simple, rapide et sans frais suppl\u00e9mentaires. \ud83d\udce6 Livraison gratuite \ud83d\ude9a La"},"footnotes":""},"class_list":["post-202","page","type-page","status-publish","hentry"],"_links":{"self":[{"href":"https:\/\/www.vapote-shop.fr\/index.php\/wp-json\/wp\/v2\/pages\/202","targetHints":{"allow":["GET"]}}],"collection":[{"href":"https:\/\/www.vapote-shop.fr\/index.php\/wp-json\/wp\/v2\/pages"}],"about":[{"href":"https:\/\/www.vapote-shop.fr\/index.php\/wp-json\/wp\/v2\/types\/page"}],"author":[{"embeddable":true,"href":"https:\/\/www.vapote-shop.fr\/index.php\/wp-json\/wp\/v2\/users\/1"}],"replies":[{"embeddable":true,"href":"https:\/\/www.vapote-shop.fr\/index.php\/wp-json\/wp\/v2\/comments?post=202"}],"version-history":[{"count":14,"href":"https:\/\/www.vapote-shop.fr\/index.php\/wp-json\/wp\/v2\/pages\/202\/revisions"}],"predecessor-version":[{"id":2186,"href":"https:\/\/www.vapote-shop.fr\/index.php\/wp-json\/wp\/v2\/pages\/202\/revisions\/2186"}],"wp:attachment":[{"href":"https:\/\/www.vapote-shop.fr\/index.php\/wp-json\/wp\/v2\/media?parent=202"}],"curies":[{"name":"wp","href":"https:\/\/api.w.org\/{rel}","templated":true}]}}