{"id":1167,"date":"2026-03-09T19:59:39","date_gmt":"2026-03-09T18:59:39","guid":{"rendered":"https:\/\/vapote-shop.infoservice18.fr\/?post_type=product&#038;p=1167"},"modified":"2026-04-01T07:08:48","modified_gmt":"2026-04-01T05:08:48","slug":"e-liquide-menthe-polaire-50ml-e-tasty-menthe-polaire-extra-fraiche","status":"publish","type":"product","link":"https:\/\/www.vapote-shop.fr\/index.php\/produit\/e-liquide-menthe-polaire-50ml-e-tasty-menthe-polaire-extra-fraiche\/","title":{"rendered":"E-liquide Menthe Polaire 50ml E.Tasty \u2013 Menthe polaire extra-fra\u00eeche<div class=\"custom-short-desc\">Menthe polaire forte - 50 ml - 50\/50 PG\/VG - 0 mg - FR<\/div>"},"content":{"rendered":"<div class=\"c-pdt__section c-pdt__section--columns\">\n<div id=\"description_short\" class=\"\">\n<h3 class=\"u-h2 u-mb-3\">E-liquide Menthe Polaire 50ml One Taste &#8211; E.Tasty<\/h3>\n<div class=\"product-description c-pdt__description c-pdt__description--recap s-cms\">\n<p class=\"u-fiv\">Avec Menthe Polaire 50 ml, One Taste par E.Tasty signe une cr\u00e9ation \u00e0 vapoter aussi givr\u00e9e que bipolaire. D\u2019une caresse de menthe dans un gant de velours ou d\u2019une violente claque glaciaire, \u00e0 qui aurez-vous affaire ?<\/p>\n<ul>\n<li>Saveur : <span style=\"color: red;\">Menthe polaire extra-fra\u00eeche<\/span><\/li>\n<li>E-liquide\u00a050\/50 PG\/VG.<\/li>\n<li>Format 50 ml <span style=\"color: red;\">sans nicotine<\/span> (0mg) en flacon 75 ml \u00e0 booster.<\/li>\n<li>E-liquide Menthe Polaire 50 ml fabriqu\u00e9 en France par E.Tasty pour la gamme One Taste.<\/li>\n<\/ul>\n<p><i><u>Note<\/u> : Cet\u00a0e-liquide One Taste\u00a0est conseill\u00e9 pour des r\u00e9sistances de 0,5 \u00e0 0,8 \uab65.\u00a0<\/i><\/p>\n<\/div>\n<\/div>\n<\/div>\n<div class=\"c-pdt__sections c-pdt__sections--columns\">\n<div class=\"c-pdt__section c-pdt__section--columns\">\n<div id=\"description\" class=\"\">\n<div class=\"product-description c-pdt__description s-cms\">\n<h3>E-liquide Menthe Polaire 50ml One Taste &#8211; E.Tasty<\/h3>\n<p>&nbsp;<\/p>\n<p><img decoding=\"async\" class=\"center-block\" title=\"E-liquide Menthe Polaire 50 ml One Taste - E.Tasty\" src=\"https:\/\/pro.taklope.com\/img\/descrhtml\/bd_1906809.jpg\" alt=\"E-liquide Menthe Polaire 50 ml One Taste - E.Tasty\" \/><\/p>\n<p class=\"u-fiv\">Avec l\u2019e-liquide Menthe Polaire 50 ml One Taste, E.Tasty r\u00e9invente sa c\u00e9l\u00e8bre menthe pleine de caract\u00e8re en g\u00e9n\u00e9reux format 50 ml \u00e0 booster. Votre cigarette \u00e9lectronique \u00e0 int\u00e9r\u00eat de chauffer pour ne pas se geler la chemin\u00e9e !<\/p>\n<p class=\"u-fiv\">Si telle une stalagmite le flacon de l\u2019e-liquide Menthe Polaire 50 ml a bien grandi, c\u2019est pour mieux vous frigorifier ! Gare \u00e0 cette recette givr\u00e9e qui passe de la douceur \u00e0 la violence en une bouff\u00e9e !\u00a0Cette enveloppe de menthe tr\u00e8s tendre en bouche se transforme en morsure glac\u00e9e. Une menthe plus bipolaire que polaire qui vous surprendra \u00e0 chaque bouff\u00e9e, voil\u00e0 ce qu\u2019est Menthe Polaire 50 ml, l\u2019e-liquide One Taste\u00a0sign\u00e9 E.Tasty le plus givr\u00e9 !<\/p>\n<p>E-liquide Menthe Polaire 50 ml fabriqu\u00e9 en France par E.Tasty pour la gamme One Taste.<\/p>\n<p>&nbsp;<\/p>\n<hr \/>\n<p>&nbsp;<\/p>\n<h3>Base du e-liquide Menthe Polaire 50 ml One Taste &#8211; E.Tasty :<\/h3>\n<ul>\n<li>50 % : Propyl\u00e8ne Glycol<\/li>\n<li>50 % : Glyc\u00e9rine V\u00e9g\u00e9tale<\/li>\n<\/ul>\n<p>&nbsp;<\/p>\n<p>Le e-liquide Menthe Polaire 50 ml est fabriqu\u00e9 sur une base \u00e9quilibr\u00e9e 50\/50 PG\/VG.<\/p>\n<p><i><u>Note<\/u> : Une base 50\/50 est plus pr\u00e9cis\u00e9ment conseill\u00e9e pour des r\u00e9sistances comprises entre 0,5 et 0,8 \uab65.<\/i><\/p>\n<p>&nbsp;<\/p>\n<hr \/>\n<p>&nbsp;<\/p>\n<h3>Comment booster le e-liquide Menthe Polaire 50 ml One Taste &#8211; E.Tasty ?<\/h3>\n<p>Le e-liquide Menthe Polaire de One Taste by E.Tasty est propos\u00e9 en version 50 ml boost\u00e9e en ar\u00f4mes, dans un flacon ne contenant pas de nicotine (0mg). Il vous sera possible d\u2019en ajouter selon vos besoins et sans perte de saveur, gr\u00e2ce \u00e0 un ou plusieurs\u00a0boosters nicotin\u00e9s\u00a0(non-inclus).<br \/>\nPar exemple, il faudra :<\/p>\n<ul>\n<li>Ajouter un booster de nicotine au flacon pour obtenir 60 ml de e-liquide nicotin\u00e9 \u00e0 3.3 mg\/ml,<\/li>\n<li>Verser le e-liquide Menthe Polaire 50 ml dans un\u00a0flacon\u00a0plus grand, et lui ajouter deux boosters de nicotine pour obtenir 70 ml de e-liquide nicotin\u00e9 \u00e0 5,7 mg\/ml.<\/li>\n<\/ul>\n<p><i><u>Note<\/u>\u00a0: Il est d\u00e9conseill\u00e9 de m\u00e9langer le e-liquide Menthe Polaire 50 ml avec plus de deux boosters. Au-del\u00e0, les ar\u00f4mes seront trop dilu\u00e9s et perdront en intensit\u00e9.<\/i><\/p>\n<p>&nbsp;<\/p>\n<p><img decoding=\"async\" src=\"https:\/\/media1.taklope.com\/img\/descrhtml\/50ml%20booste_1476182.jpg\" alt=\"\" \/><\/p>\n<p>&nbsp;<\/p>\n<h3>Conservation de votre e-liquide Menthe Polaire 50 ml One Taste &#8211; E.Tasty<\/h3>\n<p>Pour une conservation optimale jour apr\u00e8s jour, conservez votre e-liquide Menthe Polaire 50 ml One Taste dans un endroit sec et \u00e0 temp\u00e9rature ambiante. Ne l\u2019exposez pas en permanence \u00e0 la lumi\u00e8re et rebouchez soigneusement le flacon apr\u00e8s usage.<\/p>\n<p>Un e-liquide\u00a0E.Tasty\u00a050 ml bien conserv\u00e9 pourra \u00eatre consomm\u00e9 apr\u00e8s d\u00e9passement de sa DLUO, sans perte significative de saveur.<\/p>\n<\/div>\n<\/div>\n<\/div>\n<div class=\"c-pdt__section\">\n<div id=\"product-details\" class=\"\" data-product=\"{&quot;id_shop_default&quot;:&quot;2&quot;,&quot;id_manufacturer&quot;:&quot;0&quot;,&quot;id_supplier&quot;:&quot;97&quot;,&quot;reference&quot;:&quot;&quot;,&quot;is_virtual&quot;:&quot;0&quot;,&quot;delivery_in_stock&quot;:&quot;&quot;,&quot;delivery_out_stock&quot;:&quot;&quot;,&quot;id_category_default&quot;:&quot;974&quot;,&quot;on_sale&quot;:&quot;0&quot;,&quot;online_only&quot;:&quot;0&quot;,&quot;ecotax&quot;:0,&quot;minimal_quantity&quot;:&quot;1&quot;,&quot;low_stock_threshold&quot;:null,&quot;low_stock_alert&quot;:&quot;0&quot;,&quot;price&quot;:&quot;4,72\\u00a0\\u20ac&quot;,&quot;unity&quot;:&quot;&quot;,&quot;unit_price_ratio&quot;:&quot;0.000000&quot;,&quot;additional_shipping_cost&quot;:&quot;0.000000&quot;,&quot;customizable&quot;:&quot;0&quot;,&quot;text_fields&quot;:&quot;0&quot;,&quot;uploadable_files&quot;:&quot;0&quot;,&quot;redirect_type&quot;:&quot;404&quot;,&quot;id_type_redirected&quot;:&quot;0&quot;,&quot;available_for_order&quot;:&quot;1&quot;,&quot;available_date&quot;:&quot;0000-00-00&quot;,&quot;show_condition&quot;:&quot;0&quot;,&quot;condition&quot;:&quot;new&quot;,&quot;show_price&quot;:&quot;1&quot;,&quot;indexed&quot;:&quot;1&quot;,&quot;visibility&quot;:&quot;both&quot;,&quot;cache_default_attribute&quot;:&quot;0&quot;,&quot;advanced_stock_management&quot;:&quot;1&quot;,&quot;date_add&quot;:&quot;2021-09-10 20:37:26&quot;,&quot;date_upd&quot;:&quot;2026-02-24 11:00:15&quot;,&quot;pack_stock_type&quot;:&quot;0&quot;,&quot;meta_keywords&quot;:&quot;&quot;,&quot;link_rewrite&quot;:&quot;eliquide-menthe-polaire-one-taste&quot;,&quot;name&quot;:&quot;E-liquide Menthe Polaire 50ml One Taste - E.Tasty&quot;,&quot;available_now&quot;:&quot;&quot;,&quot;available_later&quot;:&quot;&quot;,&quot;id&quot;:13394,&quot;id_product&quot;:13394,&quot;out_of_stock&quot;:2,&quot;new&quot;:0,&quot;id_product_attribute&quot;:&quot;0&quot;,&quot;quantity_wanted&quot;:1,&quot;allow_oosp&quot;:0,&quot;category&quot;:&quot;e-tasty&quot;,&quot;category_name&quot;:&quot;E.Tasty&quot;,&quot;link&quot;:&quot;https:\\\/\\\/pro.taklope.com\\\/e-tasty\\\/13394-eliquide-menthe-polaire-one-taste.html&quot;,&quot;attribute_price&quot;:0,&quot;price_tax_exc&quot;:4.71999999999999975131004248396493494510650634765625,&quot;price_without_reduction&quot;:4.71999999999999975131004248396493494510650634765625,&quot;reduction&quot;:0,&quot;specific_prices&quot;:{&quot;id_specific_price&quot;:&quot;26832173&quot;,&quot;id_specific_price_rule&quot;:&quot;0&quot;,&quot;id_cart&quot;:&quot;0&quot;,&quot;id_product&quot;:&quot;13394&quot;,&quot;id_product_attribute&quot;:&quot;0&quot;,&quot;id_shop&quot;:&quot;2&quot;,&quot;id_shop_group&quot;:&quot;0&quot;,&quot;id_currency&quot;:&quot;0&quot;,&quot;id_country&quot;:&quot;0&quot;,&quot;id_group&quot;:&quot;22&quot;,&quot;id_customer&quot;:&quot;0&quot;,&quot;price&quot;:4.71999999999999975131004248396493494510650634765625,&quot;from_quantity&quot;:&quot;1&quot;,&quot;reduction&quot;:&quot;0.000000&quot;,&quot;reduction_tax&quot;:&quot;1&quot;,&quot;reduction_type&quot;:&quot;percentage&quot;,&quot;from&quot;:&quot;0000-00-00 00:00:00&quot;,&quot;to&quot;:&quot;0000-00-00 00:00:00&quot;,&quot;score&quot;:&quot;18&quot;},&quot;quantity&quot;:102,&quot;quantity_all_versions&quot;:102,&quot;id_image&quot;:&quot;fr-default&quot;,&quot;attachments&quot;:[],&quot;virtual&quot;:0,&quot;pack&quot;:0,&quot;packItems&quot;:[],&quot;nopackprice&quot;:0,&quot;customization_required&quot;:false,&quot;rate&quot;:20,&quot;tax_name&quot;:&quot;TVA FR 20%&quot;,&quot;ecotax_rate&quot;:0,&quot;unit_price&quot;:&quot;&quot;,&quot;customizations&quot;:{&quot;fields&quot;:[]},&quot;id_customization&quot;:0,&quot;is_customizable&quot;:false,&quot;show_quantities&quot;:true,&quot;quantity_label&quot;:&quot;Produits&quot;,&quot;quantity_discounts&quot;:[],&quot;customer_group_discount&quot;:0,&quot;images&quot;:[{&quot;bySize&quot;:{&quot;small_default&quot;:{&quot;url&quot;:&quot;https:\\\/\\\/media.taklope.com\\\/67990-small_default\\\/eliquide-menthe-polaire-one-taste.jpg&quot;,&quot;width&quot;:98,&quot;height&quot;:98},&quot;cart_default&quot;:{&quot;url&quot;:&quot;https:\\\/\\\/media.taklope.com\\\/67990-cart_default\\\/eliquide-menthe-polaire-one-taste.jpg&quot;,&quot;width&quot;:125,&quot;height&quot;:125},&quot;home_default&quot;:{&quot;url&quot;:&quot;https:\\\/\\\/media.taklope.com\\\/67990-home_default\\\/eliquide-menthe-polaire-one-taste.jpg&quot;,&quot;width&quot;:250,&quot;height&quot;:250},&quot;medium_default&quot;:{&quot;url&quot;:&quot;https:\\\/\\\/media.taklope.com\\\/67990-medium_default\\\/eliquide-menthe-polaire-one-taste.jpg&quot;,&quot;width&quot;:452,&quot;height&quot;:452},&quot;large_default&quot;:{&quot;url&quot;:&quot;https:\\\/\\\/media.taklope.com\\\/67990-large_default\\\/eliquide-menthe-polaire-one-taste.jpg&quot;,&quot;width&quot;:1000,&quot;height&quot;:1000}},&quot;small&quot;:{&quot;url&quot;:&quot;https:\\\/\\\/media.taklope.com\\\/67990-small_default\\\/eliquide-menthe-polaire-one-taste.jpg&quot;,&quot;width&quot;:98,&quot;height&quot;:98},&quot;medium&quot;:{&quot;url&quot;:&quot;https:\\\/\\\/media.taklope.com\\\/67990-home_default\\\/eliquide-menthe-polaire-one-taste.jpg&quot;,&quot;width&quot;:250,&quot;height&quot;:250},&quot;large&quot;:{&quot;url&quot;:&quot;https:\\\/\\\/media.taklope.com\\\/67990-large_default\\\/eliquide-menthe-polaire-one-taste.jpg&quot;,&quot;width&quot;:1000,&quot;height&quot;:1000},&quot;legend&quot;:&quot;E-liquide Menthe Polaire 50ml One Taste - E.Tasty&quot;,&quot;id_image&quot;:&quot;67990&quot;,&quot;cover&quot;:&quot;1&quot;,&quot;position&quot;:&quot;1&quot;,&quot;associatedVariants&quot;:[]}],&quot;cover&quot;:{&quot;bySize&quot;:{&quot;small_default&quot;:{&quot;url&quot;:&quot;https:\\\/\\\/media.taklope.com\\\/67990-small_default\\\/eliquide-menthe-polaire-one-taste.jpg&quot;,&quot;width&quot;:98,&quot;height&quot;:98},&quot;cart_default&quot;:{&quot;url&quot;:&quot;https:\\\/\\\/media.taklope.com\\\/67990-cart_default\\\/eliquide-menthe-polaire-one-taste.jpg&quot;,&quot;width&quot;:125,&quot;height&quot;:125},&quot;home_default&quot;:{&quot;url&quot;:&quot;https:\\\/\\\/media.taklope.com\\\/67990-home_default\\\/eliquide-menthe-polaire-one-taste.jpg&quot;,&quot;width&quot;:250,&quot;height&quot;:250},&quot;medium_default&quot;:{&quot;url&quot;:&quot;https:\\\/\\\/media.taklope.com\\\/67990-medium_default\\\/eliquide-menthe-polaire-one-taste.jpg&quot;,&quot;width&quot;:452,&quot;height&quot;:452},&quot;large_default&quot;:{&quot;url&quot;:&quot;https:\\\/\\\/media.taklope.com\\\/67990-large_default\\\/eliquide-menthe-polaire-one-taste.jpg&quot;,&quot;width&quot;:1000,&quot;height&quot;:1000}},&quot;small&quot;:{&quot;url&quot;:&quot;https:\\\/\\\/media.taklope.com\\\/67990-small_default\\\/eliquide-menthe-polaire-one-taste.jpg&quot;,&quot;width&quot;:98,&quot;height&quot;:98},&quot;medium&quot;:{&quot;url&quot;:&quot;https:\\\/\\\/media.taklope.com\\\/67990-home_default\\\/eliquide-menthe-polaire-one-taste.jpg&quot;,&quot;width&quot;:250,&quot;height&quot;:250},&quot;large&quot;:{&quot;url&quot;:&quot;https:\\\/\\\/media.taklope.com\\\/67990-large_default\\\/eliquide-menthe-polaire-one-taste.jpg&quot;,&quot;width&quot;:1000,&quot;height&quot;:1000},&quot;legend&quot;:&quot;E-liquide Menthe Polaire 50ml One Taste - E.Tasty&quot;,&quot;id_image&quot;:&quot;67990&quot;,&quot;cover&quot;:&quot;1&quot;,&quot;position&quot;:&quot;1&quot;,&quot;associatedVariants&quot;:[]},&quot;has_discount&quot;:false,&quot;discount_type&quot;:&quot;percentage&quot;,&quot;discount_percentage&quot;:&quot;0%&quot;,&quot;discount_percentage_absolute&quot;:&quot;0%&quot;,&quot;discount_amount&quot;:&quot;0,00\\u00a0\\u20ac&quot;,&quot;discount_amount_to_display&quot;:&quot;-0,00\\u00a0\\u20ac&quot;,&quot;price_amount&quot;:4.71999999999999975131004248396493494510650634765625,&quot;unit_price_full&quot;:&quot;&quot;,&quot;show_availability&quot;:true,&quot;availability_date&quot;:null,&quot;availability_message&quot;:&quot;&quot;,&quot;availability&quot;:&quot;available&quot;}\">\n<section class=\"product-features\">\n<p class=\"u-h2 u-mb-3\">Fiche technique<\/p>\n<div id=\"readmore-pdt-features\" class=\"u-mb-2\" data-readmore=\"\" aria-expanded=\"true\">\n<table class=\"data-sheet table table-striped u-mb-0\">\n<tbody>\n<tr class=\"c-pdt__features-row\">\n<th class=\"name\">Type de produit<\/th>\n<td class=\"value\">E-liquide<\/td>\n<\/tr>\n<tr class=\"c-pdt__features-row\">\n<th class=\"name\">Marque<\/th>\n<td class=\"value\">E.TASTY<\/td>\n<\/tr>\n<tr class=\"c-pdt__features-row\">\n<th class=\"name\">Type de saveur<\/th>\n<td class=\"value\">Menthol\u00e9e<\/td>\n<\/tr>\n<tr class=\"c-pdt__features-row\">\n<th class=\"name\">Dosage PG\/VG<\/th>\n<td class=\"value\">50\/50 &#8211; PG\/VG<\/td>\n<\/tr>\n<tr class=\"c-pdt__features-row\">\n<th class=\"name\">Gamme<\/th>\n<td class=\"value\">One Taste<\/td>\n<\/tr>\n<tr class=\"c-pdt__features-row\">\n<th class=\"name\">Contenance (en ml)<\/th>\n<td class=\"value\">50<\/td>\n<\/tr>\n<tr class=\"c-pdt__features-row\">\n<th class=\"name\">Origine<\/th>\n<td class=\"value\">France<\/td>\n<\/tr>\n<tr class=\"c-pdt__features-row\">\n<th class=\"name\">Type e-liquide<\/th>\n<td class=\"value\">Boost\u00e9 en ar\u00f4me<\/td>\n<\/tr>\n<tr class=\"c-pdt__features-row\">\n<th class=\"name\">Mono ar\u00f4me<\/th>\n<td class=\"value\">Oui<\/td>\n<\/tr>\n<\/tbody>\n<\/table>\n<\/div>\n<\/section>\n<\/div>\n<\/div>\n<div class=\"c-pdt__section c-pdt__section--columns\">\n<div id=\"disclaimer\" class=\"\">\n<p class=\"u-h2 u-mb-3\">Nicotine bon \u00e0 savoir<\/p>\n<div class=\"c-card c-pdt-disclaimer__card c-pdt-disclaimer__card--attention\">\n<div class=\"c-pdt-disclaimer__heading\">\n<div class=\"u-ml-1\">\n<p class=\"u-h4 u-txt-white u-mb-0\">Attention<\/p>\n<p class=\"u-mb-0\">Entre 0.25% et 1.66% m\/m de Nicotine<\/p>\n<p class=\"u-mb-0\">Nocif en cas d&rsquo;ingestion<\/p>\n<\/div>\n<\/div>\n<div class=\"c-pdt-disclaimer__content\">\n<p class=\"u-h4 u-mb-1\">Conseils de prudence<\/p>\n<ul>\n<li>P101 : En cas de consultation d&rsquo;un m\u00e9decin, garder \u00e0 disposition le r\u00e9cipient ou l&rsquo;\u00e9tiquette<\/li>\n<li>P102 : Tenir hors de port\u00e9e des enfants<\/li>\n<li>Se laver les mains soigneusement apr\u00e8s manipulation<\/li>\n<li>P270 : Ne pas manger, boire ou fumer en manipulant le produit<\/li>\n<li>P301+312 : Appeler un CENTRE ANTI-POISON ou un m\u00e9decin en cas de malaise<\/li>\n<li>P330 : Rincer la bouche<\/li>\n<li>EMBALLAGE : Indice tactile de danger<\/li>\n<\/ul>\n<\/div>\n<\/div>\n<div class=\"c-card c-pdt-disclaimer__card c-pdt-disclaimer__card--danger\">\n<div class=\"c-pdt-disclaimer__heading\">\n<div class=\"u-ml-1\">\n<p class=\"u-h4 u-txt-white u-mb-0\">Danger<\/p>\n<p class=\"u-mb-0\">Au-del\u00e0 de 1.66% m\/m de Nicotine<\/p>\n<p class=\"u-mb-0\">Toxique en cas d&rsquo;ingestion<\/p>\n<\/div>\n<\/div>\n<div class=\"c-pdt-disclaimer__content\">\n<p class=\"u-h4 u-mb-1\">Conseils de prudence<\/p>\n<ul>\n<li>P101 : En cas de consultation d&rsquo;un m\u00e9decin, garder \u00e0 disposition le r\u00e9cipient ou l&rsquo;\u00e9tiquette<\/li>\n<li>P102 : Tenir hors de port\u00e9e des enfants<\/li>\n<li>Se laver les mains soigneusement apr\u00e8s manipulation<\/li>\n<li>P270 : Ne pas manger, boire ou fumer en manipulant le produit<\/li>\n<li>EN CAS DE CONTACT AVEC LA PEAU : laver abondamment \u00e0 l&rsquo;eau et au savon<\/li>\n<li>P301+310 : Appeler imm\u00e9diatement un CENTRE ANTI-POISON ou un m\u00e9decin en cas de malaise<\/li>\n<li>P405 : Garder sous cl\u00e9<\/li>\n<li>EMBALLAGE : Fermeture de s\u00e9curit\u00e9 pour un enfant et indice tactile de danger<\/li>\n<\/ul>\n<\/div>\n<\/div>\n<\/div>\n<\/div>\n<div class=\"c-pdt__section c-pdt__section--columns\">\n<div id=\"manufacturer\" class=\"\">\n<div class=\"u-p-rel u-mb-1\">\n<div class=\"c-pdt__manu-thumbnail\"><img loading=\"lazy\" decoding=\"async\" class=\"u-img-fluid\" src=\"https:\/\/media.taklope.com\/c\/974-category_default\/e-tasty.jpg\" alt=\"E.Tasty\" width=\"250\" height=\"50\" \/><\/div>\n<p>E.Tasty<\/p>\n<\/div>\n<div id=\"readmore-pdt-manufacturer\" class=\"c-pdt__manu-desc\" data-readmore=\"\" aria-expanded=\"true\">\n<p class=\"u-fiv\">Originaire du Loiret,\u00a0<strong>E.Tasty<\/strong>\u00a0est un fabricant fran\u00e7ais de\u00a0e-liquides\u00a0Fran\u00e7ais E.Tasty propose des e-liquides premium aussi vari\u00e9s que d\u00e9licieux. Repartis en douze gammes, les\u00a0<strong>e-liquides E.Tasty<\/strong>\u00a0sont conditionn\u00e9s sous flacons 10ml avec un taux de nicotine, au choix, entre 0, 3, 6, 10, 12, 18 et 20 mg\/ml et sous flacons de 50ml \u00e0 booster en nicotine. Et parce que vaper c\u2019est bien, mais vaper avec des\u00a0<strong>e-liquides E.Tasty fran\u00e7ais certifi\u00e9s<\/strong>\u00a0c\u2019est mieux ! La marque E.Tasty confectionne ses produits en France, en respectant les normes en vigueur.<\/p>\n<\/div>\n<\/div>\n<\/div>\n<\/div>\n<hr data-start=\"600\" data-end=\"603\" \/>\n","protected":false},"excerpt":{"rendered":"<p>Menthe polaire forte &#8211; 50 ml &#8211; 50\/50 PG\/VG &#8211; 0 mg &#8211; FR<\/p>\n","protected":false},"featured_media":1168,"comment_status":"open","ping_status":"closed","template":"","meta":{"slim_seo":{"title":"E-liquide Menthe Polaire 50ml E.Tasty \u2013 Menthe polaire extra-fra\u00eeche - Vapote-Shop","description":"Menthe polaire forte - 50 ml - 50\/50 PG\/VG - 0 mg - FR"}},"product_brand":[50],"product_cat":[90,47,52],"product_tag":[],"class_list":{"0":"post-1167","1":"product","2":"type-product","3":"status-publish","4":"has-post-thumbnail","6":"product_brand-e-tasty","7":"product_cat-deals","8":"product_cat-e-liquide-50ml","9":"product_cat-meilleures-ventes","11":"first","12":"instock","13":"sale","14":"shipping-taxable","15":"purchasable","16":"product-type-simple"},"_links":{"self":[{"href":"https:\/\/www.vapote-shop.fr\/index.php\/wp-json\/wp\/v2\/product\/1167","targetHints":{"allow":["GET"]}}],"collection":[{"href":"https:\/\/www.vapote-shop.fr\/index.php\/wp-json\/wp\/v2\/product"}],"about":[{"href":"https:\/\/www.vapote-shop.fr\/index.php\/wp-json\/wp\/v2\/types\/product"}],"replies":[{"embeddable":true,"href":"https:\/\/www.vapote-shop.fr\/index.php\/wp-json\/wp\/v2\/comments?post=1167"}],"wp:featuredmedia":[{"embeddable":true,"href":"https:\/\/www.vapote-shop.fr\/index.php\/wp-json\/wp\/v2\/media\/1168"}],"wp:attachment":[{"href":"https:\/\/www.vapote-shop.fr\/index.php\/wp-json\/wp\/v2\/media?parent=1167"}],"wp:term":[{"taxonomy":"product_brand","embeddable":true,"href":"https:\/\/www.vapote-shop.fr\/index.php\/wp-json\/wp\/v2\/product_brand?post=1167"},{"taxonomy":"product_cat","embeddable":true,"href":"https:\/\/www.vapote-shop.fr\/index.php\/wp-json\/wp\/v2\/product_cat?post=1167"},{"taxonomy":"product_tag","embeddable":true,"href":"https:\/\/www.vapote-shop.fr\/index.php\/wp-json\/wp\/v2\/product_tag?post=1167"}],"curies":[{"name":"wp","href":"https:\/\/api.w.org\/{rel}","templated":true}]}}