{"id":1171,"date":"2026-03-10T07:25:07","date_gmt":"2026-03-10T06:25:07","guid":{"rendered":"https:\/\/vapote-shop.infoservice18.fr\/?post_type=product&#038;p=1171"},"modified":"2026-04-01T07:08:42","modified_gmt":"2026-04-01T05:08:42","slug":"base-1l-gold-vape-sans-nicotine","status":"publish","type":"product","link":"https:\/\/www.vapote-shop.fr\/index.php\/produit\/base-1l-gold-vape-sans-nicotine\/","title":{"rendered":"Base 1L &#8211; Gold Vape &#8211; sans nicotine<div class=\"custom-short-desc\">Bouteille 1L - 75\/25 ou 50\/50 ou 25\/75 ou 0\/100 - 0mg<\/div>"},"content":{"rendered":"<div class=\"c-pdt__section c-pdt__section--columns\">\n<div id=\"description_short\" class=\"\">\n<h3 class=\"u-h2 u-mb-3\">Base 1L &#8211; Gold Vape &#8211; sans nicotine<\/h3>\n<div class=\"product-description c-pdt__description c-pdt__description--recap s-cms\">\n<p><strong>Base pour e-liquide DIY Gold Vape &#8211; Bouteille 1L &#8211; 75\/25 ou 50\/50 ou 25\/75 ou 0\/100 &#8211; 0mg<\/strong><\/p>\n<p>R\u00e9alisez des DIY 100% personnalis\u00e9s et en tr\u00e8s grandes quantit\u00e9s gr\u00e2ce \u00e0 la Base 1L Gold Vape !<\/p>\n<p>Cette base DIY Gold Vape \u00ab format familial \u00bb ne vous propose pas moins de 1L de base PG\/VG neutre haute-qualit\u00e9 et pr\u00eate \u00e0 \u00eatre m\u00e9lang\u00e9e \u00e0 tous vos ar\u00f4mes concentr\u00e9s.<\/p>\n<p>La base 1L Gold Vape est disponible sous quatre taux de PG\/VG au choix : 75\/25 ; 50\/50 ; 25\/75 ; 0\/100. Un vaste choix id\u00e9al pour un DIY personnalis\u00e9 en accord parfait avec votre mat\u00e9riel !<\/p>\n<p><strong>Base 1L Gold Vape\u00a0certifi\u00e9e Origine France Garantie, de qualit\u00e9 pharmaceutique et conditionn\u00e9e en bouteille PET s\u00e9curis\u00e9e.<\/strong><\/p>\n<\/div>\n<\/div>\n<\/div>\n<div class=\"c-pdt__sections c-pdt__sections--columns\">\n<div class=\"c-pdt__section c-pdt__section--columns\">\n<div id=\"description\" class=\"\">\n<div class=\"product-description c-pdt__description s-cms\">\n<h3>Base DIY 1L &#8211; Gold Vape<\/h3>\n<p>&nbsp;<\/p>\n<p>Assurez-vous des mois et des mois de pr\u00e9parations DIY avec la bouteille de base XXL de Gold Vape !<br \/>\nCette base DIY Gold Vape grand format vous offre 1L de base PG\/VG neutre de qualit\u00e9 pharmaceutique et pr\u00eate \u00e0 diluer vos meilleurs ar\u00f4mes concentr\u00e9s. Un composant indispensable dont il ne vaut mieux pas manquer !<br \/>\nPour satisfaire vos envies et vous assurer un e-liquide DIY adapt\u00e9 \u00e0 votre mat\u00e9riel, la base Gold Vape 1L est propos\u00e9e sous quatre taux de PG\/VG des plus fluides aux plus \u00e9pais (75\/25 ; 50\/50 ; 25\/75 ; 100VG).<\/p>\n<p>Base 1L Gold Vape, fabriqu\u00e9e en France.<\/p>\n<div>\n<p>Cocorico ! Toutes les bases DIY et boosters de nicotine Gold Vape ont obtenu le label\u00a0<strong>Origine France Garantie<\/strong>. Choisissez le savoir-faire 100% fran\u00e7ais et go\u00fbtez \u00e0 la qualit\u00e9 tricolore dans vos pr\u00e9parations maison !<\/p>\n<\/div>\n<p>&nbsp;<\/p>\n<p><u>Attention<\/u>\u00a0: la base 1L Gold Vape ne contient pas de nicotine et la bouteille ne laisse pas d\u2019espace pour l\u2019ajout de boosters nicotin\u00e9s. Pour r\u00e9aliser un DIY avec la base 1L Gold Vape,\u00a0un ou plusieurs flacons vides\u00a0seront n\u00e9cessaires.<\/p>\n<p>&nbsp;<\/p>\n<hr \/>\n<p>&nbsp;<\/p>\n<p>&nbsp;<\/p>\n<h3>Quel taux de PG\/VG choisir pour votre DIY ?<\/h3>\n<p>Le taux de PG\/VG de votre base 1L Gold Vape aura de nombreux impacts sur votre e-liquide DIY. Pour bien la choisir, suivez le guide !<\/p>\n<p>&nbsp;<\/p>\n<h5><span dir=\"auto\" style=\"vertical-align: inherit;\"><span dir=\"auto\" style=\"vertical-align: inherit;\">Base Gold Vape 75\/25 PG\/VG<\/span><\/span><\/h5>\n<p>Une base 1L Gold Vape riche en Propyl\u00e8ne Glycol (PG) permet de cr\u00e9er des e-liquides DIY \u00e0 la texture tr\u00e8s fluide. Ainsi, cette base est indiqu\u00e9e pour des e-liquides DIY vapot\u00e9s avec des cigarettes \u00e9lectroniques peu puissantes et disposant de tr\u00e8s petites r\u00e9sistances.<\/p>\n<p>Le PG est \u00e9galement un excellent vecteur de hit et d\u2019ar\u00f4mes. Ainsi, une quantit\u00e9 moindre d\u2019ar\u00f4me concentr\u00e9 sera n\u00e9cessaire pour cr\u00e9er un e-liquide DIY tr\u00e8s savoureux. En \u00e9change, une base 1L Gold Vape riche en PG ne produira que peu de vapeur lors de la vape.<\/p>\n<p>&nbsp;<\/p>\n<h5><span dir=\"auto\" style=\"vertical-align: inherit;\"><span dir=\"auto\" style=\"vertical-align: inherit;\">Bases Gold Vape 25\/75 et 0\/100 PG\/VG<\/span><\/span><\/h5>\n<p>Une base 1L Gold Vape riche en Glyc\u00e9rine V\u00e9g\u00e9tale (VG) permet de cr\u00e9er des e-liquides DIY \u00e0 la texture tr\u00e8s \u00e9paisse. Ces bases High VG sont indiqu\u00e9es pour des e-liquides DIY vapot\u00e9s avec des cigarettes \u00e9lectroniques subohms tr\u00e8s puissantes et disposant de grosses r\u00e9sistances.<\/p>\n<p>La VG produit une vapeur tr\u00e8s dense et g\u00e9n\u00e8re de gros nuages aux ar\u00f4mes plus ronds, plus t\u00e9nus. Pour un e-liquide DIY riche en saveurs, il sera alors n\u00e9cessaire d\u2019ajouter davantage d\u2019ar\u00f4me concentr\u00e9 \u00e0 votre base.<\/p>\n<p>&nbsp;<\/p>\n<h5><span dir=\"auto\" style=\"vertical-align: inherit;\"><span dir=\"auto\" style=\"vertical-align: inherit;\">Base Gold Vape 50\/50 PG\/VG<\/span><\/span><\/h5>\n<p>La base 1L Gold Vape 50\/50 est le meilleur compromis en termes de rendu des saveurs, de densit\u00e9 de la vapeur et de compatibilit\u00e9 mat\u00e9rielle. Un e-liquide DIY pr\u00e9par\u00e9 avec une base 50\/50 PG\/VG offre un excellent rendu et peut \u00eatre vapot\u00e9 avec la majorit\u00e9 des cigarettes \u00e9lectroniques.<\/p>\n<p><u>Attention<\/u>\u00a0: les plus puissants clearomiseurs subohms sont compatibles avec une base 50\/50 PG\/VG mais peuvent causer des fuites. Pour plus d\u2019information, consultez la fiche technique de votre mat\u00e9riel.<\/p>\n<p>&nbsp;<\/p>\n<hr \/>\n<p>&nbsp;<\/p>\n<p>&nbsp;<\/p>\n<h3>Utilisation lors des pr\u00e9parations DIY<\/h3>\n<p>Pour cr\u00e9er un e-liquide DIY avec la Base Gold Vape, il vous faudra la m\u00e9langer \u00e0 un ar\u00f4me concentr\u00e9 en respectant le dosage Ar\u00f4me\/Base indiqu\u00e9 ainsi que la dur\u00e9e de maturation pr\u00e9conis\u00e9e.<\/p>\n<p>Attention : pour un m\u00e9lange pr\u00e9cis, ne versez pas votre ar\u00f4me concentr\u00e9 directement dans votre bouteille de base. Suivez les instructions suivantes :<\/p>\n<ol>\n<li>Prenez un nouveau flacon vide dont vous connaissez la contenance ;<\/li>\n<li>Versez d\u2019abord l\u2019ar\u00f4me concentr\u00e9, en fonction d\u2019un pourcentage du volume total de e-liquide que vous allez cr\u00e9er. Vous trouverez le pourcentage indiqu\u00e9 sur les fiches des ar\u00f4mes DIY ;<\/li>\n<li>Finissez ensuite de remplir votre flacon avec votre base, si besoin nicotin\u00e9e pr\u00e9alablement ;<\/li>\n<li>Remuez le tout pour une dilution homog\u00e8ne ;<\/li>\n<li>Laissez l\u2019ensemble maturer avant de pouvoir le vapoter. Vous trouverez la dur\u00e9e de maturation conseill\u00e9e sur les fiches des ar\u00f4mes DIY.<\/li>\n<\/ol>\n<p>&nbsp;<\/p>\n<p>Par exemple, si vous avez un flacon vide de 50ml et un ar\u00f4me au dosage conseill\u00e9 de 15%, versez d\u2019abord 7,5ml (15% de 50) d\u2019ar\u00f4me concentr\u00e9 dans le flacon, puis finissez le remplissage avec de la base.<\/p>\n<p><u>Astuce<\/u>\u00a0: utilisez le Calculateur DIY pour r\u00e9aliser votre m\u00e9lange sans effectuer vous-m\u00eame le calcul ! Cliquez sur le bouton \u00ab Calculer Votre M\u00e9lange \u00bb situ\u00e9 sur toutes nos pages d\u2019ar\u00f4mes concentr\u00e9s.<\/p>\n<p>&nbsp;<\/p>\n<hr \/>\n<p>&nbsp;<\/p>\n<p>&nbsp;<\/p>\n<h3>Ajouter de la nicotine \u00e0 votre base 1L Gold Vape<\/h3>\n<p>La bouteille de Base DIY Gold Vape 1L est enti\u00e8rement remplie et ne contient pas de nicotine (0mg). Pour ajouter de la nicotine \u00e0 votre base, il vous faudra m\u00e9langer de la base et des boosters nicotin\u00e9s dans un nouveau flacon vide.<\/p>\n<p>Pour booster votre base Gold Vape avec pr\u00e9cision, utilisez le calculateur de base nicotin\u00e9e ci-dessous :<\/p>\n<\/div>\n<\/div>\n<\/div>\n<div class=\"c-pdt__section\">\n<div id=\"product-details\" class=\"\" data-product=\"{&quot;id_shop_default&quot;:&quot;2&quot;,&quot;id_manufacturer&quot;:&quot;0&quot;,&quot;id_supplier&quot;:&quot;99&quot;,&quot;reference&quot;:&quot;&quot;,&quot;is_virtual&quot;:&quot;0&quot;,&quot;delivery_in_stock&quot;:&quot;&quot;,&quot;delivery_out_stock&quot;:&quot;&quot;,&quot;id_category_default&quot;:&quot;594&quot;,&quot;on_sale&quot;:&quot;0&quot;,&quot;online_only&quot;:&quot;0&quot;,&quot;ecotax&quot;:0,&quot;minimal_quantity&quot;:&quot;1&quot;,&quot;low_stock_threshold&quot;:null,&quot;low_stock_alert&quot;:&quot;0&quot;,&quot;price&quot;:&quot;5,55\\u00a0\\u20ac&quot;,&quot;unity&quot;:&quot;&quot;,&quot;unit_price_ratio&quot;:&quot;0.000000&quot;,&quot;additional_shipping_cost&quot;:&quot;0.000000&quot;,&quot;customizable&quot;:&quot;0&quot;,&quot;text_fields&quot;:&quot;0&quot;,&quot;uploadable_files&quot;:&quot;0&quot;,&quot;redirect_type&quot;:&quot;404&quot;,&quot;id_type_redirected&quot;:&quot;0&quot;,&quot;available_for_order&quot;:&quot;1&quot;,&quot;available_date&quot;:null,&quot;show_condition&quot;:&quot;0&quot;,&quot;condition&quot;:&quot;new&quot;,&quot;show_price&quot;:&quot;1&quot;,&quot;indexed&quot;:&quot;1&quot;,&quot;visibility&quot;:&quot;both&quot;,&quot;cache_default_attribute&quot;:&quot;230269&quot;,&quot;advanced_stock_management&quot;:&quot;1&quot;,&quot;date_add&quot;:&quot;2024-12-31 21:45:53&quot;,&quot;date_upd&quot;:&quot;2025-05-20 14:34:25&quot;,&quot;pack_stock_type&quot;:&quot;0&quot;,&quot;meta_keywords&quot;:&quot;&quot;,&quot;link_rewrite&quot;:&quot;base-1l&quot;,&quot;name&quot;:&quot;Base 1L - Gold Vape&quot;,&quot;available_now&quot;:&quot;&quot;,&quot;available_later&quot;:&quot;&quot;,&quot;id&quot;:3472,&quot;id_product&quot;:3472,&quot;out_of_stock&quot;:2,&quot;new&quot;:0,&quot;id_product_attribute&quot;:230269,&quot;quantity_wanted&quot;:1,&quot;allow_oosp&quot;:0,&quot;category&quot;:&quot;gold-vape&quot;,&quot;category_name&quot;:&quot;Gold Vape&quot;,&quot;link&quot;:&quot;https:\\\/\\\/pro.taklope.com\\\/gold-vape\\\/3472-base-1l.html&quot;,&quot;attribute_price&quot;:0,&quot;price_tax_exc&quot;:5.54999999999999982236431605997495353221893310546875,&quot;price_without_reduction&quot;:5.54999999999999982236431605997495353221893310546875,&quot;reduction&quot;:0,&quot;specific_prices&quot;:{&quot;id_specific_price&quot;:&quot;26868949&quot;,&quot;id_specific_price_rule&quot;:&quot;0&quot;,&quot;id_cart&quot;:&quot;0&quot;,&quot;id_product&quot;:&quot;3472&quot;,&quot;id_product_attribute&quot;:&quot;0&quot;,&quot;id_shop&quot;:&quot;2&quot;,&quot;id_shop_group&quot;:&quot;0&quot;,&quot;id_currency&quot;:&quot;0&quot;,&quot;id_country&quot;:&quot;0&quot;,&quot;id_group&quot;:&quot;22&quot;,&quot;id_customer&quot;:&quot;0&quot;,&quot;price&quot;:5.54999999999999982236431605997495353221893310546875,&quot;from_quantity&quot;:&quot;1&quot;,&quot;reduction&quot;:&quot;0.000000&quot;,&quot;reduction_tax&quot;:&quot;1&quot;,&quot;reduction_type&quot;:&quot;percentage&quot;,&quot;from&quot;:&quot;0000-00-00 00:00:00&quot;,&quot;to&quot;:&quot;0000-00-00 00:00:00&quot;,&quot;score&quot;:&quot;18&quot;},&quot;quantity&quot;:913,&quot;quantity_all_versions&quot;:1182,&quot;id_image&quot;:&quot;fr-default&quot;,&quot;attachments&quot;:[],&quot;virtual&quot;:0,&quot;pack&quot;:0,&quot;packItems&quot;:[],&quot;nopackprice&quot;:0,&quot;customization_required&quot;:false,&quot;attributes&quot;:{&quot;18&quot;:{&quot;id_attribute&quot;:&quot;25916&quot;,&quot;id_attribute_group&quot;:&quot;18&quot;,&quot;name&quot;:&quot;50\\\/50&quot;,&quot;group&quot;:&quot;Taux PG \\\/ VG&quot;,&quot;reference&quot;:&quot;&quot;,&quot;ean13&quot;:&quot;3664489000530&quot;,&quot;isbn&quot;:&quot;&quot;,&quot;upc&quot;:&quot;&quot;,&quot;mpn&quot;:&quot;&quot;}},&quot;rate&quot;:20,&quot;tax_name&quot;:&quot;TVA FR 20%&quot;,&quot;ecotax_rate&quot;:0,&quot;unit_price&quot;:&quot;&quot;,&quot;customizations&quot;:{&quot;fields&quot;:[]},&quot;id_customization&quot;:0,&quot;is_customizable&quot;:false,&quot;show_quantities&quot;:true,&quot;quantity_label&quot;:&quot;Produits&quot;,&quot;quantity_discounts&quot;:[],&quot;customer_group_discount&quot;:0,&quot;images&quot;:[{&quot;bySize&quot;:{&quot;small_default&quot;:{&quot;url&quot;:&quot;https:\\\/\\\/media.taklope.com\\\/69751-small_default\\\/base-1l.jpg&quot;,&quot;width&quot;:98,&quot;height&quot;:98},&quot;cart_default&quot;:{&quot;url&quot;:&quot;https:\\\/\\\/media.taklope.com\\\/69751-cart_default\\\/base-1l.jpg&quot;,&quot;width&quot;:125,&quot;height&quot;:125},&quot;home_default&quot;:{&quot;url&quot;:&quot;https:\\\/\\\/media.taklope.com\\\/69751-home_default\\\/base-1l.jpg&quot;,&quot;width&quot;:250,&quot;height&quot;:250},&quot;medium_default&quot;:{&quot;url&quot;:&quot;https:\\\/\\\/media.taklope.com\\\/69751-medium_default\\\/base-1l.jpg&quot;,&quot;width&quot;:452,&quot;height&quot;:452},&quot;large_default&quot;:{&quot;url&quot;:&quot;https:\\\/\\\/media.taklope.com\\\/69751-large_default\\\/base-1l.jpg&quot;,&quot;width&quot;:1000,&quot;height&quot;:1000}},&quot;small&quot;:{&quot;url&quot;:&quot;https:\\\/\\\/media.taklope.com\\\/69751-small_default\\\/base-1l.jpg&quot;,&quot;width&quot;:98,&quot;height&quot;:98},&quot;medium&quot;:{&quot;url&quot;:&quot;https:\\\/\\\/media.taklope.com\\\/69751-home_default\\\/base-1l.jpg&quot;,&quot;width&quot;:250,&quot;height&quot;:250},&quot;large&quot;:{&quot;url&quot;:&quot;https:\\\/\\\/media.taklope.com\\\/69751-large_default\\\/base-1l.jpg&quot;,&quot;width&quot;:1000,&quot;height&quot;:1000},&quot;legend&quot;:&quot;Base 1L - Gold Vape&quot;,&quot;id_image&quot;:&quot;69751&quot;,&quot;cover&quot;:&quot;1&quot;,&quot;position&quot;:&quot;1&quot;,&quot;associatedVariants&quot;:[&quot;230269&quot;]}],&quot;cover&quot;:{&quot;bySize&quot;:{&quot;small_default&quot;:{&quot;url&quot;:&quot;https:\\\/\\\/media.taklope.com\\\/69751-small_default\\\/base-1l.jpg&quot;,&quot;width&quot;:98,&quot;height&quot;:98},&quot;cart_default&quot;:{&quot;url&quot;:&quot;https:\\\/\\\/media.taklope.com\\\/69751-cart_default\\\/base-1l.jpg&quot;,&quot;width&quot;:125,&quot;height&quot;:125},&quot;home_default&quot;:{&quot;url&quot;:&quot;https:\\\/\\\/media.taklope.com\\\/69751-home_default\\\/base-1l.jpg&quot;,&quot;width&quot;:250,&quot;height&quot;:250},&quot;medium_default&quot;:{&quot;url&quot;:&quot;https:\\\/\\\/media.taklope.com\\\/69751-medium_default\\\/base-1l.jpg&quot;,&quot;width&quot;:452,&quot;height&quot;:452},&quot;large_default&quot;:{&quot;url&quot;:&quot;https:\\\/\\\/media.taklope.com\\\/69751-large_default\\\/base-1l.jpg&quot;,&quot;width&quot;:1000,&quot;height&quot;:1000}},&quot;small&quot;:{&quot;url&quot;:&quot;https:\\\/\\\/media.taklope.com\\\/69751-small_default\\\/base-1l.jpg&quot;,&quot;width&quot;:98,&quot;height&quot;:98},&quot;medium&quot;:{&quot;url&quot;:&quot;https:\\\/\\\/media.taklope.com\\\/69751-home_default\\\/base-1l.jpg&quot;,&quot;width&quot;:250,&quot;height&quot;:250},&quot;large&quot;:{&quot;url&quot;:&quot;https:\\\/\\\/media.taklope.com\\\/69751-large_default\\\/base-1l.jpg&quot;,&quot;width&quot;:1000,&quot;height&quot;:1000},&quot;legend&quot;:&quot;Base 1L - Gold Vape&quot;,&quot;id_image&quot;:&quot;69751&quot;,&quot;cover&quot;:&quot;1&quot;,&quot;position&quot;:&quot;1&quot;,&quot;associatedVariants&quot;:[&quot;230269&quot;]},&quot;has_discount&quot;:false,&quot;discount_type&quot;:&quot;percentage&quot;,&quot;discount_percentage&quot;:&quot;0%&quot;,&quot;discount_percentage_absolute&quot;:&quot;0%&quot;,&quot;discount_amount&quot;:&quot;0,00\\u00a0\\u20ac&quot;,&quot;discount_amount_to_display&quot;:&quot;-0,00\\u00a0\\u20ac&quot;,&quot;price_amount&quot;:5.54999999999999982236431605997495353221893310546875,&quot;unit_price_full&quot;:&quot;&quot;,&quot;show_availability&quot;:true,&quot;availability_date&quot;:null,&quot;availability_message&quot;:&quot;&quot;,&quot;availability&quot;:&quot;available&quot;}\">\n<section class=\"product-features\">\n<p class=\"u-h2 u-mb-3\">Fiche technique<\/p>\n<div id=\"readmore-pdt-features\" class=\"u-mb-2\">\n<table class=\"data-sheet table table-striped u-mb-0\">\n<tbody>\n<tr class=\"c-pdt__features-row\">\n<th class=\"name\">Type de produit<\/th>\n<td class=\"value\">Base e-liquide<\/td>\n<\/tr>\n<tr class=\"c-pdt__features-row\">\n<th class=\"name\">Marque<\/th>\n<td class=\"value\"><span dir=\"auto\" style=\"vertical-align: inherit;\"><span dir=\"auto\" style=\"vertical-align: inherit;\">VAPE OR<\/span><\/span><\/td>\n<\/tr>\n<tr class=\"c-pdt__features-row\">\n<th class=\"name\"><span dir=\"auto\" style=\"vertical-align: inherit;\"><span dir=\"auto\" style=\"vertical-align: inherit;\">Dosage PG\/VG<\/span><\/span><\/th>\n<td class=\"value\"><span dir=\"auto\" style=\"vertical-align: inherit;\"><span dir=\"auto\" style=\"vertical-align: inherit;\">25\/75 &#8211; PG\/VG <\/span><\/span><br \/>\n<span dir=\"auto\" style=\"vertical-align: inherit;\"><span dir=\"auto\" style=\"vertical-align: inherit;\">50\/50 &#8211; PG\/VG <\/span><\/span><br \/>\n<span dir=\"auto\" style=\"vertical-align: inherit;\"><span dir=\"auto\" style=\"vertical-align: inherit;\">75\/25 &#8211; PG\/VG <\/span><\/span><br \/>\n<span dir=\"auto\" style=\"vertical-align: inherit;\"><span dir=\"auto\" style=\"vertical-align: inherit;\">Complet VG<\/span><\/span><\/td>\n<\/tr>\n<tr class=\"c-pdt__features-row\">\n<th class=\"name\">Contenance (en ml)<\/th>\n<td class=\"value\"><span dir=\"auto\" style=\"vertical-align: inherit;\"><span dir=\"auto\" style=\"vertical-align: inherit;\">1000<\/span><\/span><\/td>\n<\/tr>\n<tr class=\"c-pdt__features-row\">\n<th class=\"name\">Origine<\/th>\n<td class=\"value\"><span dir=\"auto\" style=\"vertical-align: inherit;\"><span dir=\"auto\" style=\"vertical-align: inherit;\">France<\/span><\/span><\/td>\n<\/tr>\n<\/tbody>\n<\/table>\n<\/div>\n<\/section>\n<\/div>\n<\/div>\n<div class=\"c-pdt__section c-pdt__section--columns\">\n<div id=\"manufacturer\" class=\"\">\n<div class=\"u-p-rel u-mb-1\">\n<div class=\"c-pdt__manu-thumbnail\"><img loading=\"lazy\" decoding=\"async\" class=\"u-img-fluid\" src=\"https:\/\/media.taklope.com\/c\/594-category_default\/gold-vape.jpg\" alt=\"Vapeur dor\u00e9e\" width=\"250\" height=\"50\" \/><\/div>\n<p><span dir=\"auto\" style=\"vertical-align: inherit;\"><span dir=\"auto\" style=\"vertical-align: inherit;\">Vapeur dor\u00e9e<\/span><\/span><\/p>\n<\/div>\n<div id=\"readmore-pdt-manufacturer\" class=\"c-pdt__manu-desc\" data-readmore=\"\" aria-expanded=\"true\">\n<p class=\"u-fiv\">Vous \u00eates \u00e0 la recherche de votre eliquide all day, essayez les p\u00e9pites de Gold Vape.\u00a0<strong>Base DIY Gold Vape<\/strong>,\u00a0<strong>e-liquide Gold Vape<\/strong>, la marque fran\u00e7aise Gold Vape propose des bases sans nicotine pour r\u00e9aliser vos eliquides en DIY. Disponible en ratio 50\/50, 25\/75, 75\/25 et en full vg, vous pourrez les mixer avec un booster de nicotine pour avoir une base nicotin\u00e9e Gold Vape au dosage de nicotine souhait\u00e9.<\/p>\n<p class=\"u-fiv\">Une gamme de\u00a0<strong>e-liquide Gold Vape<\/strong>\u00a0est \u00e9galement disponible pour les vapoteurs pr\u00e9f\u00e9rant les jus tout pr\u00eats.<\/p>\n<p class=\"u-fiv\">\n<\/div>\n<\/div>\n<\/div>\n<\/div>\n<hr data-start=\"680\" data-end=\"683\" \/>\n","protected":false},"excerpt":{"rendered":"<p>Bouteille 1L &#8211; 75\/25 ou 50\/50 ou 25\/75 ou 0\/100 &#8211; 0mg<\/p>\n","protected":false},"featured_media":1172,"comment_status":"open","ping_status":"closed","template":"","meta":{"slim_seo":{"title":"Base 1L - Gold Vape - sans nicotine - Vapote-Shop","description":"Bouteille 1L - 75\/25 ou 50\/50 ou 25\/75 ou 0\/100 - 0mg"}},"product_brand":[57],"product_cat":[55,52],"product_tag":[],"class_list":{"0":"post-1171","1":"product","2":"type-product","3":"status-publish","4":"has-post-thumbnail","6":"product_brand-gold-vape","7":"product_cat-base-e-liquide-diy","8":"product_cat-meilleures-ventes","10":"first","11":"instock","12":"shipping-taxable","13":"purchasable","14":"product-type-variable","15":"has-default-attributes"},"_links":{"self":[{"href":"https:\/\/www.vapote-shop.fr\/index.php\/wp-json\/wp\/v2\/product\/1171","targetHints":{"allow":["GET"]}}],"collection":[{"href":"https:\/\/www.vapote-shop.fr\/index.php\/wp-json\/wp\/v2\/product"}],"about":[{"href":"https:\/\/www.vapote-shop.fr\/index.php\/wp-json\/wp\/v2\/types\/product"}],"replies":[{"embeddable":true,"href":"https:\/\/www.vapote-shop.fr\/index.php\/wp-json\/wp\/v2\/comments?post=1171"}],"wp:featuredmedia":[{"embeddable":true,"href":"https:\/\/www.vapote-shop.fr\/index.php\/wp-json\/wp\/v2\/media\/1172"}],"wp:attachment":[{"href":"https:\/\/www.vapote-shop.fr\/index.php\/wp-json\/wp\/v2\/media?parent=1171"}],"wp:term":[{"taxonomy":"product_brand","embeddable":true,"href":"https:\/\/www.vapote-shop.fr\/index.php\/wp-json\/wp\/v2\/product_brand?post=1171"},{"taxonomy":"product_cat","embeddable":true,"href":"https:\/\/www.vapote-shop.fr\/index.php\/wp-json\/wp\/v2\/product_cat?post=1171"},{"taxonomy":"product_tag","embeddable":true,"href":"https:\/\/www.vapote-shop.fr\/index.php\/wp-json\/wp\/v2\/product_tag?post=1171"}],"curies":[{"name":"wp","href":"https:\/\/api.w.org\/{rel}","templated":true}]}}