{"id":1188,"date":"2026-03-10T11:53:33","date_gmt":"2026-03-10T10:53:33","guid":{"rendered":"https:\/\/vapote-shop.infoservice18.fr\/?post_type=product&#038;p=1188"},"modified":"2026-03-30T08:29:16","modified_gmt":"2026-03-30T06:29:16","slug":"flacon-gradue-120ml","status":"publish","type":"product","link":"https:\/\/www.vapote-shop.fr\/index.php\/produit\/flacon-gradue-120ml\/","title":{"rendered":"Flacon Gradu\u00e9 120ml<div class=\"custom-short-desc\">Flacon dropper gradu\u00e9 - 60 \/ 120ml - Souple - Compte-goutte<\/div>"},"content":{"rendered":"<p>Flacon Gradu\u00e9 120ml<br \/>\nFaire sa popote pour le DIY et entamer les d\u00e9gustations n\u2019aura jamais \u00e9t\u00e9 aussi simple !<\/p>\n<p>Retrouvez un indispensable outil pour des pr\u00e9parations et un service r\u00e9ussis d\u00e9sormais \u00e0 notre effigie ! Souple et pratique \u00e0 manipuler, ce Flacon gradu\u00e9 vous permettra de r\u00e9aliser vos m\u00e9langes avec pr\u00e9cision et de les laisser steeper, puis vous permettra de remplir les r\u00e9servoirs de vos atomiseurs \u00e0 toute vitesse et en parfaite propret\u00e9 gr\u00e2ce \u00e0 son compte-goutte fluide et pr\u00e9cis.<\/p>\n<p>Contenances : 120ml.<\/p>\n<p>Flacon\u00a0 Gradu\u00e9 pour DIY vendu seul.<\/p>\n<p><img decoding=\"async\" src=\"https:\/\/pro.taklope.com\/img\/descrhtml\/verseur_3691141.jpg\" alt=\"flacon gradu\u00e9\" \/><\/p>\n<p>Avis \u00e0 tous ceux qui ne jurent que par la r\u00e9alisation de m\u00e9langes personnalis\u00e9s et qui veulent de la pr\u00e9cision \u00e0 tous les niveaux pour les r\u00e9aliser !<\/p>\n<p>Gr\u00e2ce \u00e0 son mat\u00e9riau plastique r\u00e9sistant, son dropper amovible, ce flacon vous permettra de doser vos m\u00e9langes pour le DIY \u00e0 la perfection, tr\u00e8s simplement, puis de les laisser steeper le temps n\u00e9cessaire pour voir leurs ar\u00f4mes se d\u00e9velopper.<\/p>\n<p>En plus, apr\u00e8s avoir replac\u00e9 correctement son dropper amovible, vous b\u00e9n\u00e9ficierez d\u2019un compte-goutte pr\u00e9cis pour effectuer vos remplissages d\u2019atomiseurs en parfaite propret\u00e9, et ce sans perdre de temps ! Le plastique du Flacon est en effet particuli\u00e8rement souple pour bien pouvoir le presser lorsque vous ferez le plein, histoire que le remplissage aille bon train !<\/p>\n<p>Flacon avec graduations d\u2019une contenance de 120ml.<\/p>\n<p>Note : sur le format 120ml, la graduation s&rsquo;arr\u00eate \u00e0 100ml. Finissez de remplir votre flacon jusqu&rsquo;au bas du goulot pour obtenir la contenance maximale 120ml.<\/p>\n<p>Fiche technique<\/p>\n<p>Mati\u00e8re Plastique<br \/>\nType de produit Mat\u00e9riel DIY<br \/>\nContenance: 120ml<\/p>\n<hr data-start=\"680\" data-end=\"683\" \/>\n","protected":false},"excerpt":{"rendered":"<p>Flacon dropper gradu\u00e9 &#8211; 60 \/ 120ml &#8211; Souple &#8211; Compte-goutte<\/p>\n","protected":false},"featured_media":1189,"comment_status":"open","ping_status":"closed","template":"","meta":{"slim_seo":{"title":"Flacon Gradu\u00e9 120ml - Vapote-Shop","description":"Flacon dropper gradu\u00e9 - 60 \/ 120ml - Souple - Compte-goutte"}},"product_brand":[],"product_cat":[90,58,52],"product_tag":[],"class_list":{"0":"post-1188","1":"product","2":"type-product","3":"status-publish","4":"has-post-thumbnail","6":"product_cat-deals","7":"product_cat-flacons-gradues","8":"product_cat-meilleures-ventes","10":"first","11":"instock","12":"sale","13":"shipping-taxable","14":"purchasable","15":"product-type-simple"},"_links":{"self":[{"href":"https:\/\/www.vapote-shop.fr\/index.php\/wp-json\/wp\/v2\/product\/1188","targetHints":{"allow":["GET"]}}],"collection":[{"href":"https:\/\/www.vapote-shop.fr\/index.php\/wp-json\/wp\/v2\/product"}],"about":[{"href":"https:\/\/www.vapote-shop.fr\/index.php\/wp-json\/wp\/v2\/types\/product"}],"replies":[{"embeddable":true,"href":"https:\/\/www.vapote-shop.fr\/index.php\/wp-json\/wp\/v2\/comments?post=1188"}],"wp:featuredmedia":[{"embeddable":true,"href":"https:\/\/www.vapote-shop.fr\/index.php\/wp-json\/wp\/v2\/media\/1189"}],"wp:attachment":[{"href":"https:\/\/www.vapote-shop.fr\/index.php\/wp-json\/wp\/v2\/media?parent=1188"}],"wp:term":[{"taxonomy":"product_brand","embeddable":true,"href":"https:\/\/www.vapote-shop.fr\/index.php\/wp-json\/wp\/v2\/product_brand?post=1188"},{"taxonomy":"product_cat","embeddable":true,"href":"https:\/\/www.vapote-shop.fr\/index.php\/wp-json\/wp\/v2\/product_cat?post=1188"},{"taxonomy":"product_tag","embeddable":true,"href":"https:\/\/www.vapote-shop.fr\/index.php\/wp-json\/wp\/v2\/product_tag?post=1188"}],"curies":[{"name":"wp","href":"https:\/\/api.w.org\/{rel}","templated":true}]}}