{"id":1260,"date":"2026-03-12T09:47:52","date_gmt":"2026-03-12T08:47:52","guid":{"rendered":"https:\/\/www.vapote-shop.fr\/?post_type=product&#038;p=1260"},"modified":"2026-03-30T08:38:26","modified_gmt":"2026-03-30T06:38:26","slug":"drip-tip-510-b802","status":"publish","type":"product","link":"https:\/\/www.vapote-shop.fr\/index.php\/produit\/drip-tip-510-b802\/","title":{"rendered":"Drip Tip 510 B802<div class=\"custom-short-desc\">Design Cobra - Format droit long - Id\u00e9al RDL\/MTL - 1pc - Coloris al\u00e9atoire<\/div>"},"content":{"rendered":"<div class=\"c-pdt__section c-pdt__section--columns\">\n<div id=\"description_short\" class=\"\">\n<h3 class=\"u-h2 u-mb-3\">Drip Tip 510 B802<\/h3>\n<div class=\"product-description c-pdt__description c-pdt__description--recap s-cms\">\n<p>Votre clearomiseur fait peau neuve !<\/p>\n<p>Le drip-tip B802 est un embout personnalis\u00e9 compatible avec tous les clearomiseurs ou atomiseurs munis d&rsquo;un drip-tip de format 510. Fascinant avec son design en \u00ab\u00a0peau de serpent\u00a0\u00bb, le mod\u00e8le B802 sera \u00e9galement suffisamment long et fin pour s&rsquo;adapter \u00e0 des tirages a\u00e9riens restrictifs ou serr\u00e9s.<\/p>\n<p>Le drip-tip B802 est vendu en <span style=\"color: red;\">Coloris al\u00e9atoire<\/span>.<\/p>\n<\/div>\n<\/div>\n<\/div>\n<div class=\"c-pdt__sections c-pdt__sections--columns\">\n<div class=\"c-pdt__section c-pdt__section--columns\">\n<div id=\"description\" class=\"\">\n<div class=\"product-description c-pdt__description s-cms\">\n<h3>Drip Tip B802<\/h3>\n<p>&nbsp;<\/p>\n<p><img decoding=\"async\" class=\"center-block\" title=\"Drip Tip B802\" src=\"https:\/\/pro.taklope.com\/img\/descrhtml\/Template-MES_1867232.jpg\" alt=\"Drip Tip B802\" \/><\/p>\n<p>Personnalisez votre cigarette \u00e9lectronique avec le drip-tip B802 ! Bien plus original que le triste embout d&rsquo;origine de votre clearomiseur, ce mod\u00e8le fin de format 510 combinera le style ravageur de sa finition \u00ab\u00a0peau de serpent\u00a0\u00bb au grand confort aux l\u00e8vres de sa fabrication en r\u00e9sine. Une touche perso id\u00e9ale pour tous les atomiseurs ou clearomiseurs d\u00e9di\u00e9s \u00e0 l&rsquo;inhalation directe restrictive (RDL) ou \u00e0 l&rsquo;inhalation indirecte (MTL).<\/p>\n<p>&nbsp;<\/p>\n<h3>Caract\u00e9ristiques du drip-tip B802 :<\/h3>\n<p>&nbsp;<\/p>\n<ul>\n<li>Type : 510<\/li>\n<li>Mati\u00e8re : R\u00e9sine<\/li>\n<li>Joints : 2<\/li>\n<li>Diam\u00e8tre max : 11mm<\/li>\n<li>Diam\u00e8tre chemin\u00e9e : 8mm<\/li>\n<li>Hauteur embout : 11mm<\/li>\n<li>Hauteur totale : 16mm<\/li>\n<li>Accessoires : 2 joints suppl\u00e9mentaires<\/li>\n<\/ul>\n<\/div>\n<\/div>\n<\/div>\n<div class=\"c-pdt__section\">\n<div id=\"product-details\" class=\"\" data-product=\"{&quot;id_shop_default&quot;:&quot;2&quot;,&quot;id_manufacturer&quot;:&quot;0&quot;,&quot;id_supplier&quot;:&quot;45&quot;,&quot;reference&quot;:&quot;&quot;,&quot;is_virtual&quot;:&quot;0&quot;,&quot;delivery_in_stock&quot;:&quot;&quot;,&quot;delivery_out_stock&quot;:&quot;&quot;,&quot;id_category_default&quot;:&quot;454&quot;,&quot;on_sale&quot;:&quot;0&quot;,&quot;online_only&quot;:&quot;0&quot;,&quot;ecotax&quot;:0,&quot;minimal_quantity&quot;:&quot;1&quot;,&quot;low_stock_threshold&quot;:null,&quot;low_stock_alert&quot;:&quot;0&quot;,&quot;price&quot;:&quot;0,93\\u00a0\\u20ac&quot;,&quot;unity&quot;:&quot;&quot;,&quot;unit_price_ratio&quot;:&quot;0.000000&quot;,&quot;additional_shipping_cost&quot;:&quot;0.000000&quot;,&quot;customizable&quot;:&quot;0&quot;,&quot;text_fields&quot;:&quot;0&quot;,&quot;uploadable_files&quot;:&quot;0&quot;,&quot;redirect_type&quot;:&quot;404&quot;,&quot;id_type_redirected&quot;:&quot;0&quot;,&quot;available_for_order&quot;:&quot;1&quot;,&quot;available_date&quot;:null,&quot;show_condition&quot;:&quot;0&quot;,&quot;condition&quot;:&quot;new&quot;,&quot;show_price&quot;:&quot;1&quot;,&quot;indexed&quot;:&quot;1&quot;,&quot;visibility&quot;:&quot;both&quot;,&quot;cache_default_attribute&quot;:&quot;252227&quot;,&quot;advanced_stock_management&quot;:&quot;1&quot;,&quot;date_add&quot;:&quot;2019-12-06 14:03:41&quot;,&quot;date_upd&quot;:&quot;2025-05-12 10:16:23&quot;,&quot;pack_stock_type&quot;:&quot;0&quot;,&quot;meta_keywords&quot;:&quot;&quot;,&quot;link_rewrite&quot;:&quot;drip-tip-b802&quot;,&quot;name&quot;:&quot;Drip Tip 510 B802&quot;,&quot;available_now&quot;:&quot;&quot;,&quot;available_later&quot;:&quot;&quot;,&quot;id&quot;:12947,&quot;id_product&quot;:12947,&quot;out_of_stock&quot;:2,&quot;new&quot;:0,&quot;id_product_attribute&quot;:252227,&quot;quantity_wanted&quot;:1,&quot;allow_oosp&quot;:0,&quot;category&quot;:&quot;autre&quot;,&quot;category_name&quot;:&quot;Autre&quot;,&quot;link&quot;:&quot;https:\\\/\\\/pro.taklope.com\\\/autre\\\/12947-drip-tip-b802.html&quot;,&quot;attribute_price&quot;:0,&quot;price_tax_exc&quot;:0.93000000000000004884981308350688777863979339599609375,&quot;price_without_reduction&quot;:0.93000000000000004884981308350688777863979339599609375,&quot;reduction&quot;:0,&quot;specific_prices&quot;:{&quot;id_specific_price&quot;:&quot;26832029&quot;,&quot;id_specific_price_rule&quot;:&quot;0&quot;,&quot;id_cart&quot;:&quot;0&quot;,&quot;id_product&quot;:&quot;12947&quot;,&quot;id_product_attribute&quot;:&quot;252227&quot;,&quot;id_shop&quot;:&quot;2&quot;,&quot;id_shop_group&quot;:&quot;0&quot;,&quot;id_currency&quot;:&quot;0&quot;,&quot;id_country&quot;:&quot;0&quot;,&quot;id_group&quot;:&quot;22&quot;,&quot;id_customer&quot;:&quot;0&quot;,&quot;price&quot;:0.93000000000000004884981308350688777863979339599609375,&quot;from_quantity&quot;:&quot;1&quot;,&quot;reduction&quot;:&quot;0.000000&quot;,&quot;reduction_tax&quot;:&quot;1&quot;,&quot;reduction_type&quot;:&quot;percentage&quot;,&quot;from&quot;:&quot;0000-00-00 00:00:00&quot;,&quot;to&quot;:&quot;0000-00-00 00:00:00&quot;,&quot;score&quot;:&quot;18&quot;},&quot;quantity&quot;:34,&quot;quantity_all_versions&quot;:39,&quot;id_image&quot;:&quot;fr-default&quot;,&quot;attachments&quot;:[],&quot;virtual&quot;:0,&quot;pack&quot;:0,&quot;packItems&quot;:[],&quot;nopackprice&quot;:0,&quot;customization_required&quot;:false,&quot;attributes&quot;:{&quot;4&quot;:{&quot;id_attribute&quot;:&quot;42232&quot;,&quot;id_attribute_group&quot;:&quot;4&quot;,&quot;name&quot;:&quot;Mixte&quot;,&quot;group&quot;:&quot;Couleur&quot;,&quot;reference&quot;:&quot;&quot;,&quot;ean13&quot;:&quot;5060598655063&quot;,&quot;isbn&quot;:&quot;&quot;,&quot;upc&quot;:&quot;&quot;,&quot;mpn&quot;:&quot;&quot;}},&quot;rate&quot;:20,&quot;tax_name&quot;:&quot;TVA FR 20%&quot;,&quot;ecotax_rate&quot;:0,&quot;unit_price&quot;:&quot;&quot;,&quot;customizations&quot;:{&quot;fields&quot;:[]},&quot;id_customization&quot;:0,&quot;is_customizable&quot;:false,&quot;show_quantities&quot;:true,&quot;quantity_label&quot;:&quot;Produits&quot;,&quot;quantity_discounts&quot;:[],&quot;customer_group_discount&quot;:0,&quot;images&quot;:[{&quot;bySize&quot;:{&quot;small_default&quot;:{&quot;url&quot;:&quot;https:\\\/\\\/media.taklope.com\\\/44413-small_default\\\/drip-tip-b802.jpg&quot;,&quot;width&quot;:98,&quot;height&quot;:98},&quot;cart_default&quot;:{&quot;url&quot;:&quot;https:\\\/\\\/media.taklope.com\\\/44413-cart_default\\\/drip-tip-b802.jpg&quot;,&quot;width&quot;:125,&quot;height&quot;:125},&quot;home_default&quot;:{&quot;url&quot;:&quot;https:\\\/\\\/media.taklope.com\\\/44413-home_default\\\/drip-tip-b802.jpg&quot;,&quot;width&quot;:250,&quot;height&quot;:250},&quot;medium_default&quot;:{&quot;url&quot;:&quot;https:\\\/\\\/media.taklope.com\\\/44413-medium_default\\\/drip-tip-b802.jpg&quot;,&quot;width&quot;:452,&quot;height&quot;:452},&quot;large_default&quot;:{&quot;url&quot;:&quot;https:\\\/\\\/media.taklope.com\\\/44413-large_default\\\/drip-tip-b802.jpg&quot;,&quot;width&quot;:1000,&quot;height&quot;:1000}},&quot;small&quot;:{&quot;url&quot;:&quot;https:\\\/\\\/media.taklope.com\\\/44413-small_default\\\/drip-tip-b802.jpg&quot;,&quot;width&quot;:98,&quot;height&quot;:98},&quot;medium&quot;:{&quot;url&quot;:&quot;https:\\\/\\\/media.taklope.com\\\/44413-home_default\\\/drip-tip-b802.jpg&quot;,&quot;width&quot;:250,&quot;height&quot;:250},&quot;large&quot;:{&quot;url&quot;:&quot;https:\\\/\\\/media.taklope.com\\\/44413-large_default\\\/drip-tip-b802.jpg&quot;,&quot;width&quot;:1000,&quot;height&quot;:1000},&quot;legend&quot;:&quot;Drip Tip 510 B802&quot;,&quot;id_image&quot;:&quot;44413&quot;,&quot;cover&quot;:&quot;1&quot;,&quot;position&quot;:&quot;1&quot;,&quot;associatedVariants&quot;:[]},{&quot;bySize&quot;:{&quot;small_default&quot;:{&quot;url&quot;:&quot;https:\\\/\\\/media.taklope.com\\\/44056-small_default\\\/drip-tip-b802.jpg&quot;,&quot;width&quot;:98,&quot;height&quot;:98},&quot;cart_default&quot;:{&quot;url&quot;:&quot;https:\\\/\\\/media.taklope.com\\\/44056-cart_default\\\/drip-tip-b802.jpg&quot;,&quot;width&quot;:125,&quot;height&quot;:125},&quot;home_default&quot;:{&quot;url&quot;:&quot;https:\\\/\\\/media.taklope.com\\\/44056-home_default\\\/drip-tip-b802.jpg&quot;,&quot;width&quot;:250,&quot;height&quot;:250},&quot;medium_default&quot;:{&quot;url&quot;:&quot;https:\\\/\\\/media.taklope.com\\\/44056-medium_default\\\/drip-tip-b802.jpg&quot;,&quot;width&quot;:452,&quot;height&quot;:452},&quot;large_default&quot;:{&quot;url&quot;:&quot;https:\\\/\\\/media.taklope.com\\\/44056-large_default\\\/drip-tip-b802.jpg&quot;,&quot;width&quot;:1000,&quot;height&quot;:1000}},&quot;small&quot;:{&quot;url&quot;:&quot;https:\\\/\\\/media.taklope.com\\\/44056-small_default\\\/drip-tip-b802.jpg&quot;,&quot;width&quot;:98,&quot;height&quot;:98},&quot;medium&quot;:{&quot;url&quot;:&quot;https:\\\/\\\/media.taklope.com\\\/44056-home_default\\\/drip-tip-b802.jpg&quot;,&quot;width&quot;:250,&quot;height&quot;:250},&quot;large&quot;:{&quot;url&quot;:&quot;https:\\\/\\\/media.taklope.com\\\/44056-large_default\\\/drip-tip-b802.jpg&quot;,&quot;width&quot;:1000,&quot;height&quot;:1000},&quot;legend&quot;:&quot;Drip Tip B802&quot;,&quot;id_image&quot;:&quot;44056&quot;,&quot;cover&quot;:null,&quot;position&quot;:&quot;2&quot;,&quot;associatedVariants&quot;:[]}],&quot;cover&quot;:{&quot;bySize&quot;:{&quot;small_default&quot;:{&quot;url&quot;:&quot;https:\\\/\\\/media.taklope.com\\\/44413-small_default\\\/drip-tip-b802.jpg&quot;,&quot;width&quot;:98,&quot;height&quot;:98},&quot;cart_default&quot;:{&quot;url&quot;:&quot;https:\\\/\\\/media.taklope.com\\\/44413-cart_default\\\/drip-tip-b802.jpg&quot;,&quot;width&quot;:125,&quot;height&quot;:125},&quot;home_default&quot;:{&quot;url&quot;:&quot;https:\\\/\\\/media.taklope.com\\\/44413-home_default\\\/drip-tip-b802.jpg&quot;,&quot;width&quot;:250,&quot;height&quot;:250},&quot;medium_default&quot;:{&quot;url&quot;:&quot;https:\\\/\\\/media.taklope.com\\\/44413-medium_default\\\/drip-tip-b802.jpg&quot;,&quot;width&quot;:452,&quot;height&quot;:452},&quot;large_default&quot;:{&quot;url&quot;:&quot;https:\\\/\\\/media.taklope.com\\\/44413-large_default\\\/drip-tip-b802.jpg&quot;,&quot;width&quot;:1000,&quot;height&quot;:1000}},&quot;small&quot;:{&quot;url&quot;:&quot;https:\\\/\\\/media.taklope.com\\\/44413-small_default\\\/drip-tip-b802.jpg&quot;,&quot;width&quot;:98,&quot;height&quot;:98},&quot;medium&quot;:{&quot;url&quot;:&quot;https:\\\/\\\/media.taklope.com\\\/44413-home_default\\\/drip-tip-b802.jpg&quot;,&quot;width&quot;:250,&quot;height&quot;:250},&quot;large&quot;:{&quot;url&quot;:&quot;https:\\\/\\\/media.taklope.com\\\/44413-large_default\\\/drip-tip-b802.jpg&quot;,&quot;width&quot;:1000,&quot;height&quot;:1000},&quot;legend&quot;:&quot;Drip Tip 510 B802&quot;,&quot;id_image&quot;:&quot;44413&quot;,&quot;cover&quot;:&quot;1&quot;,&quot;position&quot;:&quot;1&quot;,&quot;associatedVariants&quot;:[]},&quot;has_discount&quot;:false,&quot;discount_type&quot;:&quot;percentage&quot;,&quot;discount_percentage&quot;:&quot;0%&quot;,&quot;discount_percentage_absolute&quot;:&quot;0%&quot;,&quot;discount_amount&quot;:&quot;0,00\\u00a0\\u20ac&quot;,&quot;discount_amount_to_display&quot;:&quot;-0,00\\u00a0\\u20ac&quot;,&quot;price_amount&quot;:0.93000000000000004884981308350688777863979339599609375,&quot;unit_price_full&quot;:&quot;&quot;,&quot;show_availability&quot;:true,&quot;availability_date&quot;:null,&quot;availability_message&quot;:&quot;&quot;,&quot;availability&quot;:&quot;available&quot;}\">\n<section class=\"product-features\">\n<p class=\"u-h2 u-mb-3\">Fiche technique<\/p>\n<div id=\"readmore-pdt-features\" class=\"u-mb-2\" data-readmore=\"\" aria-expanded=\"true\">\n<table class=\"data-sheet table table-striped u-mb-0\">\n<tbody>\n<tr class=\"c-pdt__features-row\">\n<th class=\"name\">Mati\u00e8re<\/th>\n<td class=\"value\">R\u00e9sine<\/td>\n<\/tr>\n<tr class=\"c-pdt__features-row\">\n<th class=\"name\">Taille Drip Tip<\/th>\n<td class=\"value\">510<\/td>\n<\/tr>\n<tr class=\"c-pdt__features-row\">\n<th class=\"name\">Type de produit<\/th>\n<td class=\"value\">Drip tip<\/td>\n<\/tr>\n<tr class=\"c-pdt__features-row\">\n<th class=\"name\">Inhalation<\/th>\n<td class=\"value\">Directe ou Indirecte<\/td>\n<\/tr>\n<\/tbody>\n<\/table>\n<\/div>\n<\/section>\n<\/div>\n<\/div>\n<\/div>\n<hr data-start=\"600\" data-end=\"603\" \/>\n","protected":false},"excerpt":{"rendered":"<p>Design Cobra &#8211; Format droit long &#8211; Id\u00e9al RDL\/MTL &#8211; 1pc &#8211; Coloris al\u00e9atoire<\/p>\n","protected":false},"featured_media":1261,"comment_status":"open","ping_status":"closed","template":"","meta":{"slim_seo":{"title":"Drip Tip 510 B802 - Vapote-Shop","description":"Design Cobra - Format droit long - Id\u00e9al RDL\/MTL - 1pc - Coloris al\u00e9atoire"}},"product_brand":[70],"product_cat":[90,54,52],"product_tag":[],"class_list":{"0":"post-1260","1":"product","2":"type-product","3":"status-publish","4":"has-post-thumbnail","6":"product_brand-autre","7":"product_cat-deals","8":"product_cat-drip-tips","9":"product_cat-meilleures-ventes","11":"first","12":"instock","13":"sale","14":"shipping-taxable","15":"purchasable","16":"product-type-variable","17":"has-default-attributes"},"_links":{"self":[{"href":"https:\/\/www.vapote-shop.fr\/index.php\/wp-json\/wp\/v2\/product\/1260","targetHints":{"allow":["GET"]}}],"collection":[{"href":"https:\/\/www.vapote-shop.fr\/index.php\/wp-json\/wp\/v2\/product"}],"about":[{"href":"https:\/\/www.vapote-shop.fr\/index.php\/wp-json\/wp\/v2\/types\/product"}],"replies":[{"embeddable":true,"href":"https:\/\/www.vapote-shop.fr\/index.php\/wp-json\/wp\/v2\/comments?post=1260"}],"wp:featuredmedia":[{"embeddable":true,"href":"https:\/\/www.vapote-shop.fr\/index.php\/wp-json\/wp\/v2\/media\/1261"}],"wp:attachment":[{"href":"https:\/\/www.vapote-shop.fr\/index.php\/wp-json\/wp\/v2\/media?parent=1260"}],"wp:term":[{"taxonomy":"product_brand","embeddable":true,"href":"https:\/\/www.vapote-shop.fr\/index.php\/wp-json\/wp\/v2\/product_brand?post=1260"},{"taxonomy":"product_cat","embeddable":true,"href":"https:\/\/www.vapote-shop.fr\/index.php\/wp-json\/wp\/v2\/product_cat?post=1260"},{"taxonomy":"product_tag","embeddable":true,"href":"https:\/\/www.vapote-shop.fr\/index.php\/wp-json\/wp\/v2\/product_tag?post=1260"}],"curies":[{"name":"wp","href":"https:\/\/api.w.org\/{rel}","templated":true}]}}