{"id":1267,"date":"2026-03-12T12:17:21","date_gmt":"2026-03-12T11:17:21","guid":{"rendered":"https:\/\/www.vapote-shop.fr\/?post_type=product&#038;p=1267"},"modified":"2026-04-01T07:08:27","modified_gmt":"2026-04-01T05:08:27","slug":"e-liquide-red-astaire-10ml-t-juice","status":"publish","type":"product","link":"https:\/\/www.vapote-shop.fr\/index.php\/produit\/e-liquide-red-astaire-10ml-t-juice\/","title":{"rendered":"Red Astaire 10ml T-Juice \u2013 E-liquide fruit rouge menthol\u00e9<div class=\"custom-short-desc\">Fruits rouges - Anis - Eucalyptus - Menthol - 10ml - 50\/50 - 0, 3, 6, 12, 18mg<\/div>"},"content":{"rendered":"<div class=\"c-pdt__section c-pdt__section--columns\">\n<div id=\"description_short\" class=\"\">\n<h3 class=\"u-h2 u-mb-3\">E-liquide Red Astaire 10ml &#8211; T-Juice<\/h3>\n<div class=\"product-description c-pdt__description c-pdt__description--recap s-cms\">\n<p class=\"u-fiv\">Costume rouge et rythme dans le pot, l\u2019e-liquide Red Astaire 10ml T-Juice, compos\u00e9 d\u2019ar\u00f4mes de fruits rouges, raisin, anis, eucalpytus ainsi que d\u2019un additif menthol\u00e9, fait le show.<\/p>\n<ul>\n<li>Saveur : Fruits rouges &#8211; Raisin &#8211; Anis &#8211; Eucalyptus &#8211; Menthol<\/li>\n<li>E-liquide\u00a050\/50 PG\/VG.<\/li>\n<li>Format 10 ml disponible en 0, 3, 6, 12 ou 18mg\/ml.<\/li>\n<li>L\u2019e-liquide T-Juice\u00a0Red Astaire 10ml est d\u00e9sormais fabriqu\u00e9 en France. Garanti sans diac\u00e9tyle et sans alcool.<\/li>\n<\/ul>\n<p><i><u>Note<\/u>\u00a0: Cet\u00a0e-liquide 10ml est conseill\u00e9 pour des r\u00e9sistances de 0,5 \u00e0 0,8\uab65.<\/i><\/p>\n<\/div>\n<\/div>\n<\/div>\n<div class=\"c-pdt__sections c-pdt__sections--columns\">\n<div class=\"c-pdt__section c-pdt__section--columns\">\n<div id=\"description\" class=\"\">\n<div class=\"product-description c-pdt__description s-cms\">\n<h3>E-liquide Red Astaire 10ml &#8211; T-Juice<\/h3>\n<p><img decoding=\"async\" class=\"center-block\" title=\"E-liquide Red Astaire 10ml - T-Juice\" src=\"https:\/\/pro.taklope.com\/img\/descrhtml\/bd2_1714073.jpg\" alt=\"E-liquide Red Astaire 10ml - T-Juice\" \/><\/p>\n<p class=\"u-fiv\">Votre cigarette \u00e9lectronique se sent pr\u00eate \u00e0 faire des claquettes ? Proposez lui comme partenaire l\u2019e-liquide fruit\u00e9 frais qui m\u00e8ne la danse : l\u2019e-liquide Red Astaire T-Juice 10ml, compos\u00e9 d\u2019ar\u00f4mes de\u00a0fruits rouges,\u00a0raisin,\u00a0anis,\u00a0eucalyptus\u00a0et d\u2019un\u00a0additif menthol\u00e9.<\/p>\n<p>E-liquide fran\u00e7ais\u00a0fabriqu\u00e9 par T-Juice, en format 10ml pr\u00eat \u00e0 l\u2019emploi.<\/p>\n<p>&nbsp;<\/p>\n<hr \/>\n<p>&nbsp;<\/p>\n<p>&nbsp;<\/p>\n<h3>Base du e-liquide T-Juice Red Astaire 10ml<\/h3>\n<ul>\n<li>50 % : Propyl\u00e8ne Glycol<\/li>\n<li>50 % : Glyc\u00e9rine V\u00e9g\u00e9tale<\/li>\n<\/ul>\n<p>&nbsp;<\/p>\n<p>Le e-liquide Red Astaire 10ml est fabriqu\u00e9 sur une base \u00e9quilibr\u00e9e 50\/50 PG\/VG.<\/p>\n<p><i><u>Note<\/u> : Une base 50\/50 est plus pr\u00e9cis\u00e9ment conseill\u00e9e pour des r\u00e9sistances comprises entre 0,5 et 0,8\uab65 qui \u00e9quipent de nombreuses cigarettes \u00e9lectroniques.<\/i><\/p>\n<p>&nbsp;<\/p>\n<hr \/>\n<p>&nbsp;<\/p>\n<p>&nbsp;<\/p>\n<h3>E-liquide Red Astaire 10ml T-Juice nicotin\u00e9<\/h3>\n<p>La marque T-Juice propose son e-liquide pour cigarette \u00e9lectronique Red Astaire 10ml avec des taux de nicotine au choix entre 0, 3, 6, 12 ou 18mg\/ml.<\/p>\n<p class=\"u-fiv\">T-Juice pourra ainsi vous accompagner d\u00e8s vos d\u00e9buts dans la vape, et jusqu\u2019\u00e0 la fin de votre d\u00e9pendance nicotinique, avec son e-liquide go\u00fbt fruits rouges, raisin, anis, eucalyptus et menthol.<\/p>\n<p>&nbsp;<\/p>\n<hr \/>\n<p>&nbsp;<\/p>\n<p>&nbsp;<\/p>\n<h3>Conservation de votre e-liquide T-Juice Red Astaire 10ml<\/h3>\n<p>Pour une conservation optimale jour apr\u00e8s jour, conservez votre e-liquide Red Astaire 10ml dans un endroit sec et \u00e0 temp\u00e9rature ambiante. Ne l\u2019exposez pas en permanence \u00e0 la lumi\u00e8re et rebouchez soigneusement le flacon apr\u00e8s usage.<\/p>\n<p>Un e-liquide pr\u00eat \u00e0 vaper T-Juice bien conserv\u00e9 pourra \u00eatre consomm\u00e9 apr\u00e8s d\u00e9passement de sa DLUO, sans perte significative de saveur.<\/p>\n<\/div>\n<\/div>\n<\/div>\n<div class=\"c-pdt__section\">\n<div id=\"product-details\" class=\"\" data-product=\"{&quot;id_shop_default&quot;:&quot;2&quot;,&quot;id_manufacturer&quot;:&quot;0&quot;,&quot;id_supplier&quot;:&quot;159&quot;,&quot;reference&quot;:&quot;&quot;,&quot;is_virtual&quot;:&quot;0&quot;,&quot;delivery_in_stock&quot;:&quot;&quot;,&quot;delivery_out_stock&quot;:&quot;&quot;,&quot;id_category_default&quot;:&quot;138&quot;,&quot;on_sale&quot;:&quot;0&quot;,&quot;online_only&quot;:&quot;0&quot;,&quot;ecotax&quot;:0,&quot;minimal_quantity&quot;:&quot;1&quot;,&quot;low_stock_threshold&quot;:null,&quot;low_stock_alert&quot;:&quot;0&quot;,&quot;price&quot;:&quot;1,60\\u00a0\\u20ac&quot;,&quot;unity&quot;:&quot;&quot;,&quot;unit_price_ratio&quot;:&quot;0.000000&quot;,&quot;additional_shipping_cost&quot;:&quot;0.000000&quot;,&quot;customizable&quot;:&quot;0&quot;,&quot;text_fields&quot;:&quot;0&quot;,&quot;uploadable_files&quot;:&quot;0&quot;,&quot;redirect_type&quot;:&quot;404&quot;,&quot;id_type_redirected&quot;:&quot;0&quot;,&quot;available_for_order&quot;:&quot;1&quot;,&quot;available_date&quot;:null,&quot;show_condition&quot;:&quot;0&quot;,&quot;condition&quot;:&quot;new&quot;,&quot;show_price&quot;:&quot;1&quot;,&quot;indexed&quot;:&quot;1&quot;,&quot;visibility&quot;:&quot;both&quot;,&quot;cache_default_attribute&quot;:&quot;2173&quot;,&quot;advanced_stock_management&quot;:&quot;1&quot;,&quot;date_add&quot;:&quot;2026-01-29 20:40:57&quot;,&quot;date_upd&quot;:&quot;2026-02-23 09:32:42&quot;,&quot;pack_stock_type&quot;:&quot;0&quot;,&quot;meta_keywords&quot;:&quot;&quot;,&quot;link_rewrite&quot;:&quot;red-astaire-e-liquide&quot;,&quot;name&quot;:&quot;E-liquide Red Astaire 10ml - T-Juice&quot;,&quot;available_now&quot;:&quot;&quot;,&quot;available_later&quot;:&quot;&quot;,&quot;id&quot;:751,&quot;id_product&quot;:751,&quot;out_of_stock&quot;:2,&quot;new&quot;:0,&quot;id_product_attribute&quot;:7443,&quot;quantity_wanted&quot;:1,&quot;allow_oosp&quot;:0,&quot;category&quot;:&quot;t-juice&quot;,&quot;category_name&quot;:&quot;T-Juice&quot;,&quot;link&quot;:&quot;https:\\\/\\\/pro.taklope.com\\\/t-juice\\\/751-red-astaire-e-liquide.html&quot;,&quot;attribute_price&quot;:0,&quot;price_tax_exc&quot;:1.600000000000000088817841970012523233890533447265625,&quot;price_without_reduction&quot;:1.600000000000000088817841970012523233890533447265625,&quot;reduction&quot;:0,&quot;specific_prices&quot;:{&quot;id_specific_price&quot;:&quot;26831048&quot;,&quot;id_specific_price_rule&quot;:&quot;0&quot;,&quot;id_cart&quot;:&quot;0&quot;,&quot;id_product&quot;:&quot;751&quot;,&quot;id_product_attribute&quot;:&quot;0&quot;,&quot;id_shop&quot;:&quot;2&quot;,&quot;id_shop_group&quot;:&quot;0&quot;,&quot;id_currency&quot;:&quot;0&quot;,&quot;id_country&quot;:&quot;0&quot;,&quot;id_group&quot;:&quot;22&quot;,&quot;id_customer&quot;:&quot;0&quot;,&quot;price&quot;:1.600000000000000088817841970012523233890533447265625,&quot;from_quantity&quot;:&quot;1&quot;,&quot;reduction&quot;:&quot;0.000000&quot;,&quot;reduction_tax&quot;:&quot;1&quot;,&quot;reduction_type&quot;:&quot;percentage&quot;,&quot;from&quot;:&quot;0000-00-00 00:00:00&quot;,&quot;to&quot;:&quot;0000-00-00 00:00:00&quot;,&quot;score&quot;:&quot;18&quot;},&quot;quantity&quot;:730,&quot;quantity_all_versions&quot;:2044,&quot;id_image&quot;:&quot;fr-default&quot;,&quot;attachments&quot;:[],&quot;virtual&quot;:0,&quot;pack&quot;:0,&quot;packItems&quot;:[],&quot;nopackprice&quot;:0,&quot;customization_required&quot;:false,&quot;attributes&quot;:{&quot;6&quot;:{&quot;id_attribute&quot;:&quot;35&quot;,&quot;id_attribute_group&quot;:&quot;6&quot;,&quot;name&quot;:&quot;6 mg&quot;,&quot;group&quot;:&quot;Nicotine&quot;,&quot;reference&quot;:&quot;&quot;,&quot;ean13&quot;:&quot;5056452813342&quot;,&quot;isbn&quot;:&quot;&quot;,&quot;upc&quot;:&quot;&quot;,&quot;mpn&quot;:&quot;&quot;}},&quot;rate&quot;:20,&quot;tax_name&quot;:&quot;TVA FR 20%&quot;,&quot;ecotax_rate&quot;:0,&quot;unit_price&quot;:&quot;&quot;,&quot;customizations&quot;:{&quot;fields&quot;:[]},&quot;id_customization&quot;:0,&quot;is_customizable&quot;:false,&quot;show_quantities&quot;:true,&quot;quantity_label&quot;:&quot;Produits&quot;,&quot;quantity_discounts&quot;:[],&quot;customer_group_discount&quot;:0,&quot;images&quot;:[{&quot;bySize&quot;:{&quot;small_default&quot;:{&quot;url&quot;:&quot;https:\\\/\\\/media.taklope.com\\\/66221-small_default\\\/red-astaire-e-liquide.jpg&quot;,&quot;width&quot;:98,&quot;height&quot;:98},&quot;cart_default&quot;:{&quot;url&quot;:&quot;https:\\\/\\\/media.taklope.com\\\/66221-cart_default\\\/red-astaire-e-liquide.jpg&quot;,&quot;width&quot;:125,&quot;height&quot;:125},&quot;home_default&quot;:{&quot;url&quot;:&quot;https:\\\/\\\/media.taklope.com\\\/66221-home_default\\\/red-astaire-e-liquide.jpg&quot;,&quot;width&quot;:250,&quot;height&quot;:250},&quot;medium_default&quot;:{&quot;url&quot;:&quot;https:\\\/\\\/media.taklope.com\\\/66221-medium_default\\\/red-astaire-e-liquide.jpg&quot;,&quot;width&quot;:452,&quot;height&quot;:452},&quot;large_default&quot;:{&quot;url&quot;:&quot;https:\\\/\\\/media.taklope.com\\\/66221-large_default\\\/red-astaire-e-liquide.jpg&quot;,&quot;width&quot;:1000,&quot;height&quot;:1000}},&quot;small&quot;:{&quot;url&quot;:&quot;https:\\\/\\\/media.taklope.com\\\/66221-small_default\\\/red-astaire-e-liquide.jpg&quot;,&quot;width&quot;:98,&quot;height&quot;:98},&quot;medium&quot;:{&quot;url&quot;:&quot;https:\\\/\\\/media.taklope.com\\\/66221-home_default\\\/red-astaire-e-liquide.jpg&quot;,&quot;width&quot;:250,&quot;height&quot;:250},&quot;large&quot;:{&quot;url&quot;:&quot;https:\\\/\\\/media.taklope.com\\\/66221-large_default\\\/red-astaire-e-liquide.jpg&quot;,&quot;width&quot;:1000,&quot;height&quot;:1000},&quot;legend&quot;:&quot;E-liquide Red Astaire 10ml - T-Juice&quot;,&quot;id_image&quot;:&quot;66221&quot;,&quot;cover&quot;:&quot;1&quot;,&quot;position&quot;:&quot;1&quot;,&quot;associatedVariants&quot;:[]}],&quot;cover&quot;:{&quot;bySize&quot;:{&quot;small_default&quot;:{&quot;url&quot;:&quot;https:\\\/\\\/media.taklope.com\\\/66221-small_default\\\/red-astaire-e-liquide.jpg&quot;,&quot;width&quot;:98,&quot;height&quot;:98},&quot;cart_default&quot;:{&quot;url&quot;:&quot;https:\\\/\\\/media.taklope.com\\\/66221-cart_default\\\/red-astaire-e-liquide.jpg&quot;,&quot;width&quot;:125,&quot;height&quot;:125},&quot;home_default&quot;:{&quot;url&quot;:&quot;https:\\\/\\\/media.taklope.com\\\/66221-home_default\\\/red-astaire-e-liquide.jpg&quot;,&quot;width&quot;:250,&quot;height&quot;:250},&quot;medium_default&quot;:{&quot;url&quot;:&quot;https:\\\/\\\/media.taklope.com\\\/66221-medium_default\\\/red-astaire-e-liquide.jpg&quot;,&quot;width&quot;:452,&quot;height&quot;:452},&quot;large_default&quot;:{&quot;url&quot;:&quot;https:\\\/\\\/media.taklope.com\\\/66221-large_default\\\/red-astaire-e-liquide.jpg&quot;,&quot;width&quot;:1000,&quot;height&quot;:1000}},&quot;small&quot;:{&quot;url&quot;:&quot;https:\\\/\\\/media.taklope.com\\\/66221-small_default\\\/red-astaire-e-liquide.jpg&quot;,&quot;width&quot;:98,&quot;height&quot;:98},&quot;medium&quot;:{&quot;url&quot;:&quot;https:\\\/\\\/media.taklope.com\\\/66221-home_default\\\/red-astaire-e-liquide.jpg&quot;,&quot;width&quot;:250,&quot;height&quot;:250},&quot;large&quot;:{&quot;url&quot;:&quot;https:\\\/\\\/media.taklope.com\\\/66221-large_default\\\/red-astaire-e-liquide.jpg&quot;,&quot;width&quot;:1000,&quot;height&quot;:1000},&quot;legend&quot;:&quot;E-liquide Red Astaire 10ml - T-Juice&quot;,&quot;id_image&quot;:&quot;66221&quot;,&quot;cover&quot;:&quot;1&quot;,&quot;position&quot;:&quot;1&quot;,&quot;associatedVariants&quot;:[]},&quot;has_discount&quot;:false,&quot;discount_type&quot;:&quot;percentage&quot;,&quot;discount_percentage&quot;:&quot;0%&quot;,&quot;discount_percentage_absolute&quot;:&quot;0%&quot;,&quot;discount_amount&quot;:&quot;0,00\\u00a0\\u20ac&quot;,&quot;discount_amount_to_display&quot;:&quot;-0,00\\u00a0\\u20ac&quot;,&quot;price_amount&quot;:1.600000000000000088817841970012523233890533447265625,&quot;unit_price_full&quot;:&quot;&quot;,&quot;show_availability&quot;:true,&quot;availability_date&quot;:null,&quot;availability_message&quot;:&quot;&quot;,&quot;availability&quot;:&quot;available&quot;}\">\n<section class=\"product-features\">\n<p class=\"u-h2 u-mb-3\">Fiche technique<\/p>\n<div id=\"readmore-pdt-features\" class=\"u-mb-2\" data-readmore=\"\" aria-expanded=\"true\">\n<table class=\"data-sheet table table-striped u-mb-0\">\n<tbody>\n<tr class=\"c-pdt__features-row\">\n<th class=\"name\">Type de produit<\/th>\n<td class=\"value\">E-liquide<\/td>\n<\/tr>\n<tr class=\"c-pdt__features-row\">\n<th class=\"name\">Marque<\/th>\n<td class=\"value\">T-JUICE<\/td>\n<\/tr>\n<tr class=\"c-pdt__features-row\">\n<th class=\"name\">Type de saveur<\/th>\n<td class=\"value\">Frais<br \/>\nFruit\u00e9e<br \/>\nMenthol\u00e9e<\/td>\n<\/tr>\n<tr class=\"c-pdt__features-row\">\n<th class=\"name\">Dosage PG\/VG<\/th>\n<td class=\"value\">50\/50 &#8211; PG\/VG<\/td>\n<\/tr>\n<tr class=\"c-pdt__features-row\">\n<th class=\"name\">Contenance (en ml)<\/th>\n<td class=\"value\">10<\/td>\n<\/tr>\n<tr class=\"c-pdt__features-row\">\n<th class=\"name\">Origine<\/th>\n<td class=\"value\">Angleterre<\/td>\n<\/tr>\n<tr class=\"c-pdt__features-row\">\n<th class=\"name\">Type e-liquide<\/th>\n<td class=\"value\">Pr\u00eat \u00e0 vaper 10ml<\/td>\n<\/tr>\n<\/tbody>\n<\/table>\n<\/div>\n<\/section>\n<\/div>\n<\/div>\n<div class=\"c-pdt__section c-pdt__section--columns\">\n<div id=\"disclaimer\" class=\"\">\n<p class=\"u-h2 u-mb-3\">Nicotine bon \u00e0 savoir<\/p>\n<div class=\"c-card c-pdt-disclaimer__card c-pdt-disclaimer__card--attention\">\n<div class=\"c-pdt-disclaimer__heading\">\n<div class=\"u-ml-1\">\n<p class=\"u-h4 u-txt-white u-mb-0\">Attention<\/p>\n<p class=\"u-mb-0\">Entre 0.25% et 1.66% m\/m de Nicotine<\/p>\n<p class=\"u-mb-0\">Nocif en cas d&rsquo;ingestion<\/p>\n<\/div>\n<\/div>\n<div class=\"c-pdt-disclaimer__content\">\n<p class=\"u-h4 u-mb-1\">Conseils de prudence<\/p>\n<ul>\n<li>P101 : En cas de consultation d&rsquo;un m\u00e9decin, garder \u00e0 disposition le r\u00e9cipient ou l&rsquo;\u00e9tiquette<\/li>\n<li>P102 : Tenir hors de port\u00e9e des enfants<\/li>\n<li>Se laver les mains soigneusement apr\u00e8s manipulation<\/li>\n<li>P270 : Ne pas manger, boire ou fumer en manipulant le produit<\/li>\n<li>P301+312 : Appeler un CENTRE ANTI-POISON ou un m\u00e9decin en cas de malaise<\/li>\n<li>P330 : Rincer la bouche<\/li>\n<li>EMBALLAGE : Indice tactile de danger<\/li>\n<\/ul>\n<\/div>\n<\/div>\n<div class=\"c-card c-pdt-disclaimer__card c-pdt-disclaimer__card--danger\">\n<div class=\"c-pdt-disclaimer__heading\">\n<div class=\"u-ml-1\">\n<p class=\"u-h4 u-txt-white u-mb-0\">Danger<\/p>\n<p class=\"u-mb-0\">Au-del\u00e0 de 1.66% m\/m de Nicotine<\/p>\n<p class=\"u-mb-0\">Toxique en cas d&rsquo;ingestion<\/p>\n<\/div>\n<\/div>\n<div class=\"c-pdt-disclaimer__content\">\n<p class=\"u-h4 u-mb-1\">Conseils de prudence<\/p>\n<ul>\n<li>P101 : En cas de consultation d&rsquo;un m\u00e9decin, garder \u00e0 disposition le r\u00e9cipient ou l&rsquo;\u00e9tiquette<\/li>\n<li>P102 : Tenir hors de port\u00e9e des enfants<\/li>\n<li>Se laver les mains soigneusement apr\u00e8s manipulation<\/li>\n<li>P270 : Ne pas manger, boire ou fumer en manipulant le produit<\/li>\n<li>EN CAS DE CONTACT AVEC LA PEAU : laver abondamment \u00e0 l&rsquo;eau et au savon<\/li>\n<li>P301+310 : Appeler imm\u00e9diatement un CENTRE ANTI-POISON ou un m\u00e9decin en cas de malaise<\/li>\n<li>P405 : Garder sous cl\u00e9<\/li>\n<li>EMBALLAGE : Fermeture de s\u00e9curit\u00e9 pour un enfant et indice tactile de danger<\/li>\n<\/ul>\n<\/div>\n<\/div>\n<\/div>\n<\/div>\n<div class=\"c-pdt__section c-pdt__section--columns\">\n<div id=\"manufacturer\" class=\"\">\n<div class=\"u-p-rel u-mb-1\">\n<div class=\"c-pdt__manu-thumbnail\"><img loading=\"lazy\" decoding=\"async\" class=\"u-img-fluid\" src=\"https:\/\/media.taklope.com\/c\/138-category_default\/t-juice.jpg\" alt=\"T-Juice\" width=\"250\" height=\"50\" \/><\/div>\n<p>T-Juice<\/p>\n<\/div>\n<div id=\"readmore-pdt-manufacturer\" class=\"c-pdt__manu-desc\" data-readmore=\"\" aria-expanded=\"true\">\n<p class=\"u-fiv\">La marque anglaise T-Juice, c\u00e9l\u00e8bre dans le monde de la vape pour son tr\u00e8s appr\u00e9ci\u00e9\u00a0e-liquide\u00a0Red Astaire, vous invite \u00e0 d\u00e9couvrir toute l\u2019\u00e9tendue de son talent. Ce juice maker, expert en m\u00e9lange fruit\u00e9 et menthol\u00e9, vous propose \u00e9galement de d\u00e9couvrir quelques saveurs gourmandes et classics dans des e-liquides 10 et 50ml et dans des ar\u00f4mes DIY concentr\u00e9s dans des flacons 10 et 30ml. Offrant divers taux de nicotine, les e-liquides T-Juice s\u2019adaptent \u00e0 tous les go\u00fbts et toutes les envies.<\/p>\n<\/div>\n<\/div>\n<\/div>\n<\/div>\n<hr data-start=\"600\" data-end=\"603\" \/>\n","protected":false},"excerpt":{"rendered":"<p>Fruits rouges &#8211; Anis &#8211; Eucalyptus &#8211; Menthol &#8211; 10ml &#8211; 50\/50 &#8211; 0, 3, 6, 12, 18mg<\/p>\n","protected":false},"featured_media":1268,"comment_status":"open","ping_status":"closed","template":"","meta":{"slim_seo":{"title":"Red Astaire 10ml T-Juice \u2013 E-liquide fruit rouge menthol\u00e9 - Vapote-Shop","description":"Fruits rouges - Anis - Eucalyptus - Menthol - 10ml - 50\/50 - 0, 3, 6, 12, 18mg"}},"product_brand":[69],"product_cat":[90,68,52],"product_tag":[],"class_list":{"0":"post-1267","1":"product","2":"type-product","3":"status-publish","4":"has-post-thumbnail","6":"product_brand-t-juice","7":"product_cat-deals","8":"product_cat-e-liquide-10ml","9":"product_cat-meilleures-ventes","11":"first","12":"instock","13":"sale","14":"shipping-taxable","15":"purchasable","16":"product-type-variable","17":"has-default-attributes"},"_links":{"self":[{"href":"https:\/\/www.vapote-shop.fr\/index.php\/wp-json\/wp\/v2\/product\/1267","targetHints":{"allow":["GET"]}}],"collection":[{"href":"https:\/\/www.vapote-shop.fr\/index.php\/wp-json\/wp\/v2\/product"}],"about":[{"href":"https:\/\/www.vapote-shop.fr\/index.php\/wp-json\/wp\/v2\/types\/product"}],"replies":[{"embeddable":true,"href":"https:\/\/www.vapote-shop.fr\/index.php\/wp-json\/wp\/v2\/comments?post=1267"}],"wp:featuredmedia":[{"embeddable":true,"href":"https:\/\/www.vapote-shop.fr\/index.php\/wp-json\/wp\/v2\/media\/1268"}],"wp:attachment":[{"href":"https:\/\/www.vapote-shop.fr\/index.php\/wp-json\/wp\/v2\/media?parent=1267"}],"wp:term":[{"taxonomy":"product_brand","embeddable":true,"href":"https:\/\/www.vapote-shop.fr\/index.php\/wp-json\/wp\/v2\/product_brand?post=1267"},{"taxonomy":"product_cat","embeddable":true,"href":"https:\/\/www.vapote-shop.fr\/index.php\/wp-json\/wp\/v2\/product_cat?post=1267"},{"taxonomy":"product_tag","embeddable":true,"href":"https:\/\/www.vapote-shop.fr\/index.php\/wp-json\/wp\/v2\/product_tag?post=1267"}],"curies":[{"name":"wp","href":"https:\/\/api.w.org\/{rel}","templated":true}]}}