{"id":1276,"date":"2026-03-12T17:04:59","date_gmt":"2026-03-12T16:04:59","guid":{"rendered":"https:\/\/www.vapote-shop.fr\/?post_type=product&#038;p=1276"},"modified":"2026-04-01T07:08:20","modified_gmt":"2026-04-01T05:08:20","slug":"heisenberg-10ml-vampire-vape-e-liquide-baies-rouges-fraicheur","status":"publish","type":"product","link":"https:\/\/www.vapote-shop.fr\/index.php\/produit\/heisenberg-10ml-vampire-vape-e-liquide-baies-rouges-fraicheur\/","title":{"rendered":"Heisenberg &#8211; 10ml Vampire Vape \u2013 E-liquide Baies rouges &#8211; Fra\u00eecheur<div class=\"custom-short-desc\">Baies rouges - Fra\u00eecheur - 10ml - 60\/40 ou 50\/50 - 0, 3, 6, 12, 18mg<\/div>"},"content":{"rendered":"<div class=\"c-pdt__section c-pdt__section--columns\">\n<div id=\"description_short\" class=\"\">\n<h3 class=\"u-h2 u-mb-3\">E-liquide Heisenberg &#8211; Vampire Vape<\/h3>\n<div class=\"product-description c-pdt__description c-pdt__description--recap s-cms\">\n<p class=\"u-fiv\">Vampire Vape vous invite \u00e0 d\u00e9couvrir le e-liquide Heisenberg 10 ml au go\u00fbt fruit\u00e9 d&rsquo;anthologie !<\/p>\n<ul>\n<li><strong><span style=\"color: red;\">Saveurs :<\/span> <span style=\"color: red;\">Fruits des bois &#8211; Fra\u00eecheur<\/span><\/strong><\/li>\n<li><strong><span style=\"color: red;\">E-liquide\u00a050\/50 PG\/VG pour un taux de nicotine de 3mg\/ml<\/span><\/strong> .<\/li>\n<li><strong><span style=\"color: red;\">E-liquide 60\/40 PG\/VG pour un taux de nicotine de 0, 6, 12 ou 18mg\/ml<\/span><\/strong> .<\/li>\n<li>Flacon 10 ml nicotin\u00e9 disponible en 0, 3, 6, 12 ou 18 mg\/ml.<\/li>\n<li>E-liquide fabriqu\u00e9 en Angleterre par Vampire Vape.<\/li>\n<\/ul>\n<p><i>Note : le e-liquide Heisenberg 50\/50 PG\/VG est conseill\u00e9 pour des r\u00e9sistances comprises entre 0,5\uab65 et 0,8\uab65.<br \/>\nLe e-liquide Heisenberg 60\/40 PG\/VG est conseill\u00e9 pour des r\u00e9sistances comprises entre 0,8\uab65 et 2\uab65.<\/i><\/p>\n<\/div>\n<\/div>\n<\/div>\n<div class=\"c-pdt__sections c-pdt__sections--columns\">\n<div class=\"c-pdt__section c-pdt__section--columns\">\n<div id=\"description\" class=\"\">\n<div class=\"product-description c-pdt__description s-cms\">\n<h3>E-liquide Heisenberg 10ml &#8211; Vampire Vape<\/h3>\n<p class=\"u-fiv\">Le fabricant anglais Vampire Vape vous invite \u00e0 d\u00e9couvrir le e-liquide Heisenberg 10ml \u00e0 la saveur fruits des bois\u00a0avec\u00a0additif frais.<\/p>\n<p class=\"u-fiv\">Le e-liquide Vampire Vape Heisenberg de 10ml contient de la nicotine (sauf pour la version 0mg) afin de r\u00e9pondre aux besoins quotidiens des vapoteurs. Pour choisir le bon dosage de nicotine adapt\u00e9 \u00e0 vos besoins, r\u00e9f\u00e9rez-vous \u00e0 votre profil d&rsquo;ex-fumeur : moins de 5 cigarettes par jour n\u00e9cessite 3 ou 6mg\/ml, 5 \u00e0 10 cigarettes par jour n\u00e9cessite 6 ou 12mg\/ml, plus de 15 cigarettes par jour n\u00e9cessite 18mg\/ml. Ces recommandations sont donn\u00e9es \u00e0 titre indicatif et varient selon votre consommation de tabac pass\u00e9e.<\/p>\n<p>E-liquide Heisenberg fabriqu\u00e9 au Royaume-Uni par\u00a0Vampire Vape.<\/p>\n<p>&nbsp;<\/p>\n<hr \/>\n<p>&nbsp;<\/p>\n<p>Cet e-liquide Vampire Vape Heisenberg est propos\u00e9 avec deux bases PG\/VG diff\u00e9rentes suivant le taux de nicotine choisi :<\/p>\n<ul>\n<li>Une base 60\/40 PG\/VG fluide. Cette base est conseill\u00e9e pour les cigarettes \u00e9lectroniques dot\u00e9es d&rsquo;une r\u00e9sistance comprise entre 0,8ohm et 2ohm.<\/li>\n<li>Une base 50\/50 PG\/VG \u00e9quilibr\u00e9e. Cette base est conseill\u00e9e pour les cigarettes \u00e9lectroniques dot\u00e9es d&rsquo;une r\u00e9sistance comprise entre 0,5ohm et 0,8ohm.<\/li>\n<\/ul>\n<p>&nbsp;<\/p>\n<hr \/>\n<p>&nbsp;<\/p>\n<p>Base du e-liquide Heisenberg &#8211; Vampire Vape (pour un taux de nicotine de 0, 6, 12 et 18mg) :<\/p>\n<ul>\n<li>60% Propyl\u00e8ne Glycol<\/li>\n<li>40% Glyc\u00e9rine V\u00e9g\u00e9tale<\/li>\n<\/ul>\n<p>&nbsp;<\/p>\n<p>Base du e-liquide Heisenberg &#8211; Vampire Vape (pour un taux de nicotine de 3mg) :<\/p>\n<ul>\n<li>50% Propyl\u00e8ne Glycol<\/li>\n<li>50% Glyc\u00e9rine V\u00e9g\u00e9tale<\/li>\n<\/ul>\n<p>&nbsp;<\/p>\n<hr \/>\n<p>&nbsp;<\/p>\n<h3>Conservation de votre e-liquide Heisenberg &#8211; Vampire Vape 10ml<\/h3>\n<p>Pour une saveur durable, veillez \u00e0 conserver votre e-liquide Heisenberg dans un endroit sec, \u00e0 l\u2019abri de la lumi\u00e8re et \u00e0 temp\u00e9rature ambiante. Bien conserv\u00e9, un e-liquide pour cigarette \u00e9lectronique Vampire Vape pourra \u00eatre consomm\u00e9 quelques semaines apr\u00e8s d\u00e9passement de sa DLUO sans variation significative de go\u00fbt ou de qualit\u00e9.<\/p>\n<\/div>\n<\/div>\n<\/div>\n<div class=\"c-pdt__section\">\n<div id=\"product-details\" class=\"\" data-product=\"{&quot;id_shop_default&quot;:&quot;2&quot;,&quot;id_manufacturer&quot;:&quot;0&quot;,&quot;id_supplier&quot;:&quot;32&quot;,&quot;reference&quot;:&quot;&quot;,&quot;is_virtual&quot;:&quot;0&quot;,&quot;delivery_in_stock&quot;:&quot;&quot;,&quot;delivery_out_stock&quot;:&quot;&quot;,&quot;id_category_default&quot;:&quot;247&quot;,&quot;on_sale&quot;:&quot;0&quot;,&quot;online_only&quot;:&quot;0&quot;,&quot;ecotax&quot;:0,&quot;minimal_quantity&quot;:&quot;1&quot;,&quot;low_stock_threshold&quot;:null,&quot;low_stock_alert&quot;:&quot;0&quot;,&quot;price&quot;:&quot;1,72\\u00a0\\u20ac&quot;,&quot;unity&quot;:&quot;&quot;,&quot;unit_price_ratio&quot;:&quot;0.000000&quot;,&quot;additional_shipping_cost&quot;:&quot;0.000000&quot;,&quot;customizable&quot;:&quot;0&quot;,&quot;text_fields&quot;:&quot;0&quot;,&quot;uploadable_files&quot;:&quot;0&quot;,&quot;redirect_type&quot;:&quot;404&quot;,&quot;id_type_redirected&quot;:&quot;0&quot;,&quot;available_for_order&quot;:&quot;1&quot;,&quot;available_date&quot;:null,&quot;show_condition&quot;:&quot;0&quot;,&quot;condition&quot;:&quot;new&quot;,&quot;show_price&quot;:&quot;1&quot;,&quot;indexed&quot;:&quot;1&quot;,&quot;visibility&quot;:&quot;both&quot;,&quot;cache_default_attribute&quot;:&quot;3152&quot;,&quot;advanced_stock_management&quot;:&quot;1&quot;,&quot;date_add&quot;:&quot;2026-01-29 20:40:56&quot;,&quot;date_upd&quot;:&quot;2026-02-23 09:32:49&quot;,&quot;pack_stock_type&quot;:&quot;0&quot;,&quot;meta_keywords&quot;:&quot;&quot;,&quot;link_rewrite&quot;:&quot;heisenberg-vampire-vape&quot;,&quot;name&quot;:&quot;E-liquide Heisenberg - Vampire Vape&quot;,&quot;available_now&quot;:&quot;&quot;,&quot;available_later&quot;:&quot;&quot;,&quot;id&quot;:1242,&quot;id_product&quot;:1242,&quot;out_of_stock&quot;:2,&quot;new&quot;:0,&quot;id_product_attribute&quot;:40856,&quot;quantity_wanted&quot;:1,&quot;allow_oosp&quot;:0,&quot;category&quot;:&quot;vampire-vape&quot;,&quot;category_name&quot;:&quot;Vampire Vape&quot;,&quot;link&quot;:&quot;https:\\\/\\\/pro.taklope.com\\\/vampire-vape\\\/1242-heisenberg-vampire-vape.html&quot;,&quot;attribute_price&quot;:0,&quot;price_tax_exc&quot;:1.7199999999999999733546474089962430298328399658203125,&quot;price_without_reduction&quot;:1.7199999999999999733546474089962430298328399658203125,&quot;reduction&quot;:0,&quot;specific_prices&quot;:{&quot;id_specific_price&quot;:&quot;26852299&quot;,&quot;id_specific_price_rule&quot;:&quot;0&quot;,&quot;id_cart&quot;:&quot;0&quot;,&quot;id_product&quot;:&quot;1242&quot;,&quot;id_product_attribute&quot;:&quot;0&quot;,&quot;id_shop&quot;:&quot;2&quot;,&quot;id_shop_group&quot;:&quot;0&quot;,&quot;id_currency&quot;:&quot;0&quot;,&quot;id_country&quot;:&quot;0&quot;,&quot;id_group&quot;:&quot;22&quot;,&quot;id_customer&quot;:&quot;0&quot;,&quot;price&quot;:1.7199999999999999733546474089962430298328399658203125,&quot;from_quantity&quot;:&quot;1&quot;,&quot;reduction&quot;:&quot;0.000000&quot;,&quot;reduction_tax&quot;:&quot;1&quot;,&quot;reduction_type&quot;:&quot;percentage&quot;,&quot;from&quot;:&quot;0000-00-00 00:00:00&quot;,&quot;to&quot;:&quot;0000-00-00 00:00:00&quot;,&quot;score&quot;:&quot;18&quot;},&quot;quantity&quot;:416,&quot;quantity_all_versions&quot;:989,&quot;id_image&quot;:&quot;fr-default&quot;,&quot;attachments&quot;:[],&quot;virtual&quot;:0,&quot;pack&quot;:0,&quot;packItems&quot;:[],&quot;nopackprice&quot;:0,&quot;customization_required&quot;:false,&quot;attributes&quot;:{&quot;6&quot;:{&quot;id_attribute&quot;:&quot;35&quot;,&quot;id_attribute_group&quot;:&quot;6&quot;,&quot;name&quot;:&quot;6 mg&quot;,&quot;group&quot;:&quot;Nicotine&quot;,&quot;reference&quot;:&quot;&quot;,&quot;ean13&quot;:&quot;5060505378719&quot;,&quot;isbn&quot;:&quot;&quot;,&quot;upc&quot;:&quot;&quot;,&quot;mpn&quot;:&quot;&quot;}},&quot;rate&quot;:20,&quot;tax_name&quot;:&quot;TVA FR 20%&quot;,&quot;ecotax_rate&quot;:0,&quot;unit_price&quot;:&quot;&quot;,&quot;customizations&quot;:{&quot;fields&quot;:[]},&quot;id_customization&quot;:0,&quot;is_customizable&quot;:false,&quot;show_quantities&quot;:true,&quot;quantity_label&quot;:&quot;Produits&quot;,&quot;quantity_discounts&quot;:[],&quot;customer_group_discount&quot;:0,&quot;images&quot;:[{&quot;bySize&quot;:{&quot;small_default&quot;:{&quot;url&quot;:&quot;https:\\\/\\\/media.taklope.com\\\/70386-small_default\\\/heisenberg-vampire-vape.jpg&quot;,&quot;width&quot;:98,&quot;height&quot;:98},&quot;cart_default&quot;:{&quot;url&quot;:&quot;https:\\\/\\\/media.taklope.com\\\/70386-cart_default\\\/heisenberg-vampire-vape.jpg&quot;,&quot;width&quot;:125,&quot;height&quot;:125},&quot;home_default&quot;:{&quot;url&quot;:&quot;https:\\\/\\\/media.taklope.com\\\/70386-home_default\\\/heisenberg-vampire-vape.jpg&quot;,&quot;width&quot;:250,&quot;height&quot;:250},&quot;medium_default&quot;:{&quot;url&quot;:&quot;https:\\\/\\\/media.taklope.com\\\/70386-medium_default\\\/heisenberg-vampire-vape.jpg&quot;,&quot;width&quot;:452,&quot;height&quot;:452},&quot;large_default&quot;:{&quot;url&quot;:&quot;https:\\\/\\\/media.taklope.com\\\/70386-large_default\\\/heisenberg-vampire-vape.jpg&quot;,&quot;width&quot;:1000,&quot;height&quot;:1000}},&quot;small&quot;:{&quot;url&quot;:&quot;https:\\\/\\\/media.taklope.com\\\/70386-small_default\\\/heisenberg-vampire-vape.jpg&quot;,&quot;width&quot;:98,&quot;height&quot;:98},&quot;medium&quot;:{&quot;url&quot;:&quot;https:\\\/\\\/media.taklope.com\\\/70386-home_default\\\/heisenberg-vampire-vape.jpg&quot;,&quot;width&quot;:250,&quot;height&quot;:250},&quot;large&quot;:{&quot;url&quot;:&quot;https:\\\/\\\/media.taklope.com\\\/70386-large_default\\\/heisenberg-vampire-vape.jpg&quot;,&quot;width&quot;:1000,&quot;height&quot;:1000},&quot;legend&quot;:&quot;E-liquide Heisenberg - Vampire Vape&quot;,&quot;id_image&quot;:&quot;70386&quot;,&quot;cover&quot;:&quot;1&quot;,&quot;position&quot;:&quot;1&quot;,&quot;associatedVariants&quot;:[]}],&quot;cover&quot;:{&quot;bySize&quot;:{&quot;small_default&quot;:{&quot;url&quot;:&quot;https:\\\/\\\/media.taklope.com\\\/70386-small_default\\\/heisenberg-vampire-vape.jpg&quot;,&quot;width&quot;:98,&quot;height&quot;:98},&quot;cart_default&quot;:{&quot;url&quot;:&quot;https:\\\/\\\/media.taklope.com\\\/70386-cart_default\\\/heisenberg-vampire-vape.jpg&quot;,&quot;width&quot;:125,&quot;height&quot;:125},&quot;home_default&quot;:{&quot;url&quot;:&quot;https:\\\/\\\/media.taklope.com\\\/70386-home_default\\\/heisenberg-vampire-vape.jpg&quot;,&quot;width&quot;:250,&quot;height&quot;:250},&quot;medium_default&quot;:{&quot;url&quot;:&quot;https:\\\/\\\/media.taklope.com\\\/70386-medium_default\\\/heisenberg-vampire-vape.jpg&quot;,&quot;width&quot;:452,&quot;height&quot;:452},&quot;large_default&quot;:{&quot;url&quot;:&quot;https:\\\/\\\/media.taklope.com\\\/70386-large_default\\\/heisenberg-vampire-vape.jpg&quot;,&quot;width&quot;:1000,&quot;height&quot;:1000}},&quot;small&quot;:{&quot;url&quot;:&quot;https:\\\/\\\/media.taklope.com\\\/70386-small_default\\\/heisenberg-vampire-vape.jpg&quot;,&quot;width&quot;:98,&quot;height&quot;:98},&quot;medium&quot;:{&quot;url&quot;:&quot;https:\\\/\\\/media.taklope.com\\\/70386-home_default\\\/heisenberg-vampire-vape.jpg&quot;,&quot;width&quot;:250,&quot;height&quot;:250},&quot;large&quot;:{&quot;url&quot;:&quot;https:\\\/\\\/media.taklope.com\\\/70386-large_default\\\/heisenberg-vampire-vape.jpg&quot;,&quot;width&quot;:1000,&quot;height&quot;:1000},&quot;legend&quot;:&quot;E-liquide Heisenberg - Vampire Vape&quot;,&quot;id_image&quot;:&quot;70386&quot;,&quot;cover&quot;:&quot;1&quot;,&quot;position&quot;:&quot;1&quot;,&quot;associatedVariants&quot;:[]},&quot;has_discount&quot;:false,&quot;discount_type&quot;:&quot;percentage&quot;,&quot;discount_percentage&quot;:&quot;0%&quot;,&quot;discount_percentage_absolute&quot;:&quot;0%&quot;,&quot;discount_amount&quot;:&quot;0,00\\u00a0\\u20ac&quot;,&quot;discount_amount_to_display&quot;:&quot;-0,00\\u00a0\\u20ac&quot;,&quot;price_amount&quot;:1.7199999999999999733546474089962430298328399658203125,&quot;unit_price_full&quot;:&quot;&quot;,&quot;show_availability&quot;:true,&quot;availability_date&quot;:null,&quot;availability_message&quot;:&quot;&quot;,&quot;availability&quot;:&quot;available&quot;}\">\n<section class=\"product-features\">\n<p class=\"u-h2 u-mb-3\">Fiche technique<\/p>\n<div id=\"readmore-pdt-features\" class=\"u-mb-2\" data-readmore=\"\" aria-expanded=\"true\">\n<table class=\"data-sheet table table-striped u-mb-0\">\n<tbody>\n<tr class=\"c-pdt__features-row\">\n<th class=\"name\">Type de produit<\/th>\n<td class=\"value\">E-liquide<\/td>\n<\/tr>\n<tr class=\"c-pdt__features-row\">\n<th class=\"name\">Marque<\/th>\n<td class=\"value\">VAMPIRE VAPE<\/td>\n<\/tr>\n<tr class=\"c-pdt__features-row\">\n<th class=\"name\">Type de saveur<\/th>\n<td class=\"value\">Frais<br \/>\nFruit\u00e9e<\/td>\n<\/tr>\n<tr class=\"c-pdt__features-row\">\n<th class=\"name\">Dosage PG\/VG<\/th>\n<td class=\"value\">50\/50 &#8211; PG\/VG<br \/>\n60\/40 &#8211; PG\/VG<\/td>\n<\/tr>\n<tr class=\"c-pdt__features-row\">\n<th class=\"name\">Contenance (en ml)<\/th>\n<td class=\"value\">10<\/td>\n<\/tr>\n<tr class=\"c-pdt__features-row\">\n<th class=\"name\">Origine<\/th>\n<td class=\"value\">Angleterre<\/td>\n<\/tr>\n<tr class=\"c-pdt__features-row\">\n<th class=\"name\">Type e-liquide<\/th>\n<td class=\"value\">Pr\u00eat \u00e0 vaper 10ml<\/td>\n<\/tr>\n<\/tbody>\n<\/table>\n<\/div>\n<\/section>\n<\/div>\n<\/div>\n<div class=\"c-pdt__section c-pdt__section--columns\">\n<div id=\"disclaimer\" class=\"\">\n<p class=\"u-h2 u-mb-3\">Nicotine bon \u00e0 savoir<\/p>\n<div class=\"c-card c-pdt-disclaimer__card c-pdt-disclaimer__card--attention\">\n<div class=\"c-pdt-disclaimer__heading\">\n<div class=\"u-ml-1\">\n<p class=\"u-h4 u-txt-white u-mb-0\">Attention<\/p>\n<p class=\"u-mb-0\">Entre 0.25% et 1.66% m\/m de Nicotine<\/p>\n<p class=\"u-mb-0\">Nocif en cas d&rsquo;ingestion<\/p>\n<\/div>\n<\/div>\n<div class=\"c-pdt-disclaimer__content\">\n<p class=\"u-h4 u-mb-1\">Conseils de prudence<\/p>\n<ul>\n<li>P101 : En cas de consultation d&rsquo;un m\u00e9decin, garder \u00e0 disposition le r\u00e9cipient ou l&rsquo;\u00e9tiquette<\/li>\n<li>P102 : Tenir hors de port\u00e9e des enfants<\/li>\n<li>Se laver les mains soigneusement apr\u00e8s manipulation<\/li>\n<li>P270 : Ne pas manger, boire ou fumer en manipulant le produit<\/li>\n<li>P301+312 : Appeler un CENTRE ANTI-POISON ou un m\u00e9decin en cas de malaise<\/li>\n<li>P330 : Rincer la bouche<\/li>\n<li>EMBALLAGE : Indice tactile de danger<\/li>\n<\/ul>\n<\/div>\n<\/div>\n<div class=\"c-card c-pdt-disclaimer__card c-pdt-disclaimer__card--danger\">\n<div class=\"c-pdt-disclaimer__heading\">\n<div class=\"u-ml-1\">\n<p class=\"u-h4 u-txt-white u-mb-0\">Danger<\/p>\n<p class=\"u-mb-0\">Au-del\u00e0 de 1.66% m\/m de Nicotine<\/p>\n<p class=\"u-mb-0\">Toxique en cas d&rsquo;ingestion<\/p>\n<\/div>\n<\/div>\n<div class=\"c-pdt-disclaimer__content\">\n<p class=\"u-h4 u-mb-1\">Conseils de prudence<\/p>\n<ul>\n<li>P101 : En cas de consultation d&rsquo;un m\u00e9decin, garder \u00e0 disposition le r\u00e9cipient ou l&rsquo;\u00e9tiquette<\/li>\n<li>P102 : Tenir hors de port\u00e9e des enfants<\/li>\n<li>Se laver les mains soigneusement apr\u00e8s manipulation<\/li>\n<li>P270 : Ne pas manger, boire ou fumer en manipulant le produit<\/li>\n<li>EN CAS DE CONTACT AVEC LA PEAU : laver abondamment \u00e0 l&rsquo;eau et au savon<\/li>\n<li>P301+310 : Appeler imm\u00e9diatement un CENTRE ANTI-POISON ou un m\u00e9decin en cas de malaise<\/li>\n<li>P405 : Garder sous cl\u00e9<\/li>\n<li>EMBALLAGE : Fermeture de s\u00e9curit\u00e9 pour un enfant et indice tactile de danger<\/li>\n<\/ul>\n<\/div>\n<\/div>\n<\/div>\n<\/div>\n<div class=\"c-pdt__section c-pdt__section--columns\">\n<div id=\"manufacturer\" class=\"\">\n<div class=\"u-p-rel u-mb-1\">\n<div class=\"c-pdt__manu-thumbnail\"><img loading=\"lazy\" decoding=\"async\" class=\"u-img-fluid\" src=\"https:\/\/media.taklope.com\/c\/247-category_default\/vampire-vape.jpg\" alt=\"Vampire Vape\" width=\"250\" height=\"50\" \/><\/div>\n<p>Vampire Vape<\/p>\n<\/div>\n<div id=\"readmore-pdt-manufacturer\" class=\"c-pdt__manu-desc\" data-readmore=\"\" aria-expanded=\"true\">\n<p class=\"u-fiv\"><strong>Vampire Vape<\/strong>\u00a0est une marque de\u00a0<strong>e-liquide<\/strong>\u00a0anglaise. Elle propose des jus originaux, mais aussi une gamme d\u2019additif et\u00a0<strong>ar\u00f4me e liquide Vampire Vape<\/strong>\u00a0pour le DIY et pour le Power Vaping. Loin de proposer des liquides pour cigarette \u00e9lectronique classiques, les m\u00e9langes britanniques de la marque Vampire Vape sont en effet cr\u00e9\u00e9s sur une base de 60\/40 &#8211; PG\/VG. Voil\u00e0 ce qui en fait un produit id\u00e9al pour le Power Vaping, avec une saveur \u00e0 la fois optimale et accompagn\u00e9e d&rsquo;une vapeur abondante. D\u00e9couvrez vite toutes les saveurs disponibles dans notre boutique en ligne pour trouver l\u2019<strong>ar\u00f4me de\u00a0e-liquide vampire vape<\/strong>\u00a0qui r\u00e9pondra \u00e0 toutes vos envies : les c\u00e9l\u00e8bres\u00a0<strong>Pinkman Vampire Vape<\/strong>\u00a0et\u00a0<strong>Heisenberg Vampire Vape<\/strong>, le classique Strawberry &amp; Kiwi, le doux Black Jack, l\u2019original Attraction, l\u2019exotique Tropical Island ou encore le cr\u00e9meux Vanilla Custard vous attendent au meilleur prix sur Taklope.com !<br \/>\nLe e liquide Vampire Vape est disponible en 00, 06, 12 et 18mg de nicotine. Flacons de 10ml TPD friendly et 30ml jusqu\u2019\u00e0 \u00e9puisement des stocks<\/p>\n<\/div>\n<\/div>\n<\/div>\n<\/div>\n<hr data-start=\"600\" data-end=\"603\" \/>\n","protected":false},"excerpt":{"rendered":"<p>Baies rouges &#8211; Fra\u00eecheur &#8211; 10ml &#8211; 60\/40 ou 50\/50 &#8211; 0, 3, 6, 12, 18mg<\/p>\n","protected":false},"featured_media":1283,"comment_status":"open","ping_status":"closed","template":"","meta":{"slim_seo":{"title":"Heisenberg - 10ml Vampire Vape \u2013 E-liquide Baies rouges - Fra\u00eecheur - Vapote-Shop","description":"Baies rouges - Fra\u00eecheur - 10ml - 60\/40 ou 50\/50 - 0, 3, 6, 12, 18mg"}},"product_brand":[71],"product_cat":[68,52],"product_tag":[],"class_list":{"0":"post-1276","1":"product","2":"type-product","3":"status-publish","4":"has-post-thumbnail","6":"product_brand-vampire-vape","7":"product_cat-e-liquide-10ml","8":"product_cat-meilleures-ventes","10":"first","11":"instock","12":"shipping-taxable","13":"purchasable","14":"product-type-variable","15":"has-default-attributes"},"_links":{"self":[{"href":"https:\/\/www.vapote-shop.fr\/index.php\/wp-json\/wp\/v2\/product\/1276","targetHints":{"allow":["GET"]}}],"collection":[{"href":"https:\/\/www.vapote-shop.fr\/index.php\/wp-json\/wp\/v2\/product"}],"about":[{"href":"https:\/\/www.vapote-shop.fr\/index.php\/wp-json\/wp\/v2\/types\/product"}],"replies":[{"embeddable":true,"href":"https:\/\/www.vapote-shop.fr\/index.php\/wp-json\/wp\/v2\/comments?post=1276"}],"wp:featuredmedia":[{"embeddable":true,"href":"https:\/\/www.vapote-shop.fr\/index.php\/wp-json\/wp\/v2\/media\/1283"}],"wp:attachment":[{"href":"https:\/\/www.vapote-shop.fr\/index.php\/wp-json\/wp\/v2\/media?parent=1276"}],"wp:term":[{"taxonomy":"product_brand","embeddable":true,"href":"https:\/\/www.vapote-shop.fr\/index.php\/wp-json\/wp\/v2\/product_brand?post=1276"},{"taxonomy":"product_cat","embeddable":true,"href":"https:\/\/www.vapote-shop.fr\/index.php\/wp-json\/wp\/v2\/product_cat?post=1276"},{"taxonomy":"product_tag","embeddable":true,"href":"https:\/\/www.vapote-shop.fr\/index.php\/wp-json\/wp\/v2\/product_tag?post=1276"}],"curies":[{"name":"wp","href":"https:\/\/api.w.org\/{rel}","templated":true}]}}