{"id":1338,"date":"2026-03-14T07:37:37","date_gmt":"2026-03-14T06:37:37","guid":{"rendered":"https:\/\/www.vapote-shop.fr\/?post_type=product&#038;p=1338"},"modified":"2026-03-30T08:39:55","modified_gmt":"2026-03-30T06:39:55","slug":"pyrex-zenith-pro-innokin","status":"publish","type":"product","link":"https:\/\/www.vapote-shop.fr\/index.php\/produit\/pyrex-zenith-pro-innokin\/","title":{"rendered":"Pyrex Zenith Pro &#8211; Innokin<div class=\"custom-short-desc\">Pour kit Klypse \/ Klypse Zip - 2ml - R\u00e9sistance 0,8 \/ 1,2ohm - MTL - 3pcs<\/div>"},"content":{"rendered":"<div class=\"c-pdt__section c-pdt__section--columns\">\n<div id=\"description_short\" class=\"\">\n<h3 class=\"u-h2 u-mb-3\">Pyrex Zenith Pro &#8211; Innokin<\/h3>\n<div class=\"product-description c-pdt__description c-pdt__description--recap s-cms\">\n<p>Votre bonne vieille amie Miss Catastrophe a encore frapp\u00e9 ? Malgr\u00e9 la coque en acier le prot\u00e9geant le r\u00e9servoir, le si fin et si d\u00e9licat Pyrex de votre clearomiseur Zenith Pro a subi un choc fatal ? 1-0 pour le sol carrel\u00e9 de la cuisine !<\/p>\n<p>Alors pour redonner toute la prestance \u00e0 votre Zenith Pro, voici un Pyrex tout beau, tout neuf, d\u2019une capacit\u00e9 de 5,5ml, pr\u00eat \u00e0 \u00e9pouser parfaitement votre clearomiseur chouchou.<\/p>\n<p>Pyrex Tube\u00a0Zenith Pro\u00a0certifi\u00e9 Innokin, vendu seul et \u00e0 l\u2019unit\u00e9.<\/p>\n<\/div>\n<\/div>\n<\/div>\n<div class=\"c-pdt__sections c-pdt__sections--columns\">\n<div class=\"c-pdt__section c-pdt__section--columns\">\n<div id=\"description\" class=\"\">\n<div class=\"product-description c-pdt__description s-cms\">\n<h3>Pyrex Zenith Pro &#8211; Innokin<\/h3>\n<p><img decoding=\"async\" class=\"center-block\" title=\"Pyrex Zenith Pro - Innokin\" src=\"https:\/\/pro.taklope.com\/img\/descrhtml\/bd_1427847.jpg\" alt=\"Pyrex Zenith Pro - Innokin\" \/><\/p>\n<p>\u00ab C\u2019est pas des mains, mais des moufles que j\u2019ai ! \u00bb Votre maladresse l\u00e9gendaire a eu raison du Pyrex de votre clearomiseur Zenith Pro ? Ne laissez pas plus longtemps votre Zenith Pro nu et offrez-lui un Pyrex tout beau, tout neuf !<\/p>\n<p>Ce Pyrex Tube Zenith Pro a \u00e9t\u00e9 sp\u00e9cialement fabriqu\u00e9, par Innokin, pour votre clearomiseur Zenith Pro. Identique \u00e0 celui d\u2019origine, retrouvez son format tube et une capacit\u00e9 de 5,5ml.<\/p>\n<p>Pyrex Tube Zenith Pro certifi\u00e9 Innokin, vendu seul et \u00e0 l\u2019unit\u00e9.<\/p>\n<\/div>\n<\/div>\n<\/div>\n<div class=\"c-pdt__section\">\n<div id=\"product-details\" class=\"\" data-product=\"{&quot;id_shop_default&quot;:&quot;2&quot;,&quot;id_manufacturer&quot;:&quot;0&quot;,&quot;id_supplier&quot;:&quot;179&quot;,&quot;reference&quot;:&quot;&quot;,&quot;is_virtual&quot;:&quot;0&quot;,&quot;delivery_in_stock&quot;:&quot;&quot;,&quot;delivery_out_stock&quot;:&quot;&quot;,&quot;id_category_default&quot;:&quot;100&quot;,&quot;on_sale&quot;:&quot;0&quot;,&quot;online_only&quot;:&quot;0&quot;,&quot;ecotax&quot;:0,&quot;minimal_quantity&quot;:&quot;1&quot;,&quot;low_stock_threshold&quot;:null,&quot;low_stock_alert&quot;:&quot;0&quot;,&quot;price&quot;:&quot;1,12\\u00a0\\u20ac&quot;,&quot;unity&quot;:&quot;&quot;,&quot;unit_price_ratio&quot;:&quot;0.000000&quot;,&quot;additional_shipping_cost&quot;:&quot;0.000000&quot;,&quot;customizable&quot;:&quot;0&quot;,&quot;text_fields&quot;:&quot;0&quot;,&quot;uploadable_files&quot;:&quot;0&quot;,&quot;redirect_type&quot;:&quot;404&quot;,&quot;id_type_redirected&quot;:&quot;0&quot;,&quot;available_for_order&quot;:&quot;1&quot;,&quot;available_date&quot;:null,&quot;show_condition&quot;:&quot;0&quot;,&quot;condition&quot;:&quot;new&quot;,&quot;show_price&quot;:&quot;1&quot;,&quot;indexed&quot;:&quot;1&quot;,&quot;visibility&quot;:&quot;both&quot;,&quot;cache_default_attribute&quot;:&quot;242103&quot;,&quot;advanced_stock_management&quot;:&quot;1&quot;,&quot;date_add&quot;:&quot;2019-12-09 16:41:25&quot;,&quot;date_upd&quot;:&quot;2026-02-10 08:25:31&quot;,&quot;pack_stock_type&quot;:&quot;0&quot;,&quot;meta_keywords&quot;:&quot;&quot;,&quot;link_rewrite&quot;:&quot;pyrex-zenith-pro&quot;,&quot;name&quot;:&quot;Pyrex Zenith Pro - Innokin&quot;,&quot;available_now&quot;:&quot;&quot;,&quot;available_later&quot;:&quot;&quot;,&quot;id&quot;:10078,&quot;id_product&quot;:10078,&quot;out_of_stock&quot;:2,&quot;new&quot;:0,&quot;id_product_attribute&quot;:242103,&quot;quantity_wanted&quot;:1,&quot;allow_oosp&quot;:0,&quot;category&quot;:&quot;innokin&quot;,&quot;category_name&quot;:&quot;Innokin&quot;,&quot;link&quot;:&quot;https:\\\/\\\/pro.taklope.com\\\/innokin\\\/10078-pyrex-zenith-pro.html&quot;,&quot;attribute_price&quot;:0,&quot;price_tax_exc&quot;:1.12000000000000010658141036401502788066864013671875,&quot;price_without_reduction&quot;:1.12000000000000010658141036401502788066864013671875,&quot;reduction&quot;:0,&quot;specific_prices&quot;:{&quot;id_specific_price&quot;:&quot;26843011&quot;,&quot;id_specific_price_rule&quot;:&quot;0&quot;,&quot;id_cart&quot;:&quot;0&quot;,&quot;id_product&quot;:&quot;10078&quot;,&quot;id_product_attribute&quot;:&quot;0&quot;,&quot;id_shop&quot;:&quot;2&quot;,&quot;id_shop_group&quot;:&quot;0&quot;,&quot;id_currency&quot;:&quot;0&quot;,&quot;id_country&quot;:&quot;0&quot;,&quot;id_group&quot;:&quot;22&quot;,&quot;id_customer&quot;:&quot;0&quot;,&quot;price&quot;:1.12000000000000010658141036401502788066864013671875,&quot;from_quantity&quot;:&quot;1&quot;,&quot;reduction&quot;:&quot;0.000000&quot;,&quot;reduction_tax&quot;:&quot;1&quot;,&quot;reduction_type&quot;:&quot;percentage&quot;,&quot;from&quot;:&quot;0000-00-00 00:00:00&quot;,&quot;to&quot;:&quot;0000-00-00 00:00:00&quot;,&quot;score&quot;:&quot;18&quot;},&quot;quantity&quot;:119,&quot;quantity_all_versions&quot;:119,&quot;id_image&quot;:&quot;fr-default&quot;,&quot;attachments&quot;:[],&quot;virtual&quot;:0,&quot;pack&quot;:0,&quot;packItems&quot;:[],&quot;nopackprice&quot;:0,&quot;customization_required&quot;:false,&quot;attributes&quot;:{&quot;15&quot;:{&quot;id_attribute&quot;:&quot;140895&quot;,&quot;id_attribute_group&quot;:&quot;15&quot;,&quot;name&quot;:&quot;5.5ml&quot;,&quot;group&quot;:&quot;Contenance&quot;,&quot;reference&quot;:&quot;&quot;,&quot;ean13&quot;:&quot;6921426631262&quot;,&quot;isbn&quot;:&quot;&quot;,&quot;upc&quot;:&quot;&quot;,&quot;mpn&quot;:&quot;&quot;}},&quot;rate&quot;:20,&quot;tax_name&quot;:&quot;TVA FR 20%&quot;,&quot;ecotax_rate&quot;:0,&quot;unit_price&quot;:&quot;&quot;,&quot;customizations&quot;:{&quot;fields&quot;:[]},&quot;id_customization&quot;:0,&quot;is_customizable&quot;:false,&quot;show_quantities&quot;:true,&quot;quantity_label&quot;:&quot;Produits&quot;,&quot;quantity_discounts&quot;:[],&quot;customer_group_discount&quot;:0,&quot;images&quot;:[{&quot;bySize&quot;:{&quot;small_default&quot;:{&quot;url&quot;:&quot;https:\\\/\\\/media.taklope.com\\\/44810-small_default\\\/pyrex-zenith-pro.jpg&quot;,&quot;width&quot;:98,&quot;height&quot;:98},&quot;cart_default&quot;:{&quot;url&quot;:&quot;https:\\\/\\\/media.taklope.com\\\/44810-cart_default\\\/pyrex-zenith-pro.jpg&quot;,&quot;width&quot;:125,&quot;height&quot;:125},&quot;home_default&quot;:{&quot;url&quot;:&quot;https:\\\/\\\/media.taklope.com\\\/44810-home_default\\\/pyrex-zenith-pro.jpg&quot;,&quot;width&quot;:250,&quot;height&quot;:250},&quot;medium_default&quot;:{&quot;url&quot;:&quot;https:\\\/\\\/media.taklope.com\\\/44810-medium_default\\\/pyrex-zenith-pro.jpg&quot;,&quot;width&quot;:452,&quot;height&quot;:452},&quot;large_default&quot;:{&quot;url&quot;:&quot;https:\\\/\\\/media.taklope.com\\\/44810-large_default\\\/pyrex-zenith-pro.jpg&quot;,&quot;width&quot;:1000,&quot;height&quot;:1000}},&quot;small&quot;:{&quot;url&quot;:&quot;https:\\\/\\\/media.taklope.com\\\/44810-small_default\\\/pyrex-zenith-pro.jpg&quot;,&quot;width&quot;:98,&quot;height&quot;:98},&quot;medium&quot;:{&quot;url&quot;:&quot;https:\\\/\\\/media.taklope.com\\\/44810-home_default\\\/pyrex-zenith-pro.jpg&quot;,&quot;width&quot;:250,&quot;height&quot;:250},&quot;large&quot;:{&quot;url&quot;:&quot;https:\\\/\\\/media.taklope.com\\\/44810-large_default\\\/pyrex-zenith-pro.jpg&quot;,&quot;width&quot;:1000,&quot;height&quot;:1000},&quot;legend&quot;:&quot;Pyrex Zenith Pro - Innokin&quot;,&quot;id_image&quot;:&quot;44810&quot;,&quot;cover&quot;:&quot;1&quot;,&quot;position&quot;:&quot;1&quot;,&quot;associatedVariants&quot;:[]},{&quot;bySize&quot;:{&quot;small_default&quot;:{&quot;url&quot;:&quot;https:\\\/\\\/media.taklope.com\\\/33469-small_default\\\/pyrex-zenith-pro.jpg&quot;,&quot;width&quot;:98,&quot;height&quot;:98},&quot;cart_default&quot;:{&quot;url&quot;:&quot;https:\\\/\\\/media.taklope.com\\\/33469-cart_default\\\/pyrex-zenith-pro.jpg&quot;,&quot;width&quot;:125,&quot;height&quot;:125},&quot;home_default&quot;:{&quot;url&quot;:&quot;https:\\\/\\\/media.taklope.com\\\/33469-home_default\\\/pyrex-zenith-pro.jpg&quot;,&quot;width&quot;:250,&quot;height&quot;:250},&quot;medium_default&quot;:{&quot;url&quot;:&quot;https:\\\/\\\/media.taklope.com\\\/33469-medium_default\\\/pyrex-zenith-pro.jpg&quot;,&quot;width&quot;:452,&quot;height&quot;:452},&quot;large_default&quot;:{&quot;url&quot;:&quot;https:\\\/\\\/media.taklope.com\\\/33469-large_default\\\/pyrex-zenith-pro.jpg&quot;,&quot;width&quot;:1000,&quot;height&quot;:1000}},&quot;small&quot;:{&quot;url&quot;:&quot;https:\\\/\\\/media.taklope.com\\\/33469-small_default\\\/pyrex-zenith-pro.jpg&quot;,&quot;width&quot;:98,&quot;height&quot;:98},&quot;medium&quot;:{&quot;url&quot;:&quot;https:\\\/\\\/media.taklope.com\\\/33469-home_default\\\/pyrex-zenith-pro.jpg&quot;,&quot;width&quot;:250,&quot;height&quot;:250},&quot;large&quot;:{&quot;url&quot;:&quot;https:\\\/\\\/media.taklope.com\\\/33469-large_default\\\/pyrex-zenith-pro.jpg&quot;,&quot;width&quot;:1000,&quot;height&quot;:1000},&quot;legend&quot;:&quot;Pyrex Zenith Pro - Innokin&quot;,&quot;id_image&quot;:&quot;33469&quot;,&quot;cover&quot;:null,&quot;position&quot;:&quot;2&quot;,&quot;associatedVariants&quot;:[]}],&quot;cover&quot;:{&quot;bySize&quot;:{&quot;small_default&quot;:{&quot;url&quot;:&quot;https:\\\/\\\/media.taklope.com\\\/44810-small_default\\\/pyrex-zenith-pro.jpg&quot;,&quot;width&quot;:98,&quot;height&quot;:98},&quot;cart_default&quot;:{&quot;url&quot;:&quot;https:\\\/\\\/media.taklope.com\\\/44810-cart_default\\\/pyrex-zenith-pro.jpg&quot;,&quot;width&quot;:125,&quot;height&quot;:125},&quot;home_default&quot;:{&quot;url&quot;:&quot;https:\\\/\\\/media.taklope.com\\\/44810-home_default\\\/pyrex-zenith-pro.jpg&quot;,&quot;width&quot;:250,&quot;height&quot;:250},&quot;medium_default&quot;:{&quot;url&quot;:&quot;https:\\\/\\\/media.taklope.com\\\/44810-medium_default\\\/pyrex-zenith-pro.jpg&quot;,&quot;width&quot;:452,&quot;height&quot;:452},&quot;large_default&quot;:{&quot;url&quot;:&quot;https:\\\/\\\/media.taklope.com\\\/44810-large_default\\\/pyrex-zenith-pro.jpg&quot;,&quot;width&quot;:1000,&quot;height&quot;:1000}},&quot;small&quot;:{&quot;url&quot;:&quot;https:\\\/\\\/media.taklope.com\\\/44810-small_default\\\/pyrex-zenith-pro.jpg&quot;,&quot;width&quot;:98,&quot;height&quot;:98},&quot;medium&quot;:{&quot;url&quot;:&quot;https:\\\/\\\/media.taklope.com\\\/44810-home_default\\\/pyrex-zenith-pro.jpg&quot;,&quot;width&quot;:250,&quot;height&quot;:250},&quot;large&quot;:{&quot;url&quot;:&quot;https:\\\/\\\/media.taklope.com\\\/44810-large_default\\\/pyrex-zenith-pro.jpg&quot;,&quot;width&quot;:1000,&quot;height&quot;:1000},&quot;legend&quot;:&quot;Pyrex Zenith Pro - Innokin&quot;,&quot;id_image&quot;:&quot;44810&quot;,&quot;cover&quot;:&quot;1&quot;,&quot;position&quot;:&quot;1&quot;,&quot;associatedVariants&quot;:[]},&quot;has_discount&quot;:false,&quot;discount_type&quot;:&quot;percentage&quot;,&quot;discount_percentage&quot;:&quot;0%&quot;,&quot;discount_percentage_absolute&quot;:&quot;0%&quot;,&quot;discount_amount&quot;:&quot;0,00\\u00a0\\u20ac&quot;,&quot;discount_amount_to_display&quot;:&quot;-0,00\\u00a0\\u20ac&quot;,&quot;price_amount&quot;:1.12000000000000010658141036401502788066864013671875,&quot;unit_price_full&quot;:&quot;&quot;,&quot;show_availability&quot;:true,&quot;availability_date&quot;:null,&quot;availability_message&quot;:&quot;&quot;,&quot;availability&quot;:&quot;available&quot;}\">\n<section class=\"product-features\">\n<p class=\"u-h2 u-mb-3\">Fiche technique<\/p>\n<div id=\"readmore-pdt-features\" class=\"u-mb-2\" data-readmore=\"\" aria-expanded=\"true\">\n<table class=\"data-sheet table table-striped u-mb-0\">\n<tbody>\n<tr class=\"c-pdt__features-row\">\n<th class=\"name\">Mati\u00e8re<\/th>\n<td class=\"value\">Pyrex<\/td>\n<\/tr>\n<tr class=\"c-pdt__features-row\">\n<th class=\"name\">Type de produit<\/th>\n<td class=\"value\">Pyrex<\/td>\n<\/tr>\n<tr class=\"c-pdt__features-row\">\n<th class=\"name\">Type<\/th>\n<td class=\"value\">R\u00e9servoir de remplacement<\/td>\n<\/tr>\n<tr class=\"c-pdt__features-row\">\n<th class=\"name\">Marque<\/th>\n<td class=\"value\">INNOKIN<\/td>\n<\/tr>\n<tr class=\"c-pdt__features-row\">\n<th class=\"name\">Contenance (en ml)<\/th>\n<td class=\"value\">5.5<\/td>\n<\/tr>\n<tr class=\"c-pdt__features-row\">\n<th class=\"name\">Compatibilit\u00e9 clearomiseur<\/th>\n<td class=\"value\">Zenith Pro &#8211; Innokin<\/td>\n<\/tr>\n<\/tbody>\n<\/table>\n<\/div>\n<\/section>\n<\/div>\n<\/div>\n<div class=\"c-pdt__section c-pdt__section--columns\">\n<div id=\"manufacturer\" class=\"\">\n<div class=\"u-p-rel u-mb-1\">\n<div class=\"c-pdt__manu-thumbnail\"><img loading=\"lazy\" decoding=\"async\" class=\"u-img-fluid\" src=\"https:\/\/media.taklope.com\/c\/100-category_default\/innokin.jpg\" alt=\"Innokin\" width=\"250\" height=\"50\" \/><\/div>\n<p>Innokin<\/p>\n<\/div>\n<div id=\"readmore-pdt-manufacturer\" class=\"c-pdt__manu-desc\" data-readmore=\"\" aria-expanded=\"true\">\n<p class=\"u-fiv\">Cr\u00e9\u00e9 en 2011 dans le but de conjuguer innovation, design et qualit\u00e9 dans des \u00e9quipements de vape avanc\u00e9s, Innokin est aujourd\u2019hui devenu un des leaders mondiaux dans l\u2019industrie de la vape. Certifi\u00e9 ISO9001 et ISO14000, GMP, CE, ROHS, FCC, etc. les \u00e9quipes d\u2019Innokin s&rsquo;efforcent quotidiennement de concevoir des mat\u00e9riels uniques, high-tech et in\u00e9gal\u00e9s. Intuitif, ergonomique et simple d\u2019utilisation, chaque vapoteur pourra trouver l\u2019\u00e9quipement qui lui convient chez Innokin.<\/p>\n<\/div>\n<\/div>\n<\/div>\n<\/div>\n<hr data-start=\"600\" data-end=\"603\" \/>\n","protected":false},"excerpt":{"rendered":"<p>Pour kit Klypse \/ Klypse Zip &#8211; 2ml &#8211; R\u00e9sistance 0,8 \/ 1,2ohm &#8211; MTL &#8211; 3pcs<\/p>\n","protected":false},"featured_media":1339,"comment_status":"open","ping_status":"closed","template":"","meta":{"slim_seo":{"title":"Pyrex Zenith Pro - Innokin - Vapote-Shop","description":"Pour kit Klypse \/ Klypse Zip - 2ml - R\u00e9sistance 0,8 \/ 1,2ohm - MTL - 3pcs"}},"product_brand":[48],"product_cat":[52,56],"product_tag":[],"class_list":{"0":"post-1338","1":"product","2":"type-product","3":"status-publish","4":"has-post-thumbnail","6":"product_brand-innokin","7":"product_cat-meilleures-ventes","8":"product_cat-pyrex","10":"first","11":"instock","12":"shipping-taxable","13":"purchasable","14":"product-type-simple"},"_links":{"self":[{"href":"https:\/\/www.vapote-shop.fr\/index.php\/wp-json\/wp\/v2\/product\/1338","targetHints":{"allow":["GET"]}}],"collection":[{"href":"https:\/\/www.vapote-shop.fr\/index.php\/wp-json\/wp\/v2\/product"}],"about":[{"href":"https:\/\/www.vapote-shop.fr\/index.php\/wp-json\/wp\/v2\/types\/product"}],"replies":[{"embeddable":true,"href":"https:\/\/www.vapote-shop.fr\/index.php\/wp-json\/wp\/v2\/comments?post=1338"}],"wp:featuredmedia":[{"embeddable":true,"href":"https:\/\/www.vapote-shop.fr\/index.php\/wp-json\/wp\/v2\/media\/1339"}],"wp:attachment":[{"href":"https:\/\/www.vapote-shop.fr\/index.php\/wp-json\/wp\/v2\/media?parent=1338"}],"wp:term":[{"taxonomy":"product_brand","embeddable":true,"href":"https:\/\/www.vapote-shop.fr\/index.php\/wp-json\/wp\/v2\/product_brand?post=1338"},{"taxonomy":"product_cat","embeddable":true,"href":"https:\/\/www.vapote-shop.fr\/index.php\/wp-json\/wp\/v2\/product_cat?post=1338"},{"taxonomy":"product_tag","embeddable":true,"href":"https:\/\/www.vapote-shop.fr\/index.php\/wp-json\/wp\/v2\/product_tag?post=1338"}],"curies":[{"name":"wp","href":"https:\/\/api.w.org\/{rel}","templated":true}]}}