{"id":1351,"date":"2026-03-14T09:11:49","date_gmt":"2026-03-14T08:11:49","guid":{"rendered":"https:\/\/www.vapote-shop.fr\/?post_type=product&#038;p=1351"},"modified":"2026-03-30T08:19:18","modified_gmt":"2026-03-30T06:19:18","slug":"e-liquide-la-chose-50ml-le-french-liquide-boisson-gourmande","status":"publish","type":"product","link":"https:\/\/www.vapote-shop.fr\/index.php\/produit\/e-liquide-la-chose-50ml-le-french-liquide-boisson-gourmande\/","title":{"rendered":"E-liquide La Chose 50ml &#8211; Le French Liquide &#8211; Boisson Gourmande<div class=\"custom-short-desc\">Caramel - Caf\u00e9 - Noisette - 50ml - 50\/50 - Boosts pour 3,6mg inclus<\/div>"},"content":{"rendered":"<div class=\"c-pdt__section c-pdt__section--columns\">\n<div id=\"description_short\" class=\"\">\n<h3 class=\"u-h2 u-mb-3\">E-liquide La Chose 50ml &#8211; Le French Liquide<\/h3>\n<div class=\"product-description c-pdt__description c-pdt__description--recap s-cms\">\n<p class=\"u-fiv\">\u00c0 d\u00e9faut de pouvoir faire un doigt d\u2019honneur, votre cigarette \u00e9lectronique fera bient\u00f4t des doigts d\u2019horreur avec l\u2019e-liquide La Chose 50ml Le French Liquide et ses ar\u00f4mes de caramel au beurre sal\u00e9, vanille, caf\u00e9, noisette et noix de p\u00e9can.<\/p>\n<ul>\n<li><span style=\"color: red;\">Saveur : Caramel au beurre sal\u00e9 &#8211; Vanille &#8211; Caf\u00e9 &#8211; Noisette &#8211; Noix de p\u00e9can<\/span><\/li>\n<li>E-liquide\u00a050\/50 PG\/VG.<\/li>\n<li>Format 50 ml sans nicotine (0mg) \u00e0 booster, avec boosters de nicotine SuperVape offerts pour 3 ou 6mg :<br \/>\n3mg : E-liquide La Chose 50ml 0mg + 1 booster<br \/>\n6mg : E-liquide La Chose 40ml 0mg + 2 boosters<\/li>\n<li>L\u2019e-liquide La Chose 50ml est fabriqu\u00e9 en France par Le French Liquide.<\/li>\n<\/ul>\n<p><i><u>Note<\/u> : Cet\u00a0e-liquide Le French Liquide\u00a0est conseill\u00e9 pour des r\u00e9sistances de 0,5 \u00e0 0,8\uab65.<\/i><\/p>\n<\/div>\n<\/div>\n<div class=\"c-pdt__sections c-pdt__sections--columns\">\n<div class=\"c-pdt__section c-pdt__section--columns\">\n<div id=\"description\" class=\"\">\n<div class=\"product-description c-pdt__description s-cms\">\n<h3>E-liquide La Chose 50ml &#8211; Le French Liquide<\/h3>\n<p class=\"u-fiv\">Le macabre n\u2019est pas une faute de go\u00fbt. Vous le d\u00e9couvrirez derri\u00e8re la main d\u00e9nu\u00e9e de corps du e-liquide Le French Liquide La Chose 50ml, compos\u00e9 d\u2019ar\u00f4mes de\u00a0caramel au beurre sal\u00e9,\u00a0vanille,\u00a0caf\u00e9,\u00a0noisette\u00a0et\u00a0noix de p\u00e9can. Un serviteur excentrique pour cigarettes \u00e9lectroniques.<\/p>\n<p>E-liquide fran\u00e7ais\u00a0fabriqu\u00e9 par Le French Liquide, servi en grand format 50ml non nicotin\u00e9 dans un flacon pratique de 60ml, et livr\u00e9 avec boosters de nicotine SuperVape pour 3 ou 6mg.<\/p>\n<p>&nbsp;<\/p>\n<hr \/>\n<p>&nbsp;<\/p>\n<p>&nbsp;<\/p>\n<h3>Base du e-liquide 50ml La Chose Le French Liquide :<\/h3>\n<ul>\n<li>50 % : Propyl\u00e8ne Glycol<\/li>\n<li>50 % : Glyc\u00e9rine V\u00e9g\u00e9tale<\/li>\n<\/ul>\n<p>&nbsp;<\/p>\n<p>Le e-liquide Le French Liquide La Chose 50ml est fabriqu\u00e9 sur une base \u00e9quilibr\u00e9e 50\/50 PG\/VG.<\/p>\n<p><i><u>Note<\/u>\u00a0: Une base 50\/50 PG\/VG est plus pr\u00e9cis\u00e9ment conseill\u00e9e pour des r\u00e9sistances comprises entre 0,5 et 0,8\uab65, qui \u00e9quipent de nombreuses cigarettes \u00e9lectroniques. <\/i><i><\/i><\/p>\n<p>&nbsp;<\/p>\n<hr \/>\n<p>&nbsp;<\/p>\n<p>&nbsp;<\/p>\n<h3>Choisissez le taux de nicotine de votre e-liquide La Chose 50ml Le French Liquide<\/h3>\n<p>Le e-liquide La Chose Le French Liquide a une contenance de 50ml. Il ne contient pas de nicotine (0mg). Son grand flacon pratique de 60ml vous permettra toutefois d\u2019en ajouter directement selon vos besoins, et sans perte de saveur, en utilisant le ou les\u00a0boosters nicotin\u00e9s\u00a0SuperVape inclus. Car l\u2019e-liquide Le French Liquide La Chose 50ml est boost\u00e9 en ar\u00f4mes.<br \/>\nIl vous faudra ainsi choisir parmi les deux dosages nicotin\u00e9s disponibles, 3 ou 6mg :<\/p>\n<ul>\n<li>En version 3mg, vous recevrez un e-liquide La Chose 50ml ainsi qu\u2019un booster de nicotine SuperVape \u00e0 m\u00e9langer au flacon pour le remplir et obtenir 60ml d\u2019e-liquide La Chose Le French Liquide dos\u00e9 \u00e0 3mg\/ml de nicotine.<br \/>\nVous n\u2019avez pas besoin de nicotine, choisissez quand m\u00eame cette version, mais ne versez pas le booster offert dans le flacon. Vous pourrez ainsi l\u2019offrir gratuitement \u00e0 un ami.<\/li>\n<li>En version 6mg, vous recevrez un e-liquide La Chose 40ml ainsi que deux boosters de nicotine SuperVape \u00e0 m\u00e9langer au flacon pour le remplir et obtenir 60ml d\u2019e-liquide Le French Liquide La Chose dos\u00e9 \u00e0 6mg\/ml de nicotine.<\/li>\n<\/ul>\n<p><i><u>Note<\/u>\u00a0: Il est d\u00e9conseill\u00e9 de m\u00e9langer le e-liquide La Chose 50ml avec plus de deux boosters. Au-del\u00e0, les ar\u00f4mes seront trop dilu\u00e9s et perdront en intensit\u00e9.<\/i><\/p>\n<p>&nbsp;<\/p>\n<hr \/>\n<p>&nbsp;<\/p>\n<p>&nbsp;<\/p>\n<h3>Conservation de votre e-liquide La Chose Le French Liquide 50ml<\/h3>\n<p>Pour une conservation optimale jour apr\u00e8s jour, conservez votre e-liquide La Chose 50ml dans un endroit sec et \u00e0 temp\u00e9rature ambiante. Ne l\u2019exposez pas en permanence \u00e0 la lumi\u00e8re et rebouchez soigneusement le flacon apr\u00e8s usage.<\/p>\n<p>Un\u00a0e-liquide grand format\u00a0Le French Liquide bien conserv\u00e9 pourra \u00eatre consomm\u00e9 apr\u00e8s d\u00e9passement de sa DLUO, sans perte significative de saveur.<\/p>\n<\/div>\n<\/div>\n<\/div>\n<div class=\"c-pdt__section\">\n<div id=\"product-details\" class=\"\" data-product=\"{&quot;id_shop_default&quot;:&quot;2&quot;,&quot;id_manufacturer&quot;:&quot;0&quot;,&quot;id_supplier&quot;:&quot;52&quot;,&quot;reference&quot;:&quot;&quot;,&quot;is_virtual&quot;:&quot;0&quot;,&quot;delivery_in_stock&quot;:&quot;&quot;,&quot;delivery_out_stock&quot;:&quot;&quot;,&quot;id_category_default&quot;:&quot;382&quot;,&quot;on_sale&quot;:&quot;0&quot;,&quot;online_only&quot;:&quot;0&quot;,&quot;ecotax&quot;:0,&quot;minimal_quantity&quot;:&quot;1&quot;,&quot;low_stock_threshold&quot;:null,&quot;low_stock_alert&quot;:&quot;0&quot;,&quot;price&quot;:&quot;6,80\\u00a0\\u20ac&quot;,&quot;unity&quot;:&quot;&quot;,&quot;unit_price_ratio&quot;:&quot;0.000000&quot;,&quot;additional_shipping_cost&quot;:&quot;0.000000&quot;,&quot;customizable&quot;:&quot;0&quot;,&quot;text_fields&quot;:&quot;0&quot;,&quot;uploadable_files&quot;:&quot;0&quot;,&quot;redirect_type&quot;:&quot;404&quot;,&quot;id_type_redirected&quot;:&quot;0&quot;,&quot;available_for_order&quot;:&quot;1&quot;,&quot;available_date&quot;:null,&quot;show_condition&quot;:&quot;0&quot;,&quot;condition&quot;:&quot;new&quot;,&quot;show_price&quot;:&quot;1&quot;,&quot;indexed&quot;:&quot;1&quot;,&quot;visibility&quot;:&quot;both&quot;,&quot;cache_default_attribute&quot;:&quot;237077&quot;,&quot;advanced_stock_management&quot;:&quot;1&quot;,&quot;date_add&quot;:&quot;2026-01-29 20:40:34&quot;,&quot;date_upd&quot;:&quot;2026-02-23 09:35:11&quot;,&quot;pack_stock_type&quot;:&quot;0&quot;,&quot;meta_keywords&quot;:&quot;&quot;,&quot;link_rewrite&quot;:&quot;eliquide-la-chose-50ml&quot;,&quot;name&quot;:&quot;E-liquide La Chose 50ml - Le French Liquide&quot;,&quot;available_now&quot;:&quot;&quot;,&quot;available_later&quot;:&quot;&quot;,&quot;id&quot;:4720,&quot;id_product&quot;:4720,&quot;out_of_stock&quot;:2,&quot;new&quot;:0,&quot;id_product_attribute&quot;:237078,&quot;quantity_wanted&quot;:1,&quot;allow_oosp&quot;:0,&quot;category&quot;:&quot;le-french-liquide&quot;,&quot;category_name&quot;:&quot;Le French Liquide&quot;,&quot;link&quot;:&quot;https:\\\/\\\/pro.taklope.com\\\/le-french-liquide\\\/4720-eliquide-la-chose-50ml.html&quot;,&quot;attribute_price&quot;:0,&quot;price_tax_exc&quot;:6.79999999999999982236431605997495353221893310546875,&quot;price_without_reduction&quot;:6.79999999999999982236431605997495353221893310546875,&quot;reduction&quot;:0,&quot;specific_prices&quot;:{&quot;id_specific_price&quot;:&quot;26848980&quot;,&quot;id_specific_price_rule&quot;:&quot;0&quot;,&quot;id_cart&quot;:&quot;0&quot;,&quot;id_product&quot;:&quot;4720&quot;,&quot;id_product_attribute&quot;:&quot;0&quot;,&quot;id_shop&quot;:&quot;2&quot;,&quot;id_shop_group&quot;:&quot;0&quot;,&quot;id_currency&quot;:&quot;0&quot;,&quot;id_country&quot;:&quot;0&quot;,&quot;id_group&quot;:&quot;22&quot;,&quot;id_customer&quot;:&quot;0&quot;,&quot;price&quot;:6.79999999999999982236431605997495353221893310546875,&quot;from_quantity&quot;:&quot;1&quot;,&quot;reduction&quot;:&quot;0.000000&quot;,&quot;reduction_tax&quot;:&quot;1&quot;,&quot;reduction_type&quot;:&quot;percentage&quot;,&quot;from&quot;:&quot;0000-00-00 00:00:00&quot;,&quot;to&quot;:&quot;0000-00-00 00:00:00&quot;,&quot;score&quot;:&quot;18&quot;},&quot;quantity&quot;:524,&quot;quantity_all_versions&quot;:1077,&quot;id_image&quot;:&quot;fr-default&quot;,&quot;attachments&quot;:[],&quot;virtual&quot;:0,&quot;pack&quot;:0,&quot;packItems&quot;:[],&quot;nopackprice&quot;:0,&quot;customization_required&quot;:false,&quot;attributes&quot;:{&quot;6&quot;:{&quot;id_attribute&quot;:&quot;35&quot;,&quot;id_attribute_group&quot;:&quot;6&quot;,&quot;name&quot;:&quot;6 mg&quot;,&quot;group&quot;:&quot;Nicotine&quot;,&quot;reference&quot;:&quot;&quot;,&quot;ean13&quot;:&quot;3701447705325&quot;,&quot;isbn&quot;:&quot;&quot;,&quot;upc&quot;:&quot;&quot;,&quot;mpn&quot;:&quot;&quot;}},&quot;rate&quot;:20,&quot;tax_name&quot;:&quot;TVA FR 20%&quot;,&quot;ecotax_rate&quot;:0,&quot;unit_price&quot;:&quot;&quot;,&quot;customizations&quot;:{&quot;fields&quot;:[]},&quot;id_customization&quot;:0,&quot;is_customizable&quot;:false,&quot;show_quantities&quot;:true,&quot;quantity_label&quot;:&quot;Produits&quot;,&quot;quantity_discounts&quot;:[],&quot;customer_group_discount&quot;:0,&quot;images&quot;:[{&quot;bySize&quot;:{&quot;small_default&quot;:{&quot;url&quot;:&quot;https:\\\/\\\/media.taklope.com\\\/72184-small_default\\\/eliquide-la-chose-50ml.jpg&quot;,&quot;width&quot;:98,&quot;height&quot;:98},&quot;cart_default&quot;:{&quot;url&quot;:&quot;https:\\\/\\\/media.taklope.com\\\/72184-cart_default\\\/eliquide-la-chose-50ml.jpg&quot;,&quot;width&quot;:125,&quot;height&quot;:125},&quot;home_default&quot;:{&quot;url&quot;:&quot;https:\\\/\\\/media.taklope.com\\\/72184-home_default\\\/eliquide-la-chose-50ml.jpg&quot;,&quot;width&quot;:250,&quot;height&quot;:250},&quot;medium_default&quot;:{&quot;url&quot;:&quot;https:\\\/\\\/media.taklope.com\\\/72184-medium_default\\\/eliquide-la-chose-50ml.jpg&quot;,&quot;width&quot;:452,&quot;height&quot;:452},&quot;large_default&quot;:{&quot;url&quot;:&quot;https:\\\/\\\/media.taklope.com\\\/72184-large_default\\\/eliquide-la-chose-50ml.jpg&quot;,&quot;width&quot;:1000,&quot;height&quot;:1000}},&quot;small&quot;:{&quot;url&quot;:&quot;https:\\\/\\\/media.taklope.com\\\/72184-small_default\\\/eliquide-la-chose-50ml.jpg&quot;,&quot;width&quot;:98,&quot;height&quot;:98},&quot;medium&quot;:{&quot;url&quot;:&quot;https:\\\/\\\/media.taklope.com\\\/72184-home_default\\\/eliquide-la-chose-50ml.jpg&quot;,&quot;width&quot;:250,&quot;height&quot;:250},&quot;large&quot;:{&quot;url&quot;:&quot;https:\\\/\\\/media.taklope.com\\\/72184-large_default\\\/eliquide-la-chose-50ml.jpg&quot;,&quot;width&quot;:1000,&quot;height&quot;:1000},&quot;legend&quot;:&quot;E-liquide La Chose 50ml - Le French Liquide&quot;,&quot;id_image&quot;:&quot;72184&quot;,&quot;cover&quot;:null,&quot;position&quot;:&quot;2&quot;,&quot;associatedVariants&quot;:[&quot;237078&quot;]}],&quot;cover&quot;:{&quot;bySize&quot;:{&quot;small_default&quot;:{&quot;url&quot;:&quot;https:\\\/\\\/media.taklope.com\\\/72183-small_default\\\/eliquide-la-chose-50ml.jpg&quot;,&quot;width&quot;:98,&quot;height&quot;:98},&quot;cart_default&quot;:{&quot;url&quot;:&quot;https:\\\/\\\/media.taklope.com\\\/72183-cart_default\\\/eliquide-la-chose-50ml.jpg&quot;,&quot;width&quot;:125,&quot;height&quot;:125},&quot;home_default&quot;:{&quot;url&quot;:&quot;https:\\\/\\\/media.taklope.com\\\/72183-home_default\\\/eliquide-la-chose-50ml.jpg&quot;,&quot;width&quot;:250,&quot;height&quot;:250},&quot;medium_default&quot;:{&quot;url&quot;:&quot;https:\\\/\\\/media.taklope.com\\\/72183-medium_default\\\/eliquide-la-chose-50ml.jpg&quot;,&quot;width&quot;:452,&quot;height&quot;:452},&quot;large_default&quot;:{&quot;url&quot;:&quot;https:\\\/\\\/media.taklope.com\\\/72183-large_default\\\/eliquide-la-chose-50ml.jpg&quot;,&quot;width&quot;:1000,&quot;height&quot;:1000}},&quot;small&quot;:{&quot;url&quot;:&quot;https:\\\/\\\/media.taklope.com\\\/72183-small_default\\\/eliquide-la-chose-50ml.jpg&quot;,&quot;width&quot;:98,&quot;height&quot;:98},&quot;medium&quot;:{&quot;url&quot;:&quot;https:\\\/\\\/media.taklope.com\\\/72183-home_default\\\/eliquide-la-chose-50ml.jpg&quot;,&quot;width&quot;:250,&quot;height&quot;:250},&quot;large&quot;:{&quot;url&quot;:&quot;https:\\\/\\\/media.taklope.com\\\/72183-large_default\\\/eliquide-la-chose-50ml.jpg&quot;,&quot;width&quot;:1000,&quot;height&quot;:1000},&quot;legend&quot;:&quot;E-liquide La Chose 50ml - Le French Liquide&quot;,&quot;id_image&quot;:&quot;72183&quot;,&quot;cover&quot;:&quot;1&quot;,&quot;position&quot;:&quot;1&quot;,&quot;associatedVariants&quot;:[&quot;237077&quot;]},&quot;has_discount&quot;:false,&quot;discount_type&quot;:&quot;percentage&quot;,&quot;discount_percentage&quot;:&quot;0%&quot;,&quot;discount_percentage_absolute&quot;:&quot;0%&quot;,&quot;discount_amount&quot;:&quot;0,00\\u00a0\\u20ac&quot;,&quot;discount_amount_to_display&quot;:&quot;-0,00\\u00a0\\u20ac&quot;,&quot;price_amount&quot;:6.79999999999999982236431605997495353221893310546875,&quot;unit_price_full&quot;:&quot;&quot;,&quot;show_availability&quot;:true,&quot;availability_date&quot;:null,&quot;availability_message&quot;:&quot;&quot;,&quot;availability&quot;:&quot;available&quot;}\">\n<section class=\"product-features\">\n<p class=\"u-h2 u-mb-3\">Fiche technique<\/p>\n<div id=\"readmore-pdt-features\" class=\"u-mb-2\">\n<table class=\"data-sheet table table-striped u-mb-0\">\n<tbody>\n<tr class=\"c-pdt__features-row\">\n<th class=\"name\">Type de produit<\/th>\n<td class=\"value\">E-liquide<\/td>\n<\/tr>\n<tr class=\"c-pdt__features-row\">\n<th class=\"name\">Marque<\/th>\n<td class=\"value\">LE FRENCH LIQUIDE<\/td>\n<\/tr>\n<tr class=\"c-pdt__features-row\">\n<th class=\"name\">Type de saveur<\/th>\n<td class=\"value\">Boisson<br \/>\nGourmande<\/td>\n<\/tr>\n<tr class=\"c-pdt__features-row\">\n<th class=\"name\">Dosage PG\/VG<\/th>\n<td class=\"value\">50\/50 &#8211; PG\/VG<\/td>\n<\/tr>\n<tr class=\"c-pdt__features-row\">\n<th class=\"name\">Contenance (en ml)<\/th>\n<td class=\"value\">50<br \/>\n60<\/td>\n<\/tr>\n<tr class=\"c-pdt__features-row\">\n<th class=\"name\">Origine<\/th>\n<td class=\"value\">France<\/td>\n<\/tr>\n<tr class=\"c-pdt__features-row\">\n<th class=\"name\">Type e-liquide<\/th>\n<td class=\"value\">Boost\u00e9 en ar\u00f4me<br \/>\nPack<\/td>\n<\/tr>\n<\/tbody>\n<\/table>\n<\/div>\n<\/section>\n<\/div>\n<\/div>\n<div class=\"c-pdt__section c-pdt__section--columns\">\n<div id=\"disclaimer\" class=\"\">\n<p class=\"u-h2 u-mb-3\">Nicotine bon \u00e0 savoir<\/p>\n<div class=\"c-card c-pdt-disclaimer__card c-pdt-disclaimer__card--attention\">\n<div class=\"c-pdt-disclaimer__heading\">\n<div class=\"u-ml-1\">\n<p class=\"u-h4 u-txt-white u-mb-0\">Attention<\/p>\n<p class=\"u-mb-0\">Entre 0.25% et 1.66% m\/m de Nicotine<\/p>\n<p class=\"u-mb-0\">Nocif en cas d&rsquo;ingestion<\/p>\n<\/div>\n<\/div>\n<div class=\"c-pdt-disclaimer__content\">\n<p class=\"u-h4 u-mb-1\">Conseils de prudence<\/p>\n<ul>\n<li>P101 : En cas de consultation d&rsquo;un m\u00e9decin, garder \u00e0 disposition le r\u00e9cipient ou l&rsquo;\u00e9tiquette<\/li>\n<li>P102 : Tenir hors de port\u00e9e des enfants<\/li>\n<li>Se laver les mains soigneusement apr\u00e8s manipulation<\/li>\n<li>P270 : Ne pas manger, boire ou fumer en manipulant le produit<\/li>\n<li>P301+312 : Appeler un CENTRE ANTI-POISON ou un m\u00e9decin en cas de malaise<\/li>\n<li>P330 : Rincer la bouche<\/li>\n<li>EMBALLAGE : Indice tactile de danger<\/li>\n<\/ul>\n<\/div>\n<\/div>\n<div class=\"c-card c-pdt-disclaimer__card c-pdt-disclaimer__card--danger\">\n<div class=\"c-pdt-disclaimer__heading\">\n<div class=\"u-ml-1\">\n<p class=\"u-h4 u-txt-white u-mb-0\">Danger<\/p>\n<p class=\"u-mb-0\">Au-del\u00e0 de 1.66% m\/m de Nicotine<\/p>\n<p class=\"u-mb-0\">Toxique en cas d&rsquo;ingestion<\/p>\n<\/div>\n<\/div>\n<div class=\"c-pdt-disclaimer__content\">\n<p class=\"u-h4 u-mb-1\">Conseils de prudence<\/p>\n<ul>\n<li>P101 : En cas de consultation d&rsquo;un m\u00e9decin, garder \u00e0 disposition le r\u00e9cipient ou l&rsquo;\u00e9tiquette<\/li>\n<li>P102 : Tenir hors de port\u00e9e des enfants<\/li>\n<li>Se laver les mains soigneusement apr\u00e8s manipulation<\/li>\n<li>P270 : Ne pas manger, boire ou fumer en manipulant le produit<\/li>\n<li>EN CAS DE CONTACT AVEC LA PEAU : laver abondamment \u00e0 l&rsquo;eau et au savon<\/li>\n<li>P301+310 : Appeler imm\u00e9diatement un CENTRE ANTI-POISON ou un m\u00e9decin en cas de malaise<\/li>\n<li>P405 : Garder sous cl\u00e9<\/li>\n<li>EMBALLAGE : Fermeture de s\u00e9curit\u00e9 pour un enfant et indice tactile de danger<\/li>\n<\/ul>\n<\/div>\n<\/div>\n<\/div>\n<\/div>\n<div class=\"c-pdt__section c-pdt__section--columns\">\n<div id=\"manufacturer\" class=\"\">\n<div class=\"u-p-rel u-mb-1\">\n<div class=\"c-pdt__manu-thumbnail\"><img loading=\"lazy\" decoding=\"async\" class=\"u-img-fluid\" src=\"https:\/\/media.taklope.com\/c\/382-category_default\/le-french-liquide.jpg\" alt=\"Le French Liquide\" width=\"250\" height=\"50\" \/><\/div>\n<p>Le French Liquide<\/p>\n<\/div>\n<div id=\"readmore-pdt-manufacturer\" class=\"c-pdt__manu-desc\" data-readmore=\"\" aria-expanded=\"true\">\n<p class=\"u-fiv\">Fleuron du laboratoire fran\u00e7ais LIPS France, Le French Liquide est aussi l&rsquo;une des marques de\u00a0e-liquides\u00a0et d&rsquo;ar\u00f4mes DIY les plus embl\u00e9matiques de la vaposph\u00e8re tricolore actuelle. Koddo pod, SuperVape, La Chose, Moon Shiners, Guys &amp; Bulls, toutes ces gammes et cr\u00e9ations uniques imagin\u00e9es par Le French Liquide appartiennent aujourd&rsquo;hui au domaine des immortels. D\u00e9couvrez l&rsquo;un des plus grands catalogues de produits de vapotages fran\u00e7ais, et savourez des parfums aussi bien appr\u00e9ci\u00e9s par leur diversit\u00e9 que pl\u00e9biscit\u00e9s pour leur qualit\u00e9 !<\/p>\n<p class=\"u-fiv\">La quasi-totalit\u00e9 des produits de vapotage appartenant aux gammes du French Liquide est certifi\u00e9e\u00a0Origine France Garantie. Un gage de qualit\u00e9 irr\u00e9prochable et d&rsquo;engagement envers le march\u00e9 de la e-cigarette fran\u00e7ais.<\/p>\n<p class=\"u-fiv\">\u00a0Le laboratoire LIPS France, fabricant des e-liquides et ar\u00f4mes Le French Liquide, est bas\u00e9 en Loire-Atlantique (44) pr\u00e8s de Nantes.<\/p>\n<\/div>\n<\/div>\n<\/div>\n<\/div>\n<hr data-start=\"600\" data-end=\"603\" \/>\n<\/div>\n","protected":false},"excerpt":{"rendered":"<p>Caramel &#8211; Caf\u00e9 &#8211; Noisette &#8211; 50ml &#8211; 50\/50 &#8211; Boosts pour 3,6mg inclus<\/p>\n","protected":false},"featured_media":1352,"comment_status":"open","ping_status":"closed","template":"","meta":{"slim_seo":{"title":"E-liquide La Chose 50ml - Le French Liquide - Boisson Gourmande - Vapote-Shop","description":"Caramel - Caf\u00e9 - Noisette - 50ml - 50\/50 - Boosts pour 3,6mg inclus"}},"product_brand":[75],"product_cat":[47,52],"product_tag":[],"class_list":{"0":"post-1351","1":"product","2":"type-product","3":"status-publish","4":"has-post-thumbnail","6":"product_brand-le-french-liquide","7":"product_cat-e-liquide-50ml","8":"product_cat-meilleures-ventes","10":"first","11":"instock","12":"shipping-taxable","13":"purchasable","14":"product-type-variable","15":"has-default-attributes"},"_links":{"self":[{"href":"https:\/\/www.vapote-shop.fr\/index.php\/wp-json\/wp\/v2\/product\/1351","targetHints":{"allow":["GET"]}}],"collection":[{"href":"https:\/\/www.vapote-shop.fr\/index.php\/wp-json\/wp\/v2\/product"}],"about":[{"href":"https:\/\/www.vapote-shop.fr\/index.php\/wp-json\/wp\/v2\/types\/product"}],"replies":[{"embeddable":true,"href":"https:\/\/www.vapote-shop.fr\/index.php\/wp-json\/wp\/v2\/comments?post=1351"}],"wp:featuredmedia":[{"embeddable":true,"href":"https:\/\/www.vapote-shop.fr\/index.php\/wp-json\/wp\/v2\/media\/1352"}],"wp:attachment":[{"href":"https:\/\/www.vapote-shop.fr\/index.php\/wp-json\/wp\/v2\/media?parent=1351"}],"wp:term":[{"taxonomy":"product_brand","embeddable":true,"href":"https:\/\/www.vapote-shop.fr\/index.php\/wp-json\/wp\/v2\/product_brand?post=1351"},{"taxonomy":"product_cat","embeddable":true,"href":"https:\/\/www.vapote-shop.fr\/index.php\/wp-json\/wp\/v2\/product_cat?post=1351"},{"taxonomy":"product_tag","embeddable":true,"href":"https:\/\/www.vapote-shop.fr\/index.php\/wp-json\/wp\/v2\/product_tag?post=1351"}],"curies":[{"name":"wp","href":"https:\/\/api.w.org\/{rel}","templated":true}]}}