{"id":1449,"date":"2026-03-17T18:14:59","date_gmt":"2026-03-17T17:14:59","guid":{"rendered":"https:\/\/www.vapote-shop.fr\/?post_type=product&#038;p=1449"},"modified":"2026-03-27T17:43:02","modified_gmt":"2026-03-27T16:43:02","slug":"resistances-z-series-geek-vape","status":"publish","type":"product","link":"https:\/\/www.vapote-shop.fr\/index.php\/produit\/resistances-z-series-geek-vape\/","title":{"rendered":"R\u00e9sistances Z Series &#8211; Geek Vape<div class=\"custom-short-desc\">\u00a0Compatibles Zeus \/ Obelsik \/ P Tank - 0,15\/0,2\/0,25\/0,4ohm - DL - 5pcs<\/div>"},"content":{"rendered":"<div class=\"c-pdt__section c-pdt__section--columns\">\n<div id=\"description_short\" class=\"\">\n<h3 class=\"u-h2 u-mb-3\">R\u00e9sistances Z Series &#8211; Geek Vape<\/h3>\n<div class=\"product-description c-pdt__description c-pdt__description--recap s-cms\">\n<p>Poursuivez votre course aux nuages d\u2019orage en offrant \u00e0 votre clearomiseur Zeus Subohm, Obelisk ou P Subohm Tank un lot de r\u00e9sistances Z Mesh \u00e9dition advanced !<\/p>\n<p>Avec l\u2019\u00e9dition advanced de Geek Vape, profitez d\u2019une version am\u00e9lior\u00e9e des r\u00e9sistances Zeus Mesh \u00e0 l&rsquo;efficience optimis\u00e9e.<\/p>\n<ul>\n<li>R\u00e9sistance Z XM 0,4ohm : Mesh de Kanthal A1 et coton (50 &#8211; 60W)<\/li>\n<li>R\u00e9sistance Z0,4ohm : Mesh de Kanthal A1 et coton (50 &#8211; 60W)<\/li>\n<li>R\u00e9sistance Z0,25ohm : Mesh de Kanthal A1 et coton (45 &#8211; 57W)<\/li>\n<li>R\u00e9sistance Z0,2ohm : Mesh de Kanthal A1 et coton (70 &#8211; 80W)<\/li>\n<li>R\u00e9sistance Z0,15ohm : Mesh de Kanthal A1 et coton (80 &#8211; 90W)<\/li>\n<li>R\u00e9sistance Z XM 0,15ohm : Mesh de Kanthal A1 et coton (70 &#8211; 85W)<\/li>\n<\/ul>\n<p>R\u00e9sistances Zeus Mesh, \u00e9dition advanced, fabriqu\u00e9es par Geek Vape, vendues par lots de 5 pi\u00e8ces.<\/p>\n<p><span style=\"color: red;\">Attention : la r\u00e9sistance Z0,25ohm n&rsquo;est pas compatible avec le clearomiseur P Subohm Tank.<\/span><\/p>\n<\/div>\n<\/div>\n<\/div>\n<div class=\"c-pdt__sections c-pdt__sections--columns\">\n<div class=\"c-pdt__section c-pdt__section--columns\">\n<div id=\"description\" class=\"\">\n<div class=\"product-description c-pdt__description s-cms\">\n<h3>R\u00e9sistances Zeus Tank \/ Obelisk Tank &#8211; Geek Vape<\/h3>\n<p>&nbsp;<\/p>\n<p>Mieux vaut \u00eatre foudroy\u00e9 sur place et sans pr\u00e9avis plut\u00f4t que de passer une journ\u00e9e sans la vapeur de votre clearomiseur Zeus Tank, P Subohm ou\u00a0 Obelisk Tank ! Anticipez l\u2019orage et offrez \u00e0 votre clearomiseur tant ador\u00e9 un lot de r\u00e9sistances, \u00e9dition advanced, neuves et certifi\u00e9es Geek Vape.<br \/>\nCes r\u00e9sistances subohms premiums, dot\u00e9es de la technologie Mesh, vous r\u00e9servent un plaisir de vape subohm plus efficient, mais toujours aussi foudroyant ! De quoi profiter au mieux des talents des clearomiseurs Z Subohm \/ P Subohmm \/ Obelisk et de leurs airflows DL massifs !<\/p>\n<p>&nbsp;<\/p>\n<h3>Qu\u2019est-ce que l\u2019\u00e9dition advanced ?<\/h3>\n<p>Fabriqu\u00e9es par Geek Vape, les r\u00e9sistances \u00e9dition advanced sont la version am\u00e9lior\u00e9e des r\u00e9sistances Zeus Mesh classiques. Dot\u00e9e d\u2019une nouvelle structure de coton, l\u2019\u00e9dition advanced offre les m\u00eames performances gustatives que l\u2019ancienne g\u00e9n\u00e9ration pour une efficacit\u00e9 sup\u00e9rieure \u00e0 basse puissance.<\/p>\n<p>&nbsp;<\/p>\n<h3>Choisissez votre r\u00e9sistance Zeus Tank<\/h3>\n<p><span style=\"color: red;\">Attention : la r\u00e9sistance Z0,25ohm n&rsquo;est pas compatible avec le clearomiseur P Subohm Tank.<\/span><\/p>\n<p>Les r\u00e9sistances Zeus Mesh, \u00e9dition advanced, sont disponibles sous diverses versions pour des vapes DL subohms des plus douces aux plus extr\u00eames :<\/p>\n<ul>\n<li>R\u00e9sistance Z XM 0,4ohm<br \/>\nMesh de Kanthal A1 et coton &#8211; Utilisable sur une plage de puissance de 50 \u00e0 60W ;<\/li>\n<li>R\u00e9sistance Z0,4ohm<br \/>\nMesh de Kanthal A1 et coton &#8211; Utilisable sur une plage de puissance de 50 \u00e0 60W (contre 60-70W avec l\u2019ancienne version) ;<\/li>\n<li>R\u00e9sistance Z0,25ohm<br \/>\nMesh de Kanthal A1 et coton &#8211; Utilisable sur une plage de puissance de 45 \u00e0 57W<\/li>\n<li>R\u00e9sistance Z0,2ohm<br \/>\nMesh de Kanthal A1 et coton &#8211; Utilisable sur une plage de puissance de 70 \u00e0 80W<\/li>\n<li>R\u00e9sistance Z0,15ohm<br \/>\nMesh de Kanthal A1 et coton &#8211; Utilisable sur une plage de puissance de 80 \u00e0 90W<\/li>\n<li>R\u00e9sistance Z XM 0,15ohm<br \/>\nMesh de Kanthal A1 et coton &#8211; Utilisable sur une plage de puissance de 70 \u00e0 85W<\/li>\n<\/ul>\n<p>&nbsp;<\/p>\n<h3>Conseils d\u2019utilisation<\/h3>\n<p>Les r\u00e9sistances Z Mesh disposant de larges arriv\u00e9es d\u2019e-liquide, il est conseill\u00e9 d\u2019utiliser des e-liquides aux bases PG\/VG comprises entre 30\/70 et 0\/100 pour \u00e9viter les reflux dans la chemin\u00e9e.<\/p>\n<p>Une r\u00e9sistance us\u00e9e montre une baisse de saveur et de vapeur, des remont\u00e9es d\u2019e-liquide dans la chemin\u00e9e, voire un go\u00fbt br\u00fbl\u00e9. Lorsque vous changerez votre r\u00e9sistance, pensez \u00e0 l\u2019amorcer en appliquant un peu d\u2019e-liquide directement sur le coton, par les ouvertures tout autour de la r\u00e9sistance.<br \/>\nApr\u00e8s avoir install\u00e9 une r\u00e9sistance neuve et rempli le r\u00e9servoir de votre clearomiseur, laissez-la s\u2019imbiber d\u2019e-liquide pendant une dizaine de minutes avant de recommencer \u00e0 utiliser votre cigarette \u00e9lectronique.<\/p>\n<p>&nbsp;<\/p>\n<h3>Remplacement de la r\u00e9sistance<\/h3>\n<ul>\n<li><strong>D\u00e9vissez la base du clearomiseur Zeus Tank \/ Obelisk Tank \/ P Subohm ;<\/strong><\/li>\n<li><strong>Tirez simplement la r\u00e9sistance hors du r\u00e9servoir (vous pouvez vous aider la cl\u00e9 fournie avec le clearomiseur) ;<\/strong><\/li>\n<li><strong>Enfoncez une r\u00e9sistance Zeus Tank neuve dans le r\u00e9servoir en vous aidant des d\u00e9trompeurs ;<\/strong><\/li>\n<li><strong>Revissez la base du clearomiseur pour terminer l\u2019installation ;<\/strong><\/li>\n<li><strong>Patientez une dizaine de minutes avant de vaper afin que la nouvelle r\u00e9sistance s\u2019imbibe d\u2019e-liquide.<\/strong><\/li>\n<\/ul>\n<p>&nbsp;<\/p>\n<p>&nbsp;<\/p>\n<p>&nbsp;<\/p>\n<h3>Contenu de la boite<\/h3>\n<ul>\n<li>5 r\u00e9sistances Zeus Mesh Advanced<\/li>\n<\/ul>\n<\/div>\n<\/div>\n<\/div>\n<div class=\"c-pdt__section\">\n<div id=\"product-details\" class=\"\" data-product=\"{&quot;id_shop_default&quot;:&quot;2&quot;,&quot;id_manufacturer&quot;:&quot;0&quot;,&quot;id_supplier&quot;:&quot;159&quot;,&quot;reference&quot;:&quot;&quot;,&quot;is_virtual&quot;:&quot;0&quot;,&quot;delivery_in_stock&quot;:&quot;&quot;,&quot;delivery_out_stock&quot;:&quot;&quot;,&quot;id_category_default&quot;:&quot;402&quot;,&quot;on_sale&quot;:&quot;0&quot;,&quot;online_only&quot;:&quot;0&quot;,&quot;ecotax&quot;:0,&quot;minimal_quantity&quot;:&quot;1&quot;,&quot;low_stock_threshold&quot;:null,&quot;low_stock_alert&quot;:&quot;0&quot;,&quot;price&quot;:&quot;6,47\\u00a0\\u20ac&quot;,&quot;unity&quot;:&quot;&quot;,&quot;unit_price_ratio&quot;:&quot;0.000000&quot;,&quot;additional_shipping_cost&quot;:&quot;0.000000&quot;,&quot;customizable&quot;:&quot;0&quot;,&quot;text_fields&quot;:&quot;0&quot;,&quot;uploadable_files&quot;:&quot;0&quot;,&quot;redirect_type&quot;:&quot;404&quot;,&quot;id_type_redirected&quot;:&quot;0&quot;,&quot;available_for_order&quot;:&quot;1&quot;,&quot;available_date&quot;:null,&quot;show_condition&quot;:&quot;0&quot;,&quot;condition&quot;:&quot;new&quot;,&quot;show_price&quot;:&quot;1&quot;,&quot;indexed&quot;:&quot;1&quot;,&quot;visibility&quot;:&quot;both&quot;,&quot;cache_default_attribute&quot;:&quot;235665&quot;,&quot;advanced_stock_management&quot;:&quot;1&quot;,&quot;date_add&quot;:&quot;2019-08-29 11:26:51&quot;,&quot;date_upd&quot;:&quot;2026-03-17 14:40:02&quot;,&quot;pack_stock_type&quot;:&quot;0&quot;,&quot;meta_keywords&quot;:&quot;&quot;,&quot;link_rewrite&quot;:&quot;resistances-zeus-mesh&quot;,&quot;name&quot;:&quot;R\\u00e9sistances Z Series - Geek Vape&quot;,&quot;available_now&quot;:&quot;&quot;,&quot;available_later&quot;:&quot;&quot;,&quot;id&quot;:9345,&quot;id_product&quot;:9345,&quot;out_of_stock&quot;:2,&quot;new&quot;:0,&quot;id_product_attribute&quot;:267515,&quot;quantity_wanted&quot;:1,&quot;allow_oosp&quot;:0,&quot;category&quot;:&quot;geek-vape&quot;,&quot;category_name&quot;:&quot;Geek Vape&quot;,&quot;link&quot;:&quot;https:\\\/\\\/pro.taklope.com\\\/geek-vape\\\/9345-resistances-zeus-mesh.html&quot;,&quot;attribute_price&quot;:0,&quot;price_tax_exc&quot;:6.46999999999999975131004248396493494510650634765625,&quot;price_without_reduction&quot;:6.46999999999999975131004248396493494510650634765625,&quot;reduction&quot;:0,&quot;specific_prices&quot;:{&quot;id_specific_price&quot;:&quot;26846964&quot;,&quot;id_specific_price_rule&quot;:&quot;0&quot;,&quot;id_cart&quot;:&quot;0&quot;,&quot;id_product&quot;:&quot;9345&quot;,&quot;id_product_attribute&quot;:&quot;0&quot;,&quot;id_shop&quot;:&quot;2&quot;,&quot;id_shop_group&quot;:&quot;0&quot;,&quot;id_currency&quot;:&quot;0&quot;,&quot;id_country&quot;:&quot;0&quot;,&quot;id_group&quot;:&quot;22&quot;,&quot;id_customer&quot;:&quot;0&quot;,&quot;price&quot;:6.46999999999999975131004248396493494510650634765625,&quot;from_quantity&quot;:&quot;1&quot;,&quot;reduction&quot;:&quot;0.000000&quot;,&quot;reduction_tax&quot;:&quot;1&quot;,&quot;reduction_type&quot;:&quot;percentage&quot;,&quot;from&quot;:&quot;0000-00-00 00:00:00&quot;,&quot;to&quot;:&quot;0000-00-00 00:00:00&quot;,&quot;score&quot;:&quot;18&quot;},&quot;quantity&quot;:18,&quot;quantity_all_versions&quot;:8803,&quot;id_image&quot;:&quot;fr-default&quot;,&quot;attachments&quot;:[],&quot;virtual&quot;:0,&quot;pack&quot;:0,&quot;packItems&quot;:[],&quot;nopackprice&quot;:0,&quot;customization_required&quot;:false,&quot;attributes&quot;:{&quot;16&quot;:{&quot;id_attribute&quot;:&quot;147146&quot;,&quot;id_attribute_group&quot;:&quot;16&quot;,&quot;name&quot;:&quot;0.4 Ohm XM Boost&quot;,&quot;group&quot;:&quot;Valeur&quot;,&quot;reference&quot;:&quot;&quot;,&quot;ean13&quot;:&quot;6978271532510&quot;,&quot;isbn&quot;:&quot;&quot;,&quot;upc&quot;:&quot;&quot;,&quot;mpn&quot;:&quot;&quot;}},&quot;rate&quot;:20,&quot;tax_name&quot;:&quot;TVA FR 20%&quot;,&quot;ecotax_rate&quot;:0,&quot;unit_price&quot;:&quot;&quot;,&quot;customizations&quot;:{&quot;fields&quot;:[]},&quot;id_customization&quot;:0,&quot;is_customizable&quot;:false,&quot;show_quantities&quot;:true,&quot;quantity_label&quot;:&quot;Produits&quot;,&quot;quantity_discounts&quot;:[],&quot;customer_group_discount&quot;:0,&quot;images&quot;:[{&quot;bySize&quot;:{&quot;small_default&quot;:{&quot;url&quot;:&quot;https:\\\/\\\/media.taklope.com\\\/73784-small_default\\\/resistances-zeus-mesh.jpg&quot;,&quot;width&quot;:98,&quot;height&quot;:98},&quot;cart_default&quot;:{&quot;url&quot;:&quot;https:\\\/\\\/media.taklope.com\\\/73784-cart_default\\\/resistances-zeus-mesh.jpg&quot;,&quot;width&quot;:125,&quot;height&quot;:125},&quot;home_default&quot;:{&quot;url&quot;:&quot;https:\\\/\\\/media.taklope.com\\\/73784-home_default\\\/resistances-zeus-mesh.jpg&quot;,&quot;width&quot;:250,&quot;height&quot;:250},&quot;medium_default&quot;:{&quot;url&quot;:&quot;https:\\\/\\\/media.taklope.com\\\/73784-medium_default\\\/resistances-zeus-mesh.jpg&quot;,&quot;width&quot;:452,&quot;height&quot;:452},&quot;large_default&quot;:{&quot;url&quot;:&quot;https:\\\/\\\/media.taklope.com\\\/73784-large_default\\\/resistances-zeus-mesh.jpg&quot;,&quot;width&quot;:1000,&quot;height&quot;:1000}},&quot;small&quot;:{&quot;url&quot;:&quot;https:\\\/\\\/media.taklope.com\\\/73784-small_default\\\/resistances-zeus-mesh.jpg&quot;,&quot;width&quot;:98,&quot;height&quot;:98},&quot;medium&quot;:{&quot;url&quot;:&quot;https:\\\/\\\/media.taklope.com\\\/73784-home_default\\\/resistances-zeus-mesh.jpg&quot;,&quot;width&quot;:250,&quot;height&quot;:250},&quot;large&quot;:{&quot;url&quot;:&quot;https:\\\/\\\/media.taklope.com\\\/73784-large_default\\\/resistances-zeus-mesh.jpg&quot;,&quot;width&quot;:1000,&quot;height&quot;:1000},&quot;legend&quot;:&quot;R\\u00e9sistances Z Series - Geek Vape&quot;,&quot;id_image&quot;:&quot;73784&quot;,&quot;cover&quot;:null,&quot;position&quot;:&quot;9&quot;,&quot;associatedVariants&quot;:[&quot;267515&quot;]}],&quot;cover&quot;:{&quot;bySize&quot;:{&quot;small_default&quot;:{&quot;url&quot;:&quot;https:\\\/\\\/media.taklope.com\\\/73782-small_default\\\/resistances-zeus-mesh.jpg&quot;,&quot;width&quot;:98,&quot;height&quot;:98},&quot;cart_default&quot;:{&quot;url&quot;:&quot;https:\\\/\\\/media.taklope.com\\\/73782-cart_default\\\/resistances-zeus-mesh.jpg&quot;,&quot;width&quot;:125,&quot;height&quot;:125},&quot;home_default&quot;:{&quot;url&quot;:&quot;https:\\\/\\\/media.taklope.com\\\/73782-home_default\\\/resistances-zeus-mesh.jpg&quot;,&quot;width&quot;:250,&quot;height&quot;:250},&quot;medium_default&quot;:{&quot;url&quot;:&quot;https:\\\/\\\/media.taklope.com\\\/73782-medium_default\\\/resistances-zeus-mesh.jpg&quot;,&quot;width&quot;:452,&quot;height&quot;:452},&quot;large_default&quot;:{&quot;url&quot;:&quot;https:\\\/\\\/media.taklope.com\\\/73782-large_default\\\/resistances-zeus-mesh.jpg&quot;,&quot;width&quot;:1000,&quot;height&quot;:1000}},&quot;small&quot;:{&quot;url&quot;:&quot;https:\\\/\\\/media.taklope.com\\\/73782-small_default\\\/resistances-zeus-mesh.jpg&quot;,&quot;width&quot;:98,&quot;height&quot;:98},&quot;medium&quot;:{&quot;url&quot;:&quot;https:\\\/\\\/media.taklope.com\\\/73782-home_default\\\/resistances-zeus-mesh.jpg&quot;,&quot;width&quot;:250,&quot;height&quot;:250},&quot;large&quot;:{&quot;url&quot;:&quot;https:\\\/\\\/media.taklope.com\\\/73782-large_default\\\/resistances-zeus-mesh.jpg&quot;,&quot;width&quot;:1000,&quot;height&quot;:1000},&quot;legend&quot;:&quot;R\\u00e9sistances Z Series - Geek Vape&quot;,&quot;id_image&quot;:&quot;73782&quot;,&quot;cover&quot;:&quot;1&quot;,&quot;position&quot;:&quot;1&quot;,&quot;associatedVariants&quot;:[&quot;267513&quot;]},&quot;has_discount&quot;:false,&quot;discount_type&quot;:&quot;percentage&quot;,&quot;discount_percentage&quot;:&quot;0%&quot;,&quot;discount_percentage_absolute&quot;:&quot;0%&quot;,&quot;discount_amount&quot;:&quot;0,00\\u00a0\\u20ac&quot;,&quot;discount_amount_to_display&quot;:&quot;-0,00\\u00a0\\u20ac&quot;,&quot;price_amount&quot;:6.46999999999999975131004248396493494510650634765625,&quot;unit_price_full&quot;:&quot;&quot;,&quot;show_availability&quot;:true,&quot;availability_date&quot;:null,&quot;availability_message&quot;:&quot;&quot;,&quot;availability&quot;:&quot;available&quot;}\">\n<section class=\"product-features\">\n<p class=\"u-h2 u-mb-3\">Fiche technique<\/p>\n<div id=\"readmore-pdt-features\" class=\"u-mb-2\">\n<table class=\"data-sheet table table-striped u-mb-0\">\n<tbody>\n<tr class=\"c-pdt__features-row\">\n<th class=\"name\">Marque Compatible<\/th>\n<td class=\"value\">Geek Vape<\/td>\n<\/tr>\n<tr class=\"c-pdt__features-row\">\n<th class=\"name\">Slider<\/th>\n<td class=\"value\"><\/td>\n<\/tr>\n<tr class=\"c-pdt__features-row\">\n<th class=\"name\">Contr\u00f4le de temp\u00e9rature<\/th>\n<td class=\"value\">Non<\/td>\n<\/tr>\n<tr class=\"c-pdt__features-row\">\n<th class=\"name\">Mati\u00e8re<\/th>\n<td class=\"value\">Kanthal \/ Coton organique<\/td>\n<\/tr>\n<tr class=\"c-pdt__features-row\">\n<th class=\"name\">Valeur de la r\u00e9sistance<\/th>\n<td class=\"value\">0.2ohm<br \/>\n0.4ohm<br \/>\n0.15ohm<br \/>\n0.25ohm<\/td>\n<\/tr>\n<tr class=\"c-pdt__features-row\">\n<th class=\"name\">Type de r\u00e9sistance<\/th>\n<td class=\"value\">Mesh<\/td>\n<\/tr>\n<tr class=\"c-pdt__features-row\">\n<th class=\"name\">Type de produit<\/th>\n<td class=\"value\">R\u00e9sistance<\/td>\n<\/tr>\n<tr class=\"c-pdt__features-row\">\n<th class=\"name\">Marque<\/th>\n<td class=\"value\">GEEK VAPE<\/td>\n<\/tr>\n<tr class=\"c-pdt__features-row\">\n<th class=\"name\">Inhalation<\/th>\n<td class=\"value\">Directe \/ A\u00e9rien<\/td>\n<\/tr>\n<tr class=\"c-pdt__features-row\">\n<th class=\"name\">Compatibilit\u00e9 Kit<\/th>\n<td class=\"value\">Aegis Legend 3 &#8211; Geek Vape<br \/>\nAegis Legend 5 &#8211; Geek Vape<br \/>\nAegis Legend Zeus &#8211; Geek Vape<br \/>\nAegis Max &#8211; Geek Vape<br \/>\nAegis Max 2 &#8211; Geek Vape<br \/>\nAegis Solo 2 S100 &#8211; Geek Vape<br \/>\nAegis Solo 3 &#8211; Geek Vape<br \/>\nObelisk &#8211; Geek Vape<\/td>\n<\/tr>\n<tr class=\"c-pdt__features-row\">\n<th class=\"name\">Compatibilit\u00e9 clearomiseur<\/th>\n<td class=\"value\">Obelisk Tank &#8211; Geek Vape<br \/>\nP Subohm Tank &#8211; Geek Vape<br \/>\nZ Fli 2 Tank &#8211; Geek Vape<br \/>\nZ Fli Tank &#8211; Geek Vape<br \/>\nZ SE Tank &#8211; Geek Vape<br \/>\nZeus Tank &#8211; Geek Vape<\/td>\n<\/tr>\n<\/tbody>\n<\/table>\n<\/div>\n<\/section>\n<\/div>\n<\/div>\n<div class=\"c-pdt__section c-pdt__section--columns\">\n<div id=\"manufacturer\" class=\"\">\n<div class=\"u-p-rel u-mb-1\">\n<div class=\"c-pdt__manu-thumbnail\"><img loading=\"lazy\" decoding=\"async\" class=\"u-img-fluid\" src=\"https:\/\/media.taklope.com\/c\/402-category_default\/geek-vape.jpg\" alt=\"Geek Vape\" width=\"250\" height=\"50\" \/><\/div>\n<p>Geek Vape<\/p>\n<\/div>\n<div id=\"readmore-pdt-manufacturer\" class=\"c-pdt__manu-desc\" data-readmore=\"\" aria-expanded=\"true\">\n<p class=\"u-fiv\">G\u00e9ant de l\u2019industrie de la vape et fabricant du mat\u00e9riel de vape innovant aussi bien destin\u00e9 \u00e0 un public de vapoteurs novices que confirm\u00e9, la marque de\u00a0cigarette electronique\u00a0<strong>Geek Vape<\/strong>\u00a0a su se faire une place de taille dans le secteur de la vapeur gr\u00e2ce \u00e0 des produits de qualit\u00e9. Cigarette \u00e9lectronique boxs Geek Vape, kits complets Geek Vape, atomiseurs Geek Vape, fils r\u00e9sistifs Geek Vape, r\u00e9sistances Geek Vape, coils et cotons, kits d\u00e9butants Geek Vape, packs subohm Geek Vape, etc.<\/p>\n<\/div>\n<\/div>\n<\/div>\n<\/div>\n<hr data-start=\"600\" data-end=\"603\" \/>\n","protected":false},"excerpt":{"rendered":"<p><span style=\"color: orange;\">\u00a0Compatibles Zeus \/ Obelsik \/ P Tank &#8211; 0,15\/0,2\/0,25\/0,4ohm &#8211; DL &#8211; 5pcs<\/span><\/p>\n","protected":false},"featured_media":1450,"comment_status":"open","ping_status":"closed","template":"","meta":{"slim_seo":{"title":"R\u00e9sistances Z Series - Geek Vape - Vapote-Shop","description":"\u00a0Compatibles Zeus \/ Obelsik \/ P Tank - 0,15\/0,2\/0,25\/0,4ohm - DL - 5pcs"}},"product_brand":[79],"product_cat":[52,49],"product_tag":[],"class_list":{"0":"post-1449","1":"product","2":"type-product","3":"status-publish","4":"has-post-thumbnail","6":"product_brand-geek-vape","7":"product_cat-meilleures-ventes","8":"product_cat-resistances","10":"first","11":"instock","12":"shipping-taxable","13":"purchasable","14":"product-type-variable","15":"has-default-attributes"},"_links":{"self":[{"href":"https:\/\/www.vapote-shop.fr\/index.php\/wp-json\/wp\/v2\/product\/1449","targetHints":{"allow":["GET"]}}],"collection":[{"href":"https:\/\/www.vapote-shop.fr\/index.php\/wp-json\/wp\/v2\/product"}],"about":[{"href":"https:\/\/www.vapote-shop.fr\/index.php\/wp-json\/wp\/v2\/types\/product"}],"replies":[{"embeddable":true,"href":"https:\/\/www.vapote-shop.fr\/index.php\/wp-json\/wp\/v2\/comments?post=1449"}],"wp:featuredmedia":[{"embeddable":true,"href":"https:\/\/www.vapote-shop.fr\/index.php\/wp-json\/wp\/v2\/media\/1450"}],"wp:attachment":[{"href":"https:\/\/www.vapote-shop.fr\/index.php\/wp-json\/wp\/v2\/media?parent=1449"}],"wp:term":[{"taxonomy":"product_brand","embeddable":true,"href":"https:\/\/www.vapote-shop.fr\/index.php\/wp-json\/wp\/v2\/product_brand?post=1449"},{"taxonomy":"product_cat","embeddable":true,"href":"https:\/\/www.vapote-shop.fr\/index.php\/wp-json\/wp\/v2\/product_cat?post=1449"},{"taxonomy":"product_tag","embeddable":true,"href":"https:\/\/www.vapote-shop.fr\/index.php\/wp-json\/wp\/v2\/product_tag?post=1449"}],"curies":[{"name":"wp","href":"https:\/\/api.w.org\/{rel}","templated":true}]}}