{"id":1500,"date":"2026-03-18T14:05:10","date_gmt":"2026-03-18T13:05:10","guid":{"rendered":"https:\/\/www.vapote-shop.fr\/?post_type=product&#038;p=1500"},"modified":"2026-03-30T08:34:51","modified_gmt":"2026-03-30T06:34:51","slug":"accu-inr-25r-18650-2500-mah","status":"publish","type":"product","link":"https:\/\/www.vapote-shop.fr\/index.php\/produit\/accu-inr-25r-18650-2500-mah\/","title":{"rendered":"Accu INR 25R 18650 2500 mAh<div class=\"custom-short-desc\">Accu Samsung - Format : 18650 - 2500 mAh - 25R - CDM : 35A<\/div>"},"content":{"rendered":"<div class=\"c-pdt__section c-pdt__section--columns\">\n<div id=\"description_short\" class=\"\">\n<h3 class=\"u-h2 u-mb-3\">Accu INR 25R 18650 2500 mAh &#8211; Samsung<\/h3>\n<div class=\"product-description c-pdt__description c-pdt__description--recap s-cms\">\n<p><strong>Samsung INR 25R 18650 2500mAh<\/strong>\u00a0est un accu rechargeable\u00a0dot\u00e9 d&rsquo;un courant de\u00a0<strong>d\u00e9charge en continu de 20A<\/strong>\u00a0et de 35A en pointe. Parfait pour les mods \u00e9lectroniques allant<strong>\u00a0jusqu&rsquo;\u00e0 75W<\/strong>, l&rsquo;accu Samsung offre une excellente autonomie gr\u00e2ce \u00e0 sa capacit\u00e9 de 2500mAh. Un compromis id\u00e9al entre la puissance et l&rsquo;autonomie.<\/p>\n<p>Compatible avec les mods m\u00e9caniques\u00a0<strong>jusqu&rsquo;\u00e0 0.2\u03a9<\/strong>.<\/p>\n<p>Vendu \u00e0 l&rsquo;unit\u00e9 dans une bo\u00eete en carton individuelle.<\/p>\n<p><strong>Fabriqu\u00e9 par Samsung.<\/strong><\/p>\n<\/div>\n<\/div>\n<\/div>\n<div class=\"c-pdt__sections c-pdt__sections--columns\">\n<div class=\"c-pdt__section c-pdt__section--columns\">\n<div id=\"description\" class=\"\">\n<div class=\"product-description c-pdt__description s-cms\">\n<h3>Accu rechargeable Samsung INR 25R 18650 &#8211; 2500mAh<\/h3>\n<p><img decoding=\"async\" class=\"center-block\" title=\"\" src=\"https:\/\/pro.taklope.com\/img\/descrhtml\/bd_1875398.jpg\" alt=\"Accu rechargeable Samsung INR 25R 18650 - 2500mAh\" \/><\/p>\n<p>&nbsp;<\/p>\n<p>Samsung INR 18650 25R 2500mAh est un accu rechargeable sp\u00e9cialement con\u00e7u pour les box et mods \u00e9lectroniques.<\/p>\n<p>Dot\u00e9 d&rsquo;un\u00a0<strong>courant de d\u00e9charge continu de 20A<\/strong>, capable d&rsquo;accepter les r\u00e9sistances\u00a0<strong>jusqu&rsquo;\u00e0 0.2\u03a9<\/strong>, il est parfaitement adapt\u00e9 au\u00a0<strong>power vaping<\/strong>\u00a0ou mods m\u00e9caniques.<\/p>\n<p>La\u00a0<strong>capacit\u00e9 de 2500mAh<\/strong>\u00a0offre une excellente autonomie.<\/p>\n<p><strong>Caract\u00e9ristiques :<\/strong><\/p>\n<ul>\n<li>Longueur : 64.9 mm<\/li>\n<li>Diam\u00e8tre : 18.27 mm<\/li>\n<li>Poids : 44 g<\/li>\n<li>Tension nominale : 3.7V<\/li>\n<li>Tension de charge max : 4.2V \u00b1 0.05V<\/li>\n<li>Courant de recharge max : 1.5A<\/li>\n<li>Dur\u00e9e de vie : 300 cycles<\/li>\n<li>Chimie : Lithium-Ion<\/li>\n<li>Courant de d\u00e9charge en continu : 20A<\/li>\n<li>Courant de d\u00e9charge en pointe :\u00a0<strong>35A<\/strong><\/li>\n<li>R\u00e9sistance mini : 0.2\u03a9<\/li>\n<li>P\u00f4le positif : plat<\/li>\n<li>Capacit\u00e9 : 2500 mAh<\/li>\n<\/ul>\n<p><img loading=\"lazy\" decoding=\"async\" title=\"atomiseur aga T2 reconstructible\" src=\"https:\/\/www.taklope.com\/img\/cms\/Reserve-aux-experts.jpg\" alt=\"atomiseur aga T2 reconstructible\" width=\"168\" height=\"168\" \/><\/p>\n<p>&nbsp;<\/p>\n<h3>Avertissements<\/h3>\n<p>Les accus sont des produits potentiellement dangereux. Une mauvaise utilisation et un manque de protection expose l\u2019utilisateur \u00e0 des risques. Pour votre s\u00e9curit\u00e9, respectez les consignes suivantes :<\/p>\n<ul>\n<li>N\u2019utilisez pas un accu si son rev\u00eatement est endommag\u00e9<\/li>\n<li>Jetez vos accus us\u00e9s dans des conteneurs sp\u00e9cifiques au recyclage des piles<\/li>\n<li>Ne gardez jamais un accu dans votre sac ou votre poche sans protection adapt\u00e9e (\u00e9tui, boite de rangement\u2026)<\/li>\n<li>Prenez garde \u00e0 ne jamais mettre un accu en contact avec un objet m\u00e9tallique (pi\u00e8ce de monnaie, cl\u00e9\u2026) pour \u00e9carter tout risque de court-circuit<\/li>\n<li>\u00c9loignez les accus de toute source de chaleur ou incandescente<\/li>\n<li>N\u2019exposez pas vos accus \u00e0 des temp\u00e9ratures sup\u00e9rieures \u00e0 100\u00b0C<\/li>\n<li>Ne br\u00fblez pas les accus<\/li>\n<li>Ne laissez pas vos accus charger sans surveillance, quel que soit le mat\u00e9riel utilis\u00e9<\/li>\n<li>Assurez-vous que les accus utilis\u00e9s aient une capacit\u00e9 de d\u00e9charge en accord avec la r\u00e9sistance utilis\u00e9e<\/li>\n<\/ul>\n<p>&nbsp;<\/p>\n<h3>Conditionnement et informations<\/h3>\n<p>Les accus sont conditionn\u00e9s dans des boites en carton individuelles, avec code barre.<\/p>\n<p>Sont \u00e9galement affich\u00e9s :<\/p>\n<ul>\n<li>La date de mise en production<\/li>\n<li>Le type d\u2019accu (Accumulateur Li-ion)<\/li>\n<li>Le courant de charge maximum<\/li>\n<li>Les avertissements en fran\u00e7ais<\/li>\n<\/ul>\n<\/div>\n<\/div>\n<\/div>\n<div class=\"c-pdt__section\">\n<div id=\"product-details\" class=\"\" data-product=\"{&quot;id_shop_default&quot;:&quot;2&quot;,&quot;id_manufacturer&quot;:&quot;0&quot;,&quot;id_supplier&quot;:&quot;212&quot;,&quot;reference&quot;:&quot;&quot;,&quot;is_virtual&quot;:&quot;0&quot;,&quot;delivery_in_stock&quot;:&quot;&quot;,&quot;delivery_out_stock&quot;:&quot;&quot;,&quot;id_category_default&quot;:&quot;460&quot;,&quot;on_sale&quot;:&quot;0&quot;,&quot;online_only&quot;:&quot;0&quot;,&quot;ecotax&quot;:0,&quot;minimal_quantity&quot;:&quot;1&quot;,&quot;low_stock_threshold&quot;:null,&quot;low_stock_alert&quot;:&quot;0&quot;,&quot;price&quot;:&quot;1,20\\u00a0\\u20ac&quot;,&quot;unity&quot;:&quot;&quot;,&quot;unit_price_ratio&quot;:&quot;0.000000&quot;,&quot;additional_shipping_cost&quot;:&quot;0.000000&quot;,&quot;customizable&quot;:&quot;0&quot;,&quot;text_fields&quot;:&quot;0&quot;,&quot;uploadable_files&quot;:&quot;0&quot;,&quot;redirect_type&quot;:&quot;404&quot;,&quot;id_type_redirected&quot;:&quot;0&quot;,&quot;available_for_order&quot;:&quot;1&quot;,&quot;available_date&quot;:&quot;0000-00-00&quot;,&quot;show_condition&quot;:&quot;0&quot;,&quot;condition&quot;:&quot;new&quot;,&quot;show_price&quot;:&quot;1&quot;,&quot;indexed&quot;:&quot;1&quot;,&quot;visibility&quot;:&quot;both&quot;,&quot;cache_default_attribute&quot;:&quot;0&quot;,&quot;advanced_stock_management&quot;:&quot;1&quot;,&quot;date_add&quot;:&quot;2019-12-12 12:43:41&quot;,&quot;date_upd&quot;:&quot;2025-12-30 08:55:28&quot;,&quot;pack_stock_type&quot;:&quot;0&quot;,&quot;meta_keywords&quot;:&quot;&quot;,&quot;link_rewrite&quot;:&quot;samsung-inr-25r-18650-2500-mah&quot;,&quot;name&quot;:&quot;Accu INR 25R 18650 2500 mAh - Samsung&quot;,&quot;available_now&quot;:&quot;&quot;,&quot;available_later&quot;:&quot;&quot;,&quot;id&quot;:2240,&quot;id_product&quot;:2240,&quot;out_of_stock&quot;:2,&quot;new&quot;:0,&quot;id_product_attribute&quot;:&quot;0&quot;,&quot;quantity_wanted&quot;:1,&quot;allow_oosp&quot;:0,&quot;category&quot;:&quot;samsung&quot;,&quot;category_name&quot;:&quot;Samsung&quot;,&quot;link&quot;:&quot;https:\\\/\\\/pro.taklope.com\\\/samsung\\\/2240-samsung-inr-25r-18650-2500-mah.html&quot;,&quot;attribute_price&quot;:0,&quot;price_tax_exc&quot;:1.1999999999999999555910790149937383830547332763671875,&quot;price_without_reduction&quot;:1.1999999999999999555910790149937383830547332763671875,&quot;reduction&quot;:0,&quot;specific_prices&quot;:{&quot;id_specific_price&quot;:&quot;26827337&quot;,&quot;id_specific_price_rule&quot;:&quot;0&quot;,&quot;id_cart&quot;:&quot;0&quot;,&quot;id_product&quot;:&quot;2240&quot;,&quot;id_product_attribute&quot;:&quot;0&quot;,&quot;id_shop&quot;:&quot;2&quot;,&quot;id_shop_group&quot;:&quot;0&quot;,&quot;id_currency&quot;:&quot;0&quot;,&quot;id_country&quot;:&quot;0&quot;,&quot;id_group&quot;:&quot;22&quot;,&quot;id_customer&quot;:&quot;0&quot;,&quot;price&quot;:1.1999999999999999555910790149937383830547332763671875,&quot;from_quantity&quot;:&quot;1&quot;,&quot;reduction&quot;:&quot;0.000000&quot;,&quot;reduction_tax&quot;:&quot;1&quot;,&quot;reduction_type&quot;:&quot;percentage&quot;,&quot;from&quot;:&quot;0000-00-00 00:00:00&quot;,&quot;to&quot;:&quot;0000-00-00 00:00:00&quot;,&quot;score&quot;:&quot;18&quot;},&quot;quantity&quot;:212,&quot;quantity_all_versions&quot;:212,&quot;id_image&quot;:&quot;fr-default&quot;,&quot;attachments&quot;:[],&quot;virtual&quot;:0,&quot;pack&quot;:0,&quot;packItems&quot;:[],&quot;nopackprice&quot;:0,&quot;customization_required&quot;:false,&quot;rate&quot;:20,&quot;tax_name&quot;:&quot;TVA FR 20%&quot;,&quot;ecotax_rate&quot;:0,&quot;unit_price&quot;:&quot;&quot;,&quot;customizations&quot;:{&quot;fields&quot;:[]},&quot;id_customization&quot;:0,&quot;is_customizable&quot;:false,&quot;show_quantities&quot;:true,&quot;quantity_label&quot;:&quot;Produits&quot;,&quot;quantity_discounts&quot;:[],&quot;customer_group_discount&quot;:0,&quot;images&quot;:[{&quot;bySize&quot;:{&quot;small_default&quot;:{&quot;url&quot;:&quot;https:\\\/\\\/media.taklope.com\\\/44343-small_default\\\/samsung-inr-25r-18650-2500-mah.jpg&quot;,&quot;width&quot;:98,&quot;height&quot;:98},&quot;cart_default&quot;:{&quot;url&quot;:&quot;https:\\\/\\\/media.taklope.com\\\/44343-cart_default\\\/samsung-inr-25r-18650-2500-mah.jpg&quot;,&quot;width&quot;:125,&quot;height&quot;:125},&quot;home_default&quot;:{&quot;url&quot;:&quot;https:\\\/\\\/media.taklope.com\\\/44343-home_default\\\/samsung-inr-25r-18650-2500-mah.jpg&quot;,&quot;width&quot;:250,&quot;height&quot;:250},&quot;medium_default&quot;:{&quot;url&quot;:&quot;https:\\\/\\\/media.taklope.com\\\/44343-medium_default\\\/samsung-inr-25r-18650-2500-mah.jpg&quot;,&quot;width&quot;:452,&quot;height&quot;:452},&quot;large_default&quot;:{&quot;url&quot;:&quot;https:\\\/\\\/media.taklope.com\\\/44343-large_default\\\/samsung-inr-25r-18650-2500-mah.jpg&quot;,&quot;width&quot;:1000,&quot;height&quot;:1000}},&quot;small&quot;:{&quot;url&quot;:&quot;https:\\\/\\\/media.taklope.com\\\/44343-small_default\\\/samsung-inr-25r-18650-2500-mah.jpg&quot;,&quot;width&quot;:98,&quot;height&quot;:98},&quot;medium&quot;:{&quot;url&quot;:&quot;https:\\\/\\\/media.taklope.com\\\/44343-home_default\\\/samsung-inr-25r-18650-2500-mah.jpg&quot;,&quot;width&quot;:250,&quot;height&quot;:250},&quot;large&quot;:{&quot;url&quot;:&quot;https:\\\/\\\/media.taklope.com\\\/44343-large_default\\\/samsung-inr-25r-18650-2500-mah.jpg&quot;,&quot;width&quot;:1000,&quot;height&quot;:1000},&quot;legend&quot;:&quot;Samsung INR 25R 18650 - 2500 mAh&quot;,&quot;id_image&quot;:&quot;44343&quot;,&quot;cover&quot;:&quot;1&quot;,&quot;position&quot;:&quot;1&quot;,&quot;associatedVariants&quot;:[]},{&quot;bySize&quot;:{&quot;small_default&quot;:{&quot;url&quot;:&quot;https:\\\/\\\/media.taklope.com\\\/34731-small_default\\\/samsung-inr-25r-18650-2500-mah.jpg&quot;,&quot;width&quot;:98,&quot;height&quot;:98},&quot;cart_default&quot;:{&quot;url&quot;:&quot;https:\\\/\\\/media.taklope.com\\\/34731-cart_default\\\/samsung-inr-25r-18650-2500-mah.jpg&quot;,&quot;width&quot;:125,&quot;height&quot;:125},&quot;home_default&quot;:{&quot;url&quot;:&quot;https:\\\/\\\/media.taklope.com\\\/34731-home_default\\\/samsung-inr-25r-18650-2500-mah.jpg&quot;,&quot;width&quot;:250,&quot;height&quot;:250},&quot;medium_default&quot;:{&quot;url&quot;:&quot;https:\\\/\\\/media.taklope.com\\\/34731-medium_default\\\/samsung-inr-25r-18650-2500-mah.jpg&quot;,&quot;width&quot;:452,&quot;height&quot;:452},&quot;large_default&quot;:{&quot;url&quot;:&quot;https:\\\/\\\/media.taklope.com\\\/34731-large_default\\\/samsung-inr-25r-18650-2500-mah.jpg&quot;,&quot;width&quot;:1000,&quot;height&quot;:1000}},&quot;small&quot;:{&quot;url&quot;:&quot;https:\\\/\\\/media.taklope.com\\\/34731-small_default\\\/samsung-inr-25r-18650-2500-mah.jpg&quot;,&quot;width&quot;:98,&quot;height&quot;:98},&quot;medium&quot;:{&quot;url&quot;:&quot;https:\\\/\\\/media.taklope.com\\\/34731-home_default\\\/samsung-inr-25r-18650-2500-mah.jpg&quot;,&quot;width&quot;:250,&quot;height&quot;:250},&quot;large&quot;:{&quot;url&quot;:&quot;https:\\\/\\\/media.taklope.com\\\/34731-large_default\\\/samsung-inr-25r-18650-2500-mah.jpg&quot;,&quot;width&quot;:1000,&quot;height&quot;:1000},&quot;legend&quot;:&quot;Samsung INR 25R 18650 - 2500 mAh&quot;,&quot;id_image&quot;:&quot;34731&quot;,&quot;cover&quot;:null,&quot;position&quot;:&quot;2&quot;,&quot;associatedVariants&quot;:[]},{&quot;bySize&quot;:{&quot;small_default&quot;:{&quot;url&quot;:&quot;https:\\\/\\\/media.taklope.com\\\/34688-small_default\\\/samsung-inr-25r-18650-2500-mah.jpg&quot;,&quot;width&quot;:98,&quot;height&quot;:98},&quot;cart_default&quot;:{&quot;url&quot;:&quot;https:\\\/\\\/media.taklope.com\\\/34688-cart_default\\\/samsung-inr-25r-18650-2500-mah.jpg&quot;,&quot;width&quot;:125,&quot;height&quot;:125},&quot;home_default&quot;:{&quot;url&quot;:&quot;https:\\\/\\\/media.taklope.com\\\/34688-home_default\\\/samsung-inr-25r-18650-2500-mah.jpg&quot;,&quot;width&quot;:250,&quot;height&quot;:250},&quot;medium_default&quot;:{&quot;url&quot;:&quot;https:\\\/\\\/media.taklope.com\\\/34688-medium_default\\\/samsung-inr-25r-18650-2500-mah.jpg&quot;,&quot;width&quot;:452,&quot;height&quot;:452},&quot;large_default&quot;:{&quot;url&quot;:&quot;https:\\\/\\\/media.taklope.com\\\/34688-large_default\\\/samsung-inr-25r-18650-2500-mah.jpg&quot;,&quot;width&quot;:1000,&quot;height&quot;:1000}},&quot;small&quot;:{&quot;url&quot;:&quot;https:\\\/\\\/media.taklope.com\\\/34688-small_default\\\/samsung-inr-25r-18650-2500-mah.jpg&quot;,&quot;width&quot;:98,&quot;height&quot;:98},&quot;medium&quot;:{&quot;url&quot;:&quot;https:\\\/\\\/media.taklope.com\\\/34688-home_default\\\/samsung-inr-25r-18650-2500-mah.jpg&quot;,&quot;width&quot;:250,&quot;height&quot;:250},&quot;large&quot;:{&quot;url&quot;:&quot;https:\\\/\\\/media.taklope.com\\\/34688-large_default\\\/samsung-inr-25r-18650-2500-mah.jpg&quot;,&quot;width&quot;:1000,&quot;height&quot;:1000},&quot;legend&quot;:&quot;Samsung INR 25R 18650 - 2500 mAh&quot;,&quot;id_image&quot;:&quot;34688&quot;,&quot;cover&quot;:null,&quot;position&quot;:&quot;3&quot;,&quot;associatedVariants&quot;:[]}],&quot;cover&quot;:{&quot;bySize&quot;:{&quot;small_default&quot;:{&quot;url&quot;:&quot;https:\\\/\\\/media.taklope.com\\\/44343-small_default\\\/samsung-inr-25r-18650-2500-mah.jpg&quot;,&quot;width&quot;:98,&quot;height&quot;:98},&quot;cart_default&quot;:{&quot;url&quot;:&quot;https:\\\/\\\/media.taklope.com\\\/44343-cart_default\\\/samsung-inr-25r-18650-2500-mah.jpg&quot;,&quot;width&quot;:125,&quot;height&quot;:125},&quot;home_default&quot;:{&quot;url&quot;:&quot;https:\\\/\\\/media.taklope.com\\\/44343-home_default\\\/samsung-inr-25r-18650-2500-mah.jpg&quot;,&quot;width&quot;:250,&quot;height&quot;:250},&quot;medium_default&quot;:{&quot;url&quot;:&quot;https:\\\/\\\/media.taklope.com\\\/44343-medium_default\\\/samsung-inr-25r-18650-2500-mah.jpg&quot;,&quot;width&quot;:452,&quot;height&quot;:452},&quot;large_default&quot;:{&quot;url&quot;:&quot;https:\\\/\\\/media.taklope.com\\\/44343-large_default\\\/samsung-inr-25r-18650-2500-mah.jpg&quot;,&quot;width&quot;:1000,&quot;height&quot;:1000}},&quot;small&quot;:{&quot;url&quot;:&quot;https:\\\/\\\/media.taklope.com\\\/44343-small_default\\\/samsung-inr-25r-18650-2500-mah.jpg&quot;,&quot;width&quot;:98,&quot;height&quot;:98},&quot;medium&quot;:{&quot;url&quot;:&quot;https:\\\/\\\/media.taklope.com\\\/44343-home_default\\\/samsung-inr-25r-18650-2500-mah.jpg&quot;,&quot;width&quot;:250,&quot;height&quot;:250},&quot;large&quot;:{&quot;url&quot;:&quot;https:\\\/\\\/media.taklope.com\\\/44343-large_default\\\/samsung-inr-25r-18650-2500-mah.jpg&quot;,&quot;width&quot;:1000,&quot;height&quot;:1000},&quot;legend&quot;:&quot;Samsung INR 25R 18650 - 2500 mAh&quot;,&quot;id_image&quot;:&quot;44343&quot;,&quot;cover&quot;:&quot;1&quot;,&quot;position&quot;:&quot;1&quot;,&quot;associatedVariants&quot;:[]},&quot;has_discount&quot;:false,&quot;discount_type&quot;:&quot;percentage&quot;,&quot;discount_percentage&quot;:&quot;0%&quot;,&quot;discount_percentage_absolute&quot;:&quot;0%&quot;,&quot;discount_amount&quot;:&quot;0,00\\u00a0\\u20ac&quot;,&quot;discount_amount_to_display&quot;:&quot;-0,00\\u00a0\\u20ac&quot;,&quot;price_amount&quot;:1.1999999999999999555910790149937383830547332763671875,&quot;unit_price_full&quot;:&quot;&quot;,&quot;show_availability&quot;:true,&quot;availability_date&quot;:null,&quot;availability_message&quot;:&quot;&quot;,&quot;availability&quot;:&quot;available&quot;}\">\n<section class=\"product-features\">\n<p class=\"u-h2 u-mb-3\">Fiche technique<\/p>\n<div id=\"readmore-pdt-features\" class=\"u-mb-2\" data-readmore=\"\" aria-expanded=\"true\">\n<table class=\"data-sheet table table-striped u-mb-0\">\n<tbody>\n<tr class=\"c-pdt__features-row\">\n<th class=\"name\">Capacit\u00e9 (en mAh)<\/th>\n<td class=\"value\">2500<\/td>\n<\/tr>\n<tr class=\"c-pdt__features-row\">\n<th class=\"name\">Taille d&rsquo;accus<\/th>\n<td class=\"value\">18650<\/td>\n<\/tr>\n<tr class=\"c-pdt__features-row\">\n<th class=\"name\">Type de produit<\/th>\n<td class=\"value\">Accus<\/td>\n<\/tr>\n<tr class=\"c-pdt__features-row\">\n<th class=\"name\">D\u00e9charge Max. (en A)<\/th>\n<td class=\"value\">35<\/td>\n<\/tr>\n<tr class=\"c-pdt__features-row\">\n<th class=\"name\">Marque<\/th>\n<td class=\"value\">SAMSUNG<\/td>\n<\/tr>\n<\/tbody>\n<\/table>\n<\/div>\n<\/section>\n<\/div>\n<\/div>\n<div class=\"c-pdt__section c-pdt__section--columns\">\n<div id=\"manufacturer\" class=\"\">\n<div class=\"u-p-rel u-mb-1\">\n<div class=\"c-pdt__manu-thumbnail\"><img loading=\"lazy\" decoding=\"async\" class=\"u-img-fluid\" src=\"https:\/\/media.taklope.com\/c\/460-category_default\/samsung.jpg\" alt=\"Samsung\" width=\"250\" height=\"50\" \/><\/div>\n<p>Samsung<\/p>\n<\/div>\n<div id=\"readmore-pdt-manufacturer\" class=\"c-pdt__manu-desc\" data-readmore=\"\" aria-expanded=\"true\">\n<p class=\"u-fiv\"><strong>Vous recherchez une batterie cigarette \u00e9lectronique ? Faites le choix du meilleur de la technologie avec Samsung !<\/strong><\/p>\n<p class=\"u-fiv\">Si Samsung prend l\u2019initiative en mati\u00e8re d\u2019innovations technologiques, et d\u00e9veloppe des produits de nouvelle g\u00e9n\u00e9ration dans le domaine des smartphones, objets connect\u00e9s, de l\u2019audio\/vid\u00e9o, de l\u2019informatique et de l\u2019\u00e9lectrom\u00e9nager, la marque n\u2019est pas en reste dans le domaine des batteries et accus qui alimentent les appareils \u00e9lectroniques, dont les e-cigarettes.<\/p>\n<p class=\"u-fiv\">Le g\u00e9ant cor\u00e9en est en effet l\u2019une des meilleures marques du march\u00e9 dans le domaine des batteries externes, et plus pr\u00e9cis\u00e9ment des accus rechargeables pour\u00a0cigarettes \u00e9lectroniques. Si vous recherchez une marque fiable pour l\u2019alimentation de votre kit complet, de votre box mod \u00e9lectronique ou de votre mod m\u00e9canique, Samsung saura vous contenter. La marque n\u2019a plus \u00e0 prouver ses comp\u00e9tences pouss\u00e9es en \u00e9lectronique et \u00e9labore ses accus avec autant de minutie que pour ses autres produits. Chimie stable et fort courant de d\u00e9charge pour une utilisation tout en s\u00e9curit\u00e9, autonomie longue dur\u00e9e, les accus Samsung 18650 et 21700 pour cigarettes \u00e9lectroniques, et les accus 20700 Samsung aussi, font plus pour votre vape quotidienne : choisissez-les !<\/p>\n<\/div>\n<\/div>\n<\/div>\n<\/div>\n","protected":false},"excerpt":{"rendered":"<p>Accu Samsung &#8211; Format : 18650 &#8211; 2500 mAh &#8211; 25R &#8211; CDM : 35A<\/p>\n","protected":false},"featured_media":1501,"comment_status":"open","ping_status":"closed","template":"","meta":{"slim_seo":{"title":"Accu INR 25R 18650 2500 mAh - Vapote-Shop","description":"Accu Samsung - Format : 18650 - 2500 mAh - 25R - CDM : 35A"}},"product_brand":[81],"product_cat":[80,52],"product_tag":[],"class_list":{"0":"post-1500","1":"product","2":"type-product","3":"status-publish","4":"has-post-thumbnail","6":"product_brand-samsung","7":"product_cat-accus","8":"product_cat-meilleures-ventes","10":"first","11":"instock","12":"shipping-taxable","13":"purchasable","14":"product-type-simple"},"_links":{"self":[{"href":"https:\/\/www.vapote-shop.fr\/index.php\/wp-json\/wp\/v2\/product\/1500","targetHints":{"allow":["GET"]}}],"collection":[{"href":"https:\/\/www.vapote-shop.fr\/index.php\/wp-json\/wp\/v2\/product"}],"about":[{"href":"https:\/\/www.vapote-shop.fr\/index.php\/wp-json\/wp\/v2\/types\/product"}],"replies":[{"embeddable":true,"href":"https:\/\/www.vapote-shop.fr\/index.php\/wp-json\/wp\/v2\/comments?post=1500"}],"wp:featuredmedia":[{"embeddable":true,"href":"https:\/\/www.vapote-shop.fr\/index.php\/wp-json\/wp\/v2\/media\/1501"}],"wp:attachment":[{"href":"https:\/\/www.vapote-shop.fr\/index.php\/wp-json\/wp\/v2\/media?parent=1500"}],"wp:term":[{"taxonomy":"product_brand","embeddable":true,"href":"https:\/\/www.vapote-shop.fr\/index.php\/wp-json\/wp\/v2\/product_brand?post=1500"},{"taxonomy":"product_cat","embeddable":true,"href":"https:\/\/www.vapote-shop.fr\/index.php\/wp-json\/wp\/v2\/product_cat?post=1500"},{"taxonomy":"product_tag","embeddable":true,"href":"https:\/\/www.vapote-shop.fr\/index.php\/wp-json\/wp\/v2\/product_tag?post=1500"}],"curies":[{"name":"wp","href":"https:\/\/api.w.org\/{rel}","templated":true}]}}