{"id":1527,"date":"2026-03-18T19:19:45","date_gmt":"2026-03-18T18:19:45","guid":{"rendered":"https:\/\/www.vapote-shop.fr\/?post_type=product&#038;p=1527"},"modified":"2026-03-30T08:20:38","modified_gmt":"2026-03-30T06:20:38","slug":"base-500ml-vincent-dans-les-vapes","status":"publish","type":"product","link":"https:\/\/www.vapote-shop.fr\/index.php\/produit\/base-500ml-vincent-dans-les-vapes\/","title":{"rendered":"Base 500ml &#8211; Vincent dans les Vapes<div class=\"custom-short-desc\">500ml - Qualit\u00e9 pharmaceutique - 70\/30 ou 50\/50 ou 20\/80 PG\/VG<\/div>"},"content":{"rendered":"<div class=\"c-pdt__section c-pdt__section--columns\">\n<div id=\"description_short\" class=\"\">\n<h3 class=\"u-h2 u-mb-3\">Base 500ml &#8211; Vincent dans les Vapes<\/h3>\n<div class=\"product-description c-pdt__description c-pdt__description--recap s-cms\">\n<p>Rien de tel pour r\u00e9aliser des DIY 100% personnalis\u00e9s en grandes quantit\u00e9s que la base 500ml VDLV ! Elle contient 500ml de base PG\/VG neutre et garantie de qualit\u00e9 pharmaceutique, pr\u00eate \u00e0 \u00eatre m\u00e9lang\u00e9e \u00e0 tous vos ar\u00f4mes concentr\u00e9s.<\/p>\n<p>La base 500ml VDLV est disponible en trois taux de PG\/VG au choix : 70\/30, 50\/50 et 20\/80. \u00c0 vous un DIY en accord parfait avec votre mat\u00e9riel !<\/p>\n<p>Fabriqu\u00e9e en France, conditionn\u00e9e en bouteille PET avec bouchon de s\u00e9curit\u00e9 enfant.<\/p>\n<\/div>\n<\/div>\n<\/div>\n<div class=\"c-pdt__sections c-pdt__sections--columns\">\n<div class=\"c-pdt__section c-pdt__section--columns\">\n<div id=\"description\" class=\"\">\n<div class=\"product-description c-pdt__description s-cms\">\n<h3>Base 500ml &#8211; VDLV<\/h3>\n<p>Ne soyez jamais \u00e0 court de base pour vos pr\u00e9parations DIY gr\u00e2ce \u00e0 la bouteille de base 500ml de VDLV !<\/p>\n<p>Avec son grand format de 500ml, cette base PG\/VG neutre de qualit\u00e9 pharmaceutique et pr\u00eate \u00e0 l\u2019emploi vous permettra de diluer vos meilleurs ar\u00f4mes concentr\u00e9s pendant longtemps. Vous ne manquerez donc jamais de ce composant indispensable \u00e0 vos pr\u00e9parations DIY !<br \/>\nPour satisfaire vos envies et vous permettre de cr\u00e9er un e-liquide DIY adapt\u00e9 \u00e0 votre mat\u00e9riel, la base 500ml VDLV est propos\u00e9e en trois taux de PG\/VG, des plus fluides aux plus \u00e9pais : 70\/30, 50\/50 et 20\/80.<\/p>\n<p>Fabriqu\u00e9e en France.<\/p>\n<p><u><span style=\"color: red;\">Attention<\/span><\/u>\u00a0: La base 500ml VDLV ne contient pas de nicotine et la bouteille ne laisse pas d\u2019espace pour l\u2019ajout de boosters nicotin\u00e9s. Pour r\u00e9aliser un DIY avec la base 500ml VDLV,\u00a0un ou plusieurs flacons vides\u00a0seront n\u00e9cessaires.<\/p>\n<p>&nbsp;<\/p>\n<hr \/>\n<p>&nbsp;<\/p>\n<p>&nbsp;<\/p>\n<h3>Quel taux de PG\/VG choisir pour votre DIY ?<\/h3>\n<p>Le taux de PG\/VG de votre base 500ml VDLV aura de nombreux impacts sur votre e-liquide DIY. Pour bien la choisir, suivez le guide !<\/p>\n<p>&nbsp;<\/p>\n<h5>Base VDLV 70\/30 PG\/VG<\/h5>\n<p>Cette base 500ml VDLV riche en Propyl\u00e8ne Glycol (PG) permettra de cr\u00e9er des e-liquides DIY \u00e0 la texture tr\u00e8s fluide. Ainsi, elle sera indiqu\u00e9e pour des e-liquides DIY vapot\u00e9s avec des cigarettes \u00e9lectroniques peu puissantes et disposant de tr\u00e8s petites r\u00e9sistances.<\/p>\n<p>Le PG est \u00e9galement un excellent vecteur de hit et d\u2019ar\u00f4mes. Ainsi, une quantit\u00e9 moindre d\u2019ar\u00f4me concentr\u00e9 sera n\u00e9cessaire pour cr\u00e9er un e-liquide DIY tr\u00e8s savoureux. En \u00e9change, une base 500ml VDLV 70\/30 ne produira que peu de vapeur lors de la vape.<\/p>\n<p>&nbsp;<\/p>\n<h5>Base VDLV 50\/50 PG\/VG<\/h5>\n<p>Choisir une base 500ml VDLV 50\/50 sera le meilleur compromis en termes de rendu des saveurs, de densit\u00e9 de la vapeur et de compatibilit\u00e9 mat\u00e9rielle. Un e-liquide DIY pr\u00e9par\u00e9 avec une base 50\/50 PG\/VG offre en effet un excellent rendu et peut \u00eatre vapot\u00e9 avec la majorit\u00e9 des cigarettes \u00e9lectroniques.<\/p>\n<p><u>Attention<\/u>\u00a0: Les plus puissants clearomiseurs subohms sont compatibles avec une base 50\/50 PG\/VG mais peuvent causer des fuites. Pour plus d\u2019information, consultez la fiche technique de votre mat\u00e9riel.<\/p>\n<p>&nbsp;<\/p>\n<h5>Base VDLV 20\/80 PG\/VG<\/h5>\n<p>La base 500ml VDLV en 20\/80 PG\/VG est riche en Glyc\u00e9rine V\u00e9g\u00e9tale (VG). Elle permet de cr\u00e9er des e-liquides DIY \u00e0 la texture tr\u00e8s \u00e9paisse. Elle sera ainsi parfaitement indiqu\u00e9e pour des e-liquides DIY vapot\u00e9s avec des cigarettes \u00e9lectroniques subohms tr\u00e8s puissantes et disposant de grosses r\u00e9sistances.<\/p>\n<p>La VG produit une vapeur tr\u00e8s dense et g\u00e9n\u00e8re de gros nuages aux ar\u00f4mes plus ronds, plus t\u00e9nus. Pour un e-liquide DIY riche en saveurs, il sera alors n\u00e9cessaire d\u2019ajouter davantage d\u2019ar\u00f4me concentr\u00e9 \u00e0 votre base.<\/p>\n<p>&nbsp;<\/p>\n<hr \/>\n<p>&nbsp;<\/p>\n<p>&nbsp;<\/p>\n<h3>Utilisation de la base 500ml VDLV lors des pr\u00e9parations DIY<\/h3>\n<p>Pour cr\u00e9er un e-liquide DIY avec la base 500ml VDLV, il vous faudra la m\u00e9langer \u00e0 un ar\u00f4me concentr\u00e9 en respectant le dosage ar\u00f4me\/base indiqu\u00e9 ainsi que la dur\u00e9e de maturation pr\u00e9conis\u00e9e.<\/p>\n<p>Attention : pour un m\u00e9lange pr\u00e9cis, ne versez pas votre ar\u00f4me concentr\u00e9 directement dans votre bouteille de base. Suivez les instructions suivantes :<\/p>\n<ol>\n<li>Prenez un nouveau flacon vide dont vous connaissez la contenance ;<\/li>\n<li>Versez d\u2019abord l\u2019ar\u00f4me concentr\u00e9, en fonction d\u2019un pourcentage du volume total de e-liquide que vous allez cr\u00e9er. Vous trouverez le pourcentage indiqu\u00e9 sur les fiches des ar\u00f4mes DIY ;<\/li>\n<li>Finissez ensuite de remplir votre flacon avec votre base 500ml VDLV, si besoin nicotin\u00e9e pr\u00e9alablement ;<\/li>\n<li>Remuez le tout pour une dilution homog\u00e8ne ;<\/li>\n<li>Laissez l\u2019ensemble maturer avant de pouvoir le vapoter. Vous trouverez la dur\u00e9e de maturation conseill\u00e9e sur les fiches des ar\u00f4mes DIY.<\/li>\n<\/ol>\n<p>&nbsp;<\/p>\n<p>Par exemple, si vous avez un flacon vide de 50ml et un ar\u00f4me au dosage conseill\u00e9 de 15%, versez d\u2019abord 7,5ml (15% de 50) d\u2019ar\u00f4me concentr\u00e9 dans le flacon, puis finissez le remplissage avec de la base 500ml VDLV.<\/p>\n<p>&nbsp;<\/p>\n<hr \/>\n<p>&nbsp;<\/p>\n<h3>Ajouter de la nicotine \u00e0 votre base 500ml VDLV<\/h3>\n<p>La bouteille de base 500ml VDLV est enti\u00e8rement remplie et ne contient pas de nicotine (0mg). Pour ajouter de la nicotine \u00e0 votre base, il vous faudra en m\u00e9langer avec des boosters nicotin\u00e9s dans un nouveau flacon vide.<\/p>\n<p>Pour booster votre base 500ml VDLV avec pr\u00e9cision, utilisez le calculateur de base nicotin\u00e9e ci-dessous :<\/p>\n<\/div>\n<\/div>\n<\/div>\n<div class=\"c-pdt__section\">\n<div id=\"product-details\" class=\"\" data-product=\"{&quot;id_shop_default&quot;:&quot;2&quot;,&quot;id_manufacturer&quot;:&quot;0&quot;,&quot;id_supplier&quot;:&quot;41&quot;,&quot;reference&quot;:&quot;&quot;,&quot;is_virtual&quot;:&quot;0&quot;,&quot;delivery_in_stock&quot;:&quot;&quot;,&quot;delivery_out_stock&quot;:&quot;&quot;,&quot;id_category_default&quot;:&quot;94&quot;,&quot;on_sale&quot;:&quot;0&quot;,&quot;online_only&quot;:&quot;0&quot;,&quot;ecotax&quot;:0,&quot;minimal_quantity&quot;:&quot;1&quot;,&quot;low_stock_threshold&quot;:null,&quot;low_stock_alert&quot;:&quot;0&quot;,&quot;price&quot;:&quot;3,88\\u00a0\\u20ac&quot;,&quot;unity&quot;:&quot;&quot;,&quot;unit_price_ratio&quot;:&quot;0.000000&quot;,&quot;additional_shipping_cost&quot;:&quot;0.000000&quot;,&quot;customizable&quot;:&quot;0&quot;,&quot;text_fields&quot;:&quot;0&quot;,&quot;uploadable_files&quot;:&quot;0&quot;,&quot;redirect_type&quot;:&quot;404&quot;,&quot;id_type_redirected&quot;:&quot;0&quot;,&quot;available_for_order&quot;:&quot;1&quot;,&quot;available_date&quot;:null,&quot;show_condition&quot;:&quot;0&quot;,&quot;condition&quot;:&quot;new&quot;,&quot;show_price&quot;:&quot;1&quot;,&quot;indexed&quot;:&quot;1&quot;,&quot;visibility&quot;:&quot;both&quot;,&quot;cache_default_attribute&quot;:&quot;230282&quot;,&quot;advanced_stock_management&quot;:&quot;1&quot;,&quot;date_add&quot;:&quot;2021-12-08 12:00:00&quot;,&quot;date_upd&quot;:&quot;2025-02-06 14:50:50&quot;,&quot;pack_stock_type&quot;:&quot;0&quot;,&quot;meta_keywords&quot;:&quot;&quot;,&quot;link_rewrite&quot;:&quot;base-500ml-vdlv&quot;,&quot;name&quot;:&quot;Base 500ml - Vincent dans les Vapes&quot;,&quot;available_now&quot;:&quot;&quot;,&quot;available_later&quot;:&quot;&quot;,&quot;id&quot;:2145,&quot;id_product&quot;:2145,&quot;out_of_stock&quot;:2,&quot;new&quot;:0,&quot;id_product_attribute&quot;:230286,&quot;quantity_wanted&quot;:1,&quot;allow_oosp&quot;:0,&quot;category&quot;:&quot;e-liquide-vincent-dans-les-vapes-vdlv&quot;,&quot;category_name&quot;:&quot;VDLV&quot;,&quot;link&quot;:&quot;https:\\\/\\\/pro.taklope.com\\\/e-liquide-vincent-dans-les-vapes-vdlv\\\/2145-base-500ml-vdlv.html&quot;,&quot;attribute_price&quot;:0,&quot;price_tax_exc&quot;:3.87999999999999989341858963598497211933135986328125,&quot;price_without_reduction&quot;:3.87999999999999989341858963598497211933135986328125,&quot;reduction&quot;:0,&quot;specific_prices&quot;:{&quot;id_specific_price&quot;:&quot;26827317&quot;,&quot;id_specific_price_rule&quot;:&quot;0&quot;,&quot;id_cart&quot;:&quot;0&quot;,&quot;id_product&quot;:&quot;2145&quot;,&quot;id_product_attribute&quot;:&quot;0&quot;,&quot;id_shop&quot;:&quot;2&quot;,&quot;id_shop_group&quot;:&quot;0&quot;,&quot;id_currency&quot;:&quot;0&quot;,&quot;id_country&quot;:&quot;0&quot;,&quot;id_group&quot;:&quot;22&quot;,&quot;id_customer&quot;:&quot;0&quot;,&quot;price&quot;:3.87999999999999989341858963598497211933135986328125,&quot;from_quantity&quot;:&quot;1&quot;,&quot;reduction&quot;:&quot;0.000000&quot;,&quot;reduction_tax&quot;:&quot;1&quot;,&quot;reduction_type&quot;:&quot;percentage&quot;,&quot;from&quot;:&quot;0000-00-00 00:00:00&quot;,&quot;to&quot;:&quot;0000-00-00 00:00:00&quot;,&quot;score&quot;:&quot;18&quot;},&quot;quantity&quot;:16,&quot;quantity_all_versions&quot;:544,&quot;id_image&quot;:&quot;fr-default&quot;,&quot;attachments&quot;:[],&quot;virtual&quot;:0,&quot;pack&quot;:0,&quot;packItems&quot;:[],&quot;nopackprice&quot;:0,&quot;customization_required&quot;:false,&quot;attributes&quot;:{&quot;18&quot;:{&quot;id_attribute&quot;:&quot;25917&quot;,&quot;id_attribute_group&quot;:&quot;18&quot;,&quot;name&quot;:&quot;20\\\/80&quot;,&quot;group&quot;:&quot;Taux PG \\\/ VG&quot;,&quot;reference&quot;:&quot;&quot;,&quot;ean13&quot;:&quot;3663446011084&quot;,&quot;isbn&quot;:&quot;&quot;,&quot;upc&quot;:&quot;&quot;,&quot;mpn&quot;:&quot;&quot;}},&quot;rate&quot;:20,&quot;tax_name&quot;:&quot;TVA FR 20%&quot;,&quot;ecotax_rate&quot;:0,&quot;unit_price&quot;:&quot;&quot;,&quot;customizations&quot;:{&quot;fields&quot;:[]},&quot;id_customization&quot;:0,&quot;is_customizable&quot;:false,&quot;show_quantities&quot;:true,&quot;quantity_label&quot;:&quot;Produits&quot;,&quot;quantity_discounts&quot;:[],&quot;customer_group_discount&quot;:0,&quot;images&quot;:[{&quot;bySize&quot;:{&quot;small_default&quot;:{&quot;url&quot;:&quot;https:\\\/\\\/media.taklope.com\\\/33919-small_default\\\/base-500ml-vdlv.jpg&quot;,&quot;width&quot;:98,&quot;height&quot;:98},&quot;cart_default&quot;:{&quot;url&quot;:&quot;https:\\\/\\\/media.taklope.com\\\/33919-cart_default\\\/base-500ml-vdlv.jpg&quot;,&quot;width&quot;:125,&quot;height&quot;:125},&quot;home_default&quot;:{&quot;url&quot;:&quot;https:\\\/\\\/media.taklope.com\\\/33919-home_default\\\/base-500ml-vdlv.jpg&quot;,&quot;width&quot;:250,&quot;height&quot;:250},&quot;medium_default&quot;:{&quot;url&quot;:&quot;https:\\\/\\\/media.taklope.com\\\/33919-medium_default\\\/base-500ml-vdlv.jpg&quot;,&quot;width&quot;:452,&quot;height&quot;:452},&quot;large_default&quot;:{&quot;url&quot;:&quot;https:\\\/\\\/media.taklope.com\\\/33919-large_default\\\/base-500ml-vdlv.jpg&quot;,&quot;width&quot;:1000,&quot;height&quot;:1000}},&quot;small&quot;:{&quot;url&quot;:&quot;https:\\\/\\\/media.taklope.com\\\/33919-small_default\\\/base-500ml-vdlv.jpg&quot;,&quot;width&quot;:98,&quot;height&quot;:98},&quot;medium&quot;:{&quot;url&quot;:&quot;https:\\\/\\\/media.taklope.com\\\/33919-home_default\\\/base-500ml-vdlv.jpg&quot;,&quot;width&quot;:250,&quot;height&quot;:250},&quot;large&quot;:{&quot;url&quot;:&quot;https:\\\/\\\/media.taklope.com\\\/33919-large_default\\\/base-500ml-vdlv.jpg&quot;,&quot;width&quot;:1000,&quot;height&quot;:1000},&quot;legend&quot;:&quot;Base 500ml - VDLV&quot;,&quot;id_image&quot;:&quot;33919&quot;,&quot;cover&quot;:&quot;1&quot;,&quot;position&quot;:&quot;1&quot;,&quot;associatedVariants&quot;:[&quot;230286&quot;]}],&quot;cover&quot;:{&quot;bySize&quot;:{&quot;small_default&quot;:{&quot;url&quot;:&quot;https:\\\/\\\/media.taklope.com\\\/33919-small_default\\\/base-500ml-vdlv.jpg&quot;,&quot;width&quot;:98,&quot;height&quot;:98},&quot;cart_default&quot;:{&quot;url&quot;:&quot;https:\\\/\\\/media.taklope.com\\\/33919-cart_default\\\/base-500ml-vdlv.jpg&quot;,&quot;width&quot;:125,&quot;height&quot;:125},&quot;home_default&quot;:{&quot;url&quot;:&quot;https:\\\/\\\/media.taklope.com\\\/33919-home_default\\\/base-500ml-vdlv.jpg&quot;,&quot;width&quot;:250,&quot;height&quot;:250},&quot;medium_default&quot;:{&quot;url&quot;:&quot;https:\\\/\\\/media.taklope.com\\\/33919-medium_default\\\/base-500ml-vdlv.jpg&quot;,&quot;width&quot;:452,&quot;height&quot;:452},&quot;large_default&quot;:{&quot;url&quot;:&quot;https:\\\/\\\/media.taklope.com\\\/33919-large_default\\\/base-500ml-vdlv.jpg&quot;,&quot;width&quot;:1000,&quot;height&quot;:1000}},&quot;small&quot;:{&quot;url&quot;:&quot;https:\\\/\\\/media.taklope.com\\\/33919-small_default\\\/base-500ml-vdlv.jpg&quot;,&quot;width&quot;:98,&quot;height&quot;:98},&quot;medium&quot;:{&quot;url&quot;:&quot;https:\\\/\\\/media.taklope.com\\\/33919-home_default\\\/base-500ml-vdlv.jpg&quot;,&quot;width&quot;:250,&quot;height&quot;:250},&quot;large&quot;:{&quot;url&quot;:&quot;https:\\\/\\\/media.taklope.com\\\/33919-large_default\\\/base-500ml-vdlv.jpg&quot;,&quot;width&quot;:1000,&quot;height&quot;:1000},&quot;legend&quot;:&quot;Base 500ml - VDLV&quot;,&quot;id_image&quot;:&quot;33919&quot;,&quot;cover&quot;:&quot;1&quot;,&quot;position&quot;:&quot;1&quot;,&quot;associatedVariants&quot;:[&quot;230286&quot;]},&quot;has_discount&quot;:false,&quot;discount_type&quot;:&quot;percentage&quot;,&quot;discount_percentage&quot;:&quot;0%&quot;,&quot;discount_percentage_absolute&quot;:&quot;0%&quot;,&quot;discount_amount&quot;:&quot;0,00\\u00a0\\u20ac&quot;,&quot;discount_amount_to_display&quot;:&quot;-0,00\\u00a0\\u20ac&quot;,&quot;price_amount&quot;:3.87999999999999989341858963598497211933135986328125,&quot;unit_price_full&quot;:&quot;&quot;,&quot;show_availability&quot;:true,&quot;availability_date&quot;:null,&quot;availability_message&quot;:&quot;&quot;,&quot;availability&quot;:&quot;available&quot;}\">\n<section class=\"product-features\">\n<p class=\"u-h2 u-mb-3\">Fiche technique<\/p>\n<div id=\"readmore-pdt-features\" class=\"u-mb-2\">\n<table class=\"data-sheet table table-striped u-mb-0\">\n<tbody>\n<tr class=\"c-pdt__features-row\">\n<th class=\"name\">Type de produit<\/th>\n<td class=\"value\">Base e-liquide<\/td>\n<\/tr>\n<tr class=\"c-pdt__features-row\">\n<th class=\"name\">Marque<\/th>\n<td class=\"value\">VDLV<\/td>\n<\/tr>\n<tr class=\"c-pdt__features-row\">\n<th class=\"name\">Dosage PG\/VG<\/th>\n<td class=\"value\">20\/80 &#8211; PG\/VG<br \/>\n50\/50 &#8211; PG\/VG<br \/>\n70\/30 &#8211; PG\/VG<\/td>\n<\/tr>\n<tr class=\"c-pdt__features-row\">\n<th class=\"name\">Contenance (en ml)<\/th>\n<td class=\"value\">500<\/td>\n<\/tr>\n<\/tbody>\n<\/table>\n<\/div>\n<\/section>\n<\/div>\n<\/div>\n<div class=\"c-pdt__section c-pdt__section--columns\">\n<div id=\"manufacturer\" class=\"\">\n<div class=\"u-p-rel u-mb-1\">\n<div class=\"c-pdt__manu-thumbnail\"><img loading=\"lazy\" decoding=\"async\" class=\"u-img-fluid\" src=\"https:\/\/media.taklope.com\/c\/94-category_default\/e-liquide-vincent-dans-les-vapes-vdlv.jpg\" alt=\"VDLV\" width=\"250\" height=\"50\" \/><\/div>\n<p>VDLV<\/p>\n<\/div>\n<div id=\"readmore-pdt-manufacturer\" class=\"c-pdt__manu-desc\" data-readmore=\"\" aria-expanded=\"true\">\n<p class=\"u-fiv\">Le fabricant fran\u00e7ais VDLV (pour Vincent dans les Vapes) vous envoie dans la vape fruit\u00e9e, fra\u00eeche, gourmande ou classic avec des\u00a0e-liquides\u00a0et des ar\u00f4mes DIY VDLV hautement savoureux. Savourez les parfums mono saveurs ou d\u00e9couvrez des recettes compos\u00e9es VDLV aussi d\u00e9licieuses qu\u2019explosives dans des flacons 10 et 20ml. Savamment pr\u00e9par\u00e9s avec un dosage de nicotine au choix entre 0, 3, 6, 11, 12 et 16mg, les e-liquides VDLV et les ar\u00f4mes DIY VDLV (non nicotin\u00e9s) s\u2019adaptent \u00e0 toutes les envies et tous les besoins. De grandes sensations dans de savoureux petits flacons.<\/p>\n<\/div>\n<\/div>\n<\/div>\n<\/div>\n","protected":false},"excerpt":{"rendered":"<p>500ml &#8211; Qualit\u00e9 pharmaceutique &#8211; 70\/30 ou 50\/50 ou 20\/80 PG\/VG<\/p>\n","protected":false},"featured_media":1528,"comment_status":"open","ping_status":"closed","template":"","meta":{"slim_seo":{"title":"Base 500ml - Vincent dans les Vapes - Vapote-Shop","description":"500ml - Qualit\u00e9 pharmaceutique - 70\/30 ou 50\/50 ou 20\/80 PG\/VG"}},"product_brand":[83],"product_cat":[55,52],"product_tag":[],"class_list":{"0":"post-1527","1":"product","2":"type-product","3":"status-publish","4":"has-post-thumbnail","6":"product_brand-vdlv","7":"product_cat-base-e-liquide-diy","8":"product_cat-meilleures-ventes","10":"first","11":"instock","12":"shipping-taxable","13":"purchasable","14":"product-type-variable","15":"has-default-attributes"},"_links":{"self":[{"href":"https:\/\/www.vapote-shop.fr\/index.php\/wp-json\/wp\/v2\/product\/1527","targetHints":{"allow":["GET"]}}],"collection":[{"href":"https:\/\/www.vapote-shop.fr\/index.php\/wp-json\/wp\/v2\/product"}],"about":[{"href":"https:\/\/www.vapote-shop.fr\/index.php\/wp-json\/wp\/v2\/types\/product"}],"replies":[{"embeddable":true,"href":"https:\/\/www.vapote-shop.fr\/index.php\/wp-json\/wp\/v2\/comments?post=1527"}],"wp:featuredmedia":[{"embeddable":true,"href":"https:\/\/www.vapote-shop.fr\/index.php\/wp-json\/wp\/v2\/media\/1528"}],"wp:attachment":[{"href":"https:\/\/www.vapote-shop.fr\/index.php\/wp-json\/wp\/v2\/media?parent=1527"}],"wp:term":[{"taxonomy":"product_brand","embeddable":true,"href":"https:\/\/www.vapote-shop.fr\/index.php\/wp-json\/wp\/v2\/product_brand?post=1527"},{"taxonomy":"product_cat","embeddable":true,"href":"https:\/\/www.vapote-shop.fr\/index.php\/wp-json\/wp\/v2\/product_cat?post=1527"},{"taxonomy":"product_tag","embeddable":true,"href":"https:\/\/www.vapote-shop.fr\/index.php\/wp-json\/wp\/v2\/product_tag?post=1527"}],"curies":[{"name":"wp","href":"https:\/\/api.w.org\/{rel}","templated":true}]}}