{"id":1536,"date":"2026-03-24T20:37:30","date_gmt":"2026-03-24T19:37:30","guid":{"rendered":"https:\/\/www.vapote-shop.fr\/?post_type=product&#038;p=1536"},"modified":"2026-03-27T09:17:24","modified_gmt":"2026-03-27T08:17:24","slug":"pack-10-booster-de-nicotine-revolute","status":"publish","type":"product","link":"https:\/\/www.vapote-shop.fr\/index.php\/produit\/pack-10-booster-de-nicotine-revolute\/","title":{"rendered":"Pack 10 boosters de nicotine &#8211; Revolute<div class=\"custom-short-desc\">10ml - 20 mg\/ml - PG\/VG : 0\/100 \/ 50\/50 \/ 30\/70<\/div>"},"content":{"rendered":"<div class=\"c-pdt__section c-pdt__section--columns\">\n<div id=\"description_short\" class=\"\">\n<h3 class=\"u-h2 u-mb-3\">Pack 10 boosters de nicotine &#8211; Revolute<\/h3>\n<div class=\"product-description c-pdt__description c-pdt__description--recap s-cms\">\n<p>Le 20 est un\u00a0<strong>Booster de Nicotine Revolute<\/strong>\u00a0cr\u00e9\u00e9 pour augmenter le taux de nicotine de vos pr\u00e9parations DIY. Le Booster nicotine Revolute est un flacon de 10ml avec un taux de nicotine 20mg\/ml, id\u00e9al pour booster vos bases neutres sans nicotine. Disponible en plusieurs proportions PG\/VG pour faire votre m\u00e9lange selon le taux souhait\u00e9. Le\u00a0<strong>booster de nicotine<\/strong>\u00a0le 20 de Revolute est livr\u00e9 en 10ml dans un flacon PET avec dropper et bouchon de s\u00e9curit\u00e9 enfant.<\/p>\n<\/div>\n<\/div>\n<\/div>\n<div class=\"c-pdt__sections c-pdt__sections--columns\">\n<div class=\"c-pdt__section c-pdt__section--columns\">\n<div id=\"description\" class=\"\">\n<div class=\"product-description c-pdt__description s-cms\">\n<h3>Booster de nicotine &#8211; Revolute<\/h3>\n<p>Le 20 est un\u00a0<strong>Booster de Nicotine\u00a0<\/strong>de la marque<strong>\u00a0Revolute<\/strong>. Ce nicotine booster a \u00e9t\u00e9 cr\u00e9\u00e9 pour augmenter le taux de nicotine de vos pr\u00e9parations DIY. Le\u00a0<strong>Booster de nicotine<\/strong>\u00a0Revolute se pr\u00e9sente sous la forme d&rsquo;un flacon de 10ml avec un taux de nicotine 20mg\/ml, id\u00e9al pour booster vos liquides pour cigarette \u00e9lectronique en 0mg et vos bases neutres sans nicotine. Le booster de nicotine est disponible en plusieurs proportions PG\/VG pour faire votre m\u00e9lange selon le taux souhait\u00e9. Le booster nicotine le 20 Revolute est livr\u00e9 en 10ml dans un flacon PET avec dropper et bouchon de s\u00e9curit\u00e9 enfant.<\/p>\n<h4>Plusieurs taux PG \/ VG disponibles pour le booster de nicotine Le 20 :<\/h4>\n<ul>\n<li>50\/50 &#8211; 50% Propyl\u00e8ne Glycol \/ 50% Glyc\u00e9rine V\u00e9g\u00e9tale<\/li>\n<li>0\/100 &#8211; 100% Glyc\u00e9rine V\u00e9g\u00e9tale<\/li>\n<\/ul>\n<p>&nbsp;<\/p>\n<p>Le booster de nicotine\u00a0<strong>Le 20 Revolute<\/strong>\u00a0est une base nicotin\u00e9e qui contient 20mg\/ml de nicotine, il n&rsquo;est pas obligatoire de le diluer dans une base 0mg mais recommander.<\/p>\n<p>&nbsp;<\/p>\n<p>&nbsp;<\/p>\n<p><img loading=\"lazy\" decoding=\"async\" src=\"https:\/\/www.taklope.com\/img\/cms\/Blog\/tableau%20nicotine%20booster.jpg\" alt=\"\" width=\"737\" height=\"301\" \/><\/p>\n<\/div>\n<\/div>\n<\/div>\n<div class=\"c-pdt__section\">\n<div id=\"product-details\" class=\"\" data-product=\"{&quot;id_shop_default&quot;:&quot;2&quot;,&quot;id_manufacturer&quot;:&quot;0&quot;,&quot;id_supplier&quot;:&quot;99&quot;,&quot;reference&quot;:&quot;&quot;,&quot;is_virtual&quot;:&quot;0&quot;,&quot;delivery_in_stock&quot;:&quot;&quot;,&quot;delivery_out_stock&quot;:&quot;&quot;,&quot;id_category_default&quot;:&quot;171&quot;,&quot;on_sale&quot;:&quot;0&quot;,&quot;online_only&quot;:&quot;0&quot;,&quot;ecotax&quot;:0,&quot;minimal_quantity&quot;:&quot;1&quot;,&quot;low_stock_threshold&quot;:null,&quot;low_stock_alert&quot;:&quot;0&quot;,&quot;price&quot;:&quot;0,46\\u00a0\\u20ac&quot;,&quot;unity&quot;:&quot;&quot;,&quot;unit_price_ratio&quot;:&quot;0.000000&quot;,&quot;additional_shipping_cost&quot;:&quot;0.000000&quot;,&quot;customizable&quot;:&quot;0&quot;,&quot;text_fields&quot;:&quot;0&quot;,&quot;uploadable_files&quot;:&quot;0&quot;,&quot;redirect_type&quot;:&quot;404&quot;,&quot;id_type_redirected&quot;:&quot;0&quot;,&quot;available_for_order&quot;:&quot;1&quot;,&quot;available_date&quot;:null,&quot;show_condition&quot;:&quot;0&quot;,&quot;condition&quot;:&quot;new&quot;,&quot;show_price&quot;:&quot;1&quot;,&quot;indexed&quot;:&quot;1&quot;,&quot;visibility&quot;:&quot;both&quot;,&quot;cache_default_attribute&quot;:&quot;60930&quot;,&quot;advanced_stock_management&quot;:&quot;1&quot;,&quot;date_add&quot;:&quot;2021-12-09 12:40:00&quot;,&quot;date_upd&quot;:&quot;2025-07-29 11:42:50&quot;,&quot;pack_stock_type&quot;:&quot;0&quot;,&quot;meta_keywords&quot;:&quot;&quot;,&quot;link_rewrite&quot;:&quot;booster-de-nicotine-le-20&quot;,&quot;name&quot;:&quot;Booster de nicotine - Revolute&quot;,&quot;available_now&quot;:&quot;&quot;,&quot;available_later&quot;:&quot;&quot;,&quot;id&quot;:3291,&quot;id_product&quot;:3291,&quot;out_of_stock&quot;:2,&quot;new&quot;:0,&quot;id_product_attribute&quot;:60927,&quot;quantity_wanted&quot;:1,&quot;allow_oosp&quot;:0,&quot;category&quot;:&quot;revolute&quot;,&quot;category_name&quot;:&quot;Revolute&quot;,&quot;link&quot;:&quot;https:\\\/\\\/pro.taklope.com\\\/revolute\\\/3291-booster-de-nicotine-le-20.html&quot;,&quot;attribute_price&quot;:0,&quot;price_tax_exc&quot;:0.460000000000000019984014443252817727625370025634765625,&quot;price_without_reduction&quot;:0.460000000000000019984014443252817727625370025634765625,&quot;reduction&quot;:0,&quot;specific_prices&quot;:{&quot;id_specific_price&quot;:&quot;26883792&quot;,&quot;id_specific_price_rule&quot;:&quot;0&quot;,&quot;id_cart&quot;:&quot;0&quot;,&quot;id_product&quot;:&quot;3291&quot;,&quot;id_product_attribute&quot;:&quot;0&quot;,&quot;id_shop&quot;:&quot;2&quot;,&quot;id_shop_group&quot;:&quot;0&quot;,&quot;id_currency&quot;:&quot;0&quot;,&quot;id_country&quot;:&quot;0&quot;,&quot;id_group&quot;:&quot;22&quot;,&quot;id_customer&quot;:&quot;0&quot;,&quot;price&quot;:0.460000000000000019984014443252817727625370025634765625,&quot;from_quantity&quot;:&quot;1&quot;,&quot;reduction&quot;:&quot;0.000000&quot;,&quot;reduction_tax&quot;:&quot;1&quot;,&quot;reduction_type&quot;:&quot;percentage&quot;,&quot;from&quot;:&quot;0000-00-00 00:00:00&quot;,&quot;to&quot;:&quot;0000-00-00 00:00:00&quot;,&quot;score&quot;:&quot;18&quot;},&quot;quantity&quot;:404,&quot;quantity_all_versions&quot;:2919,&quot;id_image&quot;:&quot;fr-default&quot;,&quot;attachments&quot;:[],&quot;virtual&quot;:0,&quot;pack&quot;:0,&quot;packItems&quot;:[],&quot;nopackprice&quot;:0,&quot;customization_required&quot;:false,&quot;attributes&quot;:{&quot;18&quot;:{&quot;id_attribute&quot;:&quot;25918&quot;,&quot;id_attribute_group&quot;:&quot;18&quot;,&quot;name&quot;:&quot;0\\\/100&quot;,&quot;group&quot;:&quot;Taux PG \\\/ VG&quot;,&quot;reference&quot;:&quot;&quot;,&quot;ean13&quot;:&quot;3701190000623&quot;,&quot;isbn&quot;:&quot;&quot;,&quot;upc&quot;:&quot;&quot;,&quot;mpn&quot;:&quot;&quot;}},&quot;rate&quot;:20,&quot;tax_name&quot;:&quot;TVA FR 20%&quot;,&quot;ecotax_rate&quot;:0,&quot;unit_price&quot;:&quot;&quot;,&quot;customizations&quot;:{&quot;fields&quot;:[]},&quot;id_customization&quot;:0,&quot;is_customizable&quot;:false,&quot;show_quantities&quot;:true,&quot;quantity_label&quot;:&quot;Produits&quot;,&quot;quantity_discounts&quot;:[],&quot;customer_group_discount&quot;:0,&quot;images&quot;:[{&quot;bySize&quot;:{&quot;small_default&quot;:{&quot;url&quot;:&quot;https:\\\/\\\/media.taklope.com\\\/23818-small_default\\\/booster-de-nicotine-le-20.jpg&quot;,&quot;width&quot;:98,&quot;height&quot;:98},&quot;cart_default&quot;:{&quot;url&quot;:&quot;https:\\\/\\\/media.taklope.com\\\/23818-cart_default\\\/booster-de-nicotine-le-20.jpg&quot;,&quot;width&quot;:125,&quot;height&quot;:125},&quot;home_default&quot;:{&quot;url&quot;:&quot;https:\\\/\\\/media.taklope.com\\\/23818-home_default\\\/booster-de-nicotine-le-20.jpg&quot;,&quot;width&quot;:250,&quot;height&quot;:250},&quot;medium_default&quot;:{&quot;url&quot;:&quot;https:\\\/\\\/media.taklope.com\\\/23818-medium_default\\\/booster-de-nicotine-le-20.jpg&quot;,&quot;width&quot;:452,&quot;height&quot;:452},&quot;large_default&quot;:{&quot;url&quot;:&quot;https:\\\/\\\/media.taklope.com\\\/23818-large_default\\\/booster-de-nicotine-le-20.jpg&quot;,&quot;width&quot;:1000,&quot;height&quot;:1000}},&quot;small&quot;:{&quot;url&quot;:&quot;https:\\\/\\\/media.taklope.com\\\/23818-small_default\\\/booster-de-nicotine-le-20.jpg&quot;,&quot;width&quot;:98,&quot;height&quot;:98},&quot;medium&quot;:{&quot;url&quot;:&quot;https:\\\/\\\/media.taklope.com\\\/23818-home_default\\\/booster-de-nicotine-le-20.jpg&quot;,&quot;width&quot;:250,&quot;height&quot;:250},&quot;large&quot;:{&quot;url&quot;:&quot;https:\\\/\\\/media.taklope.com\\\/23818-large_default\\\/booster-de-nicotine-le-20.jpg&quot;,&quot;width&quot;:1000,&quot;height&quot;:1000},&quot;legend&quot;:&quot;Booster de nicotine - Revolute&quot;,&quot;id_image&quot;:&quot;23818&quot;,&quot;cover&quot;:null,&quot;position&quot;:&quot;3&quot;,&quot;associatedVariants&quot;:[&quot;60927&quot;]}],&quot;cover&quot;:{&quot;bySize&quot;:{&quot;small_default&quot;:{&quot;url&quot;:&quot;https:\\\/\\\/media.taklope.com\\\/13127-small_default\\\/booster-de-nicotine-le-20.jpg&quot;,&quot;width&quot;:98,&quot;height&quot;:98},&quot;cart_default&quot;:{&quot;url&quot;:&quot;https:\\\/\\\/media.taklope.com\\\/13127-cart_default\\\/booster-de-nicotine-le-20.jpg&quot;,&quot;width&quot;:125,&quot;height&quot;:125},&quot;home_default&quot;:{&quot;url&quot;:&quot;https:\\\/\\\/media.taklope.com\\\/13127-home_default\\\/booster-de-nicotine-le-20.jpg&quot;,&quot;width&quot;:250,&quot;height&quot;:250},&quot;medium_default&quot;:{&quot;url&quot;:&quot;https:\\\/\\\/media.taklope.com\\\/13127-medium_default\\\/booster-de-nicotine-le-20.jpg&quot;,&quot;width&quot;:452,&quot;height&quot;:452},&quot;large_default&quot;:{&quot;url&quot;:&quot;https:\\\/\\\/media.taklope.com\\\/13127-large_default\\\/booster-de-nicotine-le-20.jpg&quot;,&quot;width&quot;:1000,&quot;height&quot;:1000}},&quot;small&quot;:{&quot;url&quot;:&quot;https:\\\/\\\/media.taklope.com\\\/13127-small_default\\\/booster-de-nicotine-le-20.jpg&quot;,&quot;width&quot;:98,&quot;height&quot;:98},&quot;medium&quot;:{&quot;url&quot;:&quot;https:\\\/\\\/media.taklope.com\\\/13127-home_default\\\/booster-de-nicotine-le-20.jpg&quot;,&quot;width&quot;:250,&quot;height&quot;:250},&quot;large&quot;:{&quot;url&quot;:&quot;https:\\\/\\\/media.taklope.com\\\/13127-large_default\\\/booster-de-nicotine-le-20.jpg&quot;,&quot;width&quot;:1000,&quot;height&quot;:1000},&quot;legend&quot;:&quot;Booster de nicotine - Revolute&quot;,&quot;id_image&quot;:&quot;13127&quot;,&quot;cover&quot;:&quot;1&quot;,&quot;position&quot;:&quot;1&quot;,&quot;associatedVariants&quot;:[&quot;60930&quot;]},&quot;has_discount&quot;:false,&quot;discount_type&quot;:&quot;percentage&quot;,&quot;discount_percentage&quot;:&quot;0%&quot;,&quot;discount_percentage_absolute&quot;:&quot;0%&quot;,&quot;discount_amount&quot;:&quot;0,00\\u00a0\\u20ac&quot;,&quot;discount_amount_to_display&quot;:&quot;-0,00\\u00a0\\u20ac&quot;,&quot;price_amount&quot;:0.460000000000000019984014443252817727625370025634765625,&quot;unit_price_full&quot;:&quot;&quot;,&quot;show_availability&quot;:true,&quot;availability_date&quot;:null,&quot;availability_message&quot;:&quot;&quot;,&quot;availability&quot;:&quot;available&quot;}\">\n<section class=\"product-features\">\n<p class=\"u-h2 u-mb-3\">Fiche technique<\/p>\n<div id=\"readmore-pdt-features\" class=\"u-mb-2\">\n<table class=\"data-sheet table table-striped u-mb-0\">\n<tbody>\n<tr class=\"c-pdt__features-row\">\n<th class=\"name\">Type de produit<\/th>\n<td class=\"value\">Booster de nicotine<\/td>\n<\/tr>\n<tr class=\"c-pdt__features-row\">\n<th class=\"name\">Marque<\/th>\n<td class=\"value\">REVOLUTE<\/td>\n<\/tr>\n<tr class=\"c-pdt__features-row\">\n<th class=\"name\">Contenance (en ml)<\/th>\n<td class=\"value\">10<\/td>\n<\/tr>\n<\/tbody>\n<\/table>\n<\/div>\n<\/section>\n<\/div>\n<\/div>\n<div class=\"c-pdt__section c-pdt__section--columns\">\n<div id=\"manufacturer\" class=\"\">\n<div class=\"u-p-rel u-mb-1\">\n<div class=\"c-pdt__manu-thumbnail\"><img loading=\"lazy\" decoding=\"async\" class=\"u-img-fluid\" src=\"https:\/\/media.taklope.com\/c\/171-category_default\/revolute.jpg\" alt=\"Revolute\" width=\"250\" height=\"50\" \/><\/div>\n<p>Revolute<\/p>\n<\/div>\n<div id=\"readmore-pdt-manufacturer\" class=\"c-pdt__manu-desc\" data-readmore=\"\" aria-expanded=\"true\">\n<p class=\"u-fiv\"><strong>R\u00e9volute<\/strong>\u00a0est un fabricant fran\u00e7ais sp\u00e9cialis\u00e9 dans la production de base et ar\u00f4me DIY, c\u2019est-\u00e0-dire une base Revolute neutre et des ar\u00f4mes pour faire soi-m\u00eame son\u00a0e-liquide\u00a0(DIY = Do It Yourself). Particuli\u00e8rement reconnue pour la qualit\u00e9 de sa\u00a0<strong>base R\u00e9volute<\/strong> nicotin\u00e9e, cette marque est une r\u00e9f\u00e9rence de choix sur laquelle nous pouvons compter. Vous pourrez vous laissez s\u00e9duire par une base R\u00e9volute 50\/50, 70\/30 ou m\u00eame 100% VG ou PG si vous souhaitez doser \u00e0 votre mani\u00e8re : chez R\u00e9volute, le DIY est roi !<br \/>\nAfin de donner du go\u00fbt \u00e0 votre e-liquide maison, vous trouverez aussi un grand choix de saveur pour trouver un ar\u00f4me DIY concentr\u00e9 qui correspond \u00e0 chacune de vos envies : classic, fruit\u00e9, gourmand&#8230; il y en a pour tous les gouts. D\u00e9couvrez vite toute la gamme d\u2019<strong>ar\u00f4me DIY<\/strong>\u00a0et base R\u00e9volute et d\u00e9couvrez les plaisirs du Do It Yourself !<\/p>\n<\/div>\n<\/div>\n<\/div>\n<\/div>\n<hr data-start=\"600\" data-end=\"603\" \/>\n","protected":false},"excerpt":{"rendered":"<p>10ml &#8211; 20 mg\/ml &#8211; PG\/VG : 0\/100 \/ 50\/50 \/ 30\/70<\/p>\n","protected":false},"featured_media":1537,"comment_status":"open","ping_status":"closed","template":"","meta":{"slim_seo":{"title":"Pack 10 boosters de nicotine - Revolute - Vapote-Shop","description":"10ml - 20 mg\/ml - PG\/VG : 0\/100 \/ 50\/50 \/ 30\/70"}},"product_brand":[76],"product_cat":[59,90,52],"product_tag":[],"class_list":{"0":"post-1536","1":"product","2":"type-product","3":"status-publish","4":"has-post-thumbnail","6":"product_brand-revolute","7":"product_cat-boosters-nicotine","8":"product_cat-deals","9":"product_cat-meilleures-ventes","11":"first","12":"instock","13":"sale","14":"shipping-taxable","15":"purchasable","16":"product-type-variable","17":"has-default-attributes"},"_links":{"self":[{"href":"https:\/\/www.vapote-shop.fr\/index.php\/wp-json\/wp\/v2\/product\/1536","targetHints":{"allow":["GET"]}}],"collection":[{"href":"https:\/\/www.vapote-shop.fr\/index.php\/wp-json\/wp\/v2\/product"}],"about":[{"href":"https:\/\/www.vapote-shop.fr\/index.php\/wp-json\/wp\/v2\/types\/product"}],"replies":[{"embeddable":true,"href":"https:\/\/www.vapote-shop.fr\/index.php\/wp-json\/wp\/v2\/comments?post=1536"}],"wp:featuredmedia":[{"embeddable":true,"href":"https:\/\/www.vapote-shop.fr\/index.php\/wp-json\/wp\/v2\/media\/1537"}],"wp:attachment":[{"href":"https:\/\/www.vapote-shop.fr\/index.php\/wp-json\/wp\/v2\/media?parent=1536"}],"wp:term":[{"taxonomy":"product_brand","embeddable":true,"href":"https:\/\/www.vapote-shop.fr\/index.php\/wp-json\/wp\/v2\/product_brand?post=1536"},{"taxonomy":"product_cat","embeddable":true,"href":"https:\/\/www.vapote-shop.fr\/index.php\/wp-json\/wp\/v2\/product_cat?post=1536"},{"taxonomy":"product_tag","embeddable":true,"href":"https:\/\/www.vapote-shop.fr\/index.php\/wp-json\/wp\/v2\/product_tag?post=1536"}],"curies":[{"name":"wp","href":"https:\/\/api.w.org\/{rel}","templated":true}]}}