{"id":1547,"date":"2026-03-19T05:47:23","date_gmt":"2026-03-19T04:47:23","guid":{"rendered":"https:\/\/www.vapote-shop.fr\/?post_type=product&#038;p=1547"},"modified":"2026-03-30T08:26:38","modified_gmt":"2026-03-30T06:26:38","slug":"pack-10-boosters-de-nicotine-le-booster-francais-vincent-dans-les-vapes","status":"publish","type":"product","link":"https:\/\/www.vapote-shop.fr\/index.php\/produit\/pack-10-boosters-de-nicotine-le-booster-francais-vincent-dans-les-vapes\/","title":{"rendered":"Pack 10 boosters de nicotine &#8211; Vincent dans les Vapes<div class=\"custom-short-desc\">10ml - 20 mg\/ml - 0\/100 - 20\/80 - 50\/50 - 70\/30 - Nicotine fran\u00e7aise<\/div>"},"content":{"rendered":"<div class=\"c-pdt__section c-pdt__section--columns\">\n<div id=\"description_short\" class=\"\">\n<h3 class=\"u-h2 u-mb-3\">Le Booster Fran\u00e7ais &#8211; Vincent dans les Vapes<\/h3>\n<div class=\"product-description c-pdt__description c-pdt__description--recap s-cms\">\n<div>\n<p><strong>Le Booster Fran\u00e7ais, le nouveau nom du booster Nico Fill !<\/strong><\/p>\n<p>Votre booster de nicotine vapologique issue de l&rsquo;agriculture fran\u00e7aise change de nom et d&rsquo;\u00e9tiquette. Pendant le remplacement du stock, il est possible que vous receviez votre produit avec le nouveau ou l&rsquo;ancien flacon.<\/p>\n<\/div>\n<p>Le\u00a0<strong>Booster Fran\u00e7ais de Vincent dans les Vapes<\/strong>\u00a0est une solution ing\u00e9nieuse pour augmenter le taux de nicotine de votre base DIY sans nicotine. Le\u00a0<strong>Booster Fran\u00e7ais VDLV<\/strong>\u00a0est un flacon de nicotine booster de 10ml avec un taux de nicotine de 20 mg\/ml disponible en plusieurs taux PG\/VG (70\/30, 50\/50, 20\/80, 0\/100) pour\u00a0<strong>booster<\/strong>\u00a0vos bases neutres. Le\u00a0<strong>booster de nicotine<\/strong>\u00a0Nico Fill est livr\u00e9 en 10ml dans un flacon PET avec dropper et bouchon de s\u00e9curit\u00e9 enfant.<\/p>\n<p>Nouveau !\u00a0Les boosters Le Booster Fran\u00e7ais by VDLV en 70\/30, 50\/50 et 20\/80 PG\/VG sont d\u00e9sormais fabriqu\u00e9s avec de la nicotine vapologique et responsable 100% fran\u00e7aise !<\/p>\n<\/div>\n<\/div>\n<\/div>\n<div class=\"c-pdt__sections c-pdt__sections--columns\">\n<div class=\"c-pdt__section c-pdt__section--columns\">\n<div id=\"description\" class=\"\">\n<div class=\"product-description c-pdt__description s-cms\">\n<h3>Le Booster Fran\u00e7ais &#8211; Vincent dans les Vapes<\/h3>\n<h2><img decoding=\"async\" class=\"center-block\" title=\"Le Booster Fran\u00e7ais Vincent dans les Vapes\" src=\"https:\/\/pro.taklope.com\/img\/descrhtml\/lbf_3337144.jpg\" alt=\"booster de nicotine Le Booster Fran\u00e7ais par Vincent dans les Vapes\" \/><\/h2>\n<div>\n<p><strong>Nico Fill by Vincent dans les Vapes devient LE BOOSTER FRAN\u00c7AIS !<\/strong><\/p>\n<p>Le booster de nicotine Nico Fill change d&rsquo;identit\u00e9, mais pas de qualit\u00e9.<\/p>\n<p>D\u00e9couvrez d\u00e8s maintenant Le Booster Fran\u00e7ais, le nouveau nom du booster de nicotine Nico Fill ! Comme toujours, le Booster Fran\u00e7ais prend soin de mettre en valeur le savoir-faire tricolore et vous propose des boosters de nicotine vapologique fabriqu\u00e9s en France, extrait de cultures locales \u00e9coresponsables.<\/p>\n<\/div>\n<p>&nbsp;<\/p>\n<p>Le\u00a0<strong>Booster Fran\u00e7ais VDLV<\/strong>\u00a0est un nouveau proc\u00e9d\u00e9 pour augmenter le taux de nicotine de votre base DIY sans nicotine. Le nicotine booster\u00a0<strong>Le Boosters Fran\u00e7ais VDLV<\/strong>\u00a0se pr\u00e9sente sous la forme d&rsquo;un flacon de 10ml avec un taux de nicotine de 20 mg\/ml. Le booster de nicotine Nico Fill est disponible en plusieurs taux PG\/VG (70\/30, 50\/50, 20\/80, 0\/100) pour\u00a0<strong>booster<\/strong>\u00a0vos bases neutres. Une solution id\u00e9ale pour contrer la suppression des bases nicotin\u00e9es sup\u00e9rieures \u00e0 10ml !<\/p>\n<h4>Plusieurs taux PG \/ VG disponibles :<\/h4>\n<ul>\n<li>70\/30 &#8211; 70% Propyl\u00e8ne Glycol \/ 30% Glyc\u00e9rine V\u00e9g\u00e9tale<\/li>\n<li>50\/50 &#8211; 50% Propyl\u00e8ne Glycol \/ 50% Glyc\u00e9rine V\u00e9g\u00e9tale<\/li>\n<li>20\/80 &#8211; 20% Propyl\u00e8ne Glycol \/ 80% Glyc\u00e9rine V\u00e9g\u00e9tale<\/li>\n<li>0\/100 &#8211; 100% Glyc\u00e9rine V\u00e9g\u00e9tale<\/li>\n<\/ul>\n<p>Le booster nicotine\u00a0<strong>Le Booster Fran\u00e7ais VDLV<\/strong>\u00a0est tout simplement une base nicotin\u00e9e qui contient 20mg\/ml de nicotine, il n&rsquo;est pas obligatoire de le diluer dans une base 0mg mais recommander.<\/p>\n<p>&nbsp;<\/p>\n<p><img loading=\"lazy\" decoding=\"async\" src=\"https:\/\/www.taklope.com\/img\/cms\/Blog\/tableau%20nicotine%20booster.jpg\" alt=\"\" width=\"747\" height=\"305\" \/><\/p>\n<p>&nbsp;<\/p>\n<p>NOUVEAU !\u00a0Les boosters de nicotine Le Booster Fran\u00e7ais en version 70\/30, 50\/50 et 20\/80 PG\/VG contiennent d\u00e9sormais de la nicotine vapologique fran\u00e7aise VDLV. La nicotine des boosters Nico Fill nouvelle g\u00e9n\u00e9ration est issue de l&rsquo;agriculture 100% fran\u00e7aise, et d\u00e9velopp\u00e9e selon une formulation garantie saine \u00e0 l&rsquo;inhalation, sans solvants chlor\u00e9s.<\/p>\n<\/div>\n<\/div>\n<\/div>\n<div class=\"c-pdt__section\">\n<div id=\"product-details\" class=\"\" data-product=\"{&quot;id_shop_default&quot;:&quot;2&quot;,&quot;id_manufacturer&quot;:&quot;0&quot;,&quot;id_supplier&quot;:&quot;41&quot;,&quot;reference&quot;:&quot;&quot;,&quot;is_virtual&quot;:&quot;0&quot;,&quot;delivery_in_stock&quot;:&quot;&quot;,&quot;delivery_out_stock&quot;:&quot;&quot;,&quot;id_category_default&quot;:&quot;94&quot;,&quot;on_sale&quot;:&quot;0&quot;,&quot;online_only&quot;:&quot;0&quot;,&quot;ecotax&quot;:0,&quot;minimal_quantity&quot;:&quot;1&quot;,&quot;low_stock_threshold&quot;:null,&quot;low_stock_alert&quot;:&quot;0&quot;,&quot;price&quot;:&quot;0,80\\u00a0\\u20ac&quot;,&quot;unity&quot;:&quot;&quot;,&quot;unit_price_ratio&quot;:&quot;0.000000&quot;,&quot;additional_shipping_cost&quot;:&quot;0.000000&quot;,&quot;customizable&quot;:&quot;0&quot;,&quot;text_fields&quot;:&quot;0&quot;,&quot;uploadable_files&quot;:&quot;0&quot;,&quot;redirect_type&quot;:&quot;404&quot;,&quot;id_type_redirected&quot;:&quot;0&quot;,&quot;available_for_order&quot;:&quot;1&quot;,&quot;available_date&quot;:null,&quot;show_condition&quot;:&quot;0&quot;,&quot;condition&quot;:&quot;new&quot;,&quot;show_price&quot;:&quot;1&quot;,&quot;indexed&quot;:&quot;1&quot;,&quot;visibility&quot;:&quot;both&quot;,&quot;cache_default_attribute&quot;:&quot;60481&quot;,&quot;advanced_stock_management&quot;:&quot;1&quot;,&quot;date_add&quot;:&quot;2021-12-09 12:35:00&quot;,&quot;date_upd&quot;:&quot;2025-11-14 10:46:51&quot;,&quot;pack_stock_type&quot;:&quot;0&quot;,&quot;meta_keywords&quot;:&quot;&quot;,&quot;link_rewrite&quot;:&quot;booster-nico-fill-vdlv&quot;,&quot;name&quot;:&quot;Le Booster Fran\\u00e7ais - Vincent dans les Vapes&quot;,&quot;available_now&quot;:&quot;&quot;,&quot;available_later&quot;:&quot;&quot;,&quot;id&quot;:3280,&quot;id_product&quot;:3280,&quot;out_of_stock&quot;:2,&quot;new&quot;:0,&quot;id_product_attribute&quot;:60481,&quot;quantity_wanted&quot;:1,&quot;allow_oosp&quot;:0,&quot;category&quot;:&quot;e-liquide-vincent-dans-les-vapes-vdlv&quot;,&quot;category_name&quot;:&quot;VDLV&quot;,&quot;link&quot;:&quot;https:\\\/\\\/pro.taklope.com\\\/e-liquide-vincent-dans-les-vapes-vdlv\\\/3280-booster-nico-fill-vdlv.html&quot;,&quot;attribute_price&quot;:0,&quot;price_tax_exc&quot;:0.8000000000000000444089209850062616169452667236328125,&quot;price_without_reduction&quot;:0.8000000000000000444089209850062616169452667236328125,&quot;reduction&quot;:0,&quot;specific_prices&quot;:{&quot;id_specific_price&quot;:&quot;26827392&quot;,&quot;id_specific_price_rule&quot;:&quot;0&quot;,&quot;id_cart&quot;:&quot;0&quot;,&quot;id_product&quot;:&quot;3280&quot;,&quot;id_product_attribute&quot;:&quot;0&quot;,&quot;id_shop&quot;:&quot;2&quot;,&quot;id_shop_group&quot;:&quot;0&quot;,&quot;id_currency&quot;:&quot;0&quot;,&quot;id_country&quot;:&quot;0&quot;,&quot;id_group&quot;:&quot;22&quot;,&quot;id_customer&quot;:&quot;0&quot;,&quot;price&quot;:0.8000000000000000444089209850062616169452667236328125,&quot;from_quantity&quot;:&quot;1&quot;,&quot;reduction&quot;:&quot;0.000000&quot;,&quot;reduction_tax&quot;:&quot;1&quot;,&quot;reduction_type&quot;:&quot;percentage&quot;,&quot;from&quot;:&quot;0000-00-00 00:00:00&quot;,&quot;to&quot;:&quot;0000-00-00 00:00:00&quot;,&quot;score&quot;:&quot;18&quot;},&quot;quantity&quot;:384,&quot;quantity_all_versions&quot;:1848,&quot;id_image&quot;:&quot;fr-default&quot;,&quot;attachments&quot;:[],&quot;virtual&quot;:0,&quot;pack&quot;:0,&quot;packItems&quot;:[],&quot;nopackprice&quot;:0,&quot;customization_required&quot;:false,&quot;attributes&quot;:{&quot;18&quot;:{&quot;id_attribute&quot;:&quot;25915&quot;,&quot;id_attribute_group&quot;:&quot;18&quot;,&quot;name&quot;:&quot;70\\\/30&quot;,&quot;group&quot;:&quot;Taux PG \\\/ VG&quot;,&quot;reference&quot;:&quot;&quot;,&quot;ean13&quot;:&quot;3663446005496&quot;,&quot;isbn&quot;:&quot;&quot;,&quot;upc&quot;:&quot;&quot;,&quot;mpn&quot;:&quot;&quot;}},&quot;rate&quot;:20,&quot;tax_name&quot;:&quot;TVA FR 20%&quot;,&quot;ecotax_rate&quot;:0,&quot;unit_price&quot;:&quot;&quot;,&quot;customizations&quot;:{&quot;fields&quot;:[]},&quot;id_customization&quot;:0,&quot;is_customizable&quot;:false,&quot;show_quantities&quot;:true,&quot;quantity_label&quot;:&quot;Produits&quot;,&quot;quantity_discounts&quot;:[],&quot;customer_group_discount&quot;:0,&quot;images&quot;:[{&quot;bySize&quot;:{&quot;small_default&quot;:{&quot;url&quot;:&quot;https:\\\/\\\/media.taklope.com\\\/59376-small_default\\\/booster-nico-fill-vdlv.jpg&quot;,&quot;width&quot;:98,&quot;height&quot;:98},&quot;cart_default&quot;:{&quot;url&quot;:&quot;https:\\\/\\\/media.taklope.com\\\/59376-cart_default\\\/booster-nico-fill-vdlv.jpg&quot;,&quot;width&quot;:125,&quot;height&quot;:125},&quot;home_default&quot;:{&quot;url&quot;:&quot;https:\\\/\\\/media.taklope.com\\\/59376-home_default\\\/booster-nico-fill-vdlv.jpg&quot;,&quot;width&quot;:250,&quot;height&quot;:250},&quot;medium_default&quot;:{&quot;url&quot;:&quot;https:\\\/\\\/media.taklope.com\\\/59376-medium_default\\\/booster-nico-fill-vdlv.jpg&quot;,&quot;width&quot;:452,&quot;height&quot;:452},&quot;large_default&quot;:{&quot;url&quot;:&quot;https:\\\/\\\/media.taklope.com\\\/59376-large_default\\\/booster-nico-fill-vdlv.jpg&quot;,&quot;width&quot;:1000,&quot;height&quot;:1000}},&quot;small&quot;:{&quot;url&quot;:&quot;https:\\\/\\\/media.taklope.com\\\/59376-small_default\\\/booster-nico-fill-vdlv.jpg&quot;,&quot;width&quot;:98,&quot;height&quot;:98},&quot;medium&quot;:{&quot;url&quot;:&quot;https:\\\/\\\/media.taklope.com\\\/59376-home_default\\\/booster-nico-fill-vdlv.jpg&quot;,&quot;width&quot;:250,&quot;height&quot;:250},&quot;large&quot;:{&quot;url&quot;:&quot;https:\\\/\\\/media.taklope.com\\\/59376-large_default\\\/booster-nico-fill-vdlv.jpg&quot;,&quot;width&quot;:1000,&quot;height&quot;:1000},&quot;legend&quot;:&quot;Le Booster Fran\\u00e7ais - Vincent dans les Vapes&quot;,&quot;id_image&quot;:&quot;59376&quot;,&quot;cover&quot;:&quot;1&quot;,&quot;position&quot;:&quot;1&quot;,&quot;associatedVariants&quot;:[]}],&quot;cover&quot;:{&quot;bySize&quot;:{&quot;small_default&quot;:{&quot;url&quot;:&quot;https:\\\/\\\/media.taklope.com\\\/59376-small_default\\\/booster-nico-fill-vdlv.jpg&quot;,&quot;width&quot;:98,&quot;height&quot;:98},&quot;cart_default&quot;:{&quot;url&quot;:&quot;https:\\\/\\\/media.taklope.com\\\/59376-cart_default\\\/booster-nico-fill-vdlv.jpg&quot;,&quot;width&quot;:125,&quot;height&quot;:125},&quot;home_default&quot;:{&quot;url&quot;:&quot;https:\\\/\\\/media.taklope.com\\\/59376-home_default\\\/booster-nico-fill-vdlv.jpg&quot;,&quot;width&quot;:250,&quot;height&quot;:250},&quot;medium_default&quot;:{&quot;url&quot;:&quot;https:\\\/\\\/media.taklope.com\\\/59376-medium_default\\\/booster-nico-fill-vdlv.jpg&quot;,&quot;width&quot;:452,&quot;height&quot;:452},&quot;large_default&quot;:{&quot;url&quot;:&quot;https:\\\/\\\/media.taklope.com\\\/59376-large_default\\\/booster-nico-fill-vdlv.jpg&quot;,&quot;width&quot;:1000,&quot;height&quot;:1000}},&quot;small&quot;:{&quot;url&quot;:&quot;https:\\\/\\\/media.taklope.com\\\/59376-small_default\\\/booster-nico-fill-vdlv.jpg&quot;,&quot;width&quot;:98,&quot;height&quot;:98},&quot;medium&quot;:{&quot;url&quot;:&quot;https:\\\/\\\/media.taklope.com\\\/59376-home_default\\\/booster-nico-fill-vdlv.jpg&quot;,&quot;width&quot;:250,&quot;height&quot;:250},&quot;large&quot;:{&quot;url&quot;:&quot;https:\\\/\\\/media.taklope.com\\\/59376-large_default\\\/booster-nico-fill-vdlv.jpg&quot;,&quot;width&quot;:1000,&quot;height&quot;:1000},&quot;legend&quot;:&quot;Le Booster Fran\\u00e7ais - Vincent dans les Vapes&quot;,&quot;id_image&quot;:&quot;59376&quot;,&quot;cover&quot;:&quot;1&quot;,&quot;position&quot;:&quot;1&quot;,&quot;associatedVariants&quot;:[]},&quot;has_discount&quot;:false,&quot;discount_type&quot;:&quot;percentage&quot;,&quot;discount_percentage&quot;:&quot;0%&quot;,&quot;discount_percentage_absolute&quot;:&quot;0%&quot;,&quot;discount_amount&quot;:&quot;0,00\\u00a0\\u20ac&quot;,&quot;discount_amount_to_display&quot;:&quot;-0,00\\u00a0\\u20ac&quot;,&quot;price_amount&quot;:0.8000000000000000444089209850062616169452667236328125,&quot;unit_price_full&quot;:&quot;&quot;,&quot;show_availability&quot;:true,&quot;availability_date&quot;:null,&quot;availability_message&quot;:&quot;&quot;,&quot;availability&quot;:&quot;available&quot;}\">\n<section class=\"product-features\">\n<p class=\"u-h2 u-mb-3\">Fiche technique<\/p>\n<div id=\"readmore-pdt-features\" class=\"u-mb-2\">\n<table class=\"data-sheet table table-striped u-mb-0\">\n<tbody>\n<tr class=\"c-pdt__features-row\">\n<th class=\"name\">Type de produit<\/th>\n<td class=\"value\">Booster de nicotine<\/td>\n<\/tr>\n<tr class=\"c-pdt__features-row\">\n<th class=\"name\">Marque<\/th>\n<td class=\"value\">VDLV<\/td>\n<\/tr>\n<tr class=\"c-pdt__features-row\">\n<th class=\"name\">Contenance (en ml)<\/th>\n<td class=\"value\">10<\/td>\n<\/tr>\n<\/tbody>\n<\/table>\n<\/div>\n<\/section>\n<\/div>\n<\/div>\n<div class=\"c-pdt__section c-pdt__section--columns\">\n<div id=\"manufacturer\" class=\"\">\n<div class=\"u-p-rel u-mb-1\">\n<div class=\"c-pdt__manu-thumbnail\"><img loading=\"lazy\" decoding=\"async\" class=\"u-img-fluid\" src=\"https:\/\/media.taklope.com\/c\/94-category_default\/e-liquide-vincent-dans-les-vapes-vdlv.jpg\" alt=\"VDLV\" width=\"250\" height=\"50\" \/><\/div>\n<p>VDLV<\/p>\n<\/div>\n<div id=\"readmore-pdt-manufacturer\" class=\"c-pdt__manu-desc\" data-readmore=\"\" aria-expanded=\"true\">\n<p class=\"u-fiv\">Le fabricant fran\u00e7ais VDLV (pour Vincent dans les Vapes) vous envoie dans la vape fruit\u00e9e, fra\u00eeche, gourmande ou classic avec des\u00a0e-liquides\u00a0et des ar\u00f4mes DIY VDLV hautement savoureux. Savourez les parfums mono saveurs ou d\u00e9couvrez des recettes compos\u00e9es VDLV aussi d\u00e9licieuses qu\u2019explosives dans des flacons 10 et 20ml. Savamment pr\u00e9par\u00e9s avec un dosage de nicotine au choix entre 0, 3, 6, 11, 12 et 16mg, les e-liquides VDLV et les ar\u00f4mes DIY VDLV (non nicotin\u00e9s) s\u2019adaptent \u00e0 toutes les envies et tous les besoins. De grandes sensations dans de savoureux petits flacons.<\/p>\n<\/div>\n<\/div>\n<\/div>\n<\/div>\n","protected":false},"excerpt":{"rendered":"<p>10ml &#8211; 20 mg\/ml &#8211; 0\/100 &#8211; 20\/80 &#8211; 50\/50 &#8211; 70\/30 &#8211; Nicotine fran\u00e7aise<\/p>\n","protected":false},"featured_media":1548,"comment_status":"open","ping_status":"closed","template":"","meta":{"slim_seo":{"title":"Pack 10 boosters de nicotine - Vincent dans les Vapes - Vapote-Shop","description":"10ml - 20 mg\/ml - 0\/100 - 20\/80 - 50\/50 - 70\/30 - Nicotine fran\u00e7aise"}},"product_brand":[83],"product_cat":[59,90,52],"product_tag":[],"class_list":{"0":"post-1547","1":"product","2":"type-product","3":"status-publish","4":"has-post-thumbnail","6":"product_brand-vdlv","7":"product_cat-boosters-nicotine","8":"product_cat-deals","9":"product_cat-meilleures-ventes","11":"first","12":"instock","13":"sale","14":"shipping-taxable","15":"purchasable","16":"product-type-variable","17":"has-default-attributes"},"_links":{"self":[{"href":"https:\/\/www.vapote-shop.fr\/index.php\/wp-json\/wp\/v2\/product\/1547","targetHints":{"allow":["GET"]}}],"collection":[{"href":"https:\/\/www.vapote-shop.fr\/index.php\/wp-json\/wp\/v2\/product"}],"about":[{"href":"https:\/\/www.vapote-shop.fr\/index.php\/wp-json\/wp\/v2\/types\/product"}],"replies":[{"embeddable":true,"href":"https:\/\/www.vapote-shop.fr\/index.php\/wp-json\/wp\/v2\/comments?post=1547"}],"wp:featuredmedia":[{"embeddable":true,"href":"https:\/\/www.vapote-shop.fr\/index.php\/wp-json\/wp\/v2\/media\/1548"}],"wp:attachment":[{"href":"https:\/\/www.vapote-shop.fr\/index.php\/wp-json\/wp\/v2\/media?parent=1547"}],"wp:term":[{"taxonomy":"product_brand","embeddable":true,"href":"https:\/\/www.vapote-shop.fr\/index.php\/wp-json\/wp\/v2\/product_brand?post=1547"},{"taxonomy":"product_cat","embeddable":true,"href":"https:\/\/www.vapote-shop.fr\/index.php\/wp-json\/wp\/v2\/product_cat?post=1547"},{"taxonomy":"product_tag","embeddable":true,"href":"https:\/\/www.vapote-shop.fr\/index.php\/wp-json\/wp\/v2\/product_tag?post=1547"}],"curies":[{"name":"wp","href":"https:\/\/api.w.org\/{rel}","templated":true}]}}