{"id":1557,"date":"2026-03-19T06:24:47","date_gmt":"2026-03-19T05:24:47","guid":{"rendered":"https:\/\/www.vapote-shop.fr\/?post_type=product&#038;p=1557"},"modified":"2026-04-01T07:08:06","modified_gmt":"2026-04-01T05:08:06","slug":"e-liquide-ragnarok-sel-de-nicotine-10ml-ultimate-al","status":"publish","type":"product","link":"https:\/\/www.vapote-shop.fr\/index.php\/produit\/e-liquide-ragnarok-sel-de-nicotine-10ml-ultimate-al\/","title":{"rendered":"E-liquide Ragnarok Sel de Nicotine 10ml Ultimate &#8211; A&#038;L<div class=\"custom-short-desc\">Fruits rouges - Frais - 10ml - 50\/50 PGVG - 10 ou 20mg<\/div>"},"content":{"rendered":"<div class=\"c-pdt__section c-pdt__section--columns\">\n<div id=\"description_short\" class=\"\">\n<h3 class=\"u-h2 u-mb-3\">E-liquide Ragnarok Sel de Nicotine 10ml Ultimate &#8211; A&amp;L<\/h3>\n<div class=\"product-description c-pdt__description c-pdt__description--recap s-cms\">\n<p class=\"u-fiv\">Vapoteurs d\u00e9butants ? Rejoignez les rangs d&rsquo;Odin en d\u00e9gustant le e-liquide Ragnarok aux sels de nicotine ! Cette apocalypse de fruits rouges vous accompagnera sur le chemin de la vape !<\/p>\n<ul>\n<li><span style=\"color: red;\">Saveurs : Cassis &#8211; Fruits rouges &#8211; Fra\u00eecheur<\/span><\/li>\n<li>E-liquide\u00a050\/50 PG\/VG compatible avec les e-cigarettes peu puissantes recommand\u00e9es pour son utilisation.<\/li>\n<li>Flacon 10ml contenant 10 ou 20mg\/ml de sels de nicotine.<\/li>\n<li>E-liquide A&amp;L Ultimate Sels de nicotine, origine France.<\/li>\n<\/ul>\n<\/div>\n<\/div>\n<\/div>\n<div class=\"c-pdt__sections c-pdt__sections--columns\">\n<div class=\"c-pdt__section c-pdt__section--columns\">\n<div id=\"description\" class=\"\">\n<div class=\"product-description c-pdt__description s-cms\">\n<h3>E-liquide Ragnarok Sels de Nicotine 10ml &#8211; A&amp;L Ultimate<\/h3>\n<p>&nbsp;<\/p>\n<p><img decoding=\"async\" class=\"center-block\" src=\"https:\/\/pro.taklope.com\/img\/descrhtml\/MES_1626056.jpg\" alt=\"MES_1626056.jpg\" \/><\/p>\n<p class=\"u-fiv\">Tout le monde sur le pont ! La fin du monde arrive et Odin veut tous les vapoteurs dans ses rangs. M\u00eame les d\u00e9butants ! Pour vous donner du courage face \u00e0 l&rsquo;apocalypse du Ragnar\u00f6k, Ultimate vous propose enfin de vaper les traditions des vrais Vikings avec le e-liquide Ragnarok Sels de Nicotine. Brandissez votre vapoteuse, et venez combattre vos besoins en faisant couler le sang des fruits !<br \/>\nLe e liquide Ragnarok Sels de Nicotine vous offre le go\u00fbt de la plus c\u00e9l\u00e8bre recette de fruits d&rsquo;A&amp;L Ultimate. Forg\u00e9 dans le froid nordique, le Ragnarok Sels de Nicotine vous offre un parfum de\u00a0fruits rouges et de le cassis. Et avec sa\u00a0formule aux sels de nicotine, le eliquide Ragnarok Sels de Nicotine vous offre l&rsquo;occasion d&rsquo;en finir avec votre bataille nicotinique. \u00c7a va faire mal !<\/p>\n<p>Le e liquide Ragnarok Sels de Nicotine est fabriqu\u00e9 \u00e0 partir d&rsquo;une base 50\/50 PG\/VG, \u00e9quilibr\u00e9e.<br \/>\nUn e-liquide aux sels de nicotine 50PG \/ 50VG est adapt\u00e9 aux cigarettes \u00e9lectroniques de faible puissance conseill\u00e9es pour leur utilisation.<\/p>\n<p>&nbsp;<\/p>\n<p>Base du e-liquide Ragnarok Sels de Nicotine 10ml &#8211; A&amp;L Ultimate :<\/p>\n<ul>\n<li>50% Propyl\u00e8ne Glycol<\/li>\n<li>50% Glyc\u00e9rine V\u00e9g\u00e9tale<\/li>\n<\/ul>\n<p>Le e-liquide Ragnarok Sels de Nicotine est fabriqu\u00e9 en France !<\/p>\n<p>&nbsp;<\/p>\n<hr \/>\n<p>&nbsp;<\/p>\n<h3>Les l\u00e9gendaires saveurs Ultimate aux sels de nicotine<\/h3>\n<p>&nbsp;<\/p>\n<p>Le e liquide Ragnarok Sels de Nicotine de A&amp;L Ultimate contient des sels de nicotine, avec un dosage au choix 10 ou 20mg\/ml.<\/p>\n<p>La nicotine \u00ab acidifi\u00e9e \u00bb sous forme de cristaux (sels) correspond \u00e0 son \u00e9tat naturel. Cette forme de la nicotine permet de tr\u00e8s forts dosages et un effet quasi instantan\u00e9 sur le manque, le tout en produisant une sensation beaucoup plus r\u00e9aliste en gorge et moins irritante.<br \/>\nLe eliquide Ragnarok Sels de Nicotine est alors id\u00e9al pour les anciens gros fumeurs pass\u00e9s \u00e0 la vape qui ont des besoins \u00e9lev\u00e9s en nicotine et qui trouvent les e-liquides classiques trop forts en gorge.<\/p>\n<p>&nbsp;<\/p>\n<h6>Quelle e-cigarette choisir pour vapoter le Ragnarok aux sels de nicotine ?<\/h6>\n<p>Attention : pour une utilisation dans les meilleures conditions possible, il est tr\u00e8s fortement conseill\u00e9 de vapoter ce e liquide A&amp;L Ultimate aux sels de nicotine avec une cigarette \u00e9lectronique de faible puissance.<\/p>\n<p>Les vapoteuses compactes et\/ou proposant un tirage MTL serr\u00e9 (produisant peu de vapeur) sont conseill\u00e9es.<\/p>\n<p>&nbsp;<\/p>\n<hr \/>\n<p>&nbsp;<\/p>\n<h3>Conservation de votre e liquide A&amp;L Ultimate &#8211; Ragnarok Sels de Nicotine<\/h3>\n<p>Pour une saveur et une qualit\u00e9 durable du produit, veillez \u00e0 conserver votre e liquide Ragnarok Sels de Nicotine dans un endroit sec, \u00e0 l\u2019abri de la lumi\u00e8re et \u00e0 temp\u00e9rature ambiante. Bien conserv\u00e9, votre e-liquide A&amp;L Ultimate sels de nicotine pr\u00e9servera son efficacit\u00e9 et ses saveurs plus longtemps apr\u00e8s d\u00e9passement<\/p>\n<\/div>\n<\/div>\n<\/div>\n<div class=\"c-pdt__section\">\n<div id=\"product-details\" class=\"\" data-product=\"{&quot;id_shop_default&quot;:&quot;2&quot;,&quot;id_manufacturer&quot;:&quot;0&quot;,&quot;id_supplier&quot;:&quot;7&quot;,&quot;reference&quot;:&quot;&quot;,&quot;is_virtual&quot;:&quot;0&quot;,&quot;delivery_in_stock&quot;:&quot;&quot;,&quot;delivery_out_stock&quot;:&quot;&quot;,&quot;id_category_default&quot;:&quot;771&quot;,&quot;on_sale&quot;:&quot;0&quot;,&quot;online_only&quot;:&quot;0&quot;,&quot;ecotax&quot;:0,&quot;minimal_quantity&quot;:&quot;1&quot;,&quot;low_stock_threshold&quot;:null,&quot;low_stock_alert&quot;:&quot;0&quot;,&quot;price&quot;:&quot;1,84\\u00a0\\u20ac&quot;,&quot;unity&quot;:&quot;&quot;,&quot;unit_price_ratio&quot;:&quot;0.000000&quot;,&quot;additional_shipping_cost&quot;:&quot;0.000000&quot;,&quot;customizable&quot;:&quot;0&quot;,&quot;text_fields&quot;:&quot;0&quot;,&quot;uploadable_files&quot;:&quot;0&quot;,&quot;redirect_type&quot;:&quot;404&quot;,&quot;id_type_redirected&quot;:&quot;0&quot;,&quot;available_for_order&quot;:&quot;1&quot;,&quot;available_date&quot;:null,&quot;show_condition&quot;:&quot;0&quot;,&quot;condition&quot;:&quot;new&quot;,&quot;show_price&quot;:&quot;1&quot;,&quot;indexed&quot;:&quot;1&quot;,&quot;visibility&quot;:&quot;both&quot;,&quot;cache_default_attribute&quot;:&quot;0&quot;,&quot;advanced_stock_management&quot;:&quot;1&quot;,&quot;date_add&quot;:&quot;2020-09-01 11:00:00&quot;,&quot;date_upd&quot;:&quot;2026-03-17 16:50:33&quot;,&quot;pack_stock_type&quot;:&quot;0&quot;,&quot;meta_keywords&quot;:&quot;&quot;,&quot;link_rewrite&quot;:&quot;ragnarok-sel-de-nicotine-10ml&quot;,&quot;name&quot;:&quot;E-liquide Ragnarok Sel de Nicotine 10ml Ultimate - A&amp;L&quot;,&quot;available_now&quot;:&quot;&quot;,&quot;available_later&quot;:&quot;&quot;,&quot;id&quot;:11178,&quot;id_product&quot;:11178,&quot;out_of_stock&quot;:2,&quot;new&quot;:0,&quot;id_product_attribute&quot;:247417,&quot;quantity_wanted&quot;:1,&quot;allow_oosp&quot;:0,&quot;category&quot;:&quot;a-l&quot;,&quot;category_name&quot;:&quot;A&amp;L&quot;,&quot;link&quot;:&quot;https:\\\/\\\/pro.taklope.com\\\/a-l\\\/11178-ragnarok-sel-de-nicotine-10ml.html&quot;,&quot;attribute_price&quot;:0,&quot;price_tax_exc&quot;:1.8400000000000000799360577730112709105014801025390625,&quot;price_without_reduction&quot;:1.8400000000000000799360577730112709105014801025390625,&quot;reduction&quot;:0,&quot;specific_prices&quot;:{&quot;id_specific_price&quot;:&quot;26831563&quot;,&quot;id_specific_price_rule&quot;:&quot;0&quot;,&quot;id_cart&quot;:&quot;0&quot;,&quot;id_product&quot;:&quot;11178&quot;,&quot;id_product_attribute&quot;:&quot;0&quot;,&quot;id_shop&quot;:&quot;2&quot;,&quot;id_shop_group&quot;:&quot;0&quot;,&quot;id_currency&quot;:&quot;0&quot;,&quot;id_country&quot;:&quot;0&quot;,&quot;id_group&quot;:&quot;22&quot;,&quot;id_customer&quot;:&quot;0&quot;,&quot;price&quot;:1.8400000000000000799360577730112709105014801025390625,&quot;from_quantity&quot;:&quot;1&quot;,&quot;reduction&quot;:&quot;0.000000&quot;,&quot;reduction_tax&quot;:&quot;1&quot;,&quot;reduction_type&quot;:&quot;percentage&quot;,&quot;from&quot;:&quot;0000-00-00 00:00:00&quot;,&quot;to&quot;:&quot;0000-00-00 00:00:00&quot;,&quot;score&quot;:&quot;18&quot;},&quot;quantity&quot;:55,&quot;quantity_all_versions&quot;:125,&quot;id_image&quot;:&quot;fr-default&quot;,&quot;attachments&quot;:[],&quot;virtual&quot;:0,&quot;pack&quot;:0,&quot;packItems&quot;:[],&quot;nopackprice&quot;:0,&quot;customization_required&quot;:false,&quot;attributes&quot;:{&quot;6&quot;:{&quot;id_attribute&quot;:&quot;27050&quot;,&quot;id_attribute_group&quot;:&quot;6&quot;,&quot;name&quot;:&quot;20 mg&quot;,&quot;group&quot;:&quot;Nicotine&quot;,&quot;reference&quot;:&quot;&quot;,&quot;ean13&quot;:&quot;3760298791260&quot;,&quot;isbn&quot;:&quot;&quot;,&quot;upc&quot;:&quot;&quot;,&quot;mpn&quot;:&quot;&quot;}},&quot;rate&quot;:20,&quot;tax_name&quot;:&quot;TVA FR 20%&quot;,&quot;ecotax_rate&quot;:0,&quot;unit_price&quot;:&quot;&quot;,&quot;customizations&quot;:{&quot;fields&quot;:[]},&quot;id_customization&quot;:0,&quot;is_customizable&quot;:false,&quot;show_quantities&quot;:true,&quot;quantity_label&quot;:&quot;Produits&quot;,&quot;quantity_discounts&quot;:[],&quot;customer_group_discount&quot;:0,&quot;images&quot;:[{&quot;bySize&quot;:{&quot;small_default&quot;:{&quot;url&quot;:&quot;https:\\\/\\\/media.taklope.com\\\/66349-small_default\\\/ragnarok-sel-de-nicotine-10ml.jpg&quot;,&quot;width&quot;:98,&quot;height&quot;:98},&quot;cart_default&quot;:{&quot;url&quot;:&quot;https:\\\/\\\/media.taklope.com\\\/66349-cart_default\\\/ragnarok-sel-de-nicotine-10ml.jpg&quot;,&quot;width&quot;:125,&quot;height&quot;:125},&quot;home_default&quot;:{&quot;url&quot;:&quot;https:\\\/\\\/media.taklope.com\\\/66349-home_default\\\/ragnarok-sel-de-nicotine-10ml.jpg&quot;,&quot;width&quot;:250,&quot;height&quot;:250},&quot;medium_default&quot;:{&quot;url&quot;:&quot;https:\\\/\\\/media.taklope.com\\\/66349-medium_default\\\/ragnarok-sel-de-nicotine-10ml.jpg&quot;,&quot;width&quot;:452,&quot;height&quot;:452},&quot;large_default&quot;:{&quot;url&quot;:&quot;https:\\\/\\\/media.taklope.com\\\/66349-large_default\\\/ragnarok-sel-de-nicotine-10ml.jpg&quot;,&quot;width&quot;:1000,&quot;height&quot;:1000}},&quot;small&quot;:{&quot;url&quot;:&quot;https:\\\/\\\/media.taklope.com\\\/66349-small_default\\\/ragnarok-sel-de-nicotine-10ml.jpg&quot;,&quot;width&quot;:98,&quot;height&quot;:98},&quot;medium&quot;:{&quot;url&quot;:&quot;https:\\\/\\\/media.taklope.com\\\/66349-home_default\\\/ragnarok-sel-de-nicotine-10ml.jpg&quot;,&quot;width&quot;:250,&quot;height&quot;:250},&quot;large&quot;:{&quot;url&quot;:&quot;https:\\\/\\\/media.taklope.com\\\/66349-large_default\\\/ragnarok-sel-de-nicotine-10ml.jpg&quot;,&quot;width&quot;:1000,&quot;height&quot;:1000},&quot;legend&quot;:&quot;E-liquide Ragnarok Sel de Nicotine 10ml Ultimate - A&amp;L&quot;,&quot;id_image&quot;:&quot;66349&quot;,&quot;cover&quot;:&quot;1&quot;,&quot;position&quot;:&quot;1&quot;,&quot;associatedVariants&quot;:[&quot;247416&quot;,&quot;247417&quot;]}],&quot;cover&quot;:{&quot;bySize&quot;:{&quot;small_default&quot;:{&quot;url&quot;:&quot;https:\\\/\\\/media.taklope.com\\\/66349-small_default\\\/ragnarok-sel-de-nicotine-10ml.jpg&quot;,&quot;width&quot;:98,&quot;height&quot;:98},&quot;cart_default&quot;:{&quot;url&quot;:&quot;https:\\\/\\\/media.taklope.com\\\/66349-cart_default\\\/ragnarok-sel-de-nicotine-10ml.jpg&quot;,&quot;width&quot;:125,&quot;height&quot;:125},&quot;home_default&quot;:{&quot;url&quot;:&quot;https:\\\/\\\/media.taklope.com\\\/66349-home_default\\\/ragnarok-sel-de-nicotine-10ml.jpg&quot;,&quot;width&quot;:250,&quot;height&quot;:250},&quot;medium_default&quot;:{&quot;url&quot;:&quot;https:\\\/\\\/media.taklope.com\\\/66349-medium_default\\\/ragnarok-sel-de-nicotine-10ml.jpg&quot;,&quot;width&quot;:452,&quot;height&quot;:452},&quot;large_default&quot;:{&quot;url&quot;:&quot;https:\\\/\\\/media.taklope.com\\\/66349-large_default\\\/ragnarok-sel-de-nicotine-10ml.jpg&quot;,&quot;width&quot;:1000,&quot;height&quot;:1000}},&quot;small&quot;:{&quot;url&quot;:&quot;https:\\\/\\\/media.taklope.com\\\/66349-small_default\\\/ragnarok-sel-de-nicotine-10ml.jpg&quot;,&quot;width&quot;:98,&quot;height&quot;:98},&quot;medium&quot;:{&quot;url&quot;:&quot;https:\\\/\\\/media.taklope.com\\\/66349-home_default\\\/ragnarok-sel-de-nicotine-10ml.jpg&quot;,&quot;width&quot;:250,&quot;height&quot;:250},&quot;large&quot;:{&quot;url&quot;:&quot;https:\\\/\\\/media.taklope.com\\\/66349-large_default\\\/ragnarok-sel-de-nicotine-10ml.jpg&quot;,&quot;width&quot;:1000,&quot;height&quot;:1000},&quot;legend&quot;:&quot;E-liquide Ragnarok Sel de Nicotine 10ml Ultimate - A&amp;L&quot;,&quot;id_image&quot;:&quot;66349&quot;,&quot;cover&quot;:&quot;1&quot;,&quot;position&quot;:&quot;1&quot;,&quot;associatedVariants&quot;:[&quot;247416&quot;,&quot;247417&quot;]},&quot;has_discount&quot;:false,&quot;discount_type&quot;:&quot;percentage&quot;,&quot;discount_percentage&quot;:&quot;0%&quot;,&quot;discount_percentage_absolute&quot;:&quot;0%&quot;,&quot;discount_amount&quot;:&quot;0,00\\u00a0\\u20ac&quot;,&quot;discount_amount_to_display&quot;:&quot;-0,00\\u00a0\\u20ac&quot;,&quot;price_amount&quot;:1.8400000000000000799360577730112709105014801025390625,&quot;unit_price_full&quot;:&quot;&quot;,&quot;show_availability&quot;:true,&quot;availability_date&quot;:null,&quot;availability_message&quot;:&quot;&quot;,&quot;availability&quot;:&quot;available&quot;}\">\n<section class=\"product-features\">\n<p class=\"u-h2 u-mb-3\">Fiche technique<\/p>\n<div id=\"readmore-pdt-features\" class=\"u-mb-2\">\n<table class=\"data-sheet table table-striped u-mb-0\">\n<tbody>\n<tr class=\"c-pdt__features-row\">\n<th class=\"name\">Type de produit<\/th>\n<td class=\"value\">E-liquide<\/td>\n<\/tr>\n<tr class=\"c-pdt__features-row\">\n<th class=\"name\">Marque<\/th>\n<td class=\"value\">A&amp;L<\/td>\n<\/tr>\n<tr class=\"c-pdt__features-row\">\n<th class=\"name\">Type de saveur<\/th>\n<td class=\"value\">Frais<br \/>\nFruit\u00e9e<\/td>\n<\/tr>\n<tr class=\"c-pdt__features-row\">\n<th class=\"name\">Dosage PG\/VG<\/th>\n<td class=\"value\">50\/50 &#8211; PG\/VG<\/td>\n<\/tr>\n<tr class=\"c-pdt__features-row\">\n<th class=\"name\">Gamme<\/th>\n<td class=\"value\">Ultimate<br \/>\nUltimate sels de nicotine<\/td>\n<\/tr>\n<tr class=\"c-pdt__features-row\">\n<th class=\"name\">Contenance (en ml)<\/th>\n<td class=\"value\">10<\/td>\n<\/tr>\n<tr class=\"c-pdt__features-row\">\n<th class=\"name\">Origine<\/th>\n<td class=\"value\">France<\/td>\n<\/tr>\n<tr class=\"c-pdt__features-row\">\n<th class=\"name\">Type e-liquide<\/th>\n<td class=\"value\">Pr\u00eat \u00e0 vaper 10ml<br \/>\nSel de nicotine<\/td>\n<\/tr>\n<\/tbody>\n<\/table>\n<\/div>\n<\/section>\n<\/div>\n<\/div>\n<div class=\"c-pdt__section c-pdt__section--columns\">\n<div id=\"disclaimer\" class=\"\">\n<p class=\"u-h2 u-mb-3\">Nicotine bon \u00e0 savoir<\/p>\n<div class=\"c-card c-pdt-disclaimer__card c-pdt-disclaimer__card--attention\">\n<div class=\"c-pdt-disclaimer__heading\">\n<div class=\"u-ml-1\">\n<p class=\"u-h4 u-txt-white u-mb-0\">Attention<\/p>\n<p class=\"u-mb-0\">Entre 0.25% et 1.66% m\/m de Nicotine<\/p>\n<p class=\"u-mb-0\">Nocif en cas d&rsquo;ingestion<\/p>\n<\/div>\n<\/div>\n<div class=\"c-pdt-disclaimer__content\">\n<p class=\"u-h4 u-mb-1\">Conseils de prudence<\/p>\n<ul>\n<li>P101 : En cas de consultation d&rsquo;un m\u00e9decin, garder \u00e0 disposition le r\u00e9cipient ou l&rsquo;\u00e9tiquette<\/li>\n<li>P102 : Tenir hors de port\u00e9e des enfants<\/li>\n<li>Se laver les mains soigneusement apr\u00e8s manipulation<\/li>\n<li>P270 : Ne pas manger, boire ou fumer en manipulant le produit<\/li>\n<li>P301+312 : Appeler un CENTRE ANTI-POISON ou un m\u00e9decin en cas de malaise<\/li>\n<li>P330 : Rincer la bouche<\/li>\n<li>EMBALLAGE : Indice tactile de danger<\/li>\n<\/ul>\n<\/div>\n<\/div>\n<div class=\"c-card c-pdt-disclaimer__card c-pdt-disclaimer__card--danger\">\n<div class=\"c-pdt-disclaimer__heading\">\n<div class=\"u-ml-1\">\n<p class=\"u-h4 u-txt-white u-mb-0\">Danger<\/p>\n<p class=\"u-mb-0\">Au-del\u00e0 de 1.66% m\/m de Nicotine<\/p>\n<p class=\"u-mb-0\">Toxique en cas d&rsquo;ingestion<\/p>\n<\/div>\n<\/div>\n<div class=\"c-pdt-disclaimer__content\">\n<p class=\"u-h4 u-mb-1\">Conseils de prudence<\/p>\n<ul>\n<li>P101 : En cas de consultation d&rsquo;un m\u00e9decin, garder \u00e0 disposition le r\u00e9cipient ou l&rsquo;\u00e9tiquette<\/li>\n<li>P102 : Tenir hors de port\u00e9e des enfants<\/li>\n<li>Se laver les mains soigneusement apr\u00e8s manipulation<\/li>\n<li>P270 : Ne pas manger, boire ou fumer en manipulant le produit<\/li>\n<li>EN CAS DE CONTACT AVEC LA PEAU : laver abondamment \u00e0 l&rsquo;eau et au savon<\/li>\n<li>P301+310 : Appeler imm\u00e9diatement un CENTRE ANTI-POISON ou un m\u00e9decin en cas de malaise<\/li>\n<li>P405 : Garder sous cl\u00e9<\/li>\n<li>EMBALLAGE : Fermeture de s\u00e9curit\u00e9 pour un enfant et indice tactile de danger<\/li>\n<\/ul>\n<\/div>\n<\/div>\n<\/div>\n<\/div>\n<div class=\"c-pdt__section c-pdt__section--columns\">\n<div id=\"manufacturer\" class=\"\">\n<div class=\"u-p-rel u-mb-1\">\n<div class=\"c-pdt__manu-thumbnail\"><img loading=\"lazy\" decoding=\"async\" class=\"u-img-fluid\" src=\"https:\/\/media.taklope.com\/c\/771-category_default\/a-l.jpg\" alt=\"A&amp;L\" width=\"250\" height=\"50\" \/><\/div>\n<p>A&amp;L<\/p>\n<\/div>\n<div id=\"readmore-pdt-manufacturer\" class=\"c-pdt__manu-desc\" data-readmore=\"\" aria-expanded=\"true\">\n<p class=\"u-fiv\">La marque fran\u00e7aise A&amp;L est sp\u00e9cialis\u00e9e dans les saveurs fra\u00eeches et fruit\u00e9es tout droit sorties des mythologies et autres l\u00e9gendes de notre monde. La marque d&rsquo;ar\u00f4mes Diy et de\u00a0eliquides\u00a0pour cigarette \u00e9lectronique A&amp;L propose des concentr\u00e9s diy fran\u00e7ais \u00e0 succ\u00e8s, dont certaines saveurs sont d\u00e9sormais devenues aussi l\u00e9gendaires que les cr\u00e9atures qui les ont inspir\u00e9es ! D\u00e9couvrez la surpuissance des ar\u00f4mes concentr\u00e9s 30ml A&amp;L \u00e0 m\u00e9langer dans une base PG\/VG ! Propos\u00e9s dans des flacons droppers, ils seront tr\u00e8s faciles \u00e0 verser dans votre base, \u00e0 raison d\u2019un dosage 4 \u00e0 10% dans votre m\u00e9lange en 50\/50 PG\/VG. Vous devrez laisser steeper votre ar\u00f4me Diy pour fabriquer votre e-liquide A&amp;L entre 1 jour \u00e0 1 mois en fonction de la complexit\u00e9 de la saveur choisie pour en appr\u00e9cier toute la force. A vous de choisir la base adapt\u00e9e \u00e0 votre mat\u00e9riel pour d\u00e9couvrir le go\u00fbt l\u00e9gendaire des ar\u00f4mes diy A&amp;L!<\/p>\n<\/div>\n<\/div>\n<\/div>\n<\/div>\n","protected":false},"excerpt":{"rendered":"<p>Fruits rouges &#8211; Frais &#8211; 10ml &#8211; 50\/50 PGVG &#8211; 10 ou 20mg<\/p>\n","protected":false},"featured_media":1558,"comment_status":"open","ping_status":"closed","template":"","meta":{"slim_seo":{"title":"E-liquide Ragnarok Sel de Nicotine 10ml Ultimate - A&L - Vapote-Shop","description":"Fruits rouges - Frais - 10ml - 50\/50 PGVG - 10 ou 20mg"}},"product_brand":[84],"product_cat":[90,68,52],"product_tag":[],"class_list":{"0":"post-1557","1":"product","2":"type-product","3":"status-publish","4":"has-post-thumbnail","6":"product_brand-al","7":"product_cat-deals","8":"product_cat-e-liquide-10ml","9":"product_cat-meilleures-ventes","11":"first","12":"instock","13":"sale","14":"shipping-taxable","15":"purchasable","16":"product-type-variable","17":"has-default-attributes"},"_links":{"self":[{"href":"https:\/\/www.vapote-shop.fr\/index.php\/wp-json\/wp\/v2\/product\/1557","targetHints":{"allow":["GET"]}}],"collection":[{"href":"https:\/\/www.vapote-shop.fr\/index.php\/wp-json\/wp\/v2\/product"}],"about":[{"href":"https:\/\/www.vapote-shop.fr\/index.php\/wp-json\/wp\/v2\/types\/product"}],"replies":[{"embeddable":true,"href":"https:\/\/www.vapote-shop.fr\/index.php\/wp-json\/wp\/v2\/comments?post=1557"}],"wp:featuredmedia":[{"embeddable":true,"href":"https:\/\/www.vapote-shop.fr\/index.php\/wp-json\/wp\/v2\/media\/1558"}],"wp:attachment":[{"href":"https:\/\/www.vapote-shop.fr\/index.php\/wp-json\/wp\/v2\/media?parent=1557"}],"wp:term":[{"taxonomy":"product_brand","embeddable":true,"href":"https:\/\/www.vapote-shop.fr\/index.php\/wp-json\/wp\/v2\/product_brand?post=1557"},{"taxonomy":"product_cat","embeddable":true,"href":"https:\/\/www.vapote-shop.fr\/index.php\/wp-json\/wp\/v2\/product_cat?post=1557"},{"taxonomy":"product_tag","embeddable":true,"href":"https:\/\/www.vapote-shop.fr\/index.php\/wp-json\/wp\/v2\/product_tag?post=1557"}],"curies":[{"name":"wp","href":"https:\/\/api.w.org\/{rel}","templated":true}]}}