{"id":1563,"date":"2026-03-19T11:02:03","date_gmt":"2026-03-19T10:02:03","guid":{"rendered":"https:\/\/www.vapote-shop.fr\/?post_type=product&#038;p=1563"},"modified":"2026-03-23T18:38:15","modified_gmt":"2026-03-23T17:38:15","slug":"resistances-gtx-gtx-2-vaporesso","status":"publish","type":"product","link":"https:\/\/www.vapote-shop.fr\/index.php\/produit\/resistances-gtx-gtx-2-vaporesso\/","title":{"rendered":"R\u00e9sistances GTX \/ GTX 2 &#8211; Vaporesso<div class=\"custom-short-desc\">Pour pods ou tanks Vaporesso - Compatibles Lightsaber - DL\/MTL - 5pcs<\/div>"},"content":{"rendered":"<div class=\"c-pdt__section c-pdt__section--columns\">\n<div id=\"description_short\" class=\"\">\n<h3 class=\"u-h2 u-mb-3\">R\u00e9sistances GTX \/ GTX 2 &#8211; Vaporesso<\/h3>\n<div class=\"product-description c-pdt__description c-pdt__description--recap s-cms\">\n<div>\n<p><i>Note : les r\u00e9sistances GTX inf\u00e9rieures \u00e0 0,6ohm sont aussi compatibles avec\u00a0les kits Lightsaber (S, L et X) de BP Mods.<\/i><\/p>\n<\/div>\n<p>&nbsp;<\/p>\n<p>Bo\u00eete de r\u00e9sistances GTX derni\u00e8re g\u00e9n\u00e9ration (GTX2) de rechange pour cigarettes \u00e9lectroniques Vaporesso.<\/p>\n<p>Diff\u00e9rentes versions des r\u00e9sistances GTX \/ GTX-2 sont disponibles pour vous une vape plus personnalis\u00e9e. De la vape DL subohm au pures sensations MTL r\u00e9alistes, les r\u00e9sistances GTX et leurs nouvelles versions am\u00e9lior\u00e9e GTX-2 Vaporesso offrent de nombreuses sensations \u00e0 d\u00e9couvrir avec de nombreux kits complets et kits pods.<\/p>\n<p>Mat\u00e9riels compatibles :<\/p>\n<ul>\n<li>Kits Pod : Target PM30\/80\/80SE ; Luxe PM40 ; Luxe XR ; Luxe XR Max ; Luxe XR Max 2 ; Swag PX80 ; GTX GO 40 ; GTX GO 80 ; GEN Air 40 ; GEN PT60 ; GEN PT80S ; Armour G ; Armour GS<\/li>\n<li>Kits : GEN Nano ; GTX One ; GTX One Pro ; Target 80 ; GEN Fit 40 iTank X<\/li>\n<\/ul>\n<p>&nbsp;<\/p>\n<p>R\u00e9sistances GTX \/ GTX-2 Vaporesso vendues par lots de 5 pi\u00e8ces.<\/p>\n<\/div>\n<\/div>\n<\/div>\n<div class=\"c-pdt__sections c-pdt__sections--columns\">\n<div class=\"c-pdt__section c-pdt__section--columns\">\n<div id=\"description\" class=\"\">\n<div class=\"product-description c-pdt__description s-cms\">\n<h3>R\u00e9sistances GTX &#8211; Vaporesso<\/h3>\n<p>&nbsp;<\/p>\n<p><img decoding=\"async\" class=\"center-block\" title=\"R\u00e9sistances GTX - Vaporesso\" src=\"https:\/\/pro.taklope.com\/img\/descrhtml\/bd_1450157.jpg\" alt=\"R\u00e9sistances GTX - Vaporesso\" \/><\/p>\n<p>Vos kits e-cigarette Vaporesso n&rsquo;ont pas encore dit leur dernier mot !<br \/>\nPoursuivez votre qu\u00eate des nuages nomades en retrouvant les sensations des premiers jours en rempla\u00e7ant la r\u00e9sistance GTX de sa cartouche ou de son clearomiseur ! Ces r\u00e9sistances GTX sont compatibles avec de nombreux kits et kits pods compacts de Vaporesso. Diverses versions adapt\u00e9es \u00e0 diff\u00e9rentes sensations sont disponibles. Trouvez votre r\u00e9sistance GTX id\u00e9ale en fonction de votre mat\u00e9riel et de vos pr\u00e9f\u00e9rences !<\/p>\n<p>Attention : les diff\u00e9rentes versions des r\u00e9sistances GTX Vaporesso ne sont pas compatibles avec tous les kits\/clearomiseurs. Faites votre choix en fonction de votre mat\u00e9riel.<\/p>\n<p>&nbsp;<\/p>\n<p>Les r\u00e9sistances GTX de Vaporesso sont vendues par lots de 5 pi\u00e8ces.<\/p>\n<div>\n<p>&nbsp;<\/p>\n<\/div>\n<div id=\"compatibilites\">\n<h3>R\u00e9sistances GTX disponibles et compatibilit\u00e9s<\/h3>\n<div>\n<p><i>Important<\/i>\u00a0: Nos r\u00e9sistances GTX sont toutes des versions GTX2 de derni\u00e8re g\u00e9n\u00e9ration, dot\u00e9es de 3 joints. Si vous poss\u00e9dez d&rsquo;anciennes versions \u00e0 2 joints, notez que des probl\u00e8mes de compatibilit\u00e9 avec les derniers kits et clearomiseurs Vaporesso peuvent survenir.<\/p>\n<\/div>\n<p><img decoding=\"async\" class=\"center-block\" title=\"\" src=\"https:\/\/pro.taklope.com\/img\/descrhtml\/tab-GTXV19_4410101.jpg\" alt=\"compatibilit\u00e9 des r\u00e9sistances GTX Vaporesso\" \/><i>*N\u00e9cessite la cartouche Luxe XR (non incluse) pour une utilisation avec les kits pod Luxe X Pro, Luxe X2 et Luxe X3.<\/i><\/p>\n<p>&nbsp;<\/p>\n<\/div>\n<h3>Choisissez votre r\u00e9sistance GTX<\/h3>\n<p>Choisissez la r\u00e9sistance GTX compatible avec votre cigarette \u00e9lectronique la plus adapt\u00e9e \u00e0 votre style de vape !<\/p>\n<ul>\n<li>GTX 0,15ohm &#8211; Simple ou double Mesh en Ni80 utilisable de 60 \u00e0 75W.<br \/>\nLa GTX 0,15ohm est la plus puissante des r\u00e9sistances GTX. Sa bande de Mesh en nichrome \u00e0 large chemin\u00e9e permet une vape aussi nuageuse que possible tout en restant tr\u00e8s r\u00e9active. R\u00e9serv\u00e9e aux e-liquides pauvres en nicotine (0 \u00e0 6mg).<br \/>\n<i>Disponible en version Dual-Mesh pour un rendu encore plus r\u00e9actif et g\u00e9n\u00e9reux !<br \/>\n<\/i><\/li>\n<li>GTX 0,2ohm &#8211; Simple ou double Mesh en Ni80 utilisable de pr\u00e9f\u00e9rence \u00e0 55W.<br \/>\nLa GTX 0,2ohm offre une tr\u00e8s grandes puissance de vape, tout en restant l\u00e9g\u00e8rement moins gourmande en \u00e9nergie que la 0,15ohm. R\u00e9serv\u00e9e aux e-liquides pauvres en nicotine (0 \u00e0 6mg).<br \/>\n<i><i>Disponible en version Dual-Mesh pour un rendu encore plus r\u00e9actif et g\u00e9n\u00e9reux !<\/i><\/i><\/li>\n<li>GTX 0,3ohm &#8211; Simple ou double Mesh en Ni80 utilisable de pr\u00e9f\u00e9rence \u00e0 40W.<br \/>\nProche de la version 0,2ohm, la GTX 0,3ohm permet une vape DL un peu plus concentr\u00e9e gr\u00e2ce \u00e0 sa chemin\u00e9e l\u00e9g\u00e8rement plus restreinte. Elle offre des bouff\u00e9es chaudes au meilleur \u00e9quilibre saveur-vapeur et s&rsquo;adapte parfaitement aux faibles taux de nicotine (0 \u00e0 6mg)<br \/>\n<i><i>Disponible en version Dual-Mesh pour un rendu encore plus r\u00e9actif et g\u00e9n\u00e9reux !<\/i><\/i><\/li>\n<li>GTX 0,4ohm &#8211; Mesh en Ni80 utilisable de 26 \u00e0 32W.<br \/>\nLa r\u00e9sistance GTX 0,4ohm offre une vape DL plus savoureuse encore que les 0,3 et les 0,2ohm. Sa chemin\u00e9e bien plus restreinte permet des bouff\u00e9es plus concentr\u00e9es en saveurs et toujours tr\u00e8s g\u00e9n\u00e9reuses en vapeur. Id\u00e9al pour les e-liquides \u00e0 faible taux de nicotine (0 \u00e0 6mg)<\/li>\n<li>GTX 0,6ohm &#8211; Mesh en Ni80 utilisable de 20 \u00e0 26W.<br \/>\nLa GTX 0,6ohm permet une vape a\u00e9rienne restrictive (ou \u00ab\u00a0RDL\u00a0\u00bb) \u00e9quilibr\u00e9e et \u00e9conomique en \u00e9nergie. Elle offre des bouff\u00e9es chaudes et une vapeur toujours g\u00e9n\u00e9reuse tout en \u00e9tant adapt\u00e9e \u00e0 des taux de nicotine plus hauts (0 \u00e0 9mg environ)<\/li>\n<li>GTX 0,8ohm &#8211; Mesh en Ni80 utilisable de 12 \u00e0 16W.<br \/>\nLa r\u00e9sistance GTX 0,8ohm permet une vape MTL ou RDL plus froide et plus concentr\u00e9e, adapt\u00e9e \u00e0 tous les taux de nicotine classiques (0 \u00e0 18mg)<\/li>\n<li>GTX 1,2ohm &#8211; Coil en Kanthal utilisable 8 \u00e0 12W.<br \/>\nChoisissez la r\u00e9sistance GTX 1,2ohm pour une vape serr\u00e9e 100% inhalation indirecte, adapt\u00e9e \u00e0 tous les taux de nicotine ainsi qu&rsquo;aux sels de nicotine<\/li>\n<\/ul>\n<p>&nbsp;<\/p>\n<hr \/>\n<p>&nbsp;<\/p>\n<p>&nbsp;<\/p>\n<h3>Conseils d\u2019utilisation<\/h3>\n<p>Les r\u00e9sistances GTX de Vaporesso sont compatibles avec la majorit\u00e9 des e-liquides.\u00a0Pour une exp\u00e9rience plus satisfaisante et plus durable, nous conseillons n\u00e9anmoins l&rsquo;utilisation d&rsquo;e-liquides aux bases PG\/VG autour de 50\/50 (base 30\/70 compatible avec les mod\u00e8les 0,10,2 ; 0,3 et 0,4ohm).<\/p>\n<p>&nbsp;<\/p>\n<p>Une r\u00e9sistance GTX us\u00e9e montre une baisse de saveurs et de vapeur, des remont\u00e9es d&rsquo;e-liquide dans la chemin\u00e9e, voire un go\u00fbt br\u00fbl\u00e9. Lorsque vous changerez votre r\u00e9sistance, pensez \u00e0 l\u2019amorcer en appliquant un peu d&rsquo;e-liquide directement sur le coton, par les ouvertures tout autour de la r\u00e9sistance.<br \/>\nApr\u00e8s avoir install\u00e9 une r\u00e9sistance neuve et rempli le r\u00e9servoir, laissez-la s\u2019imbiber d&rsquo;e-liquide pendant une dizaine de minutes avant de recommencer \u00e0 utiliser votre cigarette \u00e9lectronique Vaporesso.<\/p>\n<p>&nbsp;<\/p>\n<hr \/>\n<p>&nbsp;<\/p>\n<p>&nbsp;<\/p>\n<h3>Remplacement de la r\u00e9sistance<\/h3>\n<p>Pour remplacer la r\u00e9sistance de votre kit pod avec une cartouche utilisant les r\u00e9sistances GTX :<\/p>\n<ol>\n<li>D\u00e9tachez la cartouche de la batterie ;<\/li>\n<li>Tirez simplement la r\u00e9sistance us\u00e9e hors du r\u00e9servoir ;<\/li>\n<li>Enfoncez une r\u00e9sistance neuve dans la cartouche;<\/li>\n<li>Remplissez le pod et attendez une dizaine de minutes avant de recommencer \u00e0 vaper afin que la r\u00e9sistance neuve s\u2019impr\u00e8gne d\u2019e-liquide.<\/li>\n<\/ol>\n<p>&nbsp;<\/p>\n<p>Pour remplacer la r\u00e9sistance de votre clearomiseur GTX Tank 18 ou 22 : :<\/p>\n<ol>\n<li>D\u00e9vissez le clearomiseur de la batterie, puis d\u00e9vissez sa base ;<\/li>\n<li>Retirez la r\u00e9sistance us\u00e9e hors du r\u00e9servoir en la tirant simplement hors du r\u00e9servoir ;<\/li>\n<li>Ins\u00e9rez une r\u00e9sistance neuve en l&rsquo;enfon\u00e7ant \u00e0 fond \u00e0 l&rsquo;int\u00e9rieur du clearomiseur ;<\/li>\n<li>Remontez l&rsquo;ensemble du clearomiseur ;<\/li>\n<li>Remplissez le r\u00e9servoir et patientez 10 minutes afin que la r\u00e9sistance s&rsquo;impr\u00e8gne correctement d&rsquo;e-liquide.<\/li>\n<\/ol>\n<\/div>\n<\/div>\n<\/div>\n<div class=\"c-pdt__section\">\n<div id=\"product-details\" class=\"\" data-product=\"{&quot;id_shop_default&quot;:&quot;2&quot;,&quot;id_manufacturer&quot;:&quot;0&quot;,&quot;id_supplier&quot;:&quot;159&quot;,&quot;reference&quot;:&quot;&quot;,&quot;is_virtual&quot;:&quot;0&quot;,&quot;delivery_in_stock&quot;:&quot;&quot;,&quot;delivery_out_stock&quot;:&quot;&quot;,&quot;id_category_default&quot;:&quot;453&quot;,&quot;on_sale&quot;:&quot;0&quot;,&quot;online_only&quot;:&quot;0&quot;,&quot;ecotax&quot;:0,&quot;minimal_quantity&quot;:&quot;1&quot;,&quot;low_stock_threshold&quot;:null,&quot;low_stock_alert&quot;:&quot;0&quot;,&quot;price&quot;:&quot;5,04\\u00a0\\u20ac&quot;,&quot;unity&quot;:&quot;&quot;,&quot;unit_price_ratio&quot;:&quot;0.000000&quot;,&quot;additional_shipping_cost&quot;:&quot;0.000000&quot;,&quot;customizable&quot;:&quot;0&quot;,&quot;text_fields&quot;:&quot;0&quot;,&quot;uploadable_files&quot;:&quot;0&quot;,&quot;redirect_type&quot;:&quot;404&quot;,&quot;id_type_redirected&quot;:&quot;0&quot;,&quot;available_for_order&quot;:&quot;1&quot;,&quot;available_date&quot;:null,&quot;show_condition&quot;:&quot;0&quot;,&quot;condition&quot;:&quot;new&quot;,&quot;show_price&quot;:&quot;1&quot;,&quot;indexed&quot;:&quot;1&quot;,&quot;visibility&quot;:&quot;both&quot;,&quot;cache_default_attribute&quot;:&quot;242913&quot;,&quot;advanced_stock_management&quot;:&quot;1&quot;,&quot;date_add&quot;:&quot;2020-01-15 09:44:04&quot;,&quot;date_upd&quot;:&quot;2026-03-16 12:20:09&quot;,&quot;pack_stock_type&quot;:&quot;0&quot;,&quot;meta_keywords&quot;:&quot;&quot;,&quot;link_rewrite&quot;:&quot;resistances-gtx&quot;,&quot;name&quot;:&quot;R\\u00e9sistances GTX \\\/ GTX 2 - Vaporesso&quot;,&quot;available_now&quot;:&quot;&quot;,&quot;available_later&quot;:&quot;&quot;,&quot;id&quot;:10210,&quot;id_product&quot;:10210,&quot;out_of_stock&quot;:2,&quot;new&quot;:0,&quot;id_product_attribute&quot;:260245,&quot;quantity_wanted&quot;:1,&quot;allow_oosp&quot;:0,&quot;category&quot;:&quot;vaporesso&quot;,&quot;category_name&quot;:&quot;Vaporesso&quot;,&quot;link&quot;:&quot;https:\\\/\\\/pro.taklope.com\\\/vaporesso\\\/10210-resistances-gtx.html&quot;,&quot;attribute_price&quot;:0,&quot;price_tax_exc&quot;:5.04000000000000003552713678800500929355621337890625,&quot;price_without_reduction&quot;:5.04000000000000003552713678800500929355621337890625,&quot;reduction&quot;:0,&quot;specific_prices&quot;:{&quot;id_specific_price&quot;:&quot;26846686&quot;,&quot;id_specific_price_rule&quot;:&quot;0&quot;,&quot;id_cart&quot;:&quot;0&quot;,&quot;id_product&quot;:&quot;10210&quot;,&quot;id_product_attribute&quot;:&quot;0&quot;,&quot;id_shop&quot;:&quot;2&quot;,&quot;id_shop_group&quot;:&quot;0&quot;,&quot;id_currency&quot;:&quot;0&quot;,&quot;id_country&quot;:&quot;0&quot;,&quot;id_group&quot;:&quot;22&quot;,&quot;id_customer&quot;:&quot;0&quot;,&quot;price&quot;:5.04000000000000003552713678800500929355621337890625,&quot;from_quantity&quot;:&quot;1&quot;,&quot;reduction&quot;:&quot;0.000000&quot;,&quot;reduction_tax&quot;:&quot;1&quot;,&quot;reduction_type&quot;:&quot;percentage&quot;,&quot;from&quot;:&quot;0000-00-00 00:00:00&quot;,&quot;to&quot;:&quot;0000-00-00 00:00:00&quot;,&quot;score&quot;:&quot;18&quot;},&quot;quantity&quot;:174,&quot;quantity_all_versions&quot;:8582,&quot;id_image&quot;:&quot;fr-default&quot;,&quot;attachments&quot;:[],&quot;virtual&quot;:0,&quot;pack&quot;:0,&quot;packItems&quot;:[],&quot;nopackprice&quot;:0,&quot;customization_required&quot;:false,&quot;attributes&quot;:{&quot;16&quot;:{&quot;id_attribute&quot;:&quot;33320&quot;,&quot;id_attribute_group&quot;:&quot;16&quot;,&quot;name&quot;:&quot;0.15 Ohm&quot;,&quot;group&quot;:&quot;Valeur&quot;,&quot;reference&quot;:&quot;&quot;,&quot;ean13&quot;:&quot;6943498691272&quot;,&quot;isbn&quot;:&quot;&quot;,&quot;upc&quot;:&quot;&quot;,&quot;mpn&quot;:&quot;&quot;}},&quot;rate&quot;:20,&quot;tax_name&quot;:&quot;TVA FR 20%&quot;,&quot;ecotax_rate&quot;:0,&quot;unit_price&quot;:&quot;&quot;,&quot;customizations&quot;:{&quot;fields&quot;:[]},&quot;id_customization&quot;:0,&quot;is_customizable&quot;:false,&quot;show_quantities&quot;:true,&quot;quantity_label&quot;:&quot;Produits&quot;,&quot;quantity_discounts&quot;:[],&quot;customer_group_discount&quot;:0,&quot;images&quot;:[{&quot;bySize&quot;:{&quot;small_default&quot;:{&quot;url&quot;:&quot;https:\\\/\\\/media.taklope.com\\\/72528-small_default\\\/resistances-gtx.jpg&quot;,&quot;width&quot;:98,&quot;height&quot;:98},&quot;cart_default&quot;:{&quot;url&quot;:&quot;https:\\\/\\\/media.taklope.com\\\/72528-cart_default\\\/resistances-gtx.jpg&quot;,&quot;width&quot;:125,&quot;height&quot;:125},&quot;home_default&quot;:{&quot;url&quot;:&quot;https:\\\/\\\/media.taklope.com\\\/72528-home_default\\\/resistances-gtx.jpg&quot;,&quot;width&quot;:250,&quot;height&quot;:250},&quot;medium_default&quot;:{&quot;url&quot;:&quot;https:\\\/\\\/media.taklope.com\\\/72528-medium_default\\\/resistances-gtx.jpg&quot;,&quot;width&quot;:452,&quot;height&quot;:452},&quot;large_default&quot;:{&quot;url&quot;:&quot;https:\\\/\\\/media.taklope.com\\\/72528-large_default\\\/resistances-gtx.jpg&quot;,&quot;width&quot;:1000,&quot;height&quot;:1000}},&quot;small&quot;:{&quot;url&quot;:&quot;https:\\\/\\\/media.taklope.com\\\/72528-small_default\\\/resistances-gtx.jpg&quot;,&quot;width&quot;:98,&quot;height&quot;:98},&quot;medium&quot;:{&quot;url&quot;:&quot;https:\\\/\\\/media.taklope.com\\\/72528-home_default\\\/resistances-gtx.jpg&quot;,&quot;width&quot;:250,&quot;height&quot;:250},&quot;large&quot;:{&quot;url&quot;:&quot;https:\\\/\\\/media.taklope.com\\\/72528-large_default\\\/resistances-gtx.jpg&quot;,&quot;width&quot;:1000,&quot;height&quot;:1000},&quot;legend&quot;:&quot;R\\u00e9sistances GTX \\\/ GTX 2 - Vaporesso&quot;,&quot;id_image&quot;:&quot;72528&quot;,&quot;cover&quot;:null,&quot;position&quot;:&quot;7&quot;,&quot;associatedVariants&quot;:[&quot;260245&quot;]}],&quot;cover&quot;:{&quot;bySize&quot;:{&quot;small_default&quot;:{&quot;url&quot;:&quot;https:\\\/\\\/media.taklope.com\\\/72523-small_default\\\/resistances-gtx.jpg&quot;,&quot;width&quot;:98,&quot;height&quot;:98},&quot;cart_default&quot;:{&quot;url&quot;:&quot;https:\\\/\\\/media.taklope.com\\\/72523-cart_default\\\/resistances-gtx.jpg&quot;,&quot;width&quot;:125,&quot;height&quot;:125},&quot;home_default&quot;:{&quot;url&quot;:&quot;https:\\\/\\\/media.taklope.com\\\/72523-home_default\\\/resistances-gtx.jpg&quot;,&quot;width&quot;:250,&quot;height&quot;:250},&quot;medium_default&quot;:{&quot;url&quot;:&quot;https:\\\/\\\/media.taklope.com\\\/72523-medium_default\\\/resistances-gtx.jpg&quot;,&quot;width&quot;:452,&quot;height&quot;:452},&quot;large_default&quot;:{&quot;url&quot;:&quot;https:\\\/\\\/media.taklope.com\\\/72523-large_default\\\/resistances-gtx.jpg&quot;,&quot;width&quot;:1000,&quot;height&quot;:1000}},&quot;small&quot;:{&quot;url&quot;:&quot;https:\\\/\\\/media.taklope.com\\\/72523-small_default\\\/resistances-gtx.jpg&quot;,&quot;width&quot;:98,&quot;height&quot;:98},&quot;medium&quot;:{&quot;url&quot;:&quot;https:\\\/\\\/media.taklope.com\\\/72523-home_default\\\/resistances-gtx.jpg&quot;,&quot;width&quot;:250,&quot;height&quot;:250},&quot;large&quot;:{&quot;url&quot;:&quot;https:\\\/\\\/media.taklope.com\\\/72523-large_default\\\/resistances-gtx.jpg&quot;,&quot;width&quot;:1000,&quot;height&quot;:1000},&quot;legend&quot;:&quot;R\\u00e9sistances GTX \\\/ GTX 2 - Vaporesso&quot;,&quot;id_image&quot;:&quot;72523&quot;,&quot;cover&quot;:&quot;1&quot;,&quot;position&quot;:&quot;1&quot;,&quot;associatedVariants&quot;:[&quot;242914&quot;]},&quot;has_discount&quot;:false,&quot;discount_type&quot;:&quot;percentage&quot;,&quot;discount_percentage&quot;:&quot;0%&quot;,&quot;discount_percentage_absolute&quot;:&quot;0%&quot;,&quot;discount_amount&quot;:&quot;0,00\\u00a0\\u20ac&quot;,&quot;discount_amount_to_display&quot;:&quot;-0,00\\u00a0\\u20ac&quot;,&quot;price_amount&quot;:5.04000000000000003552713678800500929355621337890625,&quot;unit_price_full&quot;:&quot;&quot;,&quot;show_availability&quot;:true,&quot;availability_date&quot;:null,&quot;availability_message&quot;:&quot;&quot;,&quot;availability&quot;:&quot;available&quot;}\">\n<section class=\"product-features\">\n<p class=\"u-h2 u-mb-3\">Fiche technique<\/p>\n<div id=\"readmore-pdt-features\" class=\"u-mb-2\" data-readmore=\"\" aria-expanded=\"true\">\n<table class=\"data-sheet table table-striped u-mb-0\">\n<tbody>\n<tr class=\"c-pdt__features-row\">\n<th class=\"name\">Marque Compatible<\/th>\n<td class=\"value\">Vaporesso<\/td>\n<\/tr>\n<tr class=\"c-pdt__features-row\">\n<th class=\"name\">Slider<\/th>\n<td class=\"value\">1,2,4,5,7<\/td>\n<\/tr>\n<tr class=\"c-pdt__features-row\">\n<th class=\"name\">Contr\u00f4le de temp\u00e9rature<\/th>\n<td class=\"value\">Non<\/td>\n<\/tr>\n<tr class=\"c-pdt__features-row\">\n<th class=\"name\">Mati\u00e8re<\/th>\n<td class=\"value\">Kanthal \/ Ni80<\/td>\n<\/tr>\n<tr class=\"c-pdt__features-row\">\n<th class=\"name\">Valeur de la r\u00e9sistance<\/th>\n<td class=\"value\">0,2ohm<br \/>\n0,3ohm<br \/>\n0,4ohm<br \/>\n0,6ohm<br \/>\n0,8ohm<br \/>\n0,15ohm<br \/>\n1,2ohm<\/td>\n<\/tr>\n<tr class=\"c-pdt__features-row\">\n<th class=\"name\">Type de produit<\/th>\n<td class=\"value\">R\u00e9sistance<\/td>\n<\/tr>\n<tr class=\"c-pdt__features-row\">\n<th class=\"name\">Marque<\/th>\n<td class=\"value\">VAPORESSO<\/td>\n<\/tr>\n<tr class=\"c-pdt__features-row\">\n<th class=\"name\">Inhalation<\/th>\n<td class=\"value\">Directe ou Indirecte<\/td>\n<\/tr>\n<tr class=\"c-pdt__features-row\">\n<th class=\"name\">Compatibilit\u00e9 Kit<\/th>\n<td class=\"value\">Armour G &#8211; Vaporesso<br \/>\nArmour GS &#8211; Vaporesso<br \/>\nD\u00e9couverte Swag PX80<br \/>\nGEN Air 40 &#8211; Vaporesso<br \/>\nGEN Fit 40 &#8211; Vaporesso<br \/>\nGEN Nano<br \/>\nGEN PT60 &#8211; Vaporesso<br \/>\nGEN PT80S &#8211; Vaporesso<br \/>\nGTX GO 40 &#8211; Vaporesso<br \/>\nGTX GO 80 &#8211; Vaporesso<br \/>\nGTX One<br \/>\nGTX One Pro &#8211; Vaporesso<br \/>\nLightsaber L 2100mAh &#8211; BP Mods<br \/>\nLightsaber S 1500mAh &#8211; BP Mods<br \/>\nLightsaber X &#8211; BP Mods<br \/>\nLuxe 80 &#8211; Vaporesso<br \/>\nLuxe 80S &#8211; Vaporesso<br \/>\nLuxe PM40<br \/>\nLuxe XR &#8211; Vaporesso<br \/>\nLuxe XR Max &#8211; Vaporesso<br \/>\nLuxe XR Max 2 &#8211; Vaporesso<br \/>\nSwag PX80 &#8211; Vaporesso<br \/>\nTarget 80 &#8211; Vaporesso<br \/>\nTarget PM30<br \/>\nTarget PM80<br \/>\nTarget PM80SE<\/td>\n<\/tr>\n<tr class=\"c-pdt__features-row\">\n<th class=\"name\">Compatibilit\u00e9 clearomiseur<\/th>\n<td class=\"value\">Cartouche Armour G Series &#8211; Vaporesso<br \/>\nCartouche GEN Air 40 &#8211; Vaporesso<br \/>\nCartouche PM30 &#8211; Vaporesso<br \/>\nCartouche PM40 &#8211; Vaporesso<br \/>\nCartouche Swag PX80 &#8211; Vaporesso<br \/>\nCartouches Luxe XR &#8211; Vaporesso<br \/>\nCartouche xTank PT60\/80S &#8211; Vaporesso<br \/>\nGTX Pod &#8211; Vaporesso<br \/>\nGTX Tank<br \/>\nPioneer S &#8211; BP Mods<br \/>\nXTank T &#8211; Vaporesso<br \/>\niTank X &#8211; Vaporesso<\/td>\n<\/tr>\n<\/tbody>\n<\/table>\n<\/div>\n<\/section>\n<\/div>\n<\/div>\n<div class=\"c-pdt__section c-pdt__section--columns\">\n<div id=\"manufacturer\" class=\"\">\n<div class=\"u-p-rel u-mb-1\">\n<div class=\"c-pdt__manu-thumbnail\"><img loading=\"lazy\" decoding=\"async\" class=\"u-img-fluid\" src=\"https:\/\/media.taklope.com\/c\/453-category_default\/vaporesso.jpg\" alt=\"Vaporesso\" width=\"250\" height=\"50\" \/><\/div>\n<p>Vaporesso<\/p>\n<\/div>\n<div id=\"readmore-pdt-manufacturer\" class=\"c-pdt__manu-desc\" data-readmore=\"\" aria-expanded=\"true\">\n<p class=\"u-fiv\">Arriv\u00e9e en 2015 dans un march\u00e9 de la\u00a0cigarette electronique\u00a0sur le point de conna\u00eetre son \u00e2ge moderne, la marque de kits et pods cigarettes \u00e9lectroniques Vaporesso fait aujourd&rsquo;hui partie des grands leaders des produits de vape. Choisir une cigarette \u00e9lectronique Vaporesso, un r\u00e9servoir clearomiseur ou un kit pod c&rsquo;est avant tout pour les vapoteurs faire le choix d&rsquo;un achat de mat\u00e9riel de vape de qualit\u00e9 et innovant. Sans jamais laisser de c\u00f4t\u00e9 les novices, la marque de kit pod et cigarette \u00e9lectronique Vaporesso a su se perfectionner au fil des g\u00e9n\u00e9rations de mat\u00e9riels et concevoir des produits de vape devenus mythiques comme la cigarette \u00e9lectronique box luxe Vaporesso et la box gen ou le kit Vaporesso swag et le r\u00e9servoir clearomiseur itank ainsi que les pyrex et r\u00e9sistances pour e cigarette nrg. Qu&rsquo;il s&rsquo;agisse de mat\u00e9riels de vape pour d\u00e9butants tels que les c\u00e9l\u00e8bres kits Target Mini Vaporesso ou de pods cigarettes \u00e9lectroniques Vaporesso aussi puissantes qu&rsquo;innovantes telles que la box GEN S Vaporesso ou le kit e cigarette Sky Solo.<\/p>\n<\/div>\n<\/div>\n<\/div>\n<\/div>\n","protected":false},"excerpt":{"rendered":"<p>Pour pods ou tanks Vaporesso &#8211; Compatibles Lightsaber &#8211; DL\/MTL &#8211; 5pcs<\/p>\n","protected":false},"featured_media":1564,"comment_status":"open","ping_status":"closed","template":"","meta":{"slim_seo":{"title":"R\u00e9sistances GTX \/ GTX 2 - Vaporesso - Vapote-Shop","description":"Pour pods ou tanks Vaporesso - Compatibles Lightsaber - DL\/MTL - 5pcs"}},"product_brand":[85],"product_cat":[52,49],"product_tag":[],"class_list":{"0":"post-1563","1":"product","2":"type-product","3":"status-publish","4":"has-post-thumbnail","6":"product_brand-vaporesso","7":"product_cat-meilleures-ventes","8":"product_cat-resistances","10":"first","11":"instock","12":"shipping-taxable","13":"purchasable","14":"product-type-variable","15":"has-default-attributes"},"_links":{"self":[{"href":"https:\/\/www.vapote-shop.fr\/index.php\/wp-json\/wp\/v2\/product\/1563","targetHints":{"allow":["GET"]}}],"collection":[{"href":"https:\/\/www.vapote-shop.fr\/index.php\/wp-json\/wp\/v2\/product"}],"about":[{"href":"https:\/\/www.vapote-shop.fr\/index.php\/wp-json\/wp\/v2\/types\/product"}],"replies":[{"embeddable":true,"href":"https:\/\/www.vapote-shop.fr\/index.php\/wp-json\/wp\/v2\/comments?post=1563"}],"wp:featuredmedia":[{"embeddable":true,"href":"https:\/\/www.vapote-shop.fr\/index.php\/wp-json\/wp\/v2\/media\/1564"}],"wp:attachment":[{"href":"https:\/\/www.vapote-shop.fr\/index.php\/wp-json\/wp\/v2\/media?parent=1563"}],"wp:term":[{"taxonomy":"product_brand","embeddable":true,"href":"https:\/\/www.vapote-shop.fr\/index.php\/wp-json\/wp\/v2\/product_brand?post=1563"},{"taxonomy":"product_cat","embeddable":true,"href":"https:\/\/www.vapote-shop.fr\/index.php\/wp-json\/wp\/v2\/product_cat?post=1563"},{"taxonomy":"product_tag","embeddable":true,"href":"https:\/\/www.vapote-shop.fr\/index.php\/wp-json\/wp\/v2\/product_tag?post=1563"}],"curies":[{"name":"wp","href":"https:\/\/api.w.org\/{rel}","templated":true}]}}