{"id":1587,"date":"2026-03-19T18:11:45","date_gmt":"2026-03-19T17:11:45","guid":{"rendered":"https:\/\/www.vapote-shop.fr\/?post_type=product&#038;p=1587"},"modified":"2026-03-30T08:22:44","modified_gmt":"2026-03-30T06:22:44","slug":"base-diy-1l-mixgo-pure","status":"publish","type":"product","link":"https:\/\/www.vapote-shop.fr\/index.php\/produit\/base-diy-1l-mixgo-pure\/","title":{"rendered":"Base DIY 1L Mix&#038;Go &#8211; Pure<div class=\"custom-short-desc\">Acc\u00e9l\u00e9rateur de steep - DIY sans maturation - 50\/50 ou 30\/70 PG\/VG<\/div>"},"content":{"rendered":"<div class=\"c-pdt__section c-pdt__section--columns\">\n<div id=\"description_short\" class=\"\">\n<h3 class=\"u-h2 u-mb-3\">Base DIY 1L Mix&amp;Go &#8211; Pure<\/h3>\n<div class=\"product-description c-pdt__description c-pdt__description--recap s-cms\">\n<p>Un e-liquide DIY sans temps de steep ? Non, ce n\u2019est pas de la sorcellerie\u2026 Juste la prouesse technique de la Base DIY Pure Mix&amp;Go 1L !<br \/>\nVapotez tous vos ar\u00f4mes concentr\u00e9s en moins de temps qu\u2019il ne faut pour dire \u00ab top-chrono \u00bb gr\u00e2ce \u00e0 la base Mix&amp;Go 1L et son effet acc\u00e9l\u00e9rateur de maturation sans sucralose et 100% conforme \u00e0 la TPD.<\/p>\n<p>La base Mix&amp;Go Pure 1litre vous permettra de r\u00e9aliser des e-liquides DIY sans attendre le steep. Diluez vos ar\u00f4mes dans un volume adapt\u00e9 de base Pure Mix&amp;Go et vapotez enfin sans d\u00e9lai ni frustration !<\/p>\n<p>La base Mix&amp;Go de\u00a0Pure\u00a0ne contient pas de nicotine (0mg). Elle est disponible avec des taux de PG\/VG au choix de 50\/50 et 30\/70.<\/p>\n<p>Base Pure 1L fabriqu\u00e9e en Pologne, conditionn\u00e9e dans une bouteille PET.<\/p>\n<\/div>\n<\/div>\n<\/div>\n<div class=\"c-pdt__sections c-pdt__sections--columns\">\n<div class=\"c-pdt__section c-pdt__section--columns\">\n<div id=\"description\" class=\"\">\n<div class=\"product-description c-pdt__description s-cms\">\n<h3>Base DIY 1L Mix&amp;Go &#8211; Pure<\/h3>\n<p>&nbsp;<\/p>\n<p><img decoding=\"async\" class=\"center-block\" src=\"https:\/\/pro.taklope.com\/img\/descrhtml\/6_4278901.jpg\" alt=\"Base DIY 1L Mix&amp;Go - Pure\" \/><\/p>\n<p>Votre r\u00eave de ne plus jamais attendre est sur le point de se r\u00e9aliser ! Gr\u00e2ce \u00e0 la base Mix&amp;Go 1L d\u00e9velopp\u00e9e par le fabricant Pure et son ingr\u00e9dient acc\u00e9l\u00e9rateur de steep, tous vos e-liquides DIY seront pr\u00eats \u00e0 vapoter.<br \/>\nTermin\u00e9 les interminables semaines d&rsquo;attente et de frustration ! Avec la base DIY Pure Mix&amp;Go, tous vos ar\u00f4mes concentr\u00e9s d\u00e9livreront un parfum presque enti\u00e8rement matur\u00e9 (m\u00eame les plus gourmands). Pr\u00e9parez votre cigarette \u00e9lectronique, car c&rsquo;est d\u00e9j\u00e0 pr\u00eat !<\/p>\n<p>La base 1 litre Pure Mix&amp;Go est disponible sous deux taux de PG\/VG diff\u00e9rents. Profitez d&rsquo;un DIY sans maturation pour des pr\u00e9parations en 50\/50 et 30\/70 PG\/VG.<\/p>\n<p>Base DIY Pure, fabriqu\u00e9e en Pologne.<\/p>\n<p>&nbsp;<\/p>\n<p><u>Attention<\/u>\u00a0: la base neutre Mix&amp;Go 1L de Pure ne contient pas de nicotine et la bouteille ne contient pas d\u2019espace pour l\u2019ajout de boosters nicotin\u00e9s.\u00a0Un flacon vide\u00a0ainsi que des\u00a0boosters de nicotine\u00a0seront n\u00e9cessaires pour l\u2019ajout de nicotine.<\/p>\n<p>&nbsp;<\/p>\n<hr \/>\n<p>&nbsp;<\/p>\n<h3>Mix&amp;Go : la r\u00e9volution DIY 100% europ\u00e9enne<\/h3>\n<p>R\u00e9elle \u00e9volution dans l&rsquo;univers du e-liquide DIY, la base Mix&amp;Go et son effet acc\u00e9l\u00e9rateur de steep ont fait l&rsquo;objet d&rsquo;un processus de recherche et de d\u00e9veloppement engageant de nombreux acteurs. D\u00e9j\u00e0 test\u00e9e et approuv\u00e9e en Pologne, en Espagne et au Portugal, la base 1L de Pure compte bien coloniser aujourd&rsquo;hui le DIY europ\u00e9en.<\/p>\n<p>Bien que l&rsquo;ingr\u00e9dient permettant un DIY sans maturation soit un secret industriel, la marque Pure assure une composition 100% conforme \u00e0 la TPD europ\u00e9enne, analys\u00e9e en laboratoire et fabriqu\u00e9e sans aucune substance controvers\u00e9e. Qualit\u00e9 garantie !<\/p>\n<p>&nbsp;<\/p>\n<hr \/>\n<p>&nbsp;<\/p>\n<h3>Quel taux de PG\/VG choisir pour votre DIY ?<\/h3>\n<p>Le taux de PG\/VG de votre base 1litre Mix&amp;Go aura de nombreux impacts sur votre e-liquide DIY. Pour bien la choisir, suivez le guide !<\/p>\n<p>&nbsp;<\/p>\n<h6>Base Mix&amp;Go 50\/50 PG\/VG<\/h6>\n<p>La base Mix&amp;Go 1L en 50\/50 est le meilleur compromis en termes de rendu des saveurs, de densit\u00e9 de la vapeur et de compatibilit\u00e9 mat\u00e9rielle. Un e-liquide DIY pr\u00e9par\u00e9 avec une base 50\/50 PG\/VG offre un excellent rendu et peut \u00eatre vapot\u00e9 avec la majorit\u00e9 des cigarettes \u00e9lectroniques.<\/p>\n<p><u>Attention<\/u>\u00a0: les plus puissants clearomiseurs subohms sont compatibles avec une base 50\/50 PG\/VG mais peuvent causer des fuites. Pour plus d\u2019information, consultez la fiche technique de votre mat\u00e9riel.<\/p>\n<p>&nbsp;<\/p>\n<h6>Base Mix&amp;Go 30\/70 PG\/VG<\/h6>\n<p>Une base Mix&amp;Go 1 litre riche en Glyc\u00e9rine V\u00e9g\u00e9tale (VG) permet de cr\u00e9er des e-liquides DIY \u00e0 la texture tr\u00e8s \u00e9paisse. Cette base est indiqu\u00e9e pour des e-liquides DIY vapot\u00e9s avec des cigarettes \u00e9lectroniques subohms tr\u00e8s puissantes et disposant de grosses r\u00e9sistances.<\/p>\n<p>La VG produit une vapeur tr\u00e8s dense et g\u00e9n\u00e8re de gros nuages aux ar\u00f4mes plus ronds, mais plus t\u00e9nus. Pour un e-liquide DIY r\u00e9ussi, il sera alors n\u00e9cessaire d\u2019ajouter un peu plus d\u2019ar\u00f4me concentr\u00e9 \u00e0 votre base Pure Mix&amp;Go.<\/p>\n<p>&nbsp;<\/p>\n<hr \/>\n<p>&nbsp;<\/p>\n<h3>Comment faire un e-liquide DIY sans steep avec la base Pure 1L Mix&amp;Go ?<\/h3>\n<p>Bien que la base Mix&amp;Go de Pure vous dispense de tout temps de maturation, vous devrez respecter le dosage en ar\u00f4me pr\u00e9conis\u00e9 pour chaque concentr\u00e9 DIY afin de r\u00e9aliser un e-liquide DIY savoureux.<\/p>\n<p>Attention : pour un m\u00e9lange pr\u00e9cis, ne versez pas votre ar\u00f4me concentr\u00e9 directement dans votre bouteille de base. Suivez les instructions suivantes :<\/p>\n<ol>\n<li>Prenez un nouveau flacon vide dont vous connaissez la contenance ;<\/li>\n<li>Versez d\u2019abord l\u2019ar\u00f4me concentr\u00e9, en fonction d\u2019un % du volume total de e-liquide que vous allez cr\u00e9er. Vous trouverez le pourcentage indiqu\u00e9 sur les fiches des ar\u00f4mes DIY ;<\/li>\n<li>Finissez ensuite de remplir votre flacon avec votre base, si besoin nicotin\u00e9e pr\u00e9alablement ;<\/li>\n<li>Remuez le tout pour une dilution homog\u00e8ne ;<\/li>\n<li>Patientez 30 secondes afin que la magie de la base DIY sans steep Mix&amp;Go transforme votre DIY en e-liquide d\u00e9j\u00e0 matur\u00e9 et pr\u00eat \u00e0 d\u00e9guster !<\/li>\n<\/ol>\n<p>&nbsp;<\/p>\n<hr \/>\n<p>&nbsp;<\/p>\n<h3>Ajouter de la nicotine \u00e0 votre base DIY Pure Mix&amp;Go 1 litre<\/h3>\n<p>La bouteille de Base DIY Pure 1L est enti\u00e8rement remplie et ne contient pas de nicotine (0mg). Pour ajouter de la nicotine \u00e0 votre base, il vous faudra m\u00e9langer de la base et des boosters nicotin\u00e9s (non inclus) dans un nouveau flacon.<\/p>\n<p>&nbsp;<\/p>\n<\/div>\n<\/div>\n<\/div>\n<div class=\"c-pdt__section\">\n<div id=\"product-details\" class=\"\" data-product=\"{&quot;id_shop_default&quot;:&quot;2&quot;,&quot;id_manufacturer&quot;:&quot;0&quot;,&quot;id_supplier&quot;:&quot;7&quot;,&quot;reference&quot;:&quot;&quot;,&quot;is_virtual&quot;:&quot;0&quot;,&quot;delivery_in_stock&quot;:&quot;&quot;,&quot;delivery_out_stock&quot;:&quot;&quot;,&quot;id_category_default&quot;:&quot;2764&quot;,&quot;on_sale&quot;:&quot;0&quot;,&quot;online_only&quot;:&quot;0&quot;,&quot;ecotax&quot;:0,&quot;minimal_quantity&quot;:&quot;1&quot;,&quot;low_stock_threshold&quot;:null,&quot;low_stock_alert&quot;:&quot;0&quot;,&quot;price&quot;:&quot;6,30\\u00a0\\u20ac&quot;,&quot;unity&quot;:&quot;&quot;,&quot;unit_price_ratio&quot;:&quot;0.000000&quot;,&quot;additional_shipping_cost&quot;:&quot;0.000000&quot;,&quot;customizable&quot;:&quot;0&quot;,&quot;text_fields&quot;:&quot;0&quot;,&quot;uploadable_files&quot;:&quot;0&quot;,&quot;redirect_type&quot;:&quot;404&quot;,&quot;id_type_redirected&quot;:&quot;0&quot;,&quot;available_for_order&quot;:&quot;1&quot;,&quot;available_date&quot;:null,&quot;show_condition&quot;:&quot;0&quot;,&quot;condition&quot;:&quot;new&quot;,&quot;show_price&quot;:&quot;1&quot;,&quot;indexed&quot;:&quot;1&quot;,&quot;visibility&quot;:&quot;both&quot;,&quot;cache_default_attribute&quot;:&quot;266237&quot;,&quot;advanced_stock_management&quot;:&quot;1&quot;,&quot;date_add&quot;:&quot;2025-08-27 11:55:00&quot;,&quot;date_upd&quot;:&quot;2025-11-14 10:04:50&quot;,&quot;pack_stock_type&quot;:&quot;0&quot;,&quot;meta_keywords&quot;:&quot;&quot;,&quot;link_rewrite&quot;:&quot;base-diy-1l-mix-go&quot;,&quot;name&quot;:&quot;Base DIY 1L Mix&amp;Go - Pure&quot;,&quot;available_now&quot;:&quot;&quot;,&quot;available_later&quot;:&quot;&quot;,&quot;id&quot;:19754,&quot;id_product&quot;:19754,&quot;out_of_stock&quot;:2,&quot;new&quot;:0,&quot;id_product_attribute&quot;:266237,&quot;quantity_wanted&quot;:1,&quot;allow_oosp&quot;:0,&quot;category&quot;:&quot;pure&quot;,&quot;category_name&quot;:&quot;Pure&quot;,&quot;link&quot;:&quot;https:\\\/\\\/pro.taklope.com\\\/pure\\\/19754-base-diy-1l-mix-go.html&quot;,&quot;attribute_price&quot;:0,&quot;price_tax_exc&quot;:6.29999999999999982236431605997495353221893310546875,&quot;price_without_reduction&quot;:6.29999999999999982236431605997495353221893310546875,&quot;reduction&quot;:0,&quot;specific_prices&quot;:{&quot;id_specific_price&quot;:&quot;26870409&quot;,&quot;id_specific_price_rule&quot;:&quot;0&quot;,&quot;id_cart&quot;:&quot;0&quot;,&quot;id_product&quot;:&quot;19754&quot;,&quot;id_product_attribute&quot;:&quot;0&quot;,&quot;id_shop&quot;:&quot;2&quot;,&quot;id_shop_group&quot;:&quot;0&quot;,&quot;id_currency&quot;:&quot;0&quot;,&quot;id_country&quot;:&quot;0&quot;,&quot;id_group&quot;:&quot;22&quot;,&quot;id_customer&quot;:&quot;0&quot;,&quot;price&quot;:6.29999999999999982236431605997495353221893310546875,&quot;from_quantity&quot;:&quot;1&quot;,&quot;reduction&quot;:&quot;0.000000&quot;,&quot;reduction_tax&quot;:&quot;1&quot;,&quot;reduction_type&quot;:&quot;percentage&quot;,&quot;from&quot;:&quot;0000-00-00 00:00:00&quot;,&quot;to&quot;:&quot;0000-00-00 00:00:00&quot;,&quot;score&quot;:&quot;18&quot;},&quot;quantity&quot;:138,&quot;quantity_all_versions&quot;:210,&quot;id_image&quot;:&quot;fr-default&quot;,&quot;attachments&quot;:[],&quot;virtual&quot;:0,&quot;pack&quot;:0,&quot;packItems&quot;:[],&quot;nopackprice&quot;:0,&quot;customization_required&quot;:false,&quot;attributes&quot;:{&quot;18&quot;:{&quot;id_attribute&quot;:&quot;25916&quot;,&quot;id_attribute_group&quot;:&quot;18&quot;,&quot;name&quot;:&quot;50\\\/50&quot;,&quot;group&quot;:&quot;Taux PG \\\/ VG&quot;,&quot;reference&quot;:&quot;&quot;,&quot;ean13&quot;:&quot;3664489059958&quot;,&quot;isbn&quot;:&quot;&quot;,&quot;upc&quot;:&quot;&quot;,&quot;mpn&quot;:&quot;&quot;}},&quot;rate&quot;:20,&quot;tax_name&quot;:&quot;TVA FR 20%&quot;,&quot;ecotax_rate&quot;:0,&quot;unit_price&quot;:&quot;&quot;,&quot;customizations&quot;:{&quot;fields&quot;:[]},&quot;id_customization&quot;:0,&quot;is_customizable&quot;:false,&quot;show_quantities&quot;:true,&quot;quantity_label&quot;:&quot;Produits&quot;,&quot;quantity_discounts&quot;:[],&quot;customer_group_discount&quot;:0,&quot;images&quot;:[{&quot;bySize&quot;:{&quot;small_default&quot;:{&quot;url&quot;:&quot;https:\\\/\\\/media.taklope.com\\\/71404-small_default\\\/base-diy-1l-mix-go.jpg&quot;,&quot;width&quot;:98,&quot;height&quot;:98},&quot;cart_default&quot;:{&quot;url&quot;:&quot;https:\\\/\\\/media.taklope.com\\\/71404-cart_default\\\/base-diy-1l-mix-go.jpg&quot;,&quot;width&quot;:125,&quot;height&quot;:125},&quot;home_default&quot;:{&quot;url&quot;:&quot;https:\\\/\\\/media.taklope.com\\\/71404-home_default\\\/base-diy-1l-mix-go.jpg&quot;,&quot;width&quot;:250,&quot;height&quot;:250},&quot;medium_default&quot;:{&quot;url&quot;:&quot;https:\\\/\\\/media.taklope.com\\\/71404-medium_default\\\/base-diy-1l-mix-go.jpg&quot;,&quot;width&quot;:452,&quot;height&quot;:452},&quot;large_default&quot;:{&quot;url&quot;:&quot;https:\\\/\\\/media.taklope.com\\\/71404-large_default\\\/base-diy-1l-mix-go.jpg&quot;,&quot;width&quot;:1000,&quot;height&quot;:1000}},&quot;small&quot;:{&quot;url&quot;:&quot;https:\\\/\\\/media.taklope.com\\\/71404-small_default\\\/base-diy-1l-mix-go.jpg&quot;,&quot;width&quot;:98,&quot;height&quot;:98},&quot;medium&quot;:{&quot;url&quot;:&quot;https:\\\/\\\/media.taklope.com\\\/71404-home_default\\\/base-diy-1l-mix-go.jpg&quot;,&quot;width&quot;:250,&quot;height&quot;:250},&quot;large&quot;:{&quot;url&quot;:&quot;https:\\\/\\\/media.taklope.com\\\/71404-large_default\\\/base-diy-1l-mix-go.jpg&quot;,&quot;width&quot;:1000,&quot;height&quot;:1000},&quot;legend&quot;:&quot;Base DIY 1L Mix&amp;Go - Pure&quot;,&quot;id_image&quot;:&quot;71404&quot;,&quot;cover&quot;:&quot;1&quot;,&quot;position&quot;:&quot;1&quot;,&quot;associatedVariants&quot;:[&quot;266237&quot;]}],&quot;cover&quot;:{&quot;bySize&quot;:{&quot;small_default&quot;:{&quot;url&quot;:&quot;https:\\\/\\\/media.taklope.com\\\/71404-small_default\\\/base-diy-1l-mix-go.jpg&quot;,&quot;width&quot;:98,&quot;height&quot;:98},&quot;cart_default&quot;:{&quot;url&quot;:&quot;https:\\\/\\\/media.taklope.com\\\/71404-cart_default\\\/base-diy-1l-mix-go.jpg&quot;,&quot;width&quot;:125,&quot;height&quot;:125},&quot;home_default&quot;:{&quot;url&quot;:&quot;https:\\\/\\\/media.taklope.com\\\/71404-home_default\\\/base-diy-1l-mix-go.jpg&quot;,&quot;width&quot;:250,&quot;height&quot;:250},&quot;medium_default&quot;:{&quot;url&quot;:&quot;https:\\\/\\\/media.taklope.com\\\/71404-medium_default\\\/base-diy-1l-mix-go.jpg&quot;,&quot;width&quot;:452,&quot;height&quot;:452},&quot;large_default&quot;:{&quot;url&quot;:&quot;https:\\\/\\\/media.taklope.com\\\/71404-large_default\\\/base-diy-1l-mix-go.jpg&quot;,&quot;width&quot;:1000,&quot;height&quot;:1000}},&quot;small&quot;:{&quot;url&quot;:&quot;https:\\\/\\\/media.taklope.com\\\/71404-small_default\\\/base-diy-1l-mix-go.jpg&quot;,&quot;width&quot;:98,&quot;height&quot;:98},&quot;medium&quot;:{&quot;url&quot;:&quot;https:\\\/\\\/media.taklope.com\\\/71404-home_default\\\/base-diy-1l-mix-go.jpg&quot;,&quot;width&quot;:250,&quot;height&quot;:250},&quot;large&quot;:{&quot;url&quot;:&quot;https:\\\/\\\/media.taklope.com\\\/71404-large_default\\\/base-diy-1l-mix-go.jpg&quot;,&quot;width&quot;:1000,&quot;height&quot;:1000},&quot;legend&quot;:&quot;Base DIY 1L Mix&amp;Go - Pure&quot;,&quot;id_image&quot;:&quot;71404&quot;,&quot;cover&quot;:&quot;1&quot;,&quot;position&quot;:&quot;1&quot;,&quot;associatedVariants&quot;:[&quot;266237&quot;]},&quot;has_discount&quot;:false,&quot;discount_type&quot;:&quot;percentage&quot;,&quot;discount_percentage&quot;:&quot;0%&quot;,&quot;discount_percentage_absolute&quot;:&quot;0%&quot;,&quot;discount_amount&quot;:&quot;0,00\\u00a0\\u20ac&quot;,&quot;discount_amount_to_display&quot;:&quot;-0,00\\u00a0\\u20ac&quot;,&quot;price_amount&quot;:6.29999999999999982236431605997495353221893310546875,&quot;unit_price_full&quot;:&quot;&quot;,&quot;show_availability&quot;:true,&quot;availability_date&quot;:null,&quot;availability_message&quot;:&quot;&quot;,&quot;availability&quot;:&quot;available&quot;}\">\n<section class=\"product-features\">\n<p class=\"u-h2 u-mb-3\">Fiche technique<\/p>\n<div id=\"readmore-pdt-features\" class=\"u-mb-2\">\n<table class=\"data-sheet table table-striped u-mb-0\">\n<tbody>\n<tr class=\"c-pdt__features-row\">\n<th class=\"name\">Sucralose<\/th>\n<td class=\"value\">Non<\/td>\n<\/tr>\n<tr class=\"c-pdt__features-row\">\n<th class=\"name\">Type de produit<\/th>\n<td class=\"value\">Base e-liquide<\/td>\n<\/tr>\n<tr class=\"c-pdt__features-row\">\n<th class=\"name\">Marque<\/th>\n<td class=\"value\">PURE<\/td>\n<\/tr>\n<tr class=\"c-pdt__features-row\">\n<th class=\"name\">Dosage PG\/VG<\/th>\n<td class=\"value\">30\/70 &#8211; PG\/VG<br \/>\n50\/50 &#8211; PG\/VG<\/td>\n<\/tr>\n<tr class=\"c-pdt__features-row\">\n<th class=\"name\">Contenance (en ml)<\/th>\n<td class=\"value\">1000<\/td>\n<\/tr>\n<\/tbody>\n<\/table>\n<\/div>\n<\/section>\n<\/div>\n<\/div>\n<div class=\"c-pdt__section c-pdt__section--columns\">\n<div id=\"manufacturer\" class=\"\">\n<div class=\"u-p-rel u-mb-1\">\n<div class=\"c-pdt__manu-thumbnail\"><\/div>\n<\/div>\n<div id=\"readmore-pdt-manufacturer\" class=\"c-pdt__manu-desc\"><\/div>\n<\/div>\n<\/div>\n<\/div>\n","protected":false},"excerpt":{"rendered":"<p>Acc\u00e9l\u00e9rateur de steep &#8211; DIY sans maturation &#8211; 50\/50 ou 30\/70 PG\/VG<\/p>\n","protected":false},"featured_media":1588,"comment_status":"open","ping_status":"closed","template":"","meta":{"slim_seo":{"title":"Base DIY 1L Mix&Go - Pure - Vapote-Shop","description":"Acc\u00e9l\u00e9rateur de steep - DIY sans maturation - 50\/50 ou 30\/70 PG\/VG"}},"product_brand":[86],"product_cat":[55,52],"product_tag":[],"class_list":{"0":"post-1587","1":"product","2":"type-product","3":"status-publish","4":"has-post-thumbnail","6":"product_brand-pure","7":"product_cat-base-e-liquide-diy","8":"product_cat-meilleures-ventes","10":"first","11":"instock","12":"shipping-taxable","13":"purchasable","14":"product-type-variable","15":"has-default-attributes"},"_links":{"self":[{"href":"https:\/\/www.vapote-shop.fr\/index.php\/wp-json\/wp\/v2\/product\/1587","targetHints":{"allow":["GET"]}}],"collection":[{"href":"https:\/\/www.vapote-shop.fr\/index.php\/wp-json\/wp\/v2\/product"}],"about":[{"href":"https:\/\/www.vapote-shop.fr\/index.php\/wp-json\/wp\/v2\/types\/product"}],"replies":[{"embeddable":true,"href":"https:\/\/www.vapote-shop.fr\/index.php\/wp-json\/wp\/v2\/comments?post=1587"}],"wp:featuredmedia":[{"embeddable":true,"href":"https:\/\/www.vapote-shop.fr\/index.php\/wp-json\/wp\/v2\/media\/1588"}],"wp:attachment":[{"href":"https:\/\/www.vapote-shop.fr\/index.php\/wp-json\/wp\/v2\/media?parent=1587"}],"wp:term":[{"taxonomy":"product_brand","embeddable":true,"href":"https:\/\/www.vapote-shop.fr\/index.php\/wp-json\/wp\/v2\/product_brand?post=1587"},{"taxonomy":"product_cat","embeddable":true,"href":"https:\/\/www.vapote-shop.fr\/index.php\/wp-json\/wp\/v2\/product_cat?post=1587"},{"taxonomy":"product_tag","embeddable":true,"href":"https:\/\/www.vapote-shop.fr\/index.php\/wp-json\/wp\/v2\/product_tag?post=1587"}],"curies":[{"name":"wp","href":"https:\/\/api.w.org\/{rel}","templated":true}]}}