{"id":1904,"date":"2026-03-24T17:43:56","date_gmt":"2026-03-24T16:43:56","guid":{"rendered":"https:\/\/www.vapote-shop.fr\/?post_type=product&#038;p=1904"},"modified":"2026-03-30T08:42:06","modified_gmt":"2026-03-30T06:42:06","slug":"resistances-14-16-series-justfog","status":"publish","type":"product","link":"https:\/\/www.vapote-shop.fr\/index.php\/produit\/resistances-14-16-series-justfog\/","title":{"rendered":"R\u00e9sistances 14\/16 Series &#8211; JustFog<div class=\"custom-short-desc\">1.2\/1.6ohm - 6-12W - MTL - Compatibles Q16\/Q16 Pro\/Q16 Pro Plus - 5pcs<\/div>"},"content":{"rendered":"<div class=\"c-pdt__section c-pdt__section--columns\">\n<div id=\"description_short\" class=\"\">\n<h3 class=\"u-h2 u-mb-3\">R\u00e9sistances 14\/16 Series &#8211; JustFog<\/h3>\n<div class=\"product-description c-pdt__description c-pdt__description--recap s-cms\">\n<p>R\u00e9sistances de rechange pour les kits e-cigarette et clearomiseurs Q16 \/ Q16 Pro \/ Q16 FF \/ Q16 Pro Plus de JustFog.<\/p>\n<p>Votre fid\u00e8le kit d\u00e9butant Q16 ou Q16 Pro n&rsquo;a plus le m\u00eame rendu qu&rsquo;avant ? Remplacez la r\u00e9sistance de son clearomiseur pour retrouver les saveurs intenses et r\u00e9alistes des premi\u00e8res bouff\u00e9es !<br \/>\nLes r\u00e9sistances 14\/16 Series pour Q16 \/ Q16 Pro \/ Q16 Pro Plus sont des mod\u00e8les MTL \u00e9conomiques adapt\u00e9s \u00e0 une vape serr\u00e9e ainsi qu&rsquo;\u00e0 tous taux de nicotine ou sels de nicotine.<\/p>\n<p>Choisissez parmi deux types de r\u00e9sistances 14\/16 Series de JustFog :<\/p>\n<ul>\n<li>R\u00e9sistance 14\/16 Series 1.2ohm &#8211; 6-12W (3.2-4.4V) ;<\/li>\n<li>R\u00e9sistance 14\/16 Series 1.6ohm &#8211; 6-12W (3.2-4.4V)<\/li>\n<\/ul>\n<p>Fabriqu\u00e9es par JustFog. Vendues par lot de 5 identiques.<\/p>\n<\/div>\n<\/div>\n<\/div>\n<div class=\"c-pdt__sections c-pdt__sections--columns\">\n<div class=\"c-pdt__section c-pdt__section--columns\">\n<div id=\"description\" class=\"\">\n<div class=\"product-description c-pdt__description s-cms\">\n<h3>R\u00e9sistances 14\/16 Series &#8211; JustFog<\/h3>\n<p><img decoding=\"async\" class=\"center-block\" title=\"R\u00e9sistances 14\/16 Series - JustFog\" src=\"https:\/\/pro.taklope.com\/img\/descrhtml\/res_1152951.jpg\" alt=\"R\u00e9sistances 14\/16 Series - JustFog\" \/><\/p>\n<p>&nbsp;<\/p>\n<p>Les r\u00e9sistances 14\/16 Series de remplacement sont compatibles avec les kits complets Q16, Q16 Pro, Q16 Pro Plus et Q16 FF ainsi que les clearomiseurs de la gamme Justfog Q16 seuls.<\/p>\n<p>Deux mod\u00e8les de r\u00e9sistances Q16 \/ Q16 Pro sont disponibles. Faites votre choix :<\/p>\n<ul>\n<li>R\u00e9sistance 14\/16 Series 1.2ohm &#8211; 6-12W (3.2-4.4V) ;<\/li>\n<li>R\u00e9sistance 14\/16 Series 1.6ohm &#8211; 6-12W (3.2-4.4V).<\/li>\n<\/ul>\n<p>&nbsp;<\/p>\n<p>Ces deux types de r\u00e9sistance 14\/16 Series contiennent du coton organique japonais qui optimise leur impr\u00e9gnation en e-liquide pour des saveurs bien concentr\u00e9es et une production massive de vapeur ne pr\u00e9sentant aucun arri\u00e8re-go\u00fbt cotonneux d\u00e9sagr\u00e9able. Elles sont con\u00e7ues pour une inhalation indirecte,\u00a0avec des e-liquides comportant au maximum 50% de Glyc\u00e9rine v\u00e9g\u00e9tale dans leur composition afin de ne pas nuire \u00e0 leur absorption en e-liquide.\u00a0Elles sont d\u2019ailleurs recommand\u00e9es pour l\u2019utilisation d\u2019e-liquides \u00e0 fort taux de nicotine ou contenant des sels de nicotine \u00e0 vaper \u00e0 faible puissance.<\/p>\n<p>R\u00e9sistances pour kit et clearomiseurs Q16 \/ Q16 Pro fabriqu\u00e9es par JustFog. Vendues par lot de 5 identiques.<\/p>\n<p>&nbsp;<\/p>\n<h3>Remplacement facile\u00a0<img decoding=\"async\" class=\"center-block\" title=\"Remplacement facile\" src=\"https:\/\/pro.taklope.com\/img\/descrhtml\/changeRes_1152964.jpg\" alt=\"Remplacement facile\" \/><\/h3>\n<p>&nbsp;<\/p>\n<p>Pour remplacer la r\u00e9sistance us\u00e9e de votre r\u00e9servoir Q16 ou Q16 Pro, suivez le guide !<\/p>\n<ol>\n<li>D\u00e9vissez la base de votre clearomiseur Q16 pour pouvoir acc\u00e9der \u00e0 la r\u00e9sistance ;<\/li>\n<li>D\u00e9vissez la r\u00e9sistance usag\u00e9e puis vissez fermement la r\u00e9sistance neuve \u00e0 la place ;<\/li>\n<li>Imbibez la r\u00e9sistance neuve en e-liquide en pointant votre flacon sur les ouvertures tout autour de celle-ci afin d\u2019effectuer un bon amor\u00e7age pour ne pas br\u00fbler la r\u00e9sistance \u00e0 la premi\u00e8re utilisation.<\/li>\n<li>Revissez l\u2019ensemble et remplissez le r\u00e9servoir au \u00be ;<\/li>\n<li><em>Attendez 5 minutes avant de vapoter, afin de laisser le temps au coton de s\u2019impr\u00e9gner totalement d\u2019e-liquide !<\/em><\/li>\n<\/ol>\n<p>&nbsp;<\/p>\n<\/div>\n<\/div>\n<\/div>\n<div class=\"c-pdt__section\">\n<div id=\"product-details\" class=\"\" data-product=\"{&quot;id_shop_default&quot;:&quot;2&quot;,&quot;id_manufacturer&quot;:&quot;0&quot;,&quot;id_supplier&quot;:&quot;159&quot;,&quot;reference&quot;:&quot;&quot;,&quot;is_virtual&quot;:&quot;0&quot;,&quot;delivery_in_stock&quot;:&quot;&quot;,&quot;delivery_out_stock&quot;:&quot;&quot;,&quot;id_category_default&quot;:&quot;1188&quot;,&quot;on_sale&quot;:&quot;0&quot;,&quot;online_only&quot;:&quot;0&quot;,&quot;ecotax&quot;:0,&quot;minimal_quantity&quot;:&quot;1&quot;,&quot;low_stock_threshold&quot;:null,&quot;low_stock_alert&quot;:&quot;0&quot;,&quot;price&quot;:&quot;3,26\\u00a0\\u20ac&quot;,&quot;unity&quot;:&quot;&quot;,&quot;unit_price_ratio&quot;:&quot;0.000000&quot;,&quot;additional_shipping_cost&quot;:&quot;0.000000&quot;,&quot;customizable&quot;:&quot;0&quot;,&quot;text_fields&quot;:&quot;0&quot;,&quot;uploadable_files&quot;:&quot;0&quot;,&quot;redirect_type&quot;:&quot;404&quot;,&quot;id_type_redirected&quot;:&quot;0&quot;,&quot;available_for_order&quot;:&quot;1&quot;,&quot;available_date&quot;:null,&quot;show_condition&quot;:&quot;0&quot;,&quot;condition&quot;:&quot;new&quot;,&quot;show_price&quot;:&quot;1&quot;,&quot;indexed&quot;:&quot;1&quot;,&quot;visibility&quot;:&quot;both&quot;,&quot;cache_default_attribute&quot;:&quot;197220&quot;,&quot;advanced_stock_management&quot;:&quot;1&quot;,&quot;date_add&quot;:&quot;2019-01-30 16:15:15&quot;,&quot;date_upd&quot;:&quot;2026-03-17 16:04:13&quot;,&quot;pack_stock_type&quot;:&quot;0&quot;,&quot;meta_keywords&quot;:&quot;&quot;,&quot;link_rewrite&quot;:&quot;resistances-14-16-series&quot;,&quot;name&quot;:&quot;R\\u00e9sistances 14\\\/16 Series - JustFog&quot;,&quot;available_now&quot;:&quot;&quot;,&quot;available_later&quot;:&quot;&quot;,&quot;id&quot;:7575,&quot;id_product&quot;:7575,&quot;out_of_stock&quot;:2,&quot;new&quot;:0,&quot;id_product_attribute&quot;:197220,&quot;quantity_wanted&quot;:1,&quot;allow_oosp&quot;:0,&quot;category&quot;:&quot;justfog&quot;,&quot;category_name&quot;:&quot;Justfog&quot;,&quot;link&quot;:&quot;https:\\\/\\\/pro.taklope.com\\\/justfog\\\/7575-resistances-14-16-series.html&quot;,&quot;attribute_price&quot;:0,&quot;price_tax_exc&quot;:3.2599999999999997868371792719699442386627197265625,&quot;price_without_reduction&quot;:3.2599999999999997868371792719699442386627197265625,&quot;reduction&quot;:0,&quot;specific_prices&quot;:{&quot;id_specific_price&quot;:&quot;26831206&quot;,&quot;id_specific_price_rule&quot;:&quot;0&quot;,&quot;id_cart&quot;:&quot;0&quot;,&quot;id_product&quot;:&quot;7575&quot;,&quot;id_product_attribute&quot;:&quot;0&quot;,&quot;id_shop&quot;:&quot;2&quot;,&quot;id_shop_group&quot;:&quot;0&quot;,&quot;id_currency&quot;:&quot;0&quot;,&quot;id_country&quot;:&quot;0&quot;,&quot;id_group&quot;:&quot;22&quot;,&quot;id_customer&quot;:&quot;0&quot;,&quot;price&quot;:3.2599999999999997868371792719699442386627197265625,&quot;from_quantity&quot;:&quot;1&quot;,&quot;reduction&quot;:&quot;0.000000&quot;,&quot;reduction_tax&quot;:&quot;1&quot;,&quot;reduction_type&quot;:&quot;percentage&quot;,&quot;from&quot;:&quot;0000-00-00 00:00:00&quot;,&quot;to&quot;:&quot;0000-00-00 00:00:00&quot;,&quot;score&quot;:&quot;18&quot;},&quot;quantity&quot;:307,&quot;quantity_all_versions&quot;:896,&quot;id_image&quot;:&quot;fr-default&quot;,&quot;attachments&quot;:[],&quot;virtual&quot;:0,&quot;pack&quot;:0,&quot;packItems&quot;:[],&quot;nopackprice&quot;:0,&quot;customization_required&quot;:false,&quot;attributes&quot;:{&quot;16&quot;:{&quot;id_attribute&quot;:&quot;22212&quot;,&quot;id_attribute_group&quot;:&quot;16&quot;,&quot;name&quot;:&quot;1.2 Ohm&quot;,&quot;group&quot;:&quot;Valeur&quot;,&quot;reference&quot;:&quot;&quot;,&quot;ean13&quot;:&quot;8809706303352&quot;,&quot;isbn&quot;:&quot;&quot;,&quot;upc&quot;:&quot;&quot;,&quot;mpn&quot;:&quot;&quot;}},&quot;rate&quot;:20,&quot;tax_name&quot;:&quot;TVA FR 20%&quot;,&quot;ecotax_rate&quot;:0,&quot;unit_price&quot;:&quot;&quot;,&quot;customizations&quot;:{&quot;fields&quot;:[]},&quot;id_customization&quot;:0,&quot;is_customizable&quot;:false,&quot;show_quantities&quot;:true,&quot;quantity_label&quot;:&quot;Produits&quot;,&quot;quantity_discounts&quot;:[],&quot;customer_group_discount&quot;:0,&quot;images&quot;:[{&quot;bySize&quot;:{&quot;small_default&quot;:{&quot;url&quot;:&quot;https:\\\/\\\/media.taklope.com\\\/51949-small_default\\\/resistances-14-16-series.jpg&quot;,&quot;width&quot;:98,&quot;height&quot;:98},&quot;cart_default&quot;:{&quot;url&quot;:&quot;https:\\\/\\\/media.taklope.com\\\/51949-cart_default\\\/resistances-14-16-series.jpg&quot;,&quot;width&quot;:125,&quot;height&quot;:125},&quot;home_default&quot;:{&quot;url&quot;:&quot;https:\\\/\\\/media.taklope.com\\\/51949-home_default\\\/resistances-14-16-series.jpg&quot;,&quot;width&quot;:250,&quot;height&quot;:250},&quot;medium_default&quot;:{&quot;url&quot;:&quot;https:\\\/\\\/media.taklope.com\\\/51949-medium_default\\\/resistances-14-16-series.jpg&quot;,&quot;width&quot;:452,&quot;height&quot;:452},&quot;large_default&quot;:{&quot;url&quot;:&quot;https:\\\/\\\/media.taklope.com\\\/51949-large_default\\\/resistances-14-16-series.jpg&quot;,&quot;width&quot;:1000,&quot;height&quot;:1000}},&quot;small&quot;:{&quot;url&quot;:&quot;https:\\\/\\\/media.taklope.com\\\/51949-small_default\\\/resistances-14-16-series.jpg&quot;,&quot;width&quot;:98,&quot;height&quot;:98},&quot;medium&quot;:{&quot;url&quot;:&quot;https:\\\/\\\/media.taklope.com\\\/51949-home_default\\\/resistances-14-16-series.jpg&quot;,&quot;width&quot;:250,&quot;height&quot;:250},&quot;large&quot;:{&quot;url&quot;:&quot;https:\\\/\\\/media.taklope.com\\\/51949-large_default\\\/resistances-14-16-series.jpg&quot;,&quot;width&quot;:1000,&quot;height&quot;:1000},&quot;legend&quot;:&quot;R\\u00e9sistances 14\\\/16 Series - JustFog&quot;,&quot;id_image&quot;:&quot;51949&quot;,&quot;cover&quot;:null,&quot;position&quot;:&quot;2&quot;,&quot;associatedVariants&quot;:[&quot;197220&quot;]}],&quot;cover&quot;:{&quot;bySize&quot;:{&quot;small_default&quot;:{&quot;url&quot;:&quot;https:\\\/\\\/media.taklope.com\\\/51948-small_default\\\/resistances-14-16-series.jpg&quot;,&quot;width&quot;:98,&quot;height&quot;:98},&quot;cart_default&quot;:{&quot;url&quot;:&quot;https:\\\/\\\/media.taklope.com\\\/51948-cart_default\\\/resistances-14-16-series.jpg&quot;,&quot;width&quot;:125,&quot;height&quot;:125},&quot;home_default&quot;:{&quot;url&quot;:&quot;https:\\\/\\\/media.taklope.com\\\/51948-home_default\\\/resistances-14-16-series.jpg&quot;,&quot;width&quot;:250,&quot;height&quot;:250},&quot;medium_default&quot;:{&quot;url&quot;:&quot;https:\\\/\\\/media.taklope.com\\\/51948-medium_default\\\/resistances-14-16-series.jpg&quot;,&quot;width&quot;:452,&quot;height&quot;:452},&quot;large_default&quot;:{&quot;url&quot;:&quot;https:\\\/\\\/media.taklope.com\\\/51948-large_default\\\/resistances-14-16-series.jpg&quot;,&quot;width&quot;:1000,&quot;height&quot;:1000}},&quot;small&quot;:{&quot;url&quot;:&quot;https:\\\/\\\/media.taklope.com\\\/51948-small_default\\\/resistances-14-16-series.jpg&quot;,&quot;width&quot;:98,&quot;height&quot;:98},&quot;medium&quot;:{&quot;url&quot;:&quot;https:\\\/\\\/media.taklope.com\\\/51948-home_default\\\/resistances-14-16-series.jpg&quot;,&quot;width&quot;:250,&quot;height&quot;:250},&quot;large&quot;:{&quot;url&quot;:&quot;https:\\\/\\\/media.taklope.com\\\/51948-large_default\\\/resistances-14-16-series.jpg&quot;,&quot;width&quot;:1000,&quot;height&quot;:1000},&quot;legend&quot;:&quot;R\\u00e9sistances Q16 Justfog, R\\u00e9sistances E-Cigarette - Taklope&quot;,&quot;id_image&quot;:&quot;51948&quot;},&quot;has_discount&quot;:false,&quot;discount_type&quot;:&quot;percentage&quot;,&quot;discount_percentage&quot;:&quot;0%&quot;,&quot;discount_percentage_absolute&quot;:&quot;0%&quot;,&quot;discount_amount&quot;:&quot;0,00\\u00a0\\u20ac&quot;,&quot;discount_amount_to_display&quot;:&quot;-0,00\\u00a0\\u20ac&quot;,&quot;price_amount&quot;:3.2599999999999997868371792719699442386627197265625,&quot;unit_price_full&quot;:&quot;&quot;,&quot;show_availability&quot;:true,&quot;availability_date&quot;:null,&quot;availability_message&quot;:&quot;&quot;,&quot;availability&quot;:&quot;available&quot;}\">\n<section class=\"product-features\">\n<p class=\"u-h2 u-mb-3\">Fiche technique<\/p>\n<div id=\"readmore-pdt-features\" class=\"u-mb-2\">\n<table class=\"data-sheet table table-striped u-mb-0\">\n<tbody>\n<tr class=\"c-pdt__features-row\">\n<th class=\"name\">Marque Compatible<\/th>\n<td class=\"value\">Justfog<\/td>\n<\/tr>\n<tr class=\"c-pdt__features-row\">\n<th class=\"name\">Slider<\/th>\n<td class=\"value\">1,2,3<\/td>\n<\/tr>\n<tr class=\"c-pdt__features-row\">\n<th class=\"name\">Compatibilit\u00e9<\/th>\n<td class=\"value\">Starter Kit Q16 &#8211; JustFog<\/td>\n<\/tr>\n<tr class=\"c-pdt__features-row\">\n<th class=\"name\">Valeur de la r\u00e9sistance<\/th>\n<td class=\"value\">1,2 \/ 1,6ohm<\/td>\n<\/tr>\n<tr class=\"c-pdt__features-row\">\n<th class=\"name\">Plage de tension<\/th>\n<td class=\"value\">3,2 &#8211; 4,4V<\/td>\n<\/tr>\n<tr class=\"c-pdt__features-row\">\n<th class=\"name\">Plage de puissance<\/th>\n<td class=\"value\">6-12W<\/td>\n<\/tr>\n<tr class=\"c-pdt__features-row\">\n<th class=\"name\">Type de produit<\/th>\n<td class=\"value\">R\u00e9sistance<\/td>\n<\/tr>\n<tr class=\"c-pdt__features-row\">\n<th class=\"name\">Marque<\/th>\n<td class=\"value\">JUSTFOG<\/td>\n<\/tr>\n<tr class=\"c-pdt__features-row\">\n<th class=\"name\">Inhalation<\/th>\n<td class=\"value\">Indirecte \/ Serr\u00e9<\/td>\n<\/tr>\n<tr class=\"c-pdt__features-row\">\n<th class=\"name\">Compatibilit\u00e9 Kit<\/th>\n<td class=\"value\">Q16 &#8211; JustFog<br \/>\nQ16 FF &#8211; Justfog<br \/>\nQ16 Pro &#8211; JustFog<br \/>\nQ16 Pro Plus &#8211; JustFog<\/td>\n<\/tr>\n<tr class=\"c-pdt__features-row\">\n<th class=\"name\">Compatibilit\u00e9 clearomiseur<\/th>\n<td class=\"value\">Q16 FF &#8211; Justfog<br \/>\nQ16 Pro &#8211; Justfog<br \/>\nQ16 Pro Plus &#8211; Justfog<\/td>\n<\/tr>\n<\/tbody>\n<\/table>\n<\/div>\n<\/section>\n<\/div>\n<\/div>\n<div class=\"c-pdt__section c-pdt__section--columns\">\n<div id=\"manufacturer\" class=\"\">\n<div class=\"u-p-rel u-mb-1\">\n<div class=\"c-pdt__manu-thumbnail\"><img loading=\"lazy\" decoding=\"async\" class=\"u-img-fluid\" src=\"https:\/\/media.taklope.com\/c\/1188-category_default\/justfog.jpg\" alt=\"Justfog\" width=\"250\" height=\"50\" \/><\/div>\n<p>Justfog<\/p>\n<\/div>\n<div id=\"readmore-pdt-manufacturer\" class=\"c-pdt__manu-desc\" data-readmore=\"\" aria-expanded=\"true\">\n<p class=\"u-fiv\"><strong>Penser \u00e0 l\u2019humain et son environnement pour concevoir des cigarettes \u00e9lectroniques qui l\u2019aidera \u00e0 sortir du tabagisme efficacement. Voil\u00e0 la vision de JustFog !<\/strong><\/p>\n<p class=\"u-fiv\">Fond\u00e9e en 2009, la marque cor\u00e9enne JustFog a sa propre philosophie de fabrication : toujours penser \u00e0 la s\u00e9curit\u00e9 et \u00e0 la satisfaction des utilisateurs de cigarettes \u00e9lectroniques, en concevant du mat\u00e9riel fiable et pratique, qui r\u00e9sout les principaux probl\u00e8mes rencontr\u00e9s en utilisation quotidienne.<\/p>\n<p class=\"u-fiv\">JustFog a rapidement fait sa place sur le march\u00e9 des\u00a0kits complets classiques\u00a0en r\u00e9solvant les probl\u00e8mes d\u2019entretien, comme les fuites, et en proposant une mani\u00e8re simple de personnaliser ses bouff\u00e9es, parfaites pour les d\u00e9butants. Son kit Q16 puis son \u00e9volution se sont hiss\u00e9s parmi les meilleures ventes de cigarettes \u00e9lectroniques en seulement quelques ann\u00e9es, et ce n\u2019est pas sans raison.<\/p>\n<\/div>\n<\/div>\n<\/div>\n<\/div>\n<hr data-start=\"600\" data-end=\"603\" \/>\n","protected":false},"excerpt":{"rendered":"<p>1.2\/1.6ohm &#8211; 6-12W &#8211; MTL &#8211; Compatibles Q16\/Q16 Pro\/Q16 Pro Plus &#8211; 5pcs<\/p>\n","protected":false},"featured_media":1905,"comment_status":"open","ping_status":"closed","template":"","meta":{"slim_seo":{"title":"R\u00e9sistances 14\/16 Series - JustFog - Vapote-Shop","description":"1.2\/1.6ohm - 6-12W - MTL - Compatibles Q16\/Q16 Pro\/Q16 Pro Plus - 5pcs"}},"product_brand":[87],"product_cat":[52,49],"product_tag":[],"class_list":{"0":"post-1904","1":"product","2":"type-product","3":"status-publish","4":"has-post-thumbnail","6":"product_brand-justfog","7":"product_cat-meilleures-ventes","8":"product_cat-resistances","10":"first","11":"instock","12":"shipping-taxable","13":"purchasable","14":"product-type-variable","15":"has-default-attributes"},"_links":{"self":[{"href":"https:\/\/www.vapote-shop.fr\/index.php\/wp-json\/wp\/v2\/product\/1904","targetHints":{"allow":["GET"]}}],"collection":[{"href":"https:\/\/www.vapote-shop.fr\/index.php\/wp-json\/wp\/v2\/product"}],"about":[{"href":"https:\/\/www.vapote-shop.fr\/index.php\/wp-json\/wp\/v2\/types\/product"}],"replies":[{"embeddable":true,"href":"https:\/\/www.vapote-shop.fr\/index.php\/wp-json\/wp\/v2\/comments?post=1904"}],"wp:featuredmedia":[{"embeddable":true,"href":"https:\/\/www.vapote-shop.fr\/index.php\/wp-json\/wp\/v2\/media\/1905"}],"wp:attachment":[{"href":"https:\/\/www.vapote-shop.fr\/index.php\/wp-json\/wp\/v2\/media?parent=1904"}],"wp:term":[{"taxonomy":"product_brand","embeddable":true,"href":"https:\/\/www.vapote-shop.fr\/index.php\/wp-json\/wp\/v2\/product_brand?post=1904"},{"taxonomy":"product_cat","embeddable":true,"href":"https:\/\/www.vapote-shop.fr\/index.php\/wp-json\/wp\/v2\/product_cat?post=1904"},{"taxonomy":"product_tag","embeddable":true,"href":"https:\/\/www.vapote-shop.fr\/index.php\/wp-json\/wp\/v2\/product_tag?post=1904"}],"curies":[{"name":"wp","href":"https:\/\/api.w.org\/{rel}","templated":true}]}}