{"id":1910,"date":"2026-03-24T18:34:20","date_gmt":"2026-03-24T17:34:20","guid":{"rendered":"https:\/\/www.vapote-shop.fr\/?post_type=product&#038;p=1910"},"modified":"2026-03-30T08:08:08","modified_gmt":"2026-03-30T06:08:08","slug":"e-liquide-classic-usa-classic-dlice","status":"publish","type":"product","link":"https:\/\/www.vapote-shop.fr\/index.php\/produit\/e-liquide-classic-usa-classic-dlice\/","title":{"rendered":"E-liquide Classic USA Classic &#8211; Dlice<div class=\"custom-short-desc\">Classic Blond - Neutre - 10 ml - 70\/30 PG\/VG - 0, 3, 6, 12 et 18mg<\/div>"},"content":{"rendered":"<div class=\"c-pdt__section c-pdt__section--columns\">\n<div id=\"description_short\" class=\"\">\n<h3 class=\"u-h2 u-mb-3\">E-liquide Classic USA Classic &#8211; Dlice<\/h3>\n<div class=\"product-description c-pdt__description c-pdt__description--recap s-cms\">\n<div>\n<p>La marque D\u2019lice se r\u00e9invente !<\/p>\n<p>En ce moment, tous les e-liquides D\u2019lice changent de flacon. Durant cette \u00e9volution d&rsquo;identit\u00e9, il est possible que vous receviez l&rsquo;ancien ou le nouveau flacon. Les saveurs, elles, restent parfaitement inchang\u00e9es !<\/p>\n<\/div>\n<p>&nbsp;<\/p>\n<p class=\"u-fiv\">Le Far West am\u00e9ricain n\u2019est plus lointain avec l\u2019e-liquide Classic USA Classic 10ml Dlice et son mono ar\u00f4me de classic blond, inspir\u00e9 des USA mais fabriqu\u00e9 en France.<\/p>\n<ul>\n<li>Saveur : Classic blond<\/li>\n<li>E-liquide\u00a070\/30 PG\/VG.<\/li>\n<li>Format 10ml disponible en 0, 3, 6, 12, ou 18mg\/ml.<\/li>\n<li>L\u2019e-liquide Dlice\u00a0Classic USA Classic est fabriqu\u00e9 en France.<\/li>\n<\/ul>\n<p><i><u>Note<\/u>\u00a0: Cet\u00a0e-liquide 10ml est conseill\u00e9 pour des r\u00e9sistances de 0,8 \u00e0 2\uab65.<\/i><\/p>\n<\/div>\n<\/div>\n<\/div>\n<div class=\"c-pdt__sections c-pdt__sections--columns\">\n<div class=\"c-pdt__section c-pdt__section--columns\">\n<div id=\"description\" class=\"\">\n<div class=\"product-description c-pdt__description s-cms\">\n<h3>E-liquide Classic USA Classic 10ml &#8211; Dlice<\/h3>\n<p>&nbsp;<\/p>\n<p class=\"u-fiv\">Vous avez d\u00e9j\u00e0 captur\u00e9 une cigarette \u00e9lectronique au lasso ? Le moment est venu de frapper \u00e0 nouveau mais pour un e-liquide cet fois : l\u2019e-liquide Dlice Classic USA Classic 10ml et son mono ar\u00f4me de\u00a0classic blond, qui rapproche l\u2019ouest am\u00e9ricain.<\/p>\n<p>E-liquide fran\u00e7ais\u00a0saveur Classic USA fabriqu\u00e9 par Dlice. Recharge 10ml.<\/p>\n<p>&nbsp;<\/p>\n<hr \/>\n<p>&nbsp;<\/p>\n<h3>Base du e-liquide Dlice Classic USA Classic 10ml<\/h3>\n<ul>\n<li>70 % : Propyl\u00e8ne Glycol<\/li>\n<li>30 % : Glyc\u00e9rine V\u00e9g\u00e9tale<\/li>\n<\/ul>\n<p>&nbsp;<\/p>\n<p>Le e-liquide 10ml Classic USA Classic Dlice est fabriqu\u00e9 sur une base fluide 70\/30 PG\/VG.<\/p>\n<p><i><u>Note<\/u> : Une base 70\/30 est plus pr\u00e9cis\u00e9ment conseill\u00e9e pour des r\u00e9sistances comprises entre 0,8 et 2\uab65 qui \u00e9quipent de tr\u00e8s nombreuses cigarettes \u00e9lectroniques MTL.<\/i><\/p>\n<p>&nbsp;<\/p>\n<hr \/>\n<p>&nbsp;<\/p>\n<h3>E-liquide USA Classic Dlice 10ml nicotin\u00e9<\/h3>\n<p>La marque Dlice propose son e-liquide pour cigarette \u00e9lectronique Classic USA Classic avec des taux de nicotine au choix entre 0, 3, 6, 12, et 18mg\/ml.<\/p>\n<p class=\"u-fiv\">Dlice pourra ainsi vous accompagner d\u00e8s vos d\u00e9buts dans la vape, et jusqu\u2019\u00e0 la fin de votre d\u00e9pendance nicotinique, avec son e-liquide 10ml go\u00fbt classic blond.<\/p>\n<p>&nbsp;<\/p>\n<hr \/>\n<p>&nbsp;<\/p>\n<h3>Conservation de votre e-liquide 10ml Dlice Classic USA Classic<\/h3>\n<p>Pour une conservation optimale jour apr\u00e8s jour, conservez votre e-liquide Classic USA Classic 10ml dans un endroit sec et \u00e0 temp\u00e9rature ambiante. Ne l\u2019exposez pas en permanence \u00e0 la lumi\u00e8re et rebouchez soigneusement le flacon apr\u00e8s usage.<\/p>\n<p>Un e-liquide pr\u00eat \u00e0 vaper Dlice bien conserv\u00e9 pourra \u00eatre consomm\u00e9 apr\u00e8s d\u00e9passement de sa DLUO, sans perte significative de saveur.<\/p>\n<\/div>\n<\/div>\n<\/div>\n<div class=\"c-pdt__section\">\n<div id=\"product-details\" class=\"\" data-product=\"{&quot;id_shop_default&quot;:&quot;2&quot;,&quot;id_manufacturer&quot;:&quot;0&quot;,&quot;id_supplier&quot;:&quot;11&quot;,&quot;reference&quot;:&quot;&quot;,&quot;is_virtual&quot;:&quot;0&quot;,&quot;delivery_in_stock&quot;:&quot;&quot;,&quot;delivery_out_stock&quot;:&quot;&quot;,&quot;id_category_default&quot;:&quot;116&quot;,&quot;on_sale&quot;:&quot;0&quot;,&quot;online_only&quot;:&quot;0&quot;,&quot;ecotax&quot;:0,&quot;minimal_quantity&quot;:&quot;1&quot;,&quot;low_stock_threshold&quot;:null,&quot;low_stock_alert&quot;:&quot;0&quot;,&quot;price&quot;:&quot;1,32\\u00a0\\u20ac&quot;,&quot;unity&quot;:&quot;&quot;,&quot;unit_price_ratio&quot;:&quot;0.000000&quot;,&quot;additional_shipping_cost&quot;:&quot;0.000000&quot;,&quot;customizable&quot;:&quot;0&quot;,&quot;text_fields&quot;:&quot;0&quot;,&quot;uploadable_files&quot;:&quot;0&quot;,&quot;redirect_type&quot;:&quot;404&quot;,&quot;id_type_redirected&quot;:&quot;0&quot;,&quot;available_for_order&quot;:&quot;1&quot;,&quot;available_date&quot;:null,&quot;show_condition&quot;:&quot;0&quot;,&quot;condition&quot;:&quot;new&quot;,&quot;show_price&quot;:&quot;1&quot;,&quot;indexed&quot;:&quot;1&quot;,&quot;visibility&quot;:&quot;both&quot;,&quot;cache_default_attribute&quot;:&quot;1837&quot;,&quot;advanced_stock_management&quot;:&quot;1&quot;,&quot;date_add&quot;:&quot;2026-01-29 20:41:00&quot;,&quot;date_upd&quot;:&quot;2026-03-19 14:00:43&quot;,&quot;pack_stock_type&quot;:&quot;0&quot;,&quot;meta_keywords&quot;:&quot;&quot;,&quot;link_rewrite&quot;:&quot;usa-classic-blond-neutre&quot;,&quot;name&quot;:&quot;E-liquide Classic USA Classic - Dlice&quot;,&quot;available_now&quot;:&quot;&quot;,&quot;available_later&quot;:&quot;&quot;,&quot;id&quot;:615,&quot;id_product&quot;:615,&quot;out_of_stock&quot;:2,&quot;new&quot;:0,&quot;id_product_attribute&quot;:68162,&quot;quantity_wanted&quot;:1,&quot;allow_oosp&quot;:0,&quot;category&quot;:&quot;e-liquide-dlice-francais&quot;,&quot;category_name&quot;:&quot;Dlice&quot;,&quot;link&quot;:&quot;https:\\\/\\\/pro.taklope.com\\\/e-liquide-dlice-francais\\\/615-usa-classic-blond-neutre.html&quot;,&quot;attribute_price&quot;:0,&quot;price_tax_exc&quot;:1.3200000000000000621724893790087662637233734130859375,&quot;price_without_reduction&quot;:1.3200000000000000621724893790087662637233734130859375,&quot;reduction&quot;:0,&quot;specific_prices&quot;:{&quot;id_specific_price&quot;:&quot;26857825&quot;,&quot;id_specific_price_rule&quot;:&quot;0&quot;,&quot;id_cart&quot;:&quot;0&quot;,&quot;id_product&quot;:&quot;615&quot;,&quot;id_product_attribute&quot;:&quot;0&quot;,&quot;id_shop&quot;:&quot;2&quot;,&quot;id_shop_group&quot;:&quot;0&quot;,&quot;id_currency&quot;:&quot;0&quot;,&quot;id_country&quot;:&quot;0&quot;,&quot;id_group&quot;:&quot;22&quot;,&quot;id_customer&quot;:&quot;0&quot;,&quot;price&quot;:1.3200000000000000621724893790087662637233734130859375,&quot;from_quantity&quot;:&quot;1&quot;,&quot;reduction&quot;:&quot;0.000000&quot;,&quot;reduction_tax&quot;:&quot;1&quot;,&quot;reduction_type&quot;:&quot;percentage&quot;,&quot;from&quot;:&quot;0000-00-00 00:00:00&quot;,&quot;to&quot;:&quot;0000-00-00 00:00:00&quot;,&quot;score&quot;:&quot;18&quot;},&quot;quantity&quot;:1028,&quot;quantity_all_versions&quot;:3398,&quot;id_image&quot;:&quot;fr-default&quot;,&quot;attachments&quot;:[],&quot;virtual&quot;:0,&quot;pack&quot;:0,&quot;packItems&quot;:[],&quot;nopackprice&quot;:0,&quot;customization_required&quot;:false,&quot;attributes&quot;:{&quot;6&quot;:{&quot;id_attribute&quot;:&quot;386&quot;,&quot;id_attribute_group&quot;:&quot;6&quot;,&quot;name&quot;:&quot;3 mg&quot;,&quot;group&quot;:&quot;Nicotine&quot;,&quot;reference&quot;:&quot;&quot;,&quot;ean13&quot;:&quot;3760228187514&quot;,&quot;isbn&quot;:&quot;&quot;,&quot;upc&quot;:&quot;&quot;,&quot;mpn&quot;:&quot;&quot;}},&quot;rate&quot;:20,&quot;tax_name&quot;:&quot;TVA FR 20%&quot;,&quot;ecotax_rate&quot;:0,&quot;unit_price&quot;:&quot;&quot;,&quot;customizations&quot;:{&quot;fields&quot;:[]},&quot;id_customization&quot;:0,&quot;is_customizable&quot;:false,&quot;show_quantities&quot;:true,&quot;quantity_label&quot;:&quot;Produits&quot;,&quot;quantity_discounts&quot;:[],&quot;customer_group_discount&quot;:0,&quot;images&quot;:[{&quot;bySize&quot;:{&quot;small_default&quot;:{&quot;url&quot;:&quot;https:\\\/\\\/media.taklope.com\\\/70014-small_default\\\/usa-classic-blond-neutre.jpg&quot;,&quot;width&quot;:98,&quot;height&quot;:98},&quot;cart_default&quot;:{&quot;url&quot;:&quot;https:\\\/\\\/media.taklope.com\\\/70014-cart_default\\\/usa-classic-blond-neutre.jpg&quot;,&quot;width&quot;:125,&quot;height&quot;:125},&quot;home_default&quot;:{&quot;url&quot;:&quot;https:\\\/\\\/media.taklope.com\\\/70014-home_default\\\/usa-classic-blond-neutre.jpg&quot;,&quot;width&quot;:250,&quot;height&quot;:250},&quot;medium_default&quot;:{&quot;url&quot;:&quot;https:\\\/\\\/media.taklope.com\\\/70014-medium_default\\\/usa-classic-blond-neutre.jpg&quot;,&quot;width&quot;:452,&quot;height&quot;:452},&quot;large_default&quot;:{&quot;url&quot;:&quot;https:\\\/\\\/media.taklope.com\\\/70014-large_default\\\/usa-classic-blond-neutre.jpg&quot;,&quot;width&quot;:1000,&quot;height&quot;:1000}},&quot;small&quot;:{&quot;url&quot;:&quot;https:\\\/\\\/media.taklope.com\\\/70014-small_default\\\/usa-classic-blond-neutre.jpg&quot;,&quot;width&quot;:98,&quot;height&quot;:98},&quot;medium&quot;:{&quot;url&quot;:&quot;https:\\\/\\\/media.taklope.com\\\/70014-home_default\\\/usa-classic-blond-neutre.jpg&quot;,&quot;width&quot;:250,&quot;height&quot;:250},&quot;large&quot;:{&quot;url&quot;:&quot;https:\\\/\\\/media.taklope.com\\\/70014-large_default\\\/usa-classic-blond-neutre.jpg&quot;,&quot;width&quot;:1000,&quot;height&quot;:1000},&quot;legend&quot;:&quot;E-liquide Classic USA Classic - Dlice&quot;,&quot;id_image&quot;:&quot;70014&quot;,&quot;cover&quot;:&quot;1&quot;,&quot;position&quot;:&quot;1&quot;,&quot;associatedVariants&quot;:[]}],&quot;cover&quot;:{&quot;bySize&quot;:{&quot;small_default&quot;:{&quot;url&quot;:&quot;https:\\\/\\\/media.taklope.com\\\/70014-small_default\\\/usa-classic-blond-neutre.jpg&quot;,&quot;width&quot;:98,&quot;height&quot;:98},&quot;cart_default&quot;:{&quot;url&quot;:&quot;https:\\\/\\\/media.taklope.com\\\/70014-cart_default\\\/usa-classic-blond-neutre.jpg&quot;,&quot;width&quot;:125,&quot;height&quot;:125},&quot;home_default&quot;:{&quot;url&quot;:&quot;https:\\\/\\\/media.taklope.com\\\/70014-home_default\\\/usa-classic-blond-neutre.jpg&quot;,&quot;width&quot;:250,&quot;height&quot;:250},&quot;medium_default&quot;:{&quot;url&quot;:&quot;https:\\\/\\\/media.taklope.com\\\/70014-medium_default\\\/usa-classic-blond-neutre.jpg&quot;,&quot;width&quot;:452,&quot;height&quot;:452},&quot;large_default&quot;:{&quot;url&quot;:&quot;https:\\\/\\\/media.taklope.com\\\/70014-large_default\\\/usa-classic-blond-neutre.jpg&quot;,&quot;width&quot;:1000,&quot;height&quot;:1000}},&quot;small&quot;:{&quot;url&quot;:&quot;https:\\\/\\\/media.taklope.com\\\/70014-small_default\\\/usa-classic-blond-neutre.jpg&quot;,&quot;width&quot;:98,&quot;height&quot;:98},&quot;medium&quot;:{&quot;url&quot;:&quot;https:\\\/\\\/media.taklope.com\\\/70014-home_default\\\/usa-classic-blond-neutre.jpg&quot;,&quot;width&quot;:250,&quot;height&quot;:250},&quot;large&quot;:{&quot;url&quot;:&quot;https:\\\/\\\/media.taklope.com\\\/70014-large_default\\\/usa-classic-blond-neutre.jpg&quot;,&quot;width&quot;:1000,&quot;height&quot;:1000},&quot;legend&quot;:&quot;E-liquide Classic USA Classic - Dlice&quot;,&quot;id_image&quot;:&quot;70014&quot;,&quot;cover&quot;:&quot;1&quot;,&quot;position&quot;:&quot;1&quot;,&quot;associatedVariants&quot;:[]},&quot;has_discount&quot;:false,&quot;discount_type&quot;:&quot;percentage&quot;,&quot;discount_percentage&quot;:&quot;0%&quot;,&quot;discount_percentage_absolute&quot;:&quot;0%&quot;,&quot;discount_amount&quot;:&quot;0,00\\u00a0\\u20ac&quot;,&quot;discount_amount_to_display&quot;:&quot;-0,00\\u00a0\\u20ac&quot;,&quot;price_amount&quot;:1.3200000000000000621724893790087662637233734130859375,&quot;unit_price_full&quot;:&quot;&quot;,&quot;show_availability&quot;:true,&quot;availability_date&quot;:null,&quot;availability_message&quot;:&quot;&quot;,&quot;availability&quot;:&quot;available&quot;}\">\n<section class=\"product-features\">\n<p class=\"u-h2 u-mb-3\">Fiche technique<\/p>\n<div id=\"readmore-pdt-features\" class=\"u-mb-2\">\n<table class=\"data-sheet table table-striped u-mb-0\">\n<tbody>\n<tr class=\"c-pdt__features-row\">\n<th class=\"name\">Type de produit<\/th>\n<td class=\"value\">E-liquide<\/td>\n<\/tr>\n<tr class=\"c-pdt__features-row\">\n<th class=\"name\">Marque<\/th>\n<td class=\"value\">DLICE<\/td>\n<\/tr>\n<tr class=\"c-pdt__features-row\">\n<th class=\"name\">Type de saveur<\/th>\n<td class=\"value\">Classic<\/td>\n<\/tr>\n<tr class=\"c-pdt__features-row\">\n<th class=\"name\">Dosage PG\/VG<\/th>\n<td class=\"value\">70\/30 &#8211; PG\/VG<\/td>\n<\/tr>\n<tr class=\"c-pdt__features-row\">\n<th class=\"name\">Gamme<\/th>\n<td class=\"value\">D&rsquo;lice<\/td>\n<\/tr>\n<tr class=\"c-pdt__features-row\">\n<th class=\"name\">Contenance (en ml)<\/th>\n<td class=\"value\">10<\/td>\n<\/tr>\n<tr class=\"c-pdt__features-row\">\n<th class=\"name\">Origine<\/th>\n<td class=\"value\">France<\/td>\n<\/tr>\n<tr class=\"c-pdt__features-row\">\n<th class=\"name\">Type e-liquide<\/th>\n<td class=\"value\">Pr\u00eat \u00e0 vaper 10ml<\/td>\n<\/tr>\n<tr class=\"c-pdt__features-row\">\n<th class=\"name\">Mono ar\u00f4me<\/th>\n<td class=\"value\">Oui<\/td>\n<\/tr>\n<\/tbody>\n<\/table>\n<\/div>\n<\/section>\n<\/div>\n<\/div>\n<div class=\"c-pdt__section c-pdt__section--columns\">\n<div id=\"disclaimer\" class=\"\">\n<p class=\"u-h2 u-mb-3\">Nicotine bon \u00e0 savoir<\/p>\n<div class=\"c-card c-pdt-disclaimer__card c-pdt-disclaimer__card--attention\">\n<div class=\"c-pdt-disclaimer__heading\">\n<div class=\"u-ml-1\">\n<p class=\"u-h4 u-txt-white u-mb-0\">Attention<\/p>\n<p class=\"u-mb-0\">Entre 0.25% et 1.66% m\/m de Nicotine<\/p>\n<p class=\"u-mb-0\">Nocif en cas d&rsquo;ingestion<\/p>\n<\/div>\n<\/div>\n<div class=\"c-pdt-disclaimer__content\">\n<p class=\"u-h4 u-mb-1\">Conseils de prudence<\/p>\n<ul>\n<li>P101 : En cas de consultation d&rsquo;un m\u00e9decin, garder \u00e0 disposition le r\u00e9cipient ou l&rsquo;\u00e9tiquette<\/li>\n<li>P102 : Tenir hors de port\u00e9e des enfants<\/li>\n<li>Se laver les mains soigneusement apr\u00e8s manipulation<\/li>\n<li>P270 : Ne pas manger, boire ou fumer en manipulant le produit<\/li>\n<li>P301+312 : Appeler un CENTRE ANTI-POISON ou un m\u00e9decin en cas de malaise<\/li>\n<li>P330 : Rincer la bouche<\/li>\n<li>EMBALLAGE : Indice tactile de danger<\/li>\n<\/ul>\n<\/div>\n<\/div>\n<div class=\"c-card c-pdt-disclaimer__card c-pdt-disclaimer__card--danger\">\n<div class=\"c-pdt-disclaimer__heading\">\n<div class=\"u-ml-1\">\n<p class=\"u-h4 u-txt-white u-mb-0\">Danger<\/p>\n<p class=\"u-mb-0\">Au-del\u00e0 de 1.66% m\/m de Nicotine<\/p>\n<p class=\"u-mb-0\">Toxique en cas d&rsquo;ingestion<\/p>\n<\/div>\n<\/div>\n<div class=\"c-pdt-disclaimer__content\">\n<p class=\"u-h4 u-mb-1\">Conseils de prudence<\/p>\n<ul>\n<li>P101 : En cas de consultation d&rsquo;un m\u00e9decin, garder \u00e0 disposition le r\u00e9cipient ou l&rsquo;\u00e9tiquette<\/li>\n<li>P102 : Tenir hors de port\u00e9e des enfants<\/li>\n<li>Se laver les mains soigneusement apr\u00e8s manipulation<\/li>\n<li>P270 : Ne pas manger, boire ou fumer en manipulant le produit<\/li>\n<li>EN CAS DE CONTACT AVEC LA PEAU : laver abondamment \u00e0 l&rsquo;eau et au savon<\/li>\n<li>P301+310 : Appeler imm\u00e9diatement un CENTRE ANTI-POISON ou un m\u00e9decin en cas de malaise<\/li>\n<li>P405 : Garder sous cl\u00e9<\/li>\n<li>EMBALLAGE : Fermeture de s\u00e9curit\u00e9 pour un enfant et indice tactile de danger<\/li>\n<\/ul>\n<\/div>\n<\/div>\n<\/div>\n<\/div>\n<div class=\"c-pdt__section c-pdt__section--columns\">\n<div id=\"manufacturer\" class=\"\">\n<div class=\"u-p-rel u-mb-1\">\n<div class=\"c-pdt__manu-thumbnail\"><img loading=\"lazy\" decoding=\"async\" class=\"u-img-fluid\" src=\"https:\/\/media.taklope.com\/c\/116-category_default\/e-liquide-dlice-francais.jpg\" alt=\"Dlice\" width=\"250\" height=\"50\" \/><\/div>\n<p>Dlice<\/p>\n<\/div>\n<div id=\"readmore-pdt-manufacturer\" class=\"c-pdt__manu-desc\" data-readmore=\"\" aria-expanded=\"true\">\n<p class=\"u-fiv\">Le savoir-faire vapologique fran\u00e7ais a \u00e0 son actif un fabricant d\u2019e-liquides\u00a0doublement certifi\u00e9, pour mieux vous servir : Dlice. Depuis Brive-la-Gaillarde, au c\u0153ur de la Corr\u00e8ze, en r\u00e9gion Nouvelle Aquitaine, la marque d&rsquo;e-liquides D&rsquo;lice con\u00e7oit et produit en effet des gammes d\u2019e-liquides 10ml nicotin\u00e9s certifi\u00e9s AFNOR et Origine France Garantie. Tout pour satisfaire m\u00eame les vapoteurs les plus exigeants avec les e-liquides Dlice.<\/p>\n<p class=\"u-fiv\">Pr\u00e9sente sur le secteur des e-liquides premium depuis 2011 et ayant perc\u00e9 dans le monde de la vape en 2012, la marque Dlice fait actuellement partie des meilleures marques d\u2019e liquides fran\u00e7ais gr\u00e2ce \u00e0 sa ma\u00eetrise dans la conception de ses produits et sa cr\u00e9ativit\u00e9 sur le plan gustatif. D50, Dlice, Dtime, Dulce : la marque Dlice a \u00e0 son arc plusieurs gammes Dlicieuses, aux saveurs bluffantes de r\u00e9alisme. Dlice est \u00e9galement un concepteur fran\u00e7ais engag\u00e9 pour une production v\u00e9ritablement fran\u00e7aise, parfaitement tra\u00e7able et transparente sur la qualit\u00e9 des mati\u00e8res premi\u00e8res qu\u2019elle utilise pour ses e-liquides. Choisir la marque Dlice pour sa vape, c\u2019est s\u2019assurer de placer dans son panier des e-liquides fran\u00e7ais D&rsquo;lice aux ar\u00f4mes naturels ou identiques nature 100% fran\u00e7ais soigneusement s\u00e9lectionn\u00e9s, ainsi qu\u2019avec une base saine en propyl\u00e8ne glycol et glyc\u00e9rine v\u00e9g\u00e9tale de qualit\u00e9 pharmaceutique PE\/USP. Pr\u00eats \u00e0 vaper, les e-liquides Dlice comportent aussi une nicotine de qualit\u00e9 pharmaceutique PE\/USP pure \u00e0 99%. Que demander de plus \u00e0 un e-liquide ?<\/p>\n<\/div>\n<\/div>\n<\/div>\n<\/div>\n<hr data-start=\"600\" data-end=\"603\" \/>\n","protected":false},"excerpt":{"rendered":"<p>Classic Blond &#8211; Neutre &#8211; 10 ml &#8211; 70\/30 PG\/VG &#8211; 0, 3, 6, 12 et 18mg<\/p>\n","protected":false},"featured_media":1911,"comment_status":"open","ping_status":"closed","template":"","meta":{"slim_seo":{"title":"E-liquide Classic USA Classic - Dlice - Vapote-Shop","description":"Classic Blond - Neutre - 10 ml - 70\/30 PG\/VG - 0, 3, 6, 12 et 18mg"}},"product_brand":[88],"product_cat":[68,52],"product_tag":[],"class_list":{"0":"post-1910","1":"product","2":"type-product","3":"status-publish","4":"has-post-thumbnail","6":"product_brand-dlice","7":"product_cat-e-liquide-10ml","8":"product_cat-meilleures-ventes","10":"first","11":"instock","12":"shipping-taxable","13":"purchasable","14":"product-type-variable","15":"has-default-attributes"},"_links":{"self":[{"href":"https:\/\/www.vapote-shop.fr\/index.php\/wp-json\/wp\/v2\/product\/1910","targetHints":{"allow":["GET"]}}],"collection":[{"href":"https:\/\/www.vapote-shop.fr\/index.php\/wp-json\/wp\/v2\/product"}],"about":[{"href":"https:\/\/www.vapote-shop.fr\/index.php\/wp-json\/wp\/v2\/types\/product"}],"replies":[{"embeddable":true,"href":"https:\/\/www.vapote-shop.fr\/index.php\/wp-json\/wp\/v2\/comments?post=1910"}],"wp:featuredmedia":[{"embeddable":true,"href":"https:\/\/www.vapote-shop.fr\/index.php\/wp-json\/wp\/v2\/media\/1911"}],"wp:attachment":[{"href":"https:\/\/www.vapote-shop.fr\/index.php\/wp-json\/wp\/v2\/media?parent=1910"}],"wp:term":[{"taxonomy":"product_brand","embeddable":true,"href":"https:\/\/www.vapote-shop.fr\/index.php\/wp-json\/wp\/v2\/product_brand?post=1910"},{"taxonomy":"product_cat","embeddable":true,"href":"https:\/\/www.vapote-shop.fr\/index.php\/wp-json\/wp\/v2\/product_cat?post=1910"},{"taxonomy":"product_tag","embeddable":true,"href":"https:\/\/www.vapote-shop.fr\/index.php\/wp-json\/wp\/v2\/product_tag?post=1910"}],"curies":[{"name":"wp","href":"https:\/\/api.w.org\/{rel}","templated":true}]}}