{"id":1934,"date":"2026-03-25T07:34:48","date_gmt":"2026-03-25T06:34:48","guid":{"rendered":"https:\/\/www.vapote-shop.fr\/?post_type=product&#038;p=1934"},"modified":"2026-03-27T08:59:03","modified_gmt":"2026-03-27T07:59:03","slug":"e-liquide-cerise-noire-10ml-one-taste-e-tasty","status":"publish","type":"product","link":"https:\/\/www.vapote-shop.fr\/index.php\/produit\/e-liquide-cerise-noire-10ml-one-taste-e-tasty\/","title":{"rendered":"E-liquide Cerise Noire 10ml One Taste &#8211; E.Tasty<div class=\"custom-short-desc\">Cerise noire - 10ml - 50\/50 PG\/VG - 3, 6, 12 ou 18mg<\/div>"},"content":{"rendered":"<div class=\"c-pdt__section c-pdt__section--columns\">\n<div id=\"description_short\" class=\"\">\n<h3 class=\"u-h2 u-mb-3\">E-liquide Cerise Noire 10ml One Taste &#8211; E.Tasty<\/h3>\n<div class=\"product-description c-pdt__description c-pdt__description--recap s-cms\">\n<p class=\"u-fiv\">Le concours de crachat de noyau ne pourra se faire, mais qu\u2019importe lorsque le e-liquide Cerise Noire 10ml One Taste E.Tasty et son jus de griottes sucr\u00e9es vous promettent de longs instants de volupt\u00e9 ?<\/p>\n<ul>\n<li>Saveur : <span style=\"color: red;\">Cerise noire<\/span><\/li>\n<li>E-liquide\u00a050\/50 PG\/VG<\/li>\n<li>Format 10ml disponible en 3, 6, 12 ou 18 mg\/ml.<\/li>\n<li>E-liquide Cerise Noire fabriqu\u00e9 en France par E.Tasty pour la gamme One Taste.<\/li>\n<\/ul>\n<p><i><u>Note<\/u>\u00a0: Cet\u00a0e-liquide E.Tasty One Taste est conseill\u00e9 pour des r\u00e9sistances de 0,5 \u00e0 0,8\uab65.<\/i><\/p>\n<\/div>\n<\/div>\n<\/div>\n<div class=\"c-pdt__sections c-pdt__sections--columns\">\n<div class=\"c-pdt__section c-pdt__section--columns\">\n<div id=\"description\" class=\"\">\n<div class=\"product-description c-pdt__description s-cms\">\n<h3>E-liquide Cerise Noire 10ml One Taste &#8211; E.Tasty<\/h3>\n<p>&nbsp;<\/p>\n<p><img decoding=\"async\" class=\"center-block\" src=\"https:\/\/pro.taklope.com\/img\/descrhtml\/MESbandeau_1585711.jpg\" alt=\"MESbandeau_1585711.jpg\" \/><\/p>\n<p class=\"u-fiv\">Charm\u00e9s par une demoiselle sucr\u00e9e, \u00e0 la robe vermillon et au doux parfum d\u2019\u00e9t\u00e9, les chefs de chez E.Tasty vous offrent une envo\u00fbtante recette, aussi d\u00e9salt\u00e9rante que g\u00e9n\u00e9reuse en jus sucr\u00e9, \u00e0 faire rougir de plaisir.<br \/>\nNaturel et intens\u00e9ment parfum\u00e9, le e-liquide Cerise Noire 10ml One Taste E.Tasty est la cerise sur le g\u00e2teau de vos envies fruit\u00e9es. Sombrez dans le jus estival, et pourtant si sombre, d\u2019un cocktail mixant un panier de\u00a0cerises\u00a0au parfum l\u00e9ger et aux chairs sucr\u00e9es qui vous arrachera un soupir de pl\u00e9nitude \u00e0 chaque bouff\u00e9e.<\/p>\n<p>E-liquide fran\u00e7ais\u00a0saveur Cerise Noire 10ml par E.Tasty One Taste, fabriqu\u00e9 en France.<\/p>\n<p>&nbsp;<\/p>\n<hr \/>\n<p>&nbsp;<\/p>\n<h3>Base du e-liquide Cerise Noire 10ml One Taste E.Tasty<\/h3>\n<ul>\n<li>50 % : Propyl\u00e8ne Glycol<\/li>\n<li>50 % : Glyc\u00e9rine V\u00e9g\u00e9tale<\/li>\n<\/ul>\n<p>&nbsp;<\/p>\n<p>Le e-liquide Cerise Noire 10ml One Taste est fabriqu\u00e9 sur une base 50\/50 PG\/VG \u00e9quilibr\u00e9e.<\/p>\n<p><i><u>Note<\/u> : Une base 50\/50 est plus pr\u00e9cis\u00e9ment conseill\u00e9e pour des r\u00e9sistances comprises entre 0,5 et 0,8 \uab65.<\/i><\/p>\n<p>&nbsp;<\/p>\n<hr \/>\n<p>&nbsp;<\/p>\n<h3>E-liquide Cerise Noire 10ml One Taste nicotin\u00e9<\/h3>\n<p>La gamme One Taste by E.Tasty propose son e-liquide pour\u00a0cigarette \u00e9lectronique\u00a0Cerise Noire 10ml avec des taux de nicotine au choix entre 3, 6, 12 et 18 mg\/ml.<\/p>\n<p class=\"u-fiv\">E.Tasty pourra ainsi vous accompagner d\u00e8s vos d\u00e9buts dans la vape, et pour longtemps, avec son irr\u00e9sistible panier de griottes nomm\u00e9 Cerise Noire.<\/p>\n<p>&nbsp;<\/p>\n<hr \/>\n<p>&nbsp;<\/p>\n<h3>Conservation de votre e-liquide E.Tasty One Taste Cerise Noire 10ml<\/h3>\n<p>Pour une conservation optimale jour apr\u00e8s jour, conservez votre e-liquide Cerise Noire 10ml One Taste dans un endroit sec et \u00e0 temp\u00e9rature ambiante. Ne l\u2019exposez pas en permanence \u00e0 la lumi\u00e8re et rebouchez soigneusement le flacon apr\u00e8s usage.<\/p>\n<p>Un\u00a0e-liquide 10ml\u00a0E.Tasty One Taste bien conserv\u00e9 pourra \u00eatre consomm\u00e9 apr\u00e8s d\u00e9passement de sa DLUO, sans perte significative de saveur.<\/p>\n<\/div>\n<\/div>\n<\/div>\n<div class=\"c-pdt__section\">\n<div id=\"product-details\" class=\"\" data-product=\"{&quot;id_shop_default&quot;:&quot;2&quot;,&quot;id_manufacturer&quot;:&quot;0&quot;,&quot;id_supplier&quot;:&quot;97&quot;,&quot;reference&quot;:&quot;&quot;,&quot;is_virtual&quot;:&quot;0&quot;,&quot;delivery_in_stock&quot;:&quot;&quot;,&quot;delivery_out_stock&quot;:&quot;&quot;,&quot;id_category_default&quot;:&quot;974&quot;,&quot;on_sale&quot;:&quot;0&quot;,&quot;online_only&quot;:&quot;0&quot;,&quot;ecotax&quot;:0,&quot;minimal_quantity&quot;:&quot;1&quot;,&quot;low_stock_threshold&quot;:null,&quot;low_stock_alert&quot;:&quot;0&quot;,&quot;price&quot;:&quot;1,20\\u00a0\\u20ac&quot;,&quot;unity&quot;:&quot;&quot;,&quot;unit_price_ratio&quot;:&quot;0.000000&quot;,&quot;additional_shipping_cost&quot;:&quot;0.000000&quot;,&quot;customizable&quot;:&quot;0&quot;,&quot;text_fields&quot;:&quot;0&quot;,&quot;uploadable_files&quot;:&quot;0&quot;,&quot;redirect_type&quot;:&quot;404&quot;,&quot;id_type_redirected&quot;:&quot;0&quot;,&quot;available_for_order&quot;:&quot;1&quot;,&quot;available_date&quot;:null,&quot;show_condition&quot;:&quot;0&quot;,&quot;condition&quot;:&quot;new&quot;,&quot;show_price&quot;:&quot;1&quot;,&quot;indexed&quot;:&quot;1&quot;,&quot;visibility&quot;:&quot;both&quot;,&quot;cache_default_attribute&quot;:&quot;246879&quot;,&quot;advanced_stock_management&quot;:&quot;1&quot;,&quot;date_add&quot;:&quot;2026-01-29 20:39:41&quot;,&quot;date_upd&quot;:&quot;2026-03-19 08:59:27&quot;,&quot;pack_stock_type&quot;:&quot;0&quot;,&quot;meta_keywords&quot;:&quot;&quot;,&quot;link_rewrite&quot;:&quot;cerise-noire&quot;,&quot;name&quot;:&quot;E-liquide Cerise Noire 10ml One Taste - E.Tasty&quot;,&quot;available_now&quot;:&quot;&quot;,&quot;available_later&quot;:&quot;&quot;,&quot;id&quot;:10923,&quot;id_product&quot;:10923,&quot;out_of_stock&quot;:2,&quot;new&quot;:0,&quot;id_product_attribute&quot;:246879,&quot;quantity_wanted&quot;:1,&quot;allow_oosp&quot;:0,&quot;category&quot;:&quot;e-tasty&quot;,&quot;category_name&quot;:&quot;E.Tasty&quot;,&quot;link&quot;:&quot;https:\\\/\\\/pro.taklope.com\\\/e-tasty\\\/10923-cerise-noire.html&quot;,&quot;attribute_price&quot;:0,&quot;price_tax_exc&quot;:1.1999999999999999555910790149937383830547332763671875,&quot;price_without_reduction&quot;:1.1999999999999999555910790149937383830547332763671875,&quot;reduction&quot;:0,&quot;specific_prices&quot;:{&quot;id_specific_price&quot;:&quot;26831500&quot;,&quot;id_specific_price_rule&quot;:&quot;0&quot;,&quot;id_cart&quot;:&quot;0&quot;,&quot;id_product&quot;:&quot;10923&quot;,&quot;id_product_attribute&quot;:&quot;0&quot;,&quot;id_shop&quot;:&quot;2&quot;,&quot;id_shop_group&quot;:&quot;0&quot;,&quot;id_currency&quot;:&quot;0&quot;,&quot;id_country&quot;:&quot;0&quot;,&quot;id_group&quot;:&quot;22&quot;,&quot;id_customer&quot;:&quot;0&quot;,&quot;price&quot;:1.1999999999999999555910790149937383830547332763671875,&quot;from_quantity&quot;:&quot;1&quot;,&quot;reduction&quot;:&quot;0.000000&quot;,&quot;reduction_tax&quot;:&quot;1&quot;,&quot;reduction_type&quot;:&quot;percentage&quot;,&quot;from&quot;:&quot;0000-00-00 00:00:00&quot;,&quot;to&quot;:&quot;0000-00-00 00:00:00&quot;,&quot;score&quot;:&quot;18&quot;},&quot;quantity&quot;:82,&quot;quantity_all_versions&quot;:377,&quot;id_image&quot;:&quot;fr-default&quot;,&quot;attachments&quot;:[],&quot;virtual&quot;:0,&quot;pack&quot;:0,&quot;packItems&quot;:[],&quot;nopackprice&quot;:0,&quot;customization_required&quot;:false,&quot;attributes&quot;:{&quot;6&quot;:{&quot;id_attribute&quot;:&quot;386&quot;,&quot;id_attribute_group&quot;:&quot;6&quot;,&quot;name&quot;:&quot;3 mg&quot;,&quot;group&quot;:&quot;Nicotine&quot;,&quot;reference&quot;:&quot;&quot;,&quot;ean13&quot;:&quot;3701418800226&quot;,&quot;isbn&quot;:&quot;&quot;,&quot;upc&quot;:&quot;&quot;,&quot;mpn&quot;:&quot;&quot;}},&quot;rate&quot;:20,&quot;tax_name&quot;:&quot;TVA FR 20%&quot;,&quot;ecotax_rate&quot;:0,&quot;unit_price&quot;:&quot;&quot;,&quot;customizations&quot;:{&quot;fields&quot;:[]},&quot;id_customization&quot;:0,&quot;is_customizable&quot;:false,&quot;show_quantities&quot;:true,&quot;quantity_label&quot;:&quot;Produits&quot;,&quot;quantity_discounts&quot;:[],&quot;customer_group_discount&quot;:0,&quot;images&quot;:[{&quot;bySize&quot;:{&quot;small_default&quot;:{&quot;url&quot;:&quot;https:\\\/\\\/media.taklope.com\\\/36750-small_default\\\/cerise-noire.jpg&quot;,&quot;width&quot;:98,&quot;height&quot;:98},&quot;cart_default&quot;:{&quot;url&quot;:&quot;https:\\\/\\\/media.taklope.com\\\/36750-cart_default\\\/cerise-noire.jpg&quot;,&quot;width&quot;:125,&quot;height&quot;:125},&quot;home_default&quot;:{&quot;url&quot;:&quot;https:\\\/\\\/media.taklope.com\\\/36750-home_default\\\/cerise-noire.jpg&quot;,&quot;width&quot;:250,&quot;height&quot;:250},&quot;medium_default&quot;:{&quot;url&quot;:&quot;https:\\\/\\\/media.taklope.com\\\/36750-medium_default\\\/cerise-noire.jpg&quot;,&quot;width&quot;:452,&quot;height&quot;:452},&quot;large_default&quot;:{&quot;url&quot;:&quot;https:\\\/\\\/media.taklope.com\\\/36750-large_default\\\/cerise-noire.jpg&quot;,&quot;width&quot;:1000,&quot;height&quot;:1000}},&quot;small&quot;:{&quot;url&quot;:&quot;https:\\\/\\\/media.taklope.com\\\/36750-small_default\\\/cerise-noire.jpg&quot;,&quot;width&quot;:98,&quot;height&quot;:98},&quot;medium&quot;:{&quot;url&quot;:&quot;https:\\\/\\\/media.taklope.com\\\/36750-home_default\\\/cerise-noire.jpg&quot;,&quot;width&quot;:250,&quot;height&quot;:250},&quot;large&quot;:{&quot;url&quot;:&quot;https:\\\/\\\/media.taklope.com\\\/36750-large_default\\\/cerise-noire.jpg&quot;,&quot;width&quot;:1000,&quot;height&quot;:1000},&quot;legend&quot;:&quot;Cerise Noire - E.Tasty&quot;,&quot;id_image&quot;:&quot;36750&quot;,&quot;cover&quot;:null,&quot;position&quot;:&quot;1&quot;,&quot;associatedVariants&quot;:[]},{&quot;bySize&quot;:{&quot;small_default&quot;:{&quot;url&quot;:&quot;https:\\\/\\\/media.taklope.com\\\/68052-small_default\\\/cerise-noire.jpg&quot;,&quot;width&quot;:98,&quot;height&quot;:98},&quot;cart_default&quot;:{&quot;url&quot;:&quot;https:\\\/\\\/media.taklope.com\\\/68052-cart_default\\\/cerise-noire.jpg&quot;,&quot;width&quot;:125,&quot;height&quot;:125},&quot;home_default&quot;:{&quot;url&quot;:&quot;https:\\\/\\\/media.taklope.com\\\/68052-home_default\\\/cerise-noire.jpg&quot;,&quot;width&quot;:250,&quot;height&quot;:250},&quot;medium_default&quot;:{&quot;url&quot;:&quot;https:\\\/\\\/media.taklope.com\\\/68052-medium_default\\\/cerise-noire.jpg&quot;,&quot;width&quot;:452,&quot;height&quot;:452},&quot;large_default&quot;:{&quot;url&quot;:&quot;https:\\\/\\\/media.taklope.com\\\/68052-large_default\\\/cerise-noire.jpg&quot;,&quot;width&quot;:1000,&quot;height&quot;:1000}},&quot;small&quot;:{&quot;url&quot;:&quot;https:\\\/\\\/media.taklope.com\\\/68052-small_default\\\/cerise-noire.jpg&quot;,&quot;width&quot;:98,&quot;height&quot;:98},&quot;medium&quot;:{&quot;url&quot;:&quot;https:\\\/\\\/media.taklope.com\\\/68052-home_default\\\/cerise-noire.jpg&quot;,&quot;width&quot;:250,&quot;height&quot;:250},&quot;large&quot;:{&quot;url&quot;:&quot;https:\\\/\\\/media.taklope.com\\\/68052-large_default\\\/cerise-noire.jpg&quot;,&quot;width&quot;:1000,&quot;height&quot;:1000},&quot;legend&quot;:&quot;E-liquide Cerise Noire 10ml One Taste - E.Tasty&quot;,&quot;id_image&quot;:&quot;68052&quot;,&quot;cover&quot;:&quot;1&quot;,&quot;position&quot;:&quot;1&quot;,&quot;associatedVariants&quot;:[]}],&quot;cover&quot;:{&quot;bySize&quot;:{&quot;small_default&quot;:{&quot;url&quot;:&quot;https:\\\/\\\/media.taklope.com\\\/68052-small_default\\\/cerise-noire.jpg&quot;,&quot;width&quot;:98,&quot;height&quot;:98},&quot;cart_default&quot;:{&quot;url&quot;:&quot;https:\\\/\\\/media.taklope.com\\\/68052-cart_default\\\/cerise-noire.jpg&quot;,&quot;width&quot;:125,&quot;height&quot;:125},&quot;home_default&quot;:{&quot;url&quot;:&quot;https:\\\/\\\/media.taklope.com\\\/68052-home_default\\\/cerise-noire.jpg&quot;,&quot;width&quot;:250,&quot;height&quot;:250},&quot;medium_default&quot;:{&quot;url&quot;:&quot;https:\\\/\\\/media.taklope.com\\\/68052-medium_default\\\/cerise-noire.jpg&quot;,&quot;width&quot;:452,&quot;height&quot;:452},&quot;large_default&quot;:{&quot;url&quot;:&quot;https:\\\/\\\/media.taklope.com\\\/68052-large_default\\\/cerise-noire.jpg&quot;,&quot;width&quot;:1000,&quot;height&quot;:1000}},&quot;small&quot;:{&quot;url&quot;:&quot;https:\\\/\\\/media.taklope.com\\\/68052-small_default\\\/cerise-noire.jpg&quot;,&quot;width&quot;:98,&quot;height&quot;:98},&quot;medium&quot;:{&quot;url&quot;:&quot;https:\\\/\\\/media.taklope.com\\\/68052-home_default\\\/cerise-noire.jpg&quot;,&quot;width&quot;:250,&quot;height&quot;:250},&quot;large&quot;:{&quot;url&quot;:&quot;https:\\\/\\\/media.taklope.com\\\/68052-large_default\\\/cerise-noire.jpg&quot;,&quot;width&quot;:1000,&quot;height&quot;:1000},&quot;legend&quot;:&quot;E-liquide Cerise Noire 10ml One Taste - E.Tasty&quot;,&quot;id_image&quot;:&quot;68052&quot;,&quot;cover&quot;:&quot;1&quot;,&quot;position&quot;:&quot;1&quot;,&quot;associatedVariants&quot;:[]},&quot;has_discount&quot;:false,&quot;discount_type&quot;:&quot;percentage&quot;,&quot;discount_percentage&quot;:&quot;0%&quot;,&quot;discount_percentage_absolute&quot;:&quot;0%&quot;,&quot;discount_amount&quot;:&quot;0,00\\u00a0\\u20ac&quot;,&quot;discount_amount_to_display&quot;:&quot;-0,00\\u00a0\\u20ac&quot;,&quot;price_amount&quot;:1.1999999999999999555910790149937383830547332763671875,&quot;unit_price_full&quot;:&quot;&quot;,&quot;show_availability&quot;:true,&quot;availability_date&quot;:null,&quot;availability_message&quot;:&quot;&quot;,&quot;availability&quot;:&quot;available&quot;}\">\n<section class=\"product-features\">\n<p class=\"u-h2 u-mb-3\">Fiche technique<\/p>\n<div id=\"readmore-pdt-features\" class=\"u-mb-2\" data-readmore=\"\" aria-expanded=\"false\">\n<table class=\"data-sheet table table-striped u-mb-0\">\n<tbody>\n<tr class=\"c-pdt__features-row\">\n<th class=\"name\">Type de produit<\/th>\n<td class=\"value\">E-liquide<\/td>\n<\/tr>\n<tr class=\"c-pdt__features-row\">\n<th class=\"name\">Marque<\/th>\n<td class=\"value\">E.TASTY<\/td>\n<\/tr>\n<tr class=\"c-pdt__features-row\">\n<th class=\"name\">Type de saveur<\/th>\n<td class=\"value\">Fruit\u00e9e<\/td>\n<\/tr>\n<tr class=\"c-pdt__features-row\">\n<th class=\"name\">Dosage PG\/VG<\/th>\n<td class=\"value\">50\/50 &#8211; PG\/VG<\/td>\n<\/tr>\n<tr class=\"c-pdt__features-row\">\n<th class=\"name\">Gamme<\/th>\n<td class=\"value\">One Taste<\/td>\n<\/tr>\n<tr class=\"c-pdt__features-row\">\n<th class=\"name\">Contenance (en ml)<\/th>\n<td class=\"value\">10<\/td>\n<\/tr>\n<tr class=\"c-pdt__features-row\">\n<th class=\"name\">Origine<\/th>\n<td class=\"value\">France<\/td>\n<\/tr>\n<tr class=\"c-pdt__features-row\">\n<th class=\"name\">Type e-liquide<\/th>\n<td class=\"value\">Pr\u00eat \u00e0 vaper 10ml<\/td>\n<\/tr>\n<tr class=\"c-pdt__features-row\">\n<th class=\"name\">Mono ar\u00f4me<\/th>\n<td class=\"value\">Oui<\/td>\n<\/tr>\n<\/tbody>\n<\/table>\n<\/div>\n<\/section>\n<\/div>\n<\/div>\n<div class=\"c-pdt__section c-pdt__section--columns\">\n<div id=\"disclaimer\" class=\"\">\n<p class=\"u-h2 u-mb-3\">Nicotine bon \u00e0 savoir<\/p>\n<div class=\"c-card c-pdt-disclaimer__card c-pdt-disclaimer__card--attention\">\n<div class=\"c-pdt-disclaimer__heading\">\n<div class=\"u-ml-1\">\n<p class=\"u-h4 u-txt-white u-mb-0\">Attention<\/p>\n<p class=\"u-mb-0\">Entre 0.25% et 1.66% m\/m de Nicotine<\/p>\n<p class=\"u-mb-0\">Nocif en cas d&rsquo;ingestion<\/p>\n<\/div>\n<\/div>\n<div class=\"c-pdt-disclaimer__content\">\n<p class=\"u-h4 u-mb-1\">Conseils de prudence<\/p>\n<ul>\n<li>P101 : En cas de consultation d&rsquo;un m\u00e9decin, garder \u00e0 disposition le r\u00e9cipient ou l&rsquo;\u00e9tiquette<\/li>\n<li>P102 : Tenir hors de port\u00e9e des enfants<\/li>\n<li>Se laver les mains soigneusement apr\u00e8s manipulation<\/li>\n<li>P270 : Ne pas manger, boire ou fumer en manipulant le produit<\/li>\n<li>P301+312 : Appeler un CENTRE ANTI-POISON ou un m\u00e9decin en cas de malaise<\/li>\n<li>P330 : Rincer la bouche<\/li>\n<li>EMBALLAGE : Indice tactile de danger<\/li>\n<\/ul>\n<\/div>\n<\/div>\n<div class=\"c-card c-pdt-disclaimer__card c-pdt-disclaimer__card--danger\">\n<div class=\"c-pdt-disclaimer__heading\">\n<div class=\"u-ml-1\">\n<p class=\"u-h4 u-txt-white u-mb-0\">Danger<\/p>\n<p class=\"u-mb-0\">Au-del\u00e0 de 1.66% m\/m de Nicotine<\/p>\n<p class=\"u-mb-0\">Toxique en cas d&rsquo;ingestion<\/p>\n<\/div>\n<\/div>\n<div class=\"c-pdt-disclaimer__content\">\n<p class=\"u-h4 u-mb-1\">Conseils de prudence<\/p>\n<ul>\n<li>P101 : En cas de consultation d&rsquo;un m\u00e9decin, garder \u00e0 disposition le r\u00e9cipient ou l&rsquo;\u00e9tiquette<\/li>\n<li>P102 : Tenir hors de port\u00e9e des enfants<\/li>\n<li>Se laver les mains soigneusement apr\u00e8s manipulation<\/li>\n<li>P270 : Ne pas manger, boire ou fumer en manipulant le produit<\/li>\n<li>EN CAS DE CONTACT AVEC LA PEAU : laver abondamment \u00e0 l&rsquo;eau et au savon<\/li>\n<li>P301+310 : Appeler imm\u00e9diatement un CENTRE ANTI-POISON ou un m\u00e9decin en cas de malaise<\/li>\n<li>P405 : Garder sous cl\u00e9<\/li>\n<li>EMBALLAGE : Fermeture de s\u00e9curit\u00e9 pour un enfant et indice tactile de danger<\/li>\n<\/ul>\n<\/div>\n<\/div>\n<\/div>\n<\/div>\n<div class=\"c-pdt__section c-pdt__section--columns\">\n<div id=\"manufacturer\" class=\"\">\n<div class=\"u-p-rel u-mb-1\">\n<div class=\"c-pdt__manu-thumbnail\"><img loading=\"lazy\" decoding=\"async\" class=\"u-img-fluid\" src=\"https:\/\/media.taklope.com\/c\/974-category_default\/e-tasty.jpg\" alt=\"E.Tasty\" width=\"250\" height=\"50\" \/><\/div>\n<p>E.Tasty<\/p>\n<\/div>\n<div id=\"readmore-pdt-manufacturer\" class=\"c-pdt__manu-desc\" data-readmore=\"\" aria-expanded=\"true\">\n<p class=\"u-fiv\">Originaire du Loiret,\u00a0<strong>E.Tasty<\/strong>\u00a0est un fabricant fran\u00e7ais de\u00a0e-liquides\u00a0Fran\u00e7ais E.Tasty propose des e-liquides premium aussi vari\u00e9s que d\u00e9licieux. Repartis en douze gammes, les\u00a0<strong>e-liquides E.Tasty<\/strong>\u00a0sont conditionn\u00e9s sous flacons 10ml avec un taux de nicotine, au choix, entre 0, 3, 6, 10, 12, 18 et 20 mg\/ml et sous flacons de 50ml \u00e0 booster en nicotine. Et parce que vaper c\u2019est bien, mais vaper avec des\u00a0<strong>e-liquides E.Tasty fran\u00e7ais certifi\u00e9s<\/strong>\u00a0c\u2019est mieux ! La marque E.Tasty confectionne ses produits en France, en respectant les normes en vigueur.<\/p>\n<\/div>\n<\/div>\n<\/div>\n<\/div>\n<hr data-start=\"600\" data-end=\"603\" \/>\n","protected":false},"excerpt":{"rendered":"<p>Cerise noire &#8211; 10ml &#8211; 50\/50 PG\/VG &#8211; 3, 6, 12 ou 18mg<\/p>\n","protected":false},"featured_media":1935,"comment_status":"open","ping_status":"closed","template":"","meta":{"slim_seo":{"title":"E-liquide Cerise Noire 10ml One Taste - E.Tasty - Vapote-Shop","description":"Cerise noire - 10ml - 50\/50 PG\/VG - 3, 6, 12 ou 18mg"}},"product_brand":[50],"product_cat":[68,52],"product_tag":[],"class_list":{"0":"post-1934","1":"product","2":"type-product","3":"status-publish","4":"has-post-thumbnail","6":"product_brand-e-tasty","7":"product_cat-e-liquide-10ml","8":"product_cat-meilleures-ventes","10":"first","11":"instock","12":"shipping-taxable","13":"purchasable","14":"product-type-variable","15":"has-default-attributes"},"_links":{"self":[{"href":"https:\/\/www.vapote-shop.fr\/index.php\/wp-json\/wp\/v2\/product\/1934","targetHints":{"allow":["GET"]}}],"collection":[{"href":"https:\/\/www.vapote-shop.fr\/index.php\/wp-json\/wp\/v2\/product"}],"about":[{"href":"https:\/\/www.vapote-shop.fr\/index.php\/wp-json\/wp\/v2\/types\/product"}],"replies":[{"embeddable":true,"href":"https:\/\/www.vapote-shop.fr\/index.php\/wp-json\/wp\/v2\/comments?post=1934"}],"wp:featuredmedia":[{"embeddable":true,"href":"https:\/\/www.vapote-shop.fr\/index.php\/wp-json\/wp\/v2\/media\/1935"}],"wp:attachment":[{"href":"https:\/\/www.vapote-shop.fr\/index.php\/wp-json\/wp\/v2\/media?parent=1934"}],"wp:term":[{"taxonomy":"product_brand","embeddable":true,"href":"https:\/\/www.vapote-shop.fr\/index.php\/wp-json\/wp\/v2\/product_brand?post=1934"},{"taxonomy":"product_cat","embeddable":true,"href":"https:\/\/www.vapote-shop.fr\/index.php\/wp-json\/wp\/v2\/product_cat?post=1934"},{"taxonomy":"product_tag","embeddable":true,"href":"https:\/\/www.vapote-shop.fr\/index.php\/wp-json\/wp\/v2\/product_tag?post=1934"}],"curies":[{"name":"wp","href":"https:\/\/api.w.org\/{rel}","templated":true}]}}