{"id":2002,"date":"2026-03-26T07:06:43","date_gmt":"2026-03-26T06:06:43","guid":{"rendered":"https:\/\/www.vapote-shop.fr\/?post_type=product&#038;p=2002"},"modified":"2026-03-28T12:15:45","modified_gmt":"2026-03-28T11:15:45","slug":"e-liquide-amourduriks-50ml-les-iconiks","status":"publish","type":"product","link":"https:\/\/www.vapote-shop.fr\/index.php\/produit\/e-liquide-amourduriks-50ml-les-iconiks\/","title":{"rendered":"E-liquide Amourduriks 50ml &#8211; Les Iconiks<div class=\"custom-short-desc\">Fraise - Fruit du dragon - 50ml - 50\/50 PG\/VG - 0mg<\/div>"},"content":{"rendered":"<div class=\"c-pdt__section c-pdt__section--columns\">\n<div id=\"description_short\" class=\"\">\n<h3 class=\"u-h2 u-mb-3\">E-liquide Amourduriks 50ml &#8211; Les Iconiks<\/h3>\n<div class=\"product-description c-pdt__description c-pdt__description--recap s-cms\">\n<p class=\"u-fiv\">Toujours coll\u00e9s-serr\u00e9s, toujours \u00e0 \u00e9changer des regards plus sucr\u00e9s qu\u2019un sanglier au miel, le e-liquide Amourduriks est la preuve que l\u2019amour se respire \u00e0 chaque bouff\u00e9e !<\/p>\n<ul>\n<li><span style=\"color: red;\">Saveur : Fraise &#8211; Fruit du dragon<\/span><\/li>\n<li>E-liquide\u00a050\/50 PG\/VG.<\/li>\n<li><span style=\"color: red;\">Format 50 ml sans nicotine (0mg) en flacon 70 ml \u00e0 booster.<\/span><\/li>\n<li>E-liquide Amourduriks 50ml, fabriqu\u00e9 en Gaule pour la collection Les Iconiks.<\/li>\n<\/ul>\n<p><i><u>Note<\/u>\u00a0: Cet\u00a0e-liquide Les Iconiks est conseill\u00e9 pour des r\u00e9sistances de 0,5 \u00e0 0,8 \uab65.<\/i><\/p>\n<\/div>\n<\/div>\n<\/div>\n<div class=\"c-pdt__sections c-pdt__sections--columns\">\n<div class=\"c-pdt__section c-pdt__section--columns\">\n<div id=\"description\" class=\"\">\n<div class=\"product-description c-pdt__description s-cms\">\n<h3>E-liquide Amourduriks 50ml &#8211; Les Iconiks<\/h3>\n<p>&nbsp;<\/p>\n<p><img decoding=\"async\" class=\"center-block\" title=\"\" src=\"https:\/\/pro.taklope.com\/img\/descrhtml\/bd_4256872.jpg\" alt=\"E-liquide Amourduriks 50ml - Les Iconiks\" \/><\/p>\n<h5 class=\"u-fiv\">Les Iconiks et la Corne d&rsquo;Abondance<\/h5>\n<p class=\"u-fiv\">Nous sommes en l&rsquo;an 6 apr\u00e8s Mamigoudi. Toute la Gaule est domin\u00e9e par Big Tobacco. Toute ? Non. Un village peupl\u00e9 d&rsquo;irr\u00e9ductibles Arvernes vapoteurs r\u00e9siste encore et toujours \u00e0 l&rsquo;envahisseur. Et la vie n&rsquo;est pas facile pour les garnisons des camps retranch\u00e9s de Gitanebrune, Jenroulune et Fumerthunes.<\/p>\n<p class=\"u-fiv\">Toutefois l&rsquo;ambiance n&rsquo;est pas au beau fixe dans le village des Iconiks. La corne d&rsquo;abondance, cet artefact qui offre au druide une infinit\u00e9 d&rsquo;ingr\u00e9dients pour sa potion magique, vient d&rsquo;\u00eatre l\u00e2chement d\u00e9rob\u00e9e. Pour l&rsquo;inspecteur Derriks, tous les habitants sont suspects\u2026<\/p>\n<p>&nbsp;<\/p>\n<p class=\"u-fiv\">Elle a le caract\u00e8re d\u2019une chef de guerre, lui la maladresse d\u2019un sanglier dans un stand de poterie. Pourtant, depuis qu\u2019ils se sont cogn\u00e9s la t\u00eate en ramassant le m\u00eame menhir, ils sont ins\u00e9parables. Tellement ins\u00e9parables qu\u2019on les soup\u00e7onne aujourd\u2019hui d\u2019\u00eatre \u00e0 l\u2019origine du vol de la corne d\u2019abondance afin d\u2019alimenter leur passion d\u00e9bordante.<\/p>\n<p class=\"u-fiv\">Certains affirment les avoir vus filer \u00e0 la tomb\u00e9e de la nuit, une brume parfum\u00e9e de\u00a0fruit du dragon\u00a0et de\u00a0fraise\u00a0les entourant comme un voile amoureux. D\u2019autres racontent que leur hutte embaume en permanence la douceur fruit\u00e9e, signe \u00e9vident que le couple Amourduriks mijote quelque chose\u2026 ou qu\u2019ils vapotent plus qu\u2019ils ne s\u2019aiment. Le druide, d\u00e9pit\u00e9, marmonne qu\u2019aucun\u00a0e-liquide fruit\u00e9\u00a0n\u2019a jamais donn\u00e9 autant de rougeurs aux joues ni autant d\u2019\u00e9toiles dans les yeux. Les anciens du village, eux, haussent les \u00e9paules : \u00ab\u00a0L\u2019amour rend aveugle\u2026 mais l\u00e0, il parfume aussi tout le quartier.\u00a0\u00bb Alors, coupables ou simples victimes de leur propre passion ?<\/p>\n<p>E-liquide Les Iconiks, les potions pour e-cigarettes en format 50ml fabriqu\u00e9es en France.<\/p>\n<p>&nbsp;<\/p>\n<hr \/>\n<p>&nbsp;<\/p>\n<h3>Base du e-liquide Amourduriks 50ml &#8211; Les Iconiks :<\/h3>\n<ul>\n<li>50 % : Propyl\u00e8ne Glycol<\/li>\n<li>50 % : Glyc\u00e9rine V\u00e9g\u00e9tale<\/li>\n<\/ul>\n<p>&nbsp;<\/p>\n<p>Le e-liquide Amourduriks 50ml est fabriqu\u00e9 sur une base 50\/50 PG\/VG \u00e9quilibr\u00e9e.<\/p>\n<p><i><u><span style=\"color: red;\">Note<\/span><\/u><span style=\"color: red;\"> : Une base 50\/50 est plus pr\u00e9cis\u00e9ment conseill\u00e9e pour des r\u00e9sistances comprises entre 0,5 et 0,8 \uab65.<\/span><\/i><\/p>\n<p>&nbsp;<\/p>\n<hr \/>\n<p>&nbsp;<\/p>\n<h3>Comment booster le e-liquide Les Iconiks Amourduriks 50ml ?<\/h3>\n<p>Le e-liquide Les Iconiks Amourduriks est propos\u00e9 en version 50 ml boost\u00e9e en ar\u00f4mes, dans un grand flacon 70ml ne contenant pas de nicotine (0mg). Il vous sera possible d\u2019en ajouter selon vos besoins et sans perte de saveur, gr\u00e2ce \u00e0 un ou plusieurs\u00a0boosters nicotin\u00e9s\u00a0(non-inclus).<br \/>\nPar exemple, il faudra :<\/p>\n<ul>\n<li>Ajouter 1 booster de nicotine au flacon pour obtenir 60 ml de e-liquide nicotin\u00e9 \u00e0 3.3 mg\/ml,<\/li>\n<li>Ajouter 2 boosters au e-liquide Amourduriks 50 ml pour le remplir et obtenir 70 ml de e-liquide nicotin\u00e9 \u00e0 5,7 mg\/ml.<\/li>\n<\/ul>\n<p><i><u>Note<\/u>\u00a0: Il est d\u00e9conseill\u00e9 de m\u00e9langer le e-liquide Amourduriks 50 ml avec plus de deux boosters. Au-del\u00e0, les ar\u00f4mes seront trop dilu\u00e9s et perdront en intensit\u00e9.<\/i><\/p>\n<p>&nbsp;<\/p>\n<p><img decoding=\"async\" class=\"center-block\" src=\"https:\/\/pro.taklope.com\/img\/descrhtml\/50ml%20booste_1476182.jpg\" alt=\"50ml booste_1476182.jpg\" \/><\/p>\n<p>&nbsp;<\/p>\n<h3>Conservation du e-liquide Amourduriks 50ml &#8211; Les Iconiks<\/h3>\n<p>Pour une conservation optimale jour apr\u00e8s jour, gardez votre\u00a0<strong>e-liquide Amourduriks 50 ml<\/strong>\u00a0dans un endroit sec et \u00e0 temp\u00e9rature ambiante. Ne l\u2019exposez pas en permanence \u00e0 la lumi\u00e8re et rebouchez soigneusement le flacon apr\u00e8s usage.<\/p>\n<p>Un\u00a0e-liquide grand format\u00a050ml Les Iconiks bien conserv\u00e9 pourra \u00eatre consomm\u00e9 apr\u00e8s d\u00e9passement de sa DLUO, sans perte significative de saveur.<\/p>\n<\/div>\n<\/div>\n<\/div>\n<div class=\"c-pdt__section\">\n<div id=\"product-details\" class=\"\" data-product=\"{&quot;id_shop_default&quot;:&quot;2&quot;,&quot;id_manufacturer&quot;:&quot;0&quot;,&quot;id_supplier&quot;:&quot;189&quot;,&quot;reference&quot;:&quot;&quot;,&quot;is_virtual&quot;:&quot;0&quot;,&quot;delivery_in_stock&quot;:&quot;&quot;,&quot;delivery_out_stock&quot;:&quot;&quot;,&quot;id_category_default&quot;:&quot;2209&quot;,&quot;on_sale&quot;:&quot;0&quot;,&quot;online_only&quot;:&quot;0&quot;,&quot;ecotax&quot;:0,&quot;minimal_quantity&quot;:&quot;1&quot;,&quot;low_stock_threshold&quot;:null,&quot;low_stock_alert&quot;:&quot;0&quot;,&quot;price&quot;:&quot;3,90\\u00a0\\u20ac&quot;,&quot;unity&quot;:&quot;&quot;,&quot;unit_price_ratio&quot;:&quot;0.000000&quot;,&quot;additional_shipping_cost&quot;:&quot;0.000000&quot;,&quot;customizable&quot;:&quot;0&quot;,&quot;text_fields&quot;:&quot;0&quot;,&quot;uploadable_files&quot;:&quot;0&quot;,&quot;redirect_type&quot;:&quot;404&quot;,&quot;id_type_redirected&quot;:&quot;0&quot;,&quot;available_for_order&quot;:&quot;1&quot;,&quot;available_date&quot;:&quot;0000-00-00&quot;,&quot;show_condition&quot;:&quot;0&quot;,&quot;condition&quot;:&quot;new&quot;,&quot;show_price&quot;:&quot;1&quot;,&quot;indexed&quot;:&quot;1&quot;,&quot;visibility&quot;:&quot;both&quot;,&quot;cache_default_attribute&quot;:&quot;0&quot;,&quot;advanced_stock_management&quot;:&quot;1&quot;,&quot;date_add&quot;:&quot;2026-01-29 20:44:00&quot;,&quot;date_upd&quot;:&quot;2026-03-17 17:03:29&quot;,&quot;pack_stock_type&quot;:&quot;0&quot;,&quot;meta_keywords&quot;:&quot;&quot;,&quot;link_rewrite&quot;:&quot;eliquide-amourduriks-50ml&quot;,&quot;name&quot;:&quot;E-liquide Amourduriks 50ml - Les Iconiks&quot;,&quot;available_now&quot;:&quot;&quot;,&quot;available_later&quot;:&quot;&quot;,&quot;id&quot;:19686,&quot;id_product&quot;:19686,&quot;out_of_stock&quot;:2,&quot;new&quot;:0,&quot;id_product_attribute&quot;:&quot;0&quot;,&quot;quantity_wanted&quot;:1,&quot;allow_oosp&quot;:0,&quot;category&quot;:&quot;les-iconiks&quot;,&quot;category_name&quot;:&quot;Les Iconiks&quot;,&quot;link&quot;:&quot;https:\\\/\\\/pro.taklope.com\\\/les-iconiks\\\/19686-eliquide-amourduriks-50ml.html&quot;,&quot;attribute_price&quot;:0,&quot;price_tax_exc&quot;:3.899999999999999911182158029987476766109466552734375,&quot;price_without_reduction&quot;:3.899999999999999911182158029987476766109466552734375,&quot;reduction&quot;:0,&quot;specific_prices&quot;:{&quot;id_specific_price&quot;:&quot;26869038&quot;,&quot;id_specific_price_rule&quot;:&quot;0&quot;,&quot;id_cart&quot;:&quot;0&quot;,&quot;id_product&quot;:&quot;19686&quot;,&quot;id_product_attribute&quot;:&quot;0&quot;,&quot;id_shop&quot;:&quot;2&quot;,&quot;id_shop_group&quot;:&quot;0&quot;,&quot;id_currency&quot;:&quot;0&quot;,&quot;id_country&quot;:&quot;0&quot;,&quot;id_group&quot;:&quot;22&quot;,&quot;id_customer&quot;:&quot;0&quot;,&quot;price&quot;:3.899999999999999911182158029987476766109466552734375,&quot;from_quantity&quot;:&quot;1&quot;,&quot;reduction&quot;:&quot;0.000000&quot;,&quot;reduction_tax&quot;:&quot;1&quot;,&quot;reduction_type&quot;:&quot;percentage&quot;,&quot;from&quot;:&quot;0000-00-00 00:00:00&quot;,&quot;to&quot;:&quot;0000-00-00 00:00:00&quot;,&quot;score&quot;:&quot;18&quot;},&quot;quantity&quot;:449,&quot;quantity_all_versions&quot;:449,&quot;id_image&quot;:&quot;fr-default&quot;,&quot;attachments&quot;:[],&quot;virtual&quot;:0,&quot;pack&quot;:0,&quot;packItems&quot;:[],&quot;nopackprice&quot;:0,&quot;customization_required&quot;:false,&quot;rate&quot;:20,&quot;tax_name&quot;:&quot;TVA FR 20%&quot;,&quot;ecotax_rate&quot;:0,&quot;unit_price&quot;:&quot;&quot;,&quot;customizations&quot;:{&quot;fields&quot;:[]},&quot;id_customization&quot;:0,&quot;is_customizable&quot;:false,&quot;show_quantities&quot;:true,&quot;quantity_label&quot;:&quot;Produits&quot;,&quot;quantity_discounts&quot;:[],&quot;customer_group_discount&quot;:0,&quot;images&quot;:[{&quot;bySize&quot;:{&quot;small_default&quot;:{&quot;url&quot;:&quot;https:\\\/\\\/media.taklope.com\\\/70647-small_default\\\/eliquide-amourduriks-50ml.jpg&quot;,&quot;width&quot;:98,&quot;height&quot;:98},&quot;cart_default&quot;:{&quot;url&quot;:&quot;https:\\\/\\\/media.taklope.com\\\/70647-cart_default\\\/eliquide-amourduriks-50ml.jpg&quot;,&quot;width&quot;:125,&quot;height&quot;:125},&quot;home_default&quot;:{&quot;url&quot;:&quot;https:\\\/\\\/media.taklope.com\\\/70647-home_default\\\/eliquide-amourduriks-50ml.jpg&quot;,&quot;width&quot;:250,&quot;height&quot;:250},&quot;medium_default&quot;:{&quot;url&quot;:&quot;https:\\\/\\\/media.taklope.com\\\/70647-medium_default\\\/eliquide-amourduriks-50ml.jpg&quot;,&quot;width&quot;:452,&quot;height&quot;:452},&quot;large_default&quot;:{&quot;url&quot;:&quot;https:\\\/\\\/media.taklope.com\\\/70647-large_default\\\/eliquide-amourduriks-50ml.jpg&quot;,&quot;width&quot;:1000,&quot;height&quot;:1000}},&quot;small&quot;:{&quot;url&quot;:&quot;https:\\\/\\\/media.taklope.com\\\/70647-small_default\\\/eliquide-amourduriks-50ml.jpg&quot;,&quot;width&quot;:98,&quot;height&quot;:98},&quot;medium&quot;:{&quot;url&quot;:&quot;https:\\\/\\\/media.taklope.com\\\/70647-home_default\\\/eliquide-amourduriks-50ml.jpg&quot;,&quot;width&quot;:250,&quot;height&quot;:250},&quot;large&quot;:{&quot;url&quot;:&quot;https:\\\/\\\/media.taklope.com\\\/70647-large_default\\\/eliquide-amourduriks-50ml.jpg&quot;,&quot;width&quot;:1000,&quot;height&quot;:1000},&quot;legend&quot;:&quot;E-liquide Amourduriks 50ml - Les Iconiks&quot;,&quot;id_image&quot;:&quot;70647&quot;,&quot;cover&quot;:&quot;1&quot;,&quot;position&quot;:&quot;1&quot;,&quot;associatedVariants&quot;:[]}],&quot;cover&quot;:{&quot;bySize&quot;:{&quot;small_default&quot;:{&quot;url&quot;:&quot;https:\\\/\\\/media.taklope.com\\\/70647-small_default\\\/eliquide-amourduriks-50ml.jpg&quot;,&quot;width&quot;:98,&quot;height&quot;:98},&quot;cart_default&quot;:{&quot;url&quot;:&quot;https:\\\/\\\/media.taklope.com\\\/70647-cart_default\\\/eliquide-amourduriks-50ml.jpg&quot;,&quot;width&quot;:125,&quot;height&quot;:125},&quot;home_default&quot;:{&quot;url&quot;:&quot;https:\\\/\\\/media.taklope.com\\\/70647-home_default\\\/eliquide-amourduriks-50ml.jpg&quot;,&quot;width&quot;:250,&quot;height&quot;:250},&quot;medium_default&quot;:{&quot;url&quot;:&quot;https:\\\/\\\/media.taklope.com\\\/70647-medium_default\\\/eliquide-amourduriks-50ml.jpg&quot;,&quot;width&quot;:452,&quot;height&quot;:452},&quot;large_default&quot;:{&quot;url&quot;:&quot;https:\\\/\\\/media.taklope.com\\\/70647-large_default\\\/eliquide-amourduriks-50ml.jpg&quot;,&quot;width&quot;:1000,&quot;height&quot;:1000}},&quot;small&quot;:{&quot;url&quot;:&quot;https:\\\/\\\/media.taklope.com\\\/70647-small_default\\\/eliquide-amourduriks-50ml.jpg&quot;,&quot;width&quot;:98,&quot;height&quot;:98},&quot;medium&quot;:{&quot;url&quot;:&quot;https:\\\/\\\/media.taklope.com\\\/70647-home_default\\\/eliquide-amourduriks-50ml.jpg&quot;,&quot;width&quot;:250,&quot;height&quot;:250},&quot;large&quot;:{&quot;url&quot;:&quot;https:\\\/\\\/media.taklope.com\\\/70647-large_default\\\/eliquide-amourduriks-50ml.jpg&quot;,&quot;width&quot;:1000,&quot;height&quot;:1000},&quot;legend&quot;:&quot;E-liquide Amourduriks 50ml - Les Iconiks&quot;,&quot;id_image&quot;:&quot;70647&quot;,&quot;cover&quot;:&quot;1&quot;,&quot;position&quot;:&quot;1&quot;,&quot;associatedVariants&quot;:[]},&quot;has_discount&quot;:false,&quot;discount_type&quot;:&quot;percentage&quot;,&quot;discount_percentage&quot;:&quot;0%&quot;,&quot;discount_percentage_absolute&quot;:&quot;0%&quot;,&quot;discount_amount&quot;:&quot;0,00\\u00a0\\u20ac&quot;,&quot;discount_amount_to_display&quot;:&quot;-0,00\\u00a0\\u20ac&quot;,&quot;price_amount&quot;:3.899999999999999911182158029987476766109466552734375,&quot;unit_price_full&quot;:&quot;&quot;,&quot;show_availability&quot;:true,&quot;availability_date&quot;:null,&quot;availability_message&quot;:&quot;&quot;,&quot;availability&quot;:&quot;available&quot;}\">\n<section class=\"product-features\">\n<p class=\"u-h2 u-mb-3\">Fiche technique<\/p>\n<div id=\"readmore-pdt-features\" class=\"u-mb-2\" data-readmore=\"\" aria-expanded=\"true\">\n<table class=\"data-sheet table table-striped u-mb-0\">\n<tbody>\n<tr class=\"c-pdt__features-row\">\n<th class=\"name\">Type de produit<\/th>\n<td class=\"value\">E-liquide<\/td>\n<\/tr>\n<tr class=\"c-pdt__features-row\">\n<th class=\"name\">Marque<\/th>\n<td class=\"value\">LES ICONIKS<\/td>\n<\/tr>\n<tr class=\"c-pdt__features-row\">\n<th class=\"name\">Type de saveur<\/th>\n<td class=\"value\">Fruit\u00e9e<\/td>\n<\/tr>\n<tr class=\"c-pdt__features-row\">\n<th class=\"name\">Dosage PG\/VG<\/th>\n<td class=\"value\">50\/50 &#8211; PG\/VG<\/td>\n<\/tr>\n<tr class=\"c-pdt__features-row\">\n<th class=\"name\">Contenance (en ml)<\/th>\n<td class=\"value\">50<\/td>\n<\/tr>\n<tr class=\"c-pdt__features-row\">\n<th class=\"name\">Origine<\/th>\n<td class=\"value\">France<\/td>\n<\/tr>\n<tr class=\"c-pdt__features-row\">\n<th class=\"name\">Type e-liquide<\/th>\n<td class=\"value\">Boost\u00e9 en ar\u00f4me<\/td>\n<\/tr>\n<\/tbody>\n<\/table>\n<\/div>\n<\/section>\n<\/div>\n<\/div>\n<div class=\"c-pdt__section c-pdt__section--columns\">\n<div id=\"disclaimer\" class=\"\">\n<p class=\"u-h2 u-mb-3\">Nicotine bon \u00e0 savoir<\/p>\n<div class=\"c-card c-pdt-disclaimer__card c-pdt-disclaimer__card--attention\">\n<div class=\"c-pdt-disclaimer__heading\">\n<div class=\"u-ml-1\">\n<p class=\"u-h4 u-txt-white u-mb-0\">Attention<\/p>\n<p class=\"u-mb-0\">Entre 0.25% et 1.66% m\/m de Nicotine<\/p>\n<p class=\"u-mb-0\">Nocif en cas d&rsquo;ingestion<\/p>\n<\/div>\n<\/div>\n<div class=\"c-pdt-disclaimer__content\">\n<p class=\"u-h4 u-mb-1\">Conseils de prudence<\/p>\n<ul>\n<li>P101 : En cas de consultation d&rsquo;un m\u00e9decin, garder \u00e0 disposition le r\u00e9cipient ou l&rsquo;\u00e9tiquette<\/li>\n<li>P102 : Tenir hors de port\u00e9e des enfants<\/li>\n<li>Se laver les mains soigneusement apr\u00e8s manipulation<\/li>\n<li>P270 : Ne pas manger, boire ou fumer en manipulant le produit<\/li>\n<li>P301+312 : Appeler un CENTRE ANTI-POISON ou un m\u00e9decin en cas de malaise<\/li>\n<li>P330 : Rincer la bouche<\/li>\n<li>EMBALLAGE : Indice tactile de danger<\/li>\n<\/ul>\n<\/div>\n<\/div>\n<div class=\"c-card c-pdt-disclaimer__card c-pdt-disclaimer__card--danger\">\n<div class=\"c-pdt-disclaimer__heading\">\n<div class=\"u-ml-1\">\n<p class=\"u-h4 u-txt-white u-mb-0\">Danger<\/p>\n<p class=\"u-mb-0\">Au-del\u00e0 de 1.66% m\/m de Nicotine<\/p>\n<p class=\"u-mb-0\">Toxique en cas d&rsquo;ingestion<\/p>\n<\/div>\n<\/div>\n<div class=\"c-pdt-disclaimer__content\">\n<p class=\"u-h4 u-mb-1\">Conseils de prudence<\/p>\n<ul>\n<li>P101 : En cas de consultation d&rsquo;un m\u00e9decin, garder \u00e0 disposition le r\u00e9cipient ou l&rsquo;\u00e9tiquette<\/li>\n<li>P102 : Tenir hors de port\u00e9e des enfants<\/li>\n<li>Se laver les mains soigneusement apr\u00e8s manipulation<\/li>\n<li>P270 : Ne pas manger, boire ou fumer en manipulant le produit<\/li>\n<li>EN CAS DE CONTACT AVEC LA PEAU : laver abondamment \u00e0 l&rsquo;eau et au savon<\/li>\n<li>P301+310 : Appeler imm\u00e9diatement un CENTRE ANTI-POISON ou un m\u00e9decin en cas de malaise<\/li>\n<li>P405 : Garder sous cl\u00e9<\/li>\n<li>EMBALLAGE : Fermeture de s\u00e9curit\u00e9 pour un enfant et indice tactile de danger<\/li>\n<\/ul>\n<\/div>\n<\/div>\n<\/div>\n<\/div>\n<\/div>\n<hr data-start=\"600\" data-end=\"603\" \/>\n","protected":false},"excerpt":{"rendered":"<p>Fraise &#8211; Fruit du dragon &#8211; 50ml &#8211; 50\/50 PG\/VG &#8211; 0mg<\/p>\n","protected":false},"featured_media":2003,"comment_status":"open","ping_status":"closed","template":"","meta":{"slim_seo":{"title":"E-liquide Amourduriks 50ml - Les Iconiks - Vapote-Shop","description":"Fraise - Fruit du dragon - 50ml - 50\/50 PG\/VG - 0mg"}},"product_brand":[91],"product_cat":[90,47,52],"product_tag":[],"class_list":{"0":"post-2002","1":"product","2":"type-product","3":"status-publish","4":"has-post-thumbnail","6":"product_brand-les-iconiks","7":"product_cat-deals","8":"product_cat-e-liquide-50ml","9":"product_cat-meilleures-ventes","11":"first","12":"instock","13":"sale","14":"featured","15":"shipping-taxable","16":"purchasable","17":"product-type-simple"},"_links":{"self":[{"href":"https:\/\/www.vapote-shop.fr\/index.php\/wp-json\/wp\/v2\/product\/2002","targetHints":{"allow":["GET"]}}],"collection":[{"href":"https:\/\/www.vapote-shop.fr\/index.php\/wp-json\/wp\/v2\/product"}],"about":[{"href":"https:\/\/www.vapote-shop.fr\/index.php\/wp-json\/wp\/v2\/types\/product"}],"replies":[{"embeddable":true,"href":"https:\/\/www.vapote-shop.fr\/index.php\/wp-json\/wp\/v2\/comments?post=2002"}],"wp:featuredmedia":[{"embeddable":true,"href":"https:\/\/www.vapote-shop.fr\/index.php\/wp-json\/wp\/v2\/media\/2003"}],"wp:attachment":[{"href":"https:\/\/www.vapote-shop.fr\/index.php\/wp-json\/wp\/v2\/media?parent=2002"}],"wp:term":[{"taxonomy":"product_brand","embeddable":true,"href":"https:\/\/www.vapote-shop.fr\/index.php\/wp-json\/wp\/v2\/product_brand?post=2002"},{"taxonomy":"product_cat","embeddable":true,"href":"https:\/\/www.vapote-shop.fr\/index.php\/wp-json\/wp\/v2\/product_cat?post=2002"},{"taxonomy":"product_tag","embeddable":true,"href":"https:\/\/www.vapote-shop.fr\/index.php\/wp-json\/wp\/v2\/product_tag?post=2002"}],"curies":[{"name":"wp","href":"https:\/\/api.w.org\/{rel}","templated":true}]}}