{"id":2045,"date":"2026-03-28T08:31:00","date_gmt":"2026-03-28T07:31:00","guid":{"rendered":"https:\/\/www.vapote-shop.fr\/?post_type=product&#038;p=2045"},"modified":"2026-03-28T12:15:38","modified_gmt":"2026-03-28T11:15:38","slug":"pack-2-3x50ml-aromes-et-secrets-savourea","status":"publish","type":"product","link":"https:\/\/www.vapote-shop.fr\/index.php\/produit\/pack-2-3x50ml-aromes-et-secrets-savourea\/","title":{"rendered":"Pack 2 3x50ml Aromes et Secrets &#8211; Savourea<div class=\"custom-short-desc\">3 magies fruit\u00e9es - 3x50ml - 50\/50 PG\/VG - 0mg<\/div>"},"content":{"rendered":"<div class=\"c-pdt__section c-pdt__section--columns\">\n<div id=\"description_short\" class=\"\">\n<h3 class=\"u-h2 u-mb-3\">Pack 2 3x50ml Aromes et Secrets &#8211; Savourea<\/h3>\n<div class=\"product-description c-pdt__description c-pdt__description--recap s-cms\">\n<p class=\"u-fiv\">Ouvrez les e-liquides du Pack 2 par Savourea Ar\u00f4mes et Secrets et laissez les fruits du mal conqu\u00e9rir votre palais !<\/p>\n<p>Le Pack 2 3x50ml Ar\u00f4mes et Secrets de Savourea comprend les e-liquides suivants :<\/p>\n<ul>\n<li><span style=\"color: red;\">E-liquide Arathorn 50ml :\u00a0Limonade &#8211; Fruits rouges<\/span><\/li>\n<li><span style=\"color: red;\">E-liquide Etna 50ml :\u00a0Grenade &#8211; Fraise &#8211; Kiwi<\/span><\/li>\n<li><span style=\"color: red;\">E-liquide Ma\u00efpo 50ml :\u00a0Framboise &#8211; Fraise &#8211; M\u00fbre<\/span><\/li>\n<\/ul>\n<p><span style=\"color: red;\">Volume total : 150ml (3x50ml) &#8211; 50\/50 PG\/VG<\/span><\/p>\n<p>E-liquides\u00a0Ar\u00f4mes et Secrets, fabriqu\u00e9s en France par Savourea. Certifi\u00e9s Origine France Garantie.<\/p>\n<p><i><span style=\"color: red;\">Note : les e-liquides du Pack 2 Ar\u00f4mes et Secrets 3x50ml Savourea sont conseill\u00e9s pour des r\u00e9sistances comprises entre 0,5\uab65 et 0,8\uab65.<\/span><\/i><\/p>\n<\/div>\n<\/div>\n<\/div>\n<div class=\"c-pdt__sections c-pdt__sections--columns\">\n<div class=\"c-pdt__section c-pdt__section--columns\">\n<div id=\"description\" class=\"\">\n<div class=\"product-description c-pdt__description s-cms\">\n<h3>Pack 2 3x50ml Ar\u00f4mes et Secrets &#8211; Savourea<\/h3>\n<p><img decoding=\"async\" class=\"center-block\" title=\"Pack 2 3x50ml Ar\u00f4mes et Secrets - Savourea\" src=\"https:\/\/pro.taklope.com\/img\/descrhtml\/bd2_4340211.jpg\" alt=\"Pack 2 3x50ml Ar\u00f4mes et Secrets - Savourea\" \/><\/p>\n<p class=\"u-fiv\">Des entrailles ardentes du Mont Ar\u00f4mes et Secrets surgirent trois \u00eatres maudits : Etna la d\u00e9esse de feu, Arathorn le mage noir, et Ma\u00efpo le gobelin des ruelles bois\u00e9es. Leur but ? R\u00e9pandre la terreur fruit\u00e9e sur les royaumes de la vape.<br \/>\nR\u00e9unis dans un\u00a0pack l\u00e9gendaire de 150 ml, ces trois e-liquides forment une arm\u00e9e de puissance invincible. Leur force ne r\u00e9side pas dans la fra\u00eecheur, mais dans la richesse fruit\u00e9e et la puissance aromatique. Chaque bouff\u00e9e \u00e9voque le grondement des enfers, la chaleur d\u2019un combat et la douceur perverse d\u2019une victoire assur\u00e9e. Mais attention : une fois go\u00fbt\u00e9s, ces d\u00e9mons r\u00e9clament toujours une seconde bouff\u00e9e !<\/p>\n<p><span style=\"color: red;\">Saveurs incluses dans le Pack 2 3x50ml Ar\u00f4mes et Secrets :<\/span><\/p>\n<p>&nbsp;<\/p>\n<dl>\n<dt><span style=\"color: red;\">E-liquide Arathorn 50ml<\/span><\/dt>\n<dt><\/dt>\n<dt><span style=\"color: red;\">Un ensorcellement diaboliquement effervescent de limonade aux fruits rouges !<\/span><\/dt>\n<\/dl>\n<p>&nbsp;<\/p>\n<p><span style=\"color: red;\">E-liquide Etna 50ml<\/span><\/p>\n<p><span style=\"color: red;\">Un feu \u00e9ternel et explosif concentrant une \u00e9ruption de fraise, de grenade et de kiwi !<\/span><\/p>\n<p>&nbsp;<\/p>\n<p><span style=\"color: red;\">E-liquide Ma\u00efpo 50ml<\/span><\/p>\n<p class=\"u-fiv\"><span style=\"color: red;\">Un monstre de parfum de framboise, de fraise et de m\u00fbre qui devient tout rouge une fois en col\u00e8re !<\/span><\/p>\n<p>Les e-liquides du Pack 2 Ar\u00f4mes et Secrets 3x50ml sont fabriqu\u00e9s par Savourea et certifi\u00e9s Origine France Garantie.<\/p>\n<hr \/>\n<p>&nbsp;<\/p>\n<h3>Base du Pack 2 e-liquides 3x50ml Fruits Rouges<\/h3>\n<p>Les e-liquides du Pack 2 Ar\u00f4mes et Secrets 3x50ml sont fabriqu\u00e9s avec une base 50\/50 PG\/VG \u00e9quilibr\u00e9e.<br \/>\n<i>Note<\/i>\u00a0: La base e-liquide 50\/50 est <span style=\"color: red;\">conseill\u00e9e<\/span> pour les cigarettes \u00e9lectroniques dot\u00e9es d&rsquo;une r\u00e9sistance comprise entre 0,5ohm et 0,8ohm.<\/p>\n<ul>\n<li>50% : Propyl\u00e8ne Glycol<\/li>\n<li>50% : Glyc\u00e9rine V\u00e9g\u00e9tale<\/li>\n<\/ul>\n<hr \/>\n<p>&nbsp;<\/p>\n<h3>E-liquides 50ml Savourea Ar\u00f4mes et Secrets \u00e0 booster<\/h3>\n<p>Les e-liquides du Pack 2 3x50ml Ar\u00f4mes et Secrets sont propos\u00e9s en format 50ml boost\u00e9 en ar\u00f4mes, dans un flacon 70ml <span style=\"color: red;\">ne contenant pas de nicotine (0mg).<\/span> Vous pourrez ajouter de la nicotine \u00e0 votre e-liquide Savourea en le m\u00e9langeant \u00e0 un ou plusieurs\u00a0boosters de nicotine<span style=\"color: red;\">\u00a0(non inclus).<\/span><br \/>\nVous pourrez alors :<\/p>\n<ul>\n<li>ajouter un booster de nicotine au flacon pour obtenir au total 60ml de e-liquide nicotin\u00e9 \u00e0 3.3mg\/ml,<\/li>\n<li>ajouter deux boosters de nicotine au e-liquide pour obtenir 70ml nicotin\u00e9s \u00e0 5,7mg\/ml.<\/li>\n<\/ul>\n<p>&nbsp;<\/p>\n<p><img decoding=\"async\" class=\"center-block\" src=\"https:\/\/pro.taklope.com\/img\/descrhtml\/50ml%20booste_1476182.jpg\" alt=\"50ml booste_1476182.jpg\" \/><\/p>\n<hr \/>\n<p>&nbsp;<\/p>\n<h3>Conservation du Pack 2 3x50ml Ar\u00f4mes et Secrets &#8211; Savourea<\/h3>\n<p>Pour une saveur durable, veillez \u00e0 conserver vos e-liquides pour cigarette \u00e9lectronique dans un endroit sec, \u00e0 l\u2019abri de la lumi\u00e8re et \u00e0 temp\u00e9rature ambiante. Pensez \u00e0 bien reboucher les flacons apr\u00e8s usage.<\/p>\n<p>Au contact de l\u2019air et de la lumi\u00e8re, la couleur de certains e-liquides peut se foncer avec le temps. Ce changement \u00e9ventuel de couleur est normal et ne traduit pas une d\u00e9gradation de la qualit\u00e9 du produit.<\/p>\n<p>Un e-liquide bien conserv\u00e9 pourra \u00eatre consomm\u00e9 sans baisse significative de saveur apr\u00e8s d\u00e9passement de sa DLUO.<\/p>\n<\/div>\n<\/div>\n<\/div>\n<div class=\"c-pdt__section\">\n<div id=\"product-details\" class=\"\" data-product=\"{&quot;id_shop_default&quot;:&quot;2&quot;,&quot;id_manufacturer&quot;:&quot;0&quot;,&quot;id_supplier&quot;:&quot;9&quot;,&quot;reference&quot;:&quot;&quot;,&quot;is_virtual&quot;:&quot;0&quot;,&quot;delivery_in_stock&quot;:&quot;&quot;,&quot;delivery_out_stock&quot;:&quot;&quot;,&quot;id_category_default&quot;:&quot;322&quot;,&quot;on_sale&quot;:&quot;0&quot;,&quot;online_only&quot;:&quot;0&quot;,&quot;ecotax&quot;:0,&quot;minimal_quantity&quot;:&quot;1&quot;,&quot;low_stock_threshold&quot;:null,&quot;low_stock_alert&quot;:&quot;0&quot;,&quot;price&quot;:&quot;9,90\\u00a0\\u20ac&quot;,&quot;unity&quot;:&quot;&quot;,&quot;unit_price_ratio&quot;:&quot;0.000000&quot;,&quot;additional_shipping_cost&quot;:&quot;0.000000&quot;,&quot;customizable&quot;:&quot;0&quot;,&quot;text_fields&quot;:&quot;0&quot;,&quot;uploadable_files&quot;:&quot;0&quot;,&quot;redirect_type&quot;:&quot;301-category&quot;,&quot;id_type_redirected&quot;:&quot;0&quot;,&quot;available_for_order&quot;:&quot;1&quot;,&quot;available_date&quot;:&quot;0000-00-00&quot;,&quot;show_condition&quot;:&quot;0&quot;,&quot;condition&quot;:&quot;new&quot;,&quot;show_price&quot;:&quot;1&quot;,&quot;indexed&quot;:&quot;1&quot;,&quot;visibility&quot;:&quot;both&quot;,&quot;cache_default_attribute&quot;:&quot;0&quot;,&quot;advanced_stock_management&quot;:&quot;1&quot;,&quot;date_add&quot;:&quot;2026-01-08 10:57:00&quot;,&quot;date_upd&quot;:&quot;2026-03-20 11:00:51&quot;,&quot;pack_stock_type&quot;:&quot;0&quot;,&quot;meta_keywords&quot;:&quot;&quot;,&quot;link_rewrite&quot;:&quot;pack-2-3x50ml-aromes-et-secrets&quot;,&quot;name&quot;:&quot;Pack 2 3x50ml Aromes et Secrets - Savourea&quot;,&quot;available_now&quot;:&quot;&quot;,&quot;available_later&quot;:&quot;&quot;,&quot;id&quot;:19969,&quot;id_product&quot;:19969,&quot;out_of_stock&quot;:2,&quot;new&quot;:0,&quot;id_product_attribute&quot;:&quot;0&quot;,&quot;quantity_wanted&quot;:1,&quot;allow_oosp&quot;:0,&quot;category&quot;:&quot;savourea&quot;,&quot;category_name&quot;:&quot;Savourea&quot;,&quot;link&quot;:&quot;https:\\\/\\\/pro.taklope.com\\\/savourea\\\/19969-pack-2-3x50ml-aromes-et-secrets.html&quot;,&quot;attribute_price&quot;:0,&quot;price_tax_exc&quot;:9.9000000000000003552713678800500929355621337890625,&quot;price_without_reduction&quot;:9.9000000000000003552713678800500929355621337890625,&quot;reduction&quot;:0,&quot;specific_prices&quot;:{&quot;id_specific_price&quot;:&quot;26874153&quot;,&quot;id_specific_price_rule&quot;:&quot;0&quot;,&quot;id_cart&quot;:&quot;0&quot;,&quot;id_product&quot;:&quot;19969&quot;,&quot;id_product_attribute&quot;:&quot;0&quot;,&quot;id_shop&quot;:&quot;2&quot;,&quot;id_shop_group&quot;:&quot;0&quot;,&quot;id_currency&quot;:&quot;0&quot;,&quot;id_country&quot;:&quot;0&quot;,&quot;id_group&quot;:&quot;22&quot;,&quot;id_customer&quot;:&quot;0&quot;,&quot;price&quot;:9.9000000000000003552713678800500929355621337890625,&quot;from_quantity&quot;:&quot;1&quot;,&quot;reduction&quot;:&quot;0.000000&quot;,&quot;reduction_tax&quot;:&quot;1&quot;,&quot;reduction_type&quot;:&quot;percentage&quot;,&quot;from&quot;:&quot;0000-00-00 00:00:00&quot;,&quot;to&quot;:&quot;0000-00-00 00:00:00&quot;,&quot;score&quot;:&quot;18&quot;},&quot;quantity&quot;:3,&quot;quantity_all_versions&quot;:3,&quot;id_image&quot;:&quot;fr-default&quot;,&quot;attachments&quot;:[],&quot;virtual&quot;:0,&quot;pack&quot;:0,&quot;packItems&quot;:[],&quot;nopackprice&quot;:0,&quot;customization_required&quot;:false,&quot;rate&quot;:20,&quot;tax_name&quot;:&quot;TVA FR 20%&quot;,&quot;ecotax_rate&quot;:0,&quot;unit_price&quot;:&quot;&quot;,&quot;customizations&quot;:{&quot;fields&quot;:[]},&quot;id_customization&quot;:0,&quot;is_customizable&quot;:false,&quot;show_quantities&quot;:true,&quot;quantity_label&quot;:&quot;Produits&quot;,&quot;quantity_discounts&quot;:[],&quot;customer_group_discount&quot;:0,&quot;images&quot;:[{&quot;bySize&quot;:{&quot;small_default&quot;:{&quot;url&quot;:&quot;https:\\\/\\\/media.taklope.com\\\/72177-small_default\\\/pack-2-3x50ml-aromes-et-secrets.jpg&quot;,&quot;width&quot;:98,&quot;height&quot;:98},&quot;cart_default&quot;:{&quot;url&quot;:&quot;https:\\\/\\\/media.taklope.com\\\/72177-cart_default\\\/pack-2-3x50ml-aromes-et-secrets.jpg&quot;,&quot;width&quot;:125,&quot;height&quot;:125},&quot;home_default&quot;:{&quot;url&quot;:&quot;https:\\\/\\\/media.taklope.com\\\/72177-home_default\\\/pack-2-3x50ml-aromes-et-secrets.jpg&quot;,&quot;width&quot;:250,&quot;height&quot;:250},&quot;medium_default&quot;:{&quot;url&quot;:&quot;https:\\\/\\\/media.taklope.com\\\/72177-medium_default\\\/pack-2-3x50ml-aromes-et-secrets.jpg&quot;,&quot;width&quot;:452,&quot;height&quot;:452},&quot;large_default&quot;:{&quot;url&quot;:&quot;https:\\\/\\\/media.taklope.com\\\/72177-large_default\\\/pack-2-3x50ml-aromes-et-secrets.jpg&quot;,&quot;width&quot;:1000,&quot;height&quot;:1000}},&quot;small&quot;:{&quot;url&quot;:&quot;https:\\\/\\\/media.taklope.com\\\/72177-small_default\\\/pack-2-3x50ml-aromes-et-secrets.jpg&quot;,&quot;width&quot;:98,&quot;height&quot;:98},&quot;medium&quot;:{&quot;url&quot;:&quot;https:\\\/\\\/media.taklope.com\\\/72177-home_default\\\/pack-2-3x50ml-aromes-et-secrets.jpg&quot;,&quot;width&quot;:250,&quot;height&quot;:250},&quot;large&quot;:{&quot;url&quot;:&quot;https:\\\/\\\/media.taklope.com\\\/72177-large_default\\\/pack-2-3x50ml-aromes-et-secrets.jpg&quot;,&quot;width&quot;:1000,&quot;height&quot;:1000},&quot;legend&quot;:&quot;Pack 2 3x50ml Aromes et Secrets - Savourea&quot;,&quot;id_image&quot;:&quot;72177&quot;,&quot;cover&quot;:&quot;1&quot;,&quot;position&quot;:&quot;1&quot;,&quot;associatedVariants&quot;:[]}],&quot;cover&quot;:{&quot;bySize&quot;:{&quot;small_default&quot;:{&quot;url&quot;:&quot;https:\\\/\\\/media.taklope.com\\\/72177-small_default\\\/pack-2-3x50ml-aromes-et-secrets.jpg&quot;,&quot;width&quot;:98,&quot;height&quot;:98},&quot;cart_default&quot;:{&quot;url&quot;:&quot;https:\\\/\\\/media.taklope.com\\\/72177-cart_default\\\/pack-2-3x50ml-aromes-et-secrets.jpg&quot;,&quot;width&quot;:125,&quot;height&quot;:125},&quot;home_default&quot;:{&quot;url&quot;:&quot;https:\\\/\\\/media.taklope.com\\\/72177-home_default\\\/pack-2-3x50ml-aromes-et-secrets.jpg&quot;,&quot;width&quot;:250,&quot;height&quot;:250},&quot;medium_default&quot;:{&quot;url&quot;:&quot;https:\\\/\\\/media.taklope.com\\\/72177-medium_default\\\/pack-2-3x50ml-aromes-et-secrets.jpg&quot;,&quot;width&quot;:452,&quot;height&quot;:452},&quot;large_default&quot;:{&quot;url&quot;:&quot;https:\\\/\\\/media.taklope.com\\\/72177-large_default\\\/pack-2-3x50ml-aromes-et-secrets.jpg&quot;,&quot;width&quot;:1000,&quot;height&quot;:1000}},&quot;small&quot;:{&quot;url&quot;:&quot;https:\\\/\\\/media.taklope.com\\\/72177-small_default\\\/pack-2-3x50ml-aromes-et-secrets.jpg&quot;,&quot;width&quot;:98,&quot;height&quot;:98},&quot;medium&quot;:{&quot;url&quot;:&quot;https:\\\/\\\/media.taklope.com\\\/72177-home_default\\\/pack-2-3x50ml-aromes-et-secrets.jpg&quot;,&quot;width&quot;:250,&quot;height&quot;:250},&quot;large&quot;:{&quot;url&quot;:&quot;https:\\\/\\\/media.taklope.com\\\/72177-large_default\\\/pack-2-3x50ml-aromes-et-secrets.jpg&quot;,&quot;width&quot;:1000,&quot;height&quot;:1000},&quot;legend&quot;:&quot;Pack 2 3x50ml Aromes et Secrets - Savourea&quot;,&quot;id_image&quot;:&quot;72177&quot;,&quot;cover&quot;:&quot;1&quot;,&quot;position&quot;:&quot;1&quot;,&quot;associatedVariants&quot;:[]},&quot;has_discount&quot;:false,&quot;discount_type&quot;:&quot;percentage&quot;,&quot;discount_percentage&quot;:&quot;0%&quot;,&quot;discount_percentage_absolute&quot;:&quot;0%&quot;,&quot;discount_amount&quot;:&quot;0,00\\u00a0\\u20ac&quot;,&quot;discount_amount_to_display&quot;:&quot;-0,00\\u00a0\\u20ac&quot;,&quot;price_amount&quot;:9.9000000000000003552713678800500929355621337890625,&quot;unit_price_full&quot;:&quot;&quot;,&quot;show_availability&quot;:true,&quot;availability_date&quot;:null,&quot;availability_message&quot;:&quot;&quot;,&quot;availability&quot;:&quot;available&quot;}\">\n<section class=\"product-features\">\n<p class=\"u-h2 u-mb-3\">Fiche technique<\/p>\n<div id=\"readmore-pdt-features\" class=\"u-mb-2\" data-readmore=\"\" aria-expanded=\"true\">\n<table class=\"data-sheet table table-striped u-mb-0\">\n<tbody>\n<tr class=\"c-pdt__features-row\">\n<th class=\"name\">Type de produit<\/th>\n<td class=\"value\">E-liquide<br \/>\nPack<\/td>\n<\/tr>\n<tr class=\"c-pdt__features-row\">\n<th class=\"name\">Marque<\/th>\n<td class=\"value\">SAVOUREA<\/td>\n<\/tr>\n<tr class=\"c-pdt__features-row\">\n<th class=\"name\">Type de saveur<\/th>\n<td class=\"value\">Boisson<br \/>\nFruit\u00e9e<\/td>\n<\/tr>\n<tr class=\"c-pdt__features-row\">\n<th class=\"name\">Dosage PG\/VG<\/th>\n<td class=\"value\">50\/50 &#8211; PG\/VG<\/td>\n<\/tr>\n<tr class=\"c-pdt__features-row\">\n<th class=\"name\">Gamme<\/th>\n<td class=\"value\">Ar\u00f4mes et Secrets<\/td>\n<\/tr>\n<tr class=\"c-pdt__features-row\">\n<th class=\"name\">Contenance (en ml)<\/th>\n<td class=\"value\">150<\/td>\n<\/tr>\n<tr class=\"c-pdt__features-row\">\n<th class=\"name\">Origine<\/th>\n<td class=\"value\">France<\/td>\n<\/tr>\n<tr class=\"c-pdt__features-row\">\n<th class=\"name\">Type e-liquide<\/th>\n<td class=\"value\">Boost\u00e9 en ar\u00f4me<\/td>\n<\/tr>\n<\/tbody>\n<\/table>\n<\/div>\n<\/section>\n<\/div>\n<\/div>\n<div class=\"c-pdt__section c-pdt__section--columns\">\n<div id=\"disclaimer\" class=\"\">\n<p class=\"u-h2 u-mb-3\">Nicotine bon \u00e0 savoir<\/p>\n<div class=\"c-card c-pdt-disclaimer__card c-pdt-disclaimer__card--attention\">\n<div class=\"c-pdt-disclaimer__heading\">\n<div class=\"u-ml-1\">\n<p class=\"u-h4 u-txt-white u-mb-0\">Attention<\/p>\n<p class=\"u-mb-0\">Entre 0.25% et 1.66% m\/m de Nicotine<\/p>\n<p class=\"u-mb-0\">Nocif en cas d&rsquo;ingestion<\/p>\n<\/div>\n<\/div>\n<div class=\"c-pdt-disclaimer__content\">\n<p class=\"u-h4 u-mb-1\">Conseils de prudence<\/p>\n<ul>\n<li>P101 : En cas de consultation d&rsquo;un m\u00e9decin, garder \u00e0 disposition le r\u00e9cipient ou l&rsquo;\u00e9tiquette<\/li>\n<li>P102 : Tenir hors de port\u00e9e des enfants<\/li>\n<li>Se laver les mains soigneusement apr\u00e8s manipulation<\/li>\n<li>P270 : Ne pas manger, boire ou fumer en manipulant le produit<\/li>\n<li>P301+312 : Appeler un CENTRE ANTI-POISON ou un m\u00e9decin en cas de malaise<\/li>\n<li>P330 : Rincer la bouche<\/li>\n<li>EMBALLAGE : Indice tactile de danger<\/li>\n<\/ul>\n<\/div>\n<\/div>\n<div class=\"c-card c-pdt-disclaimer__card c-pdt-disclaimer__card--danger\">\n<div class=\"c-pdt-disclaimer__heading\">\n<div class=\"u-ml-1\">\n<p class=\"u-h4 u-txt-white u-mb-0\">Danger<\/p>\n<p class=\"u-mb-0\">Au-del\u00e0 de 1.66% m\/m de Nicotine<\/p>\n<p class=\"u-mb-0\">Toxique en cas d&rsquo;ingestion<\/p>\n<\/div>\n<\/div>\n<div class=\"c-pdt-disclaimer__content\">\n<p class=\"u-h4 u-mb-1\">Conseils de prudence<\/p>\n<ul>\n<li>P101 : En cas de consultation d&rsquo;un m\u00e9decin, garder \u00e0 disposition le r\u00e9cipient ou l&rsquo;\u00e9tiquette<\/li>\n<li>P102 : Tenir hors de port\u00e9e des enfants<\/li>\n<li>Se laver les mains soigneusement apr\u00e8s manipulation<\/li>\n<li>P270 : Ne pas manger, boire ou fumer en manipulant le produit<\/li>\n<li>EN CAS DE CONTACT AVEC LA PEAU : laver abondamment \u00e0 l&rsquo;eau et au savon<\/li>\n<li>P301+310 : Appeler imm\u00e9diatement un CENTRE ANTI-POISON ou un m\u00e9decin en cas de malaise<\/li>\n<li>P405 : Garder sous cl\u00e9<\/li>\n<li>EMBALLAGE : Fermeture de s\u00e9curit\u00e9 pour un enfant et indice tactile de danger<\/li>\n<\/ul>\n<\/div>\n<\/div>\n<\/div>\n<\/div>\n<div class=\"c-pdt__section c-pdt__section--columns\">\n<div id=\"manufacturer\" class=\"\">\n<div class=\"u-p-rel u-mb-1\">\n<div class=\"c-pdt__manu-thumbnail\"><img loading=\"lazy\" decoding=\"async\" class=\"u-img-fluid\" src=\"https:\/\/media.taklope.com\/c\/322-category_default\/savourea.jpg\" alt=\"Savourea\" width=\"250\" height=\"50\" \/><\/div>\n<p>Savourea<\/p>\n<\/div>\n<div id=\"readmore-pdt-manufacturer\" class=\"c-pdt__manu-desc\" data-readmore=\"\" aria-expanded=\"true\">\n<p class=\"u-fiv\">La marque fran\u00e7aise Savourea s\u2019est entour\u00e9e des plus grands nez de la parfumerie afin de vous concocter des recettes embaumantes aux saveurs uniques. Savourez le go\u00fbt unique d\u2019un d\u00e9licieux mono parfum, d\u00e9couvrez des m\u00e9langes hauts en saveurs dans des pr\u00e9parations DIY explosives et utilisez un additif pour ajouter du peps \u00e0 votre pr\u00e9paration DIY. Les\u00a0e-liquides\u00a0Savourea vous sont propos\u00e9s sous flacons de 20, 40 et 50ml \u00e0 0mg de nicotine et en format 10ml avec un dosage de nicotine au choix entre 0, 3, 6, 10, 12, 16 et 20mg ou avec des sels de nicotine. Les chefs fran\u00e7ais de Savourea vous proposent des recettes pour tous les go\u00fbts et toutes les envies !<\/p>\n<\/div>\n<\/div>\n<\/div>\n<\/div>\n<hr data-start=\"600\" data-end=\"603\" \/>\n","protected":false},"excerpt":{"rendered":"<p>3 magies fruit\u00e9es &#8211; 3x50ml &#8211; 50\/50 PG\/VG &#8211; 0mg<\/p>\n","protected":false},"featured_media":2046,"comment_status":"open","ping_status":"closed","template":"","meta":{"slim_seo":{"title":"Pack 2 3x50ml Aromes et Secrets - Savourea - Vapote-Shop","description":"3 magies fruit\u00e9es - 3x50ml - 50\/50 PG\/VG - 0mg"}},"product_brand":[92],"product_cat":[90,47,52],"product_tag":[],"class_list":{"0":"post-2045","1":"product","2":"type-product","3":"status-publish","4":"has-post-thumbnail","6":"product_brand-savourea","7":"product_cat-deals","8":"product_cat-e-liquide-50ml","9":"product_cat-meilleures-ventes","11":"first","12":"instock","13":"sale","14":"featured","15":"shipping-taxable","16":"purchasable","17":"product-type-simple"},"_links":{"self":[{"href":"https:\/\/www.vapote-shop.fr\/index.php\/wp-json\/wp\/v2\/product\/2045","targetHints":{"allow":["GET"]}}],"collection":[{"href":"https:\/\/www.vapote-shop.fr\/index.php\/wp-json\/wp\/v2\/product"}],"about":[{"href":"https:\/\/www.vapote-shop.fr\/index.php\/wp-json\/wp\/v2\/types\/product"}],"replies":[{"embeddable":true,"href":"https:\/\/www.vapote-shop.fr\/index.php\/wp-json\/wp\/v2\/comments?post=2045"}],"wp:featuredmedia":[{"embeddable":true,"href":"https:\/\/www.vapote-shop.fr\/index.php\/wp-json\/wp\/v2\/media\/2046"}],"wp:attachment":[{"href":"https:\/\/www.vapote-shop.fr\/index.php\/wp-json\/wp\/v2\/media?parent=2045"}],"wp:term":[{"taxonomy":"product_brand","embeddable":true,"href":"https:\/\/www.vapote-shop.fr\/index.php\/wp-json\/wp\/v2\/product_brand?post=2045"},{"taxonomy":"product_cat","embeddable":true,"href":"https:\/\/www.vapote-shop.fr\/index.php\/wp-json\/wp\/v2\/product_cat?post=2045"},{"taxonomy":"product_tag","embeddable":true,"href":"https:\/\/www.vapote-shop.fr\/index.php\/wp-json\/wp\/v2\/product_tag?post=2045"}],"curies":[{"name":"wp","href":"https:\/\/api.w.org\/{rel}","templated":true}]}}