{"id":2132,"date":"2026-03-30T17:59:21","date_gmt":"2026-03-30T15:59:21","guid":{"rendered":"https:\/\/www.vapote-shop.fr\/?post_type=product&#038;p=2132"},"modified":"2026-03-31T06:25:22","modified_gmt":"2026-03-31T04:25:22","slug":"e-liquide-the-red-oil-100ml","status":"publish","type":"product","link":"https:\/\/www.vapote-shop.fr\/index.php\/produit\/e-liquide-the-red-oil-100ml\/","title":{"rendered":"E-liquide The Red Oil 100ml<div class=\"custom-short-desc\">Fraise - Grenade - 100ml - 30\/70 PG VG - 0mg<\/div>"},"content":{"rendered":"<div class=\"c-pdt__section c-pdt__section--columns\">\n<div id=\"description_short\" class=\"\">\n<h3 class=\"u-h2 u-mb-3\">E-liquide The Red Oil 100ml &#8211; Fruity Fuel<\/h3>\n<div class=\"product-description c-pdt__description c-pdt__description--recap s-cms\">\n<p class=\"u-fiv\">Maison Fuel sert \u00e0 la pompe l\u2019e-liquide The Red Oil 100ml Fruity Fuel et ses ar\u00f4mes de fraise et de grenade. Votre cigarette \u00e9lectronique ferait bien le plein.<\/p>\n<ul>\n<li><span style=\"color: red;\">Saveur : Fraise &#8211; Grenade<\/span><\/li>\n<li><span style=\"color: red;\">E-liquide\u00a030\/70 PG\/VG.<\/span><\/li>\n<li><span style=\"color: red;\">Format 100ml sans nicotine (0mg) en flacon 120ml \u00e0 booster.<\/span><\/li>\n<li>L\u2019e-liquide The Red Oil 100ml est fabriqu\u00e9 en France par Maison Fuel pour la gamme\u00a0Fruity Fuel<\/li>\n<\/ul>\n<p><i><u>Note<\/u>\u00a0: Cet\u00a0e-liquide Maison Fuel est conseill\u00e9 pour des r\u00e9sistances de<span style=\"color: red;\"> 0,15 \u00e0 0,5\uab65.<\/span><\/i><\/p>\n<\/div>\n<\/div>\n<\/div>\n<div class=\"c-pdt__sections c-pdt__sections--columns\">\n<div class=\"c-pdt__section c-pdt__section--columns\">\n<div id=\"description\" class=\"\">\n<div class=\"product-description c-pdt__description s-cms\">\n<h3>E-liquide The Red Oil 100ml Fruity Fuel &#8211; Maison Fuel<\/h3>\n<p>&nbsp;<\/p>\n<p><img decoding=\"async\" class=\"center-block\" title=\"E-liquide THE RED OIL 100ML - Fruity Fuel\" src=\"https:\/\/pro.taklope.com\/img\/descrhtml\/fruityFuel_1347566.jpg\" alt=\"E-liquide THE RED OIL 100ML - Fruity Fuel\" \/><\/p>\n<p class=\"u-fiv\">L\u2019\u00e9lectricit\u00e9 ne sera bient\u00f4t plus la seule \u00e0 recharger les cigarettes \u00e9lectroniques, puisque Maison Fuel leur propose de faire le plein avec son e-liquide The Red Oil Fruity Fuel 100ml aux ar\u00f4mes de\u00a0fraise\u00a0et de\u00a0grenade. Attention au d\u00e9marrage !<\/p>\n<p>E-liquide fran\u00e7ais\u00a0fabriqu\u00e9 par Maison Fuel pour la gamme Fruity Fuel. Grand format 100ml non nicotin\u00e9 servi dans un flacon 120ml pratique \u00e0 booster en nicotine.<\/p>\n<p>&nbsp;<\/p>\n<hr \/>\n<p>&nbsp;<\/p>\n<h3>Base du e-liquide The Red Oil Fruity Fuel Maison Fuel 100ml :<\/h3>\n<ul>\n<li>30 % : Propyl\u00e8ne Glycol<\/li>\n<li>70 % : Glyc\u00e9rine V\u00e9g\u00e9tale<\/li>\n<\/ul>\n<p>&nbsp;<\/p>\n<p>Le e-liquide The Red Oil Fruity Fuel 100ml Maison Fuel est fabriqu\u00e9 sur une base \u00e9paisse 30\/70 PG\/VG.<\/p>\n<p><i><u>Note<\/u>\u00a0: Une base 30\/70 PG\/VG est plus pr\u00e9cis\u00e9ment conseill\u00e9e pour des r\u00e9sistances comprises entre 0,15 et 0,5\uab65, qui \u00e9quipent de nombreuses cigarettes \u00e9lectroniques subohm. <\/i><\/p>\n<p>&nbsp;<\/p>\n<hr \/>\n<p>&nbsp;<\/p>\n<h3>Comment booster le e-liquide 100ml Maison Fuel Fruity Fuel The Red Oil ?<\/h3>\n<p>Le e-liquide The Red Oil Fruity Fuel a une contenance de 100ml. Il ne contient pas de nicotine (0mg). Son grand flacon pratique de 120ml vous permettra toutefois d\u2019en ajouter directement selon vos besoins, et sans perte de saveur, gr\u00e2ce \u00e0 un ou plusieurs\u00a0boosters nicotin\u00e9s\u00a0(non-inclus). Car l\u2019e-liquide 100ml The Red Oil Fruity Fuel Maison Fuel est boost\u00e9 en ar\u00f4mes.<br \/>\nPar exemple, il faudra :<\/p>\n<ul>\n<li>Ajouter un booster de nicotine au flacon pour obtenir 110ml d\u2019e-liquide The Red Oil Fruity Fuel nicotin\u00e9 \u00e0 1.8 mg\/ml,<\/li>\n<li>Ajouter un second booster de nicotine au flacon du e-liquide Maison Fuel The Red Oil Fruity Fuel pour obtenir 120ml d\u2019e-liquide nicotin\u00e9 \u00e0 3.3mg\/ml.<\/li>\n<\/ul>\n<p><i><u>Note<\/u>\u00a0: Il est d\u00e9conseill\u00e9 de m\u00e9langer le e-liquide The Red Oil 100ml Fruity Fuel Maison Fuel avec plus de deux boosters. Au-del\u00e0, les ar\u00f4mes seront trop dilu\u00e9s et perdront en intensit\u00e9.<\/i><\/p>\n<p>&nbsp;<\/p>\n<p><img decoding=\"async\" src=\"https:\/\/pro.taklope.com\/img\/descrhtml\/tableauBooster100ml_1606201.jpg\" alt=\"tableauBooster100ml_1606201.jpg\" \/><\/p>\n<p>&nbsp;<\/p>\n<h3>Conservation de votre e-liquide Maison Fuel Fruity Fuel The Red Oil 100ml<\/h3>\n<p>Pour une conservation optimale jour apr\u00e8s jour, conservez votre e-liquide The Red Oil 100ml Fruity Fuel dans un endroit sec et \u00e0 temp\u00e9rature ambiante. Ne l\u2019exposez pas en permanence \u00e0 la lumi\u00e8re et rebouchez soigneusement le flacon apr\u00e8s usage.<\/p>\n<p>Un\u00a0e-liquide grand format\u00a0Maison Fuel bien conserv\u00e9 pourra \u00eatre consomm\u00e9 apr\u00e8s d\u00e9passement de sa DLUO, sans perte significative de saveur.<\/p>\n<\/div>\n<\/div>\n<\/div>\n<div class=\"c-pdt__section\">\n<div id=\"product-details\" class=\"\" data-product=\"{&quot;id_shop_default&quot;:&quot;2&quot;,&quot;id_manufacturer&quot;:&quot;0&quot;,&quot;id_supplier&quot;:&quot;32&quot;,&quot;reference&quot;:&quot;&quot;,&quot;is_virtual&quot;:&quot;0&quot;,&quot;delivery_in_stock&quot;:&quot;&quot;,&quot;delivery_out_stock&quot;:&quot;&quot;,&quot;id_category_default&quot;:&quot;2159&quot;,&quot;on_sale&quot;:&quot;0&quot;,&quot;online_only&quot;:&quot;0&quot;,&quot;ecotax&quot;:0,&quot;minimal_quantity&quot;:&quot;1&quot;,&quot;low_stock_threshold&quot;:null,&quot;low_stock_alert&quot;:&quot;0&quot;,&quot;price&quot;:&quot;5,49\\u00a0\\u20ac&quot;,&quot;unity&quot;:&quot;&quot;,&quot;unit_price_ratio&quot;:&quot;0.000000&quot;,&quot;additional_shipping_cost&quot;:&quot;0.000000&quot;,&quot;customizable&quot;:&quot;0&quot;,&quot;text_fields&quot;:&quot;0&quot;,&quot;uploadable_files&quot;:&quot;0&quot;,&quot;redirect_type&quot;:&quot;404&quot;,&quot;id_type_redirected&quot;:&quot;0&quot;,&quot;available_for_order&quot;:&quot;1&quot;,&quot;available_date&quot;:null,&quot;show_condition&quot;:&quot;0&quot;,&quot;condition&quot;:&quot;new&quot;,&quot;show_price&quot;:&quot;1&quot;,&quot;indexed&quot;:&quot;1&quot;,&quot;visibility&quot;:&quot;both&quot;,&quot;cache_default_attribute&quot;:&quot;255118&quot;,&quot;advanced_stock_management&quot;:&quot;1&quot;,&quot;date_add&quot;:&quot;2019-08-21 02:00:00&quot;,&quot;date_upd&quot;:&quot;2025-12-01 00:32:25&quot;,&quot;pack_stock_type&quot;:&quot;0&quot;,&quot;meta_keywords&quot;:&quot;&quot;,&quot;link_rewrite&quot;:&quot;the-red-oil-100ml&quot;,&quot;name&quot;:&quot;E-liquide The Red Oil 100ml - Fruity Fuel&quot;,&quot;available_now&quot;:&quot;&quot;,&quot;available_later&quot;:&quot;&quot;,&quot;id&quot;:9258,&quot;id_product&quot;:9258,&quot;out_of_stock&quot;:2,&quot;new&quot;:0,&quot;id_product_attribute&quot;:255118,&quot;quantity_wanted&quot;:1,&quot;allow_oosp&quot;:0,&quot;category&quot;:&quot;maison-fuel&quot;,&quot;category_name&quot;:&quot;Maison Fuel&quot;,&quot;link&quot;:&quot;https:\\\/\\\/pro.taklope.com\\\/maison-fuel\\\/9258-the-red-oil-100ml.html&quot;,&quot;attribute_price&quot;:0,&quot;price_tax_exc&quot;:5.4900000000000002131628207280300557613372802734375,&quot;price_without_reduction&quot;:5.4900000000000002131628207280300557613372802734375,&quot;reduction&quot;:0,&quot;specific_prices&quot;:{&quot;id_specific_price&quot;:&quot;26868282&quot;,&quot;id_specific_price_rule&quot;:&quot;0&quot;,&quot;id_cart&quot;:&quot;0&quot;,&quot;id_product&quot;:&quot;9258&quot;,&quot;id_product_attribute&quot;:&quot;0&quot;,&quot;id_shop&quot;:&quot;2&quot;,&quot;id_shop_group&quot;:&quot;0&quot;,&quot;id_currency&quot;:&quot;0&quot;,&quot;id_country&quot;:&quot;0&quot;,&quot;id_group&quot;:&quot;22&quot;,&quot;id_customer&quot;:&quot;0&quot;,&quot;price&quot;:5.4900000000000002131628207280300557613372802734375,&quot;from_quantity&quot;:&quot;1&quot;,&quot;reduction&quot;:&quot;0.000000&quot;,&quot;reduction_tax&quot;:&quot;1&quot;,&quot;reduction_type&quot;:&quot;percentage&quot;,&quot;from&quot;:&quot;0000-00-00 00:00:00&quot;,&quot;to&quot;:&quot;0000-00-00 00:00:00&quot;,&quot;score&quot;:&quot;18&quot;},&quot;quantity&quot;:46,&quot;quantity_all_versions&quot;:47,&quot;id_image&quot;:&quot;fr-default&quot;,&quot;attachments&quot;:[],&quot;virtual&quot;:0,&quot;pack&quot;:0,&quot;packItems&quot;:[],&quot;nopackprice&quot;:0,&quot;customization_required&quot;:false,&quot;attributes&quot;:{&quot;15&quot;:{&quot;id_attribute&quot;:&quot;129016&quot;,&quot;id_attribute_group&quot;:&quot;15&quot;,&quot;name&quot;:&quot;100ml&quot;,&quot;group&quot;:&quot;Contenance&quot;,&quot;reference&quot;:&quot;&quot;,&quot;ean13&quot;:&quot;721800820024&quot;,&quot;isbn&quot;:&quot;&quot;,&quot;upc&quot;:&quot;&quot;,&quot;mpn&quot;:&quot;&quot;}},&quot;rate&quot;:20,&quot;tax_name&quot;:&quot;TVA FR 20%&quot;,&quot;ecotax_rate&quot;:0,&quot;unit_price&quot;:&quot;&quot;,&quot;customizations&quot;:{&quot;fields&quot;:[]},&quot;id_customization&quot;:0,&quot;is_customizable&quot;:false,&quot;show_quantities&quot;:true,&quot;quantity_label&quot;:&quot;Produits&quot;,&quot;quantity_discounts&quot;:[],&quot;customer_group_discount&quot;:0,&quot;images&quot;:[{&quot;bySize&quot;:{&quot;small_default&quot;:{&quot;url&quot;:&quot;https:\\\/\\\/media.taklope.com\\\/30570-small_default\\\/the-red-oil-100ml.jpg&quot;,&quot;width&quot;:98,&quot;height&quot;:98},&quot;cart_default&quot;:{&quot;url&quot;:&quot;https:\\\/\\\/media.taklope.com\\\/30570-cart_default\\\/the-red-oil-100ml.jpg&quot;,&quot;width&quot;:125,&quot;height&quot;:125},&quot;home_default&quot;:{&quot;url&quot;:&quot;https:\\\/\\\/media.taklope.com\\\/30570-home_default\\\/the-red-oil-100ml.jpg&quot;,&quot;width&quot;:250,&quot;height&quot;:250},&quot;medium_default&quot;:{&quot;url&quot;:&quot;https:\\\/\\\/media.taklope.com\\\/30570-medium_default\\\/the-red-oil-100ml.jpg&quot;,&quot;width&quot;:452,&quot;height&quot;:452},&quot;large_default&quot;:{&quot;url&quot;:&quot;https:\\\/\\\/media.taklope.com\\\/30570-large_default\\\/the-red-oil-100ml.jpg&quot;,&quot;width&quot;:1000,&quot;height&quot;:1000}},&quot;small&quot;:{&quot;url&quot;:&quot;https:\\\/\\\/media.taklope.com\\\/30570-small_default\\\/the-red-oil-100ml.jpg&quot;,&quot;width&quot;:98,&quot;height&quot;:98},&quot;medium&quot;:{&quot;url&quot;:&quot;https:\\\/\\\/media.taklope.com\\\/30570-home_default\\\/the-red-oil-100ml.jpg&quot;,&quot;width&quot;:250,&quot;height&quot;:250},&quot;large&quot;:{&quot;url&quot;:&quot;https:\\\/\\\/media.taklope.com\\\/30570-large_default\\\/the-red-oil-100ml.jpg&quot;,&quot;width&quot;:1000,&quot;height&quot;:1000},&quot;legend&quot;:&quot;The Red Oil 100ml - Fruity Fuel&quot;,&quot;id_image&quot;:&quot;30570&quot;,&quot;cover&quot;:&quot;1&quot;,&quot;position&quot;:&quot;1&quot;,&quot;associatedVariants&quot;:[]}],&quot;cover&quot;:{&quot;bySize&quot;:{&quot;small_default&quot;:{&quot;url&quot;:&quot;https:\\\/\\\/media.taklope.com\\\/30570-small_default\\\/the-red-oil-100ml.jpg&quot;,&quot;width&quot;:98,&quot;height&quot;:98},&quot;cart_default&quot;:{&quot;url&quot;:&quot;https:\\\/\\\/media.taklope.com\\\/30570-cart_default\\\/the-red-oil-100ml.jpg&quot;,&quot;width&quot;:125,&quot;height&quot;:125},&quot;home_default&quot;:{&quot;url&quot;:&quot;https:\\\/\\\/media.taklope.com\\\/30570-home_default\\\/the-red-oil-100ml.jpg&quot;,&quot;width&quot;:250,&quot;height&quot;:250},&quot;medium_default&quot;:{&quot;url&quot;:&quot;https:\\\/\\\/media.taklope.com\\\/30570-medium_default\\\/the-red-oil-100ml.jpg&quot;,&quot;width&quot;:452,&quot;height&quot;:452},&quot;large_default&quot;:{&quot;url&quot;:&quot;https:\\\/\\\/media.taklope.com\\\/30570-large_default\\\/the-red-oil-100ml.jpg&quot;,&quot;width&quot;:1000,&quot;height&quot;:1000}},&quot;small&quot;:{&quot;url&quot;:&quot;https:\\\/\\\/media.taklope.com\\\/30570-small_default\\\/the-red-oil-100ml.jpg&quot;,&quot;width&quot;:98,&quot;height&quot;:98},&quot;medium&quot;:{&quot;url&quot;:&quot;https:\\\/\\\/media.taklope.com\\\/30570-home_default\\\/the-red-oil-100ml.jpg&quot;,&quot;width&quot;:250,&quot;height&quot;:250},&quot;large&quot;:{&quot;url&quot;:&quot;https:\\\/\\\/media.taklope.com\\\/30570-large_default\\\/the-red-oil-100ml.jpg&quot;,&quot;width&quot;:1000,&quot;height&quot;:1000},&quot;legend&quot;:&quot;The Red Oil 100ml - Fruity Fuel&quot;,&quot;id_image&quot;:&quot;30570&quot;,&quot;cover&quot;:&quot;1&quot;,&quot;position&quot;:&quot;1&quot;,&quot;associatedVariants&quot;:[]},&quot;has_discount&quot;:false,&quot;discount_type&quot;:&quot;percentage&quot;,&quot;discount_percentage&quot;:&quot;0%&quot;,&quot;discount_percentage_absolute&quot;:&quot;0%&quot;,&quot;discount_amount&quot;:&quot;0,00\\u00a0\\u20ac&quot;,&quot;discount_amount_to_display&quot;:&quot;-0,00\\u00a0\\u20ac&quot;,&quot;price_amount&quot;:5.4900000000000002131628207280300557613372802734375,&quot;unit_price_full&quot;:&quot;&quot;,&quot;show_availability&quot;:true,&quot;availability_date&quot;:null,&quot;availability_message&quot;:&quot;&quot;,&quot;availability&quot;:&quot;available&quot;}\">\n<section class=\"product-features\">\n<p class=\"u-h2 u-mb-3\">Fiche technique<\/p>\n<div id=\"readmore-pdt-features\" class=\"u-mb-2\">\n<table class=\"data-sheet table table-striped u-mb-0\">\n<tbody>\n<tr class=\"c-pdt__features-row\">\n<th class=\"name\">Type de produit<\/th>\n<td class=\"value\">E-liquide<\/td>\n<\/tr>\n<tr class=\"c-pdt__features-row\">\n<th class=\"name\">Marque<\/th>\n<td class=\"value\">MAISON FUEL<\/td>\n<\/tr>\n<tr class=\"c-pdt__features-row\">\n<th class=\"name\">Type de saveur<\/th>\n<td class=\"value\">Fruit\u00e9e<\/td>\n<\/tr>\n<tr class=\"c-pdt__features-row\">\n<th class=\"name\">Dosage PG\/VG<\/th>\n<td class=\"value\">30\/70 &#8211; PG\/VG<\/td>\n<\/tr>\n<tr class=\"c-pdt__features-row\">\n<th class=\"name\">Gamme<\/th>\n<td class=\"value\">Fruity Fuel<\/td>\n<\/tr>\n<tr class=\"c-pdt__features-row\">\n<th class=\"name\">Contenance (en ml)<\/th>\n<td class=\"value\">100<\/td>\n<\/tr>\n<tr class=\"c-pdt__features-row\">\n<th class=\"name\">Origine<\/th>\n<td class=\"value\">France<\/td>\n<\/tr>\n<tr class=\"c-pdt__features-row\">\n<th class=\"name\">Type e-liquide<\/th>\n<td class=\"value\">Boost\u00e9 en ar\u00f4me<\/td>\n<\/tr>\n<\/tbody>\n<\/table>\n<\/div>\n<\/section>\n<\/div>\n<\/div>\n<div class=\"c-pdt__section c-pdt__section--columns\">\n<div id=\"disclaimer\" class=\"\">\n<p class=\"u-h2 u-mb-3\">Nicotine bon \u00e0 savoir<\/p>\n<div class=\"c-card c-pdt-disclaimer__card c-pdt-disclaimer__card--attention\">\n<div class=\"c-pdt-disclaimer__heading\">\n<div class=\"u-ml-1\">\n<p class=\"u-h4 u-txt-white u-mb-0\">Attention<\/p>\n<p class=\"u-mb-0\">Entre 0.25% et 1.66% m\/m de Nicotine<\/p>\n<p class=\"u-mb-0\">Nocif en cas d&rsquo;ingestion<\/p>\n<\/div>\n<\/div>\n<div class=\"c-pdt-disclaimer__content\">\n<p class=\"u-h4 u-mb-1\">Conseils de prudence<\/p>\n<ul>\n<li>P101 : En cas de consultation d&rsquo;un m\u00e9decin, garder \u00e0 disposition le r\u00e9cipient ou l&rsquo;\u00e9tiquette<\/li>\n<li>P102 : Tenir hors de port\u00e9e des enfants<\/li>\n<li>Se laver les mains soigneusement apr\u00e8s manipulation<\/li>\n<li>P270 : Ne pas manger, boire ou fumer en manipulant le produit<\/li>\n<li>P301+312 : Appeler un CENTRE ANTI-POISON ou un m\u00e9decin en cas de malaise<\/li>\n<li>P330 : Rincer la bouche<\/li>\n<li>EMBALLAGE : Indice tactile de danger<\/li>\n<\/ul>\n<\/div>\n<\/div>\n<div class=\"c-card c-pdt-disclaimer__card c-pdt-disclaimer__card--danger\">\n<div class=\"c-pdt-disclaimer__heading\">\n<div class=\"u-ml-1\">\n<p class=\"u-h4 u-txt-white u-mb-0\">Danger<\/p>\n<p class=\"u-mb-0\">Au-del\u00e0 de 1.66% m\/m de Nicotine<\/p>\n<p class=\"u-mb-0\">Toxique en cas d&rsquo;ingestion<\/p>\n<\/div>\n<\/div>\n<div class=\"c-pdt-disclaimer__content\">\n<p class=\"u-h4 u-mb-1\">Conseils de prudence<\/p>\n<ul>\n<li>P101 : En cas de consultation d&rsquo;un m\u00e9decin, garder \u00e0 disposition le r\u00e9cipient ou l&rsquo;\u00e9tiquette<\/li>\n<li>P102 : Tenir hors de port\u00e9e des enfants<\/li>\n<li>Se laver les mains soigneusement apr\u00e8s manipulation<\/li>\n<li>P270 : Ne pas manger, boire ou fumer en manipulant le produit<\/li>\n<li>EN CAS DE CONTACT AVEC LA PEAU : laver abondamment \u00e0 l&rsquo;eau et au savon<\/li>\n<li>P301+310 : Appeler imm\u00e9diatement un CENTRE ANTI-POISON ou un m\u00e9decin en cas de malaise<\/li>\n<li>P405 : Garder sous cl\u00e9<\/li>\n<li>EMBALLAGE : Fermeture de s\u00e9curit\u00e9 pour un enfant et indice tactile de danger<\/li>\n<\/ul>\n<\/div>\n<\/div>\n<\/div>\n<\/div>\n<div class=\"c-pdt__section c-pdt__section--columns\">\n<div id=\"manufacturer\" class=\"\">\n<div class=\"u-p-rel u-mb-1\">\n<div class=\"c-pdt__manu-thumbnail\"><img loading=\"lazy\" decoding=\"async\" class=\"u-img-fluid\" src=\"https:\/\/media.taklope.com\/c\/1584-category_default\/fruity-fuel.jpg\" alt=\"Fruity Fuel\" width=\"250\" height=\"50\" \/><\/div>\n<p>Fruity Fuel<\/p>\n<\/div>\n<div id=\"readmore-pdt-manufacturer\" class=\"c-pdt__manu-desc\" data-readmore=\"\" aria-expanded=\"true\">\n<p class=\"u-fiv\">Le Moyen-Orient n\u2019est pas le lieu de pr\u00e9dilection pour trouver les meilleurs carburants. C\u2019est en effet bel et bien en France qu\u2019est implant\u00e9e la marque\u00a0<strong>Fruity Fuel<\/strong>, productrice de toute une gamme d\u2019e-liquides\u00a0fruit\u00e9s propos\u00e9e dans une g\u00e9n\u00e9reuse contenance de 100ml, faite pour donner un v\u00e9ritable coup de fouet \u00e0 vos mat\u00e9riels pr\u00e9f\u00e9r\u00e9s. La qualit\u00e9 de fabrication fran\u00e7aise n\u2019est pas pour rien dans l\u2019aspect premium de leurs produits, que vous pourrez booster en ar\u00f4mes selon votre convenance dans leur grand flacon de 120ml. Le talent de la marque\u00a0<strong>Fruity Fuel<\/strong>\u00a0tient surtout dans leur capacit\u00e9 \u00e0 retranscrire avec fid\u00e9lit\u00e9 les saveurs des fruits qu\u2019elle souhaite mettre en avant dans ses compositions \u00e9quilibr\u00e9es.\u00a0<strong>Fruity Fuel\u00a0<\/strong>sait aussi tr\u00e8s habilement associer \u00e0 ces plaisirs \u00e0 croquer quelques ingr\u00e9dients gourmands ou p\u00e9tillants pour un plaisir encore plus reboostant. Attention toutefois \u00e0 la pompe, car seuls les appareils subohms tr\u00e8s performants pourront faire le plein avec un\u00a0<strong>e-liquide Fruity Fuel<\/strong>\u00a0en raison de son taux de PG\/VG de 30\/70 qui lui conf\u00e8re une texture trop \u00e9paisse pour les petites r\u00e9sistances des cigarettes \u00e9lectroniques peu puissantes.<\/p>\n<\/div>\n<\/div>\n<\/div>\n<\/div>\n<hr data-start=\"600\" data-end=\"603\" \/>\n","protected":false},"excerpt":{"rendered":"<p>Fraise &#8211; Grenade &#8211; 100ml &#8211; 30\/70 PG VG &#8211; 0mg<\/p>\n","protected":false},"featured_media":2133,"comment_status":"open","ping_status":"closed","template":"","meta":{"slim_seo":{"title":"E-liquide The Red Oil 100ml - Vapote-Shop","description":"Fraise - Grenade - 100ml - 30\/70 PG VG - 0mg"}},"product_brand":[94],"product_cat":[95,52],"product_tag":[],"class_list":{"0":"post-2132","1":"product","2":"type-product","3":"status-publish","4":"has-post-thumbnail","6":"product_brand-fruity-fuel","7":"product_cat-e-liquide-100ml","8":"product_cat-meilleures-ventes","10":"first","11":"instock","12":"shipping-taxable","13":"purchasable","14":"product-type-simple"},"_links":{"self":[{"href":"https:\/\/www.vapote-shop.fr\/index.php\/wp-json\/wp\/v2\/product\/2132","targetHints":{"allow":["GET"]}}],"collection":[{"href":"https:\/\/www.vapote-shop.fr\/index.php\/wp-json\/wp\/v2\/product"}],"about":[{"href":"https:\/\/www.vapote-shop.fr\/index.php\/wp-json\/wp\/v2\/types\/product"}],"replies":[{"embeddable":true,"href":"https:\/\/www.vapote-shop.fr\/index.php\/wp-json\/wp\/v2\/comments?post=2132"}],"wp:featuredmedia":[{"embeddable":true,"href":"https:\/\/www.vapote-shop.fr\/index.php\/wp-json\/wp\/v2\/media\/2133"}],"wp:attachment":[{"href":"https:\/\/www.vapote-shop.fr\/index.php\/wp-json\/wp\/v2\/media?parent=2132"}],"wp:term":[{"taxonomy":"product_brand","embeddable":true,"href":"https:\/\/www.vapote-shop.fr\/index.php\/wp-json\/wp\/v2\/product_brand?post=2132"},{"taxonomy":"product_cat","embeddable":true,"href":"https:\/\/www.vapote-shop.fr\/index.php\/wp-json\/wp\/v2\/product_cat?post=2132"},{"taxonomy":"product_tag","embeddable":true,"href":"https:\/\/www.vapote-shop.fr\/index.php\/wp-json\/wp\/v2\/product_tag?post=2132"}],"curies":[{"name":"wp","href":"https:\/\/api.w.org\/{rel}","templated":true}]}}