{"id":2141,"date":"2026-03-31T07:40:38","date_gmt":"2026-03-31T05:40:38","guid":{"rendered":"https:\/\/www.vapote-shop.fr\/?post_type=product&#038;p=2141"},"modified":"2026-04-01T07:07:07","modified_gmt":"2026-04-01T05:07:07","slug":"e-liquide-cinema-reserve-act-3-clouds-of-icarus","status":"publish","type":"product","link":"https:\/\/www.vapote-shop.fr\/index.php\/produit\/e-liquide-cinema-reserve-act-3-clouds-of-icarus\/","title":{"rendered":"E-liquide Cinema Reserve Act 3 &#8211; Clouds of Icarus<div class=\"custom-short-desc\">G\u00e2teau moelleux - Cr\u00e8me vanill\u00e9e - Popcorn - 100 ml - 30\/70 - 0mg<\/div>"},"content":{"rendered":"<div class=\"c-pdt__section c-pdt__section--columns\">\n<div id=\"description_short\" class=\"\">\n<h3 class=\"u-h2 u-mb-3\">E-liquide Cinema Reserve Act 3 &#8211; Clouds of Icarus<\/h3>\n<div class=\"product-description c-pdt__description c-pdt__description--recap s-cms\">\n<p class=\"u-fiv\">Apr\u00e8s les deux premiers volets de la saga Cinema Reserve, Clouds of Icarus revient dans les salles obscures avec l\u2019e-liquide Cinema Reserve Act 3 100ml et ses ar\u00f4mes de g\u00e2teau, cr\u00e8me vanille et popcorn.<\/p>\n<ul>\n<li><span style=\"color: red;\">Saveur : G\u00e2teau &#8211; Cr\u00e8me vanille &#8211; Popcorn<\/span><\/li>\n<li><span style=\"color: red;\">E-liquide\u00a030\/70 PG\/VG.<\/span><\/li>\n<li><span style=\"color: red;\">Format 100ml sans nicotine (0mg) en flacon 120ml \u00e0 booster.<\/span><\/li>\n<li>L\u2019e-liquide Cinema Reserve Act 3 100ml est fabriqu\u00e9 aux USA par Clouds of Icarus.<\/li>\n<\/ul>\n<p><i><u>Note<\/u>\u00a0: <span style=\"color: red;\">Cet\u00a0e-liquide Clouds of Icarus est conseill\u00e9 pour des r\u00e9sistances de 0,15 \u00e0 0,5\uab65.<\/span><\/i><\/p>\n<\/div>\n<\/div>\n<\/div>\n<div class=\"c-pdt__sections c-pdt__sections--columns\">\n<div class=\"c-pdt__section c-pdt__section--columns\">\n<div id=\"description\" class=\"\">\n<div class=\"product-description c-pdt__description s-cms\">\n<h3>E-liquide Cinema Reserve Act 3 100ml &#8211; Clouds of Icarus<\/h3>\n<p>&nbsp;<\/p>\n<p><img decoding=\"async\" class=\"center-block\" title=\"\" src=\"https:\/\/pro.taklope.com\/img\/descrhtml\/bd_1760850.jpg\" alt=\"E-liquide Cinema Reserve Act.3 - 100ml - Clouds of Icarus\" \/><\/p>\n<p class=\"u-fiv\">La sortie du troisi\u00e8me Opus de la Saga Cinema Reserve de Clouds of Icarus est arriv\u00e9e au box-office avec l\u2019e-liquide Cinema Reserve Act 3 Clouds of Icarus 100ml aux ar\u00f4mes de\u00a0g\u00e2teau,\u00a0cr\u00e8me vanille\u00a0et\u00a0popcorn. Pendant la projection, si vous avez le souffle coup\u00e9, reprenez une grande inspiration.<\/p>\n<p>E-liquide am\u00e9ricain\u00a0fabriqu\u00e9 par Clouds of Icarus en grand format 100ml non nicotin\u00e9 servi dans un flacon 120ml pratique \u00e0 booster en nicotine.<\/p>\n<p>&nbsp;<\/p>\n<hr \/>\n<p>&nbsp;<\/p>\n<h3>Base du e-liquide Cinema Reserve Act 3 Clouds of Icarus 100ml :<\/h3>\n<ul>\n<li>30 % : Propyl\u00e8ne Glycol<\/li>\n<li>70 % : Glyc\u00e9rine V\u00e9g\u00e9tale<\/li>\n<\/ul>\n<p>&nbsp;<\/p>\n<p>Le e-liquide 100ml Cinema Reserve Act 3 Clouds of Icarus est fabriqu\u00e9 sur une base \u00e9paisse 30\/70 PG\/VG.<\/p>\n<p><i><u>Note<\/u>\u00a0: <span style=\"color: red;\">Une base 30\/70 PG\/VG est plus pr\u00e9cis\u00e9ment conseill\u00e9e pour des r\u00e9sistances comprises entre 0,15 et 0,5\uab65, qui \u00e9quipent de nombreuses cigarettes \u00e9lectroniques subohm. <\/span><\/i><\/p>\n<p>&nbsp;<\/p>\n<hr \/>\n<p>&nbsp;<\/p>\n<h3>Comment booster le e-liquide Cinema Reserve Act 3 100ml Clouds of Icarus ?<\/h3>\n<p>Le e-liquide Cinema Reserve Act 3 a une contenance de 100ml. Il ne contient pas de nicotine (0mg). Son grand flacon pratique de 120ml vous permettra toutefois d\u2019en ajouter directement selon vos besoins, et sans perte de saveur, gr\u00e2ce \u00e0 un ou plusieurs\u00a0boosters nicotin\u00e9s\u00a0(non-inclus). Car l\u2019e-liquide 100ml Clouds of Icarus Cinema Reserve Act 3 est boost\u00e9 en ar\u00f4mes.<br \/>\nPar exemple, il faudra :<\/p>\n<ul>\n<li>Ajouter un booster de nicotine au flacon pour obtenir 110ml d\u2019e-liquide Clouds of Icarus Cinema Reserve Act 3 nicotin\u00e9 \u00e0 1.8 mg\/ml,<\/li>\n<li>Ajouter un second booster de nicotine au flacon du e-liquide Cinema Reserve Act 3 pour obtenir 120ml d\u2019e-liquide nicotin\u00e9 \u00e0 3.3mg\/ml.<\/li>\n<\/ul>\n<p><i><u>Note<\/u>\u00a0: Il est d\u00e9conseill\u00e9 de m\u00e9langer le e-liquide Cinema Reserve Act 3 Clouds of Icarus avec plus de deux boosters. Au-del\u00e0, les ar\u00f4mes seront trop dilu\u00e9s et perdront en intensit\u00e9.<\/i><\/p>\n<p>&nbsp;<\/p>\n<p><img decoding=\"async\" src=\"https:\/\/pro.taklope.com\/img\/descrhtml\/tableauBooster100ml_1606201.jpg\" alt=\"tableauBooster100ml_1606201.jpg\" \/><\/p>\n<p>&nbsp;<\/p>\n<h3>Conservation de votre e-liquide 100ml Clouds of Icarus Cinema Reserve Act 3<\/h3>\n<p>Pour une conservation optimale jour apr\u00e8s jour, conservez votre e-liquide Cinema Reserve Act 3 100ml dans un endroit sec et \u00e0 temp\u00e9rature ambiante. Ne l\u2019exposez pas en permanence \u00e0 la lumi\u00e8re et rebouchez soigneusement le flacon apr\u00e8s usage.<\/p>\n<p>Un\u00a0e-liquide grand format\u00a0Clouds of Icarus bien conserv\u00e9 pourra \u00eatre consomm\u00e9 apr\u00e8s d\u00e9passement de sa DLUO, sans perte significative de saveur.<\/p>\n<\/div>\n<\/div>\n<\/div>\n<div class=\"c-pdt__section\">\n<div id=\"product-details\" class=\"\" data-product=\"{&quot;id_shop_default&quot;:&quot;2&quot;,&quot;id_manufacturer&quot;:&quot;0&quot;,&quot;id_supplier&quot;:&quot;7&quot;,&quot;reference&quot;:&quot;&quot;,&quot;is_virtual&quot;:&quot;0&quot;,&quot;delivery_in_stock&quot;:&quot;&quot;,&quot;delivery_out_stock&quot;:&quot;&quot;,&quot;id_category_default&quot;:&quot;828&quot;,&quot;on_sale&quot;:&quot;0&quot;,&quot;online_only&quot;:&quot;0&quot;,&quot;ecotax&quot;:0,&quot;minimal_quantity&quot;:&quot;1&quot;,&quot;low_stock_threshold&quot;:null,&quot;low_stock_alert&quot;:&quot;0&quot;,&quot;price&quot;:&quot;11,80\\u00a0\\u20ac&quot;,&quot;unity&quot;:&quot;&quot;,&quot;unit_price_ratio&quot;:&quot;0.000000&quot;,&quot;additional_shipping_cost&quot;:&quot;0.000000&quot;,&quot;customizable&quot;:&quot;0&quot;,&quot;text_fields&quot;:&quot;0&quot;,&quot;uploadable_files&quot;:&quot;0&quot;,&quot;redirect_type&quot;:&quot;404&quot;,&quot;id_type_redirected&quot;:&quot;0&quot;,&quot;available_for_order&quot;:&quot;1&quot;,&quot;available_date&quot;:&quot;0000-00-00&quot;,&quot;show_condition&quot;:&quot;0&quot;,&quot;condition&quot;:&quot;new&quot;,&quot;show_price&quot;:&quot;1&quot;,&quot;indexed&quot;:&quot;1&quot;,&quot;visibility&quot;:&quot;both&quot;,&quot;cache_default_attribute&quot;:&quot;0&quot;,&quot;advanced_stock_management&quot;:&quot;1&quot;,&quot;date_add&quot;:&quot;2019-10-09 23:40:00&quot;,&quot;date_upd&quot;:&quot;2025-09-23 10:21:42&quot;,&quot;pack_stock_type&quot;:&quot;0&quot;,&quot;meta_keywords&quot;:&quot;&quot;,&quot;link_rewrite&quot;:&quot;cinema-reserve-act-3&quot;,&quot;name&quot;:&quot;E-liquide Cinema Reserve Act 3 - Clouds of Icarus&quot;,&quot;available_now&quot;:&quot;&quot;,&quot;available_later&quot;:&quot;&quot;,&quot;id&quot;:9608,&quot;id_product&quot;:9608,&quot;out_of_stock&quot;:2,&quot;new&quot;:0,&quot;id_product_attribute&quot;:&quot;0&quot;,&quot;quantity_wanted&quot;:1,&quot;allow_oosp&quot;:0,&quot;category&quot;:&quot;clouds-of-icarus&quot;,&quot;category_name&quot;:&quot;Clouds of icarus&quot;,&quot;link&quot;:&quot;https:\\\/\\\/pro.taklope.com\\\/clouds-of-icarus\\\/9608-cinema-reserve-act-3.html&quot;,&quot;attribute_price&quot;:0,&quot;price_tax_exc&quot;:11.800000000000000710542735760100185871124267578125,&quot;price_without_reduction&quot;:11.800000000000000710542735760100185871124267578125,&quot;reduction&quot;:0,&quot;specific_prices&quot;:{&quot;id_specific_price&quot;:&quot;26828165&quot;,&quot;id_specific_price_rule&quot;:&quot;0&quot;,&quot;id_cart&quot;:&quot;0&quot;,&quot;id_product&quot;:&quot;9608&quot;,&quot;id_product_attribute&quot;:&quot;0&quot;,&quot;id_shop&quot;:&quot;2&quot;,&quot;id_shop_group&quot;:&quot;0&quot;,&quot;id_currency&quot;:&quot;0&quot;,&quot;id_country&quot;:&quot;0&quot;,&quot;id_group&quot;:&quot;22&quot;,&quot;id_customer&quot;:&quot;0&quot;,&quot;price&quot;:11.800000000000000710542735760100185871124267578125,&quot;from_quantity&quot;:&quot;1&quot;,&quot;reduction&quot;:&quot;0.000000&quot;,&quot;reduction_tax&quot;:&quot;1&quot;,&quot;reduction_type&quot;:&quot;percentage&quot;,&quot;from&quot;:&quot;0000-00-00 00:00:00&quot;,&quot;to&quot;:&quot;0000-00-00 00:00:00&quot;,&quot;score&quot;:&quot;18&quot;},&quot;quantity&quot;:145,&quot;quantity_all_versions&quot;:145,&quot;id_image&quot;:&quot;fr-default&quot;,&quot;attachments&quot;:[],&quot;virtual&quot;:0,&quot;pack&quot;:0,&quot;packItems&quot;:[],&quot;nopackprice&quot;:0,&quot;customization_required&quot;:false,&quot;rate&quot;:20,&quot;tax_name&quot;:&quot;TVA FR 20%&quot;,&quot;ecotax_rate&quot;:0,&quot;unit_price&quot;:&quot;&quot;,&quot;customizations&quot;:{&quot;fields&quot;:[]},&quot;id_customization&quot;:0,&quot;is_customizable&quot;:false,&quot;show_quantities&quot;:true,&quot;quantity_label&quot;:&quot;Produits&quot;,&quot;quantity_discounts&quot;:[],&quot;customer_group_discount&quot;:0,&quot;images&quot;:[{&quot;bySize&quot;:{&quot;small_default&quot;:{&quot;url&quot;:&quot;https:\\\/\\\/media.taklope.com\\\/41467-small_default\\\/cinema-reserve-act-3.jpg&quot;,&quot;width&quot;:98,&quot;height&quot;:98},&quot;cart_default&quot;:{&quot;url&quot;:&quot;https:\\\/\\\/media.taklope.com\\\/41467-cart_default\\\/cinema-reserve-act-3.jpg&quot;,&quot;width&quot;:125,&quot;height&quot;:125},&quot;home_default&quot;:{&quot;url&quot;:&quot;https:\\\/\\\/media.taklope.com\\\/41467-home_default\\\/cinema-reserve-act-3.jpg&quot;,&quot;width&quot;:250,&quot;height&quot;:250},&quot;medium_default&quot;:{&quot;url&quot;:&quot;https:\\\/\\\/media.taklope.com\\\/41467-medium_default\\\/cinema-reserve-act-3.jpg&quot;,&quot;width&quot;:452,&quot;height&quot;:452},&quot;large_default&quot;:{&quot;url&quot;:&quot;https:\\\/\\\/media.taklope.com\\\/41467-large_default\\\/cinema-reserve-act-3.jpg&quot;,&quot;width&quot;:1000,&quot;height&quot;:1000}},&quot;small&quot;:{&quot;url&quot;:&quot;https:\\\/\\\/media.taklope.com\\\/41467-small_default\\\/cinema-reserve-act-3.jpg&quot;,&quot;width&quot;:98,&quot;height&quot;:98},&quot;medium&quot;:{&quot;url&quot;:&quot;https:\\\/\\\/media.taklope.com\\\/41467-home_default\\\/cinema-reserve-act-3.jpg&quot;,&quot;width&quot;:250,&quot;height&quot;:250},&quot;large&quot;:{&quot;url&quot;:&quot;https:\\\/\\\/media.taklope.com\\\/41467-large_default\\\/cinema-reserve-act-3.jpg&quot;,&quot;width&quot;:1000,&quot;height&quot;:1000},&quot;legend&quot;:&quot;Cinema Reserve Act 3 - Clouds of Icarus&quot;,&quot;id_image&quot;:&quot;41467&quot;,&quot;cover&quot;:&quot;1&quot;,&quot;position&quot;:&quot;1&quot;,&quot;associatedVariants&quot;:[]}],&quot;cover&quot;:{&quot;bySize&quot;:{&quot;small_default&quot;:{&quot;url&quot;:&quot;https:\\\/\\\/media.taklope.com\\\/41467-small_default\\\/cinema-reserve-act-3.jpg&quot;,&quot;width&quot;:98,&quot;height&quot;:98},&quot;cart_default&quot;:{&quot;url&quot;:&quot;https:\\\/\\\/media.taklope.com\\\/41467-cart_default\\\/cinema-reserve-act-3.jpg&quot;,&quot;width&quot;:125,&quot;height&quot;:125},&quot;home_default&quot;:{&quot;url&quot;:&quot;https:\\\/\\\/media.taklope.com\\\/41467-home_default\\\/cinema-reserve-act-3.jpg&quot;,&quot;width&quot;:250,&quot;height&quot;:250},&quot;medium_default&quot;:{&quot;url&quot;:&quot;https:\\\/\\\/media.taklope.com\\\/41467-medium_default\\\/cinema-reserve-act-3.jpg&quot;,&quot;width&quot;:452,&quot;height&quot;:452},&quot;large_default&quot;:{&quot;url&quot;:&quot;https:\\\/\\\/media.taklope.com\\\/41467-large_default\\\/cinema-reserve-act-3.jpg&quot;,&quot;width&quot;:1000,&quot;height&quot;:1000}},&quot;small&quot;:{&quot;url&quot;:&quot;https:\\\/\\\/media.taklope.com\\\/41467-small_default\\\/cinema-reserve-act-3.jpg&quot;,&quot;width&quot;:98,&quot;height&quot;:98},&quot;medium&quot;:{&quot;url&quot;:&quot;https:\\\/\\\/media.taklope.com\\\/41467-home_default\\\/cinema-reserve-act-3.jpg&quot;,&quot;width&quot;:250,&quot;height&quot;:250},&quot;large&quot;:{&quot;url&quot;:&quot;https:\\\/\\\/media.taklope.com\\\/41467-large_default\\\/cinema-reserve-act-3.jpg&quot;,&quot;width&quot;:1000,&quot;height&quot;:1000},&quot;legend&quot;:&quot;Cinema Reserve Act 3 - Clouds of Icarus&quot;,&quot;id_image&quot;:&quot;41467&quot;,&quot;cover&quot;:&quot;1&quot;,&quot;position&quot;:&quot;1&quot;,&quot;associatedVariants&quot;:[]},&quot;has_discount&quot;:false,&quot;discount_type&quot;:&quot;percentage&quot;,&quot;discount_percentage&quot;:&quot;0%&quot;,&quot;discount_percentage_absolute&quot;:&quot;0%&quot;,&quot;discount_amount&quot;:&quot;0,00\\u00a0\\u20ac&quot;,&quot;discount_amount_to_display&quot;:&quot;-0,00\\u00a0\\u20ac&quot;,&quot;price_amount&quot;:11.800000000000000710542735760100185871124267578125,&quot;unit_price_full&quot;:&quot;&quot;,&quot;show_availability&quot;:true,&quot;availability_date&quot;:null,&quot;availability_message&quot;:&quot;&quot;,&quot;availability&quot;:&quot;available&quot;}\">\n<section class=\"product-features\">\n<p class=\"u-h2 u-mb-3\">Fiche technique<\/p>\n<div id=\"readmore-pdt-features\" class=\"u-mb-2\" data-readmore=\"\" aria-expanded=\"false\">\n<table class=\"data-sheet table table-striped u-mb-0\">\n<tbody>\n<tr class=\"c-pdt__features-row\">\n<th class=\"name\">Type de produit<\/th>\n<td class=\"value\">E-liquide<\/td>\n<\/tr>\n<tr class=\"c-pdt__features-row\">\n<th class=\"name\">Marque<\/th>\n<td class=\"value\">Clouds of Icarus<\/td>\n<\/tr>\n<tr class=\"c-pdt__features-row\">\n<th class=\"name\">Type de saveur<\/th>\n<td class=\"value\">Gourmande<\/td>\n<\/tr>\n<tr class=\"c-pdt__features-row\">\n<th class=\"name\">Dosage PG\/VG<\/th>\n<td class=\"value\">30\/70 &#8211; PG\/VG<\/td>\n<\/tr>\n<tr class=\"c-pdt__features-row\">\n<th class=\"name\">Contenance (en ml)<\/th>\n<td class=\"value\">100<\/td>\n<\/tr>\n<tr class=\"c-pdt__features-row\">\n<th class=\"name\">Origine<\/th>\n<td class=\"value\">USA<\/td>\n<\/tr>\n<tr class=\"c-pdt__features-row\">\n<th class=\"name\">Type e-liquide<\/th>\n<td class=\"value\">Boost\u00e9 en ar\u00f4me<\/td>\n<\/tr>\n<\/tbody>\n<\/table>\n<\/div>\n<\/section>\n<\/div>\n<\/div>\n<div class=\"c-pdt__section c-pdt__section--columns\">\n<div id=\"disclaimer\" class=\"\">\n<p class=\"u-h2 u-mb-3\">Nicotine bon \u00e0 savoir<\/p>\n<div class=\"c-card c-pdt-disclaimer__card c-pdt-disclaimer__card--attention\">\n<div class=\"c-pdt-disclaimer__heading\">\n<div class=\"u-ml-1\">\n<p class=\"u-h4 u-txt-white u-mb-0\">Attention<\/p>\n<p class=\"u-mb-0\">Entre 0.25% et 1.66% m\/m de Nicotine<\/p>\n<p class=\"u-mb-0\">Nocif en cas d&rsquo;ingestion<\/p>\n<\/div>\n<\/div>\n<div class=\"c-pdt-disclaimer__content\">\n<p class=\"u-h4 u-mb-1\">Conseils de prudence<\/p>\n<ul>\n<li>P101 : En cas de consultation d&rsquo;un m\u00e9decin, garder \u00e0 disposition le r\u00e9cipient ou l&rsquo;\u00e9tiquette<\/li>\n<li>P102 : Tenir hors de port\u00e9e des enfants<\/li>\n<li>Se laver les mains soigneusement apr\u00e8s manipulation<\/li>\n<li>P270 : Ne pas manger, boire ou fumer en manipulant le produit<\/li>\n<li>P301+312 : Appeler un CENTRE ANTI-POISON ou un m\u00e9decin en cas de malaise<\/li>\n<li>P330 : Rincer la bouche<\/li>\n<li>EMBALLAGE : Indice tactile de danger<\/li>\n<\/ul>\n<\/div>\n<\/div>\n<div class=\"c-card c-pdt-disclaimer__card c-pdt-disclaimer__card--danger\">\n<div class=\"c-pdt-disclaimer__heading\">\n<div class=\"u-ml-1\">\n<p class=\"u-h4 u-txt-white u-mb-0\">Danger<\/p>\n<p class=\"u-mb-0\">Au-del\u00e0 de 1.66% m\/m de Nicotine<\/p>\n<p class=\"u-mb-0\">Toxique en cas d&rsquo;ingestion<\/p>\n<\/div>\n<\/div>\n<div class=\"c-pdt-disclaimer__content\">\n<p class=\"u-h4 u-mb-1\">Conseils de prudence<\/p>\n<ul>\n<li>P101 : En cas de consultation d&rsquo;un m\u00e9decin, garder \u00e0 disposition le r\u00e9cipient ou l&rsquo;\u00e9tiquette<\/li>\n<li>P102 : Tenir hors de port\u00e9e des enfants<\/li>\n<li>Se laver les mains soigneusement apr\u00e8s manipulation<\/li>\n<li>P270 : Ne pas manger, boire ou fumer en manipulant le produit<\/li>\n<li>EN CAS DE CONTACT AVEC LA PEAU : laver abondamment \u00e0 l&rsquo;eau et au savon<\/li>\n<li>P301+310 : Appeler imm\u00e9diatement un CENTRE ANTI-POISON ou un m\u00e9decin en cas de malaise<\/li>\n<li>P405 : Garder sous cl\u00e9<\/li>\n<li>EMBALLAGE : Fermeture de s\u00e9curit\u00e9 pour un enfant et indice tactile de danger<\/li>\n<\/ul>\n<\/div>\n<\/div>\n<\/div>\n<\/div>\n<div class=\"c-pdt__section c-pdt__section--columns\">\n<div id=\"manufacturer\" class=\"\">\n<div class=\"u-p-rel u-mb-1\">\n<div class=\"c-pdt__manu-thumbnail\"><img loading=\"lazy\" decoding=\"async\" class=\"u-img-fluid\" src=\"https:\/\/media.taklope.com\/c\/828-category_default\/clouds-of-icarus.jpg\" alt=\"Clouds of icarus\" width=\"250\" height=\"50\" \/><\/div>\n<p>Clouds of icarus<\/p>\n<\/div>\n<div id=\"readmore-pdt-manufacturer\" class=\"c-pdt__manu-desc\">\n<p class=\"u-fiv\">La marque am\u00e9ricaine Clouds of Icarus vous envoie dans de voluptueux nuages de vapeur sucr\u00e9e. Ici pas d\u2019histoire d\u2019ailes br\u00fbl\u00e9es par le soleil et de d\u00e9gringolades dans la mer agit\u00e9e. Seule l\u2019intense gourmandise des\u00a0e-liquides\u00a0Clouds of Icarus fera virevolter vos papilles avec des flacons maxi format de 100ml pour un grand plaisir de vape.<\/p>\n<\/div>\n<\/div>\n<\/div>\n<\/div>\n<hr data-start=\"600\" data-end=\"603\" \/>\n","protected":false},"excerpt":{"rendered":"<p>G\u00e2teau moelleux &#8211; Cr\u00e8me vanill\u00e9e &#8211; Popcorn &#8211; 100 ml &#8211; 30\/70 &#8211; 0mg<\/p>\n","protected":false},"featured_media":2142,"comment_status":"open","ping_status":"closed","template":"","meta":{"slim_seo":{"title":"E-liquide Cinema Reserve Act 3 - Clouds of Icarus - Vapote-Shop","description":"G\u00e2teau moelleux - Cr\u00e8me vanill\u00e9e - Popcorn - 100 ml - 30\/70 - 0mg"}},"product_brand":[98],"product_cat":[95,52],"product_tag":[],"class_list":{"0":"post-2141","1":"product","2":"type-product","3":"status-publish","4":"has-post-thumbnail","6":"product_brand-clouds-of-icarus","7":"product_cat-e-liquide-100ml","8":"product_cat-meilleures-ventes","10":"first","11":"instock","12":"featured","13":"shipping-taxable","14":"purchasable","15":"product-type-simple"},"_links":{"self":[{"href":"https:\/\/www.vapote-shop.fr\/index.php\/wp-json\/wp\/v2\/product\/2141","targetHints":{"allow":["GET"]}}],"collection":[{"href":"https:\/\/www.vapote-shop.fr\/index.php\/wp-json\/wp\/v2\/product"}],"about":[{"href":"https:\/\/www.vapote-shop.fr\/index.php\/wp-json\/wp\/v2\/types\/product"}],"replies":[{"embeddable":true,"href":"https:\/\/www.vapote-shop.fr\/index.php\/wp-json\/wp\/v2\/comments?post=2141"}],"wp:featuredmedia":[{"embeddable":true,"href":"https:\/\/www.vapote-shop.fr\/index.php\/wp-json\/wp\/v2\/media\/2142"}],"wp:attachment":[{"href":"https:\/\/www.vapote-shop.fr\/index.php\/wp-json\/wp\/v2\/media?parent=2141"}],"wp:term":[{"taxonomy":"product_brand","embeddable":true,"href":"https:\/\/www.vapote-shop.fr\/index.php\/wp-json\/wp\/v2\/product_brand?post=2141"},{"taxonomy":"product_cat","embeddable":true,"href":"https:\/\/www.vapote-shop.fr\/index.php\/wp-json\/wp\/v2\/product_cat?post=2141"},{"taxonomy":"product_tag","embeddable":true,"href":"https:\/\/www.vapote-shop.fr\/index.php\/wp-json\/wp\/v2\/product_tag?post=2141"}],"curies":[{"name":"wp","href":"https:\/\/api.w.org\/{rel}","templated":true}]}}