{"id":2146,"date":"2026-03-31T08:35:45","date_gmt":"2026-03-31T06:35:45","guid":{"rendered":"https:\/\/www.vapote-shop.fr\/?post_type=product&#038;p=2146"},"modified":"2026-04-01T07:07:01","modified_gmt":"2026-04-01T05:07:01","slug":"e-liquide-apple-rumble-50ml-drip-maniac","status":"publish","type":"product","link":"https:\/\/www.vapote-shop.fr\/index.php\/produit\/e-liquide-apple-rumble-50ml-drip-maniac\/","title":{"rendered":"E-liquide Apple Rumble 50ml &#8211; Drip Maniac<div class=\"custom-short-desc\">Pommes - P\u00e2tes \u00e0 tartes et crumble - 50ml - 30\/70 - 0mg<\/div>"},"content":{"rendered":"<div class=\"c-pdt__section c-pdt__section--columns\">\n<div id=\"description_short\" class=\"\">\n<h3 class=\"u-h2 u-mb-3\">E-liquide Apple Rumble 50ml &#8211; Drip Maniac<\/h3>\n<div class=\"product-description c-pdt__description c-pdt__description--recap s-cms\">\n<p class=\"u-fiv\">Ne baissez pas votre garde fruit\u00e9e ! Apple Rumble vous invite sur un ring pour vous faire t\u00e2ter de ses dangereux coups p\u00e2tissiers aux\u00a0pommes fondantes\u00a0! R\u00e9sisterez-vous \u00e0 son encha\u00eenement de\u00a0tarte, de\u00a0crumble\u00a0et de\u00a0tarte tatin\u00a0sans finir fragile comme un trognon ?<\/p>\n<ul>\n<li><span style=\"color: red;\">Saveur : Caramel &#8211; Crumble &#8211; G\u00e2teau &#8211; Pomme<\/span><\/li>\n<li><span style=\"color: red;\">E-liquide\u00a030\/70 PG\/VG<\/span><\/li>\n<li><span style=\"color: red;\">Format 50ml sans nicotine (0mg) en flacon 60ml \u00e0 booster.<\/span><\/li>\n<li>E-liquide Drip Maniac, fabriqu\u00e9 en France.<\/li>\n<\/ul>\n<p><i>Note : <span style=\"color: red;\">cet\u00a0e-liquide fran\u00e7ais 50ml est recommand\u00e9 pour des r\u00e9sistances entre 0,15 et 0,5 \uab65.<\/span><\/i><\/p>\n<\/div>\n<\/div>\n<\/div>\n<div class=\"c-pdt__sections c-pdt__sections--columns\">\n<div class=\"c-pdt__section c-pdt__section--columns\">\n<div id=\"description\" class=\"\">\n<div class=\"product-description c-pdt__description s-cms\">\n<h3>E-liquide APPLE RUMBLE 50ML &#8211; Drip Maniac<\/h3>\n<p><img decoding=\"async\" class=\"center-block\" title=\"\" src=\"https:\/\/pro.taklope.com\/img\/descrhtml\/bandeau2_4172095.jpg\" alt=\"bandeau2_4172095.jpg\" \/><\/p>\n<p class=\"u-fiv\">Des malheureux ont d\u00e9j\u00e0 ressenti la force incroyable des pommes lorsque ces derni\u00e8res tombent \u00e0 toute vitesse de leur pommier. Malgr\u00e9 tout, personne n\u2019a vu venir le danger que ces fruits repr\u00e9senteraient lorsqu\u2019ils passeraient \u00e0 l\u2019attaque apr\u00e8s s\u2019\u00eatre procur\u00e9 des accessoires de p\u00e2tisserie ! Nous esp\u00e9rons pour vous que vous \u00eates entra\u00een\u00e9s car la succession de trois rounds que vous r\u00e9serve Apple Rumble sur le ring risque de vous achever ! L\u2019e-liquide Apple Rumble est en effet\u00a0une pomme cuite qui vous r\u00e9servera un dangereux combo p\u00e2tissier avec le direct d\u2019une tarte sortie du four, le crochet d\u2019un crumble croustillant et l\u2019uppercut renversant d\u2019une tarte tatin. La triple attaque p\u00e2tissi\u00e8re d\u2019une pomme pour vous mettre K.O, c\u2019est Apple Rumble de\u00a0Drip Maniac\u00a0!<\/p>\n<p>Fabriqu\u00e9 en France\u00a0par\u00a0Drip Maniac.<\/p>\n<p>La base en PG\/VG du e liquide Apple Rumble est en 30\/70, pour que la force de ses ar\u00f4mes p\u00e2tissiers vienne vous frapper dans un nuage de vapeur g\u00e9ant. Vous obtiendrez ainsi gr\u00e2ce \u00e0 sa composition \u00e9paisse une production de vapeur colossale o\u00f9 s\u2019\u00e9panouira sa recette gourmande.<br \/>\nL\u2019e-liquide Apple Rumble sera de ce fait compatible uniquement avec les mat\u00e9riels subohms puissants qui n\u00e9cessitent l\u2019emploi d\u2019un e-liquide comportant beaucoup de glyc\u00e9rine v\u00e9g\u00e9tale dans sa composition afin d\u2019\u00eatre prot\u00e9g\u00e9s efficacement contre les fuites inopin\u00e9es. Il ne conviendra pas aux cigarettes \u00e9lectroniques peu puissantes dont il pourrait encrasser tr\u00e8s rapidement les petites r\u00e9sistances, au risque d\u2019entra\u00eener un dry-hit.<\/p>\n<p>&nbsp;<\/p>\n<p>L\u2019eliquide Apple Rumble est propos\u00e9 en version 50ml boost\u00e9 en ar\u00f4mes, dans un flacon ne contenant pas de nicotine (0mg). Il vous sera possible d\u2019en ajouter selon vos besoins et sans perte de saveur, gr\u00e2ce \u00e0 un ou plusieurs boosters nicotin\u00e9s (non-inclus).<br \/>\nPar exemple, vous pourrez :<\/p>\n<ul>\n<li>Ajouter un booster de 10ml \u00e0 20mg\/ml de nicotine au flacon pour obtenir au total 60ml d\u2019e-liquide nicotin\u00e9 \u00e0 3.3mg\/ml,<\/li>\n<li>m\u00e9langer l\u2019e-liquide avec deux boosters dans un nouveau flacon plus grand, pour obtenir 70ml de e-liquide \u00e0 5,7mg\/ml.<\/li>\n<\/ul>\n<p><u>Note<\/u>\u00a0: Il est d\u00e9conseill\u00e9 de m\u00e9langer le e-liquide Apple Rumble avec plus de deux boosters. Au-del\u00e0, les ar\u00f4mes seront trop dilu\u00e9s et perdront en intensit\u00e9.<\/p>\n<p>&nbsp;<\/p>\n<p><img loading=\"lazy\" decoding=\"async\" src=\"https:\/\/www.taklope.com\/img\/cms\/Blog\/E%20liquide%20Booste\/50ml%20booste.jpg\" alt=\"\" width=\"300\" height=\"250\" \/><\/p>\n<p>&nbsp;<\/p>\n<p>Base du eliquide Apple Rumble 50ml &#8211; Drip Maniac :<\/p>\n<ul>\n<li>30% : Propyl\u00e8ne Glycol<\/li>\n<li>70% : Glyc\u00e9rine V\u00e9g\u00e9tale<\/li>\n<\/ul>\n<p>&nbsp;<\/p>\n<p><strong>E-liquide : Dangereux &#8211; Respecter les pr\u00e9cautions d&#8217;emploi<\/strong><\/p>\n<p>&nbsp;<\/p>\n<h3>Conservation<\/h3>\n<p>Pour une conservation optimale jour apr\u00e8s jour, conservez votre e-liquide Apple Rumble dans un endroit sec et \u00e0 temp\u00e9rature ambiante. Ne l\u2019exposez pas en permanence \u00e0 la lumi\u00e8re et rebouchez soigneusement le flacon apr\u00e8s usage.<\/p>\n<\/div>\n<\/div>\n<\/div>\n<div class=\"c-pdt__section\">\n<div id=\"product-details\" class=\"\" data-product=\"{&quot;id_shop_default&quot;:&quot;2&quot;,&quot;id_manufacturer&quot;:&quot;0&quot;,&quot;id_supplier&quot;:&quot;156&quot;,&quot;reference&quot;:&quot;&quot;,&quot;is_virtual&quot;:&quot;0&quot;,&quot;delivery_in_stock&quot;:&quot;&quot;,&quot;delivery_out_stock&quot;:&quot;&quot;,&quot;id_category_default&quot;:&quot;1567&quot;,&quot;on_sale&quot;:&quot;0&quot;,&quot;online_only&quot;:&quot;0&quot;,&quot;ecotax&quot;:0,&quot;minimal_quantity&quot;:&quot;1&quot;,&quot;low_stock_threshold&quot;:null,&quot;low_stock_alert&quot;:&quot;0&quot;,&quot;price&quot;:&quot;4,50\\u00a0\\u20ac&quot;,&quot;unity&quot;:&quot;&quot;,&quot;unit_price_ratio&quot;:&quot;0.000000&quot;,&quot;additional_shipping_cost&quot;:&quot;0.000000&quot;,&quot;customizable&quot;:&quot;0&quot;,&quot;text_fields&quot;:&quot;0&quot;,&quot;uploadable_files&quot;:&quot;0&quot;,&quot;redirect_type&quot;:&quot;301-category&quot;,&quot;id_type_redirected&quot;:&quot;1694&quot;,&quot;available_for_order&quot;:&quot;1&quot;,&quot;available_date&quot;:&quot;0000-00-00&quot;,&quot;show_condition&quot;:&quot;0&quot;,&quot;condition&quot;:&quot;new&quot;,&quot;show_price&quot;:&quot;1&quot;,&quot;indexed&quot;:&quot;1&quot;,&quot;visibility&quot;:&quot;both&quot;,&quot;cache_default_attribute&quot;:&quot;0&quot;,&quot;advanced_stock_management&quot;:&quot;1&quot;,&quot;date_add&quot;:&quot;2025-04-18 10:00:00&quot;,&quot;date_upd&quot;:&quot;2026-03-17 17:05:28&quot;,&quot;pack_stock_type&quot;:&quot;0&quot;,&quot;meta_keywords&quot;:&quot;&quot;,&quot;link_rewrite&quot;:&quot;apple-rumble&quot;,&quot;name&quot;:&quot;E-liquide Apple Rumble 50ml - Drip Maniac&quot;,&quot;available_now&quot;:&quot;&quot;,&quot;available_later&quot;:&quot;&quot;,&quot;id&quot;:9202,&quot;id_product&quot;:9202,&quot;out_of_stock&quot;:2,&quot;new&quot;:0,&quot;id_product_attribute&quot;:&quot;0&quot;,&quot;quantity_wanted&quot;:1,&quot;allow_oosp&quot;:0,&quot;category&quot;:&quot;drip-maniac&quot;,&quot;category_name&quot;:&quot;Drip Maniac&quot;,&quot;link&quot;:&quot;https:\\\/\\\/pro.taklope.com\\\/drip-maniac\\\/9202-apple-rumble.html&quot;,&quot;attribute_price&quot;:0,&quot;price_tax_exc&quot;:4.5,&quot;price_without_reduction&quot;:4.5,&quot;reduction&quot;:0,&quot;specific_prices&quot;:{&quot;id_specific_price&quot;:&quot;26877870&quot;,&quot;id_specific_price_rule&quot;:&quot;0&quot;,&quot;id_cart&quot;:&quot;0&quot;,&quot;id_product&quot;:&quot;9202&quot;,&quot;id_product_attribute&quot;:&quot;0&quot;,&quot;id_shop&quot;:&quot;2&quot;,&quot;id_shop_group&quot;:&quot;0&quot;,&quot;id_currency&quot;:&quot;0&quot;,&quot;id_country&quot;:&quot;0&quot;,&quot;id_group&quot;:&quot;22&quot;,&quot;id_customer&quot;:&quot;0&quot;,&quot;price&quot;:4.5,&quot;from_quantity&quot;:&quot;1&quot;,&quot;reduction&quot;:&quot;0.000000&quot;,&quot;reduction_tax&quot;:&quot;1&quot;,&quot;reduction_type&quot;:&quot;percentage&quot;,&quot;from&quot;:&quot;0000-00-00 00:00:00&quot;,&quot;to&quot;:&quot;0000-00-00 00:00:00&quot;,&quot;score&quot;:&quot;18&quot;},&quot;quantity&quot;:4,&quot;quantity_all_versions&quot;:4,&quot;id_image&quot;:&quot;fr-default&quot;,&quot;attachments&quot;:[],&quot;virtual&quot;:0,&quot;pack&quot;:0,&quot;packItems&quot;:[],&quot;nopackprice&quot;:0,&quot;customization_required&quot;:false,&quot;rate&quot;:20,&quot;tax_name&quot;:&quot;TVA FR 20%&quot;,&quot;ecotax_rate&quot;:0,&quot;unit_price&quot;:&quot;&quot;,&quot;customizations&quot;:{&quot;fields&quot;:[]},&quot;id_customization&quot;:0,&quot;is_customizable&quot;:false,&quot;show_quantities&quot;:true,&quot;quantity_label&quot;:&quot;Produits&quot;,&quot;quantity_discounts&quot;:[],&quot;customer_group_discount&quot;:0,&quot;images&quot;:[{&quot;bySize&quot;:{&quot;small_default&quot;:{&quot;url&quot;:&quot;https:\\\/\\\/media.taklope.com\\\/30446-small_default\\\/apple-rumble.jpg&quot;,&quot;width&quot;:98,&quot;height&quot;:98},&quot;cart_default&quot;:{&quot;url&quot;:&quot;https:\\\/\\\/media.taklope.com\\\/30446-cart_default\\\/apple-rumble.jpg&quot;,&quot;width&quot;:125,&quot;height&quot;:125},&quot;home_default&quot;:{&quot;url&quot;:&quot;https:\\\/\\\/media.taklope.com\\\/30446-home_default\\\/apple-rumble.jpg&quot;,&quot;width&quot;:250,&quot;height&quot;:250},&quot;medium_default&quot;:{&quot;url&quot;:&quot;https:\\\/\\\/media.taklope.com\\\/30446-medium_default\\\/apple-rumble.jpg&quot;,&quot;width&quot;:452,&quot;height&quot;:452},&quot;large_default&quot;:{&quot;url&quot;:&quot;https:\\\/\\\/media.taklope.com\\\/30446-large_default\\\/apple-rumble.jpg&quot;,&quot;width&quot;:1000,&quot;height&quot;:1000}},&quot;small&quot;:{&quot;url&quot;:&quot;https:\\\/\\\/media.taklope.com\\\/30446-small_default\\\/apple-rumble.jpg&quot;,&quot;width&quot;:98,&quot;height&quot;:98},&quot;medium&quot;:{&quot;url&quot;:&quot;https:\\\/\\\/media.taklope.com\\\/30446-home_default\\\/apple-rumble.jpg&quot;,&quot;width&quot;:250,&quot;height&quot;:250},&quot;large&quot;:{&quot;url&quot;:&quot;https:\\\/\\\/media.taklope.com\\\/30446-large_default\\\/apple-rumble.jpg&quot;,&quot;width&quot;:1000,&quot;height&quot;:1000},&quot;legend&quot;:&quot;Apple Rumble - Drip Maniac&quot;,&quot;id_image&quot;:&quot;30446&quot;,&quot;cover&quot;:&quot;1&quot;,&quot;position&quot;:&quot;1&quot;,&quot;associatedVariants&quot;:[]}],&quot;cover&quot;:{&quot;bySize&quot;:{&quot;small_default&quot;:{&quot;url&quot;:&quot;https:\\\/\\\/media.taklope.com\\\/30446-small_default\\\/apple-rumble.jpg&quot;,&quot;width&quot;:98,&quot;height&quot;:98},&quot;cart_default&quot;:{&quot;url&quot;:&quot;https:\\\/\\\/media.taklope.com\\\/30446-cart_default\\\/apple-rumble.jpg&quot;,&quot;width&quot;:125,&quot;height&quot;:125},&quot;home_default&quot;:{&quot;url&quot;:&quot;https:\\\/\\\/media.taklope.com\\\/30446-home_default\\\/apple-rumble.jpg&quot;,&quot;width&quot;:250,&quot;height&quot;:250},&quot;medium_default&quot;:{&quot;url&quot;:&quot;https:\\\/\\\/media.taklope.com\\\/30446-medium_default\\\/apple-rumble.jpg&quot;,&quot;width&quot;:452,&quot;height&quot;:452},&quot;large_default&quot;:{&quot;url&quot;:&quot;https:\\\/\\\/media.taklope.com\\\/30446-large_default\\\/apple-rumble.jpg&quot;,&quot;width&quot;:1000,&quot;height&quot;:1000}},&quot;small&quot;:{&quot;url&quot;:&quot;https:\\\/\\\/media.taklope.com\\\/30446-small_default\\\/apple-rumble.jpg&quot;,&quot;width&quot;:98,&quot;height&quot;:98},&quot;medium&quot;:{&quot;url&quot;:&quot;https:\\\/\\\/media.taklope.com\\\/30446-home_default\\\/apple-rumble.jpg&quot;,&quot;width&quot;:250,&quot;height&quot;:250},&quot;large&quot;:{&quot;url&quot;:&quot;https:\\\/\\\/media.taklope.com\\\/30446-large_default\\\/apple-rumble.jpg&quot;,&quot;width&quot;:1000,&quot;height&quot;:1000},&quot;legend&quot;:&quot;Apple Rumble - Drip Maniac&quot;,&quot;id_image&quot;:&quot;30446&quot;,&quot;cover&quot;:&quot;1&quot;,&quot;position&quot;:&quot;1&quot;,&quot;associatedVariants&quot;:[]},&quot;has_discount&quot;:false,&quot;discount_type&quot;:&quot;percentage&quot;,&quot;discount_percentage&quot;:&quot;0%&quot;,&quot;discount_percentage_absolute&quot;:&quot;0%&quot;,&quot;discount_amount&quot;:&quot;0,00\\u00a0\\u20ac&quot;,&quot;discount_amount_to_display&quot;:&quot;-0,00\\u00a0\\u20ac&quot;,&quot;price_amount&quot;:4.5,&quot;unit_price_full&quot;:&quot;&quot;,&quot;show_availability&quot;:true,&quot;availability_date&quot;:null,&quot;availability_message&quot;:&quot;&quot;,&quot;availability&quot;:&quot;available&quot;}\">\n<section class=\"product-features\">\n<p class=\"u-h2 u-mb-3\">Fiche technique<\/p>\n<div id=\"readmore-pdt-features\" class=\"u-mb-2\" data-readmore=\"\" aria-expanded=\"false\">\n<table class=\"data-sheet table table-striped u-mb-0\">\n<tbody>\n<tr class=\"c-pdt__features-row\">\n<th class=\"name\">Type de produit<\/th>\n<td class=\"value\">E-liquide<\/td>\n<\/tr>\n<tr class=\"c-pdt__features-row\">\n<th class=\"name\">Marque<\/th>\n<td class=\"value\">DRIP MANIAC<\/td>\n<\/tr>\n<tr class=\"c-pdt__features-row\">\n<th class=\"name\">Type de saveur<\/th>\n<td class=\"value\">Fruit\u00e9e<br \/>\nGourmande<\/td>\n<\/tr>\n<tr class=\"c-pdt__features-row\">\n<th class=\"name\">Dosage PG\/VG<\/th>\n<td class=\"value\">30\/70 &#8211; PG\/VG<\/td>\n<\/tr>\n<tr class=\"c-pdt__features-row\">\n<th class=\"name\">Contenance (en ml)<\/th>\n<td class=\"value\">50<\/td>\n<\/tr>\n<tr class=\"c-pdt__features-row\">\n<th class=\"name\">Origine<\/th>\n<td class=\"value\">France<\/td>\n<\/tr>\n<tr class=\"c-pdt__features-row\">\n<th class=\"name\">Type e-liquide<\/th>\n<td class=\"value\">Boost\u00e9 en ar\u00f4me<\/td>\n<\/tr>\n<\/tbody>\n<\/table>\n<\/div>\n<\/section>\n<\/div>\n<\/div>\n<div class=\"c-pdt__section c-pdt__section--columns\">\n<div id=\"disclaimer\" class=\"\">\n<p class=\"u-h2 u-mb-3\">Nicotine bon \u00e0 savoir<\/p>\n<div class=\"c-card c-pdt-disclaimer__card c-pdt-disclaimer__card--attention\">\n<div class=\"c-pdt-disclaimer__heading\">\n<div class=\"u-ml-1\">\n<p class=\"u-h4 u-txt-white u-mb-0\">Attention<\/p>\n<p class=\"u-mb-0\">Entre 0.25% et 1.66% m\/m de Nicotine<\/p>\n<p class=\"u-mb-0\">Nocif en cas d&rsquo;ingestion<\/p>\n<\/div>\n<\/div>\n<div class=\"c-pdt-disclaimer__content\">\n<p class=\"u-h4 u-mb-1\">Conseils de prudence<\/p>\n<ul>\n<li>P101 : En cas de consultation d&rsquo;un m\u00e9decin, garder \u00e0 disposition le r\u00e9cipient ou l&rsquo;\u00e9tiquette<\/li>\n<li>P102 : Tenir hors de port\u00e9e des enfants<\/li>\n<li>Se laver les mains soigneusement apr\u00e8s manipulation<\/li>\n<li>P270 : Ne pas manger, boire ou fumer en manipulant le produit<\/li>\n<li>P301+312 : Appeler un CENTRE ANTI-POISON ou un m\u00e9decin en cas de malaise<\/li>\n<li>P330 : Rincer la bouche<\/li>\n<li>EMBALLAGE : Indice tactile de danger<\/li>\n<\/ul>\n<\/div>\n<\/div>\n<div class=\"c-card c-pdt-disclaimer__card c-pdt-disclaimer__card--danger\">\n<div class=\"c-pdt-disclaimer__heading\">\n<div class=\"u-ml-1\">\n<p class=\"u-h4 u-txt-white u-mb-0\">Danger<\/p>\n<p class=\"u-mb-0\">Au-del\u00e0 de 1.66% m\/m de Nicotine<\/p>\n<p class=\"u-mb-0\">Toxique en cas d&rsquo;ingestion<\/p>\n<\/div>\n<\/div>\n<div class=\"c-pdt-disclaimer__content\">\n<p class=\"u-h4 u-mb-1\">Conseils de prudence<\/p>\n<ul>\n<li>P101 : En cas de consultation d&rsquo;un m\u00e9decin, garder \u00e0 disposition le r\u00e9cipient ou l&rsquo;\u00e9tiquette<\/li>\n<li>P102 : Tenir hors de port\u00e9e des enfants<\/li>\n<li>Se laver les mains soigneusement apr\u00e8s manipulation<\/li>\n<li>P270 : Ne pas manger, boire ou fumer en manipulant le produit<\/li>\n<li>EN CAS DE CONTACT AVEC LA PEAU : laver abondamment \u00e0 l&rsquo;eau et au savon<\/li>\n<li>P301+310 : Appeler imm\u00e9diatement un CENTRE ANTI-POISON ou un m\u00e9decin en cas de malaise<\/li>\n<li>P405 : Garder sous cl\u00e9<\/li>\n<li>EMBALLAGE : Fermeture de s\u00e9curit\u00e9 pour un enfant et indice tactile de danger<\/li>\n<\/ul>\n<\/div>\n<\/div>\n<\/div>\n<\/div>\n<div class=\"c-pdt__section c-pdt__section--columns\">\n<div id=\"manufacturer\" class=\"\">\n<div class=\"u-p-rel u-mb-1\">\n<div class=\"c-pdt__manu-thumbnail\"><img loading=\"lazy\" decoding=\"async\" class=\"u-img-fluid\" src=\"https:\/\/media.taklope.com\/c\/1567-category_default\/drip-maniac.jpg\" alt=\"Drip Maniac\" width=\"250\" height=\"50\" \/><\/div>\n<p>Drip Maniac<\/p>\n<\/div>\n<div id=\"readmore-pdt-manufacturer\" class=\"c-pdt__manu-desc\" data-readmore=\"\" aria-expanded=\"true\">\n<p>Originaire du Pays Basque, Drip Maniac est \u00ab\u00a0LA\u00a0\u00bb collection du groupe Mixup Labs pour les vapoteurs affam\u00e9s de gourmandises fruit\u00e9es. Ce gang de personnages hauts en couleur n&rsquo;a pas de limite ! Sp\u00e9cialis\u00e9e avant tout dans les recettes de p\u00e2tisseries aux fruits, Drip Maniac vous invite \u00e0 croquer vos jus pr\u00e9f\u00e9r\u00e9s dans des saveurs onctueuses, moelleuses ou croquantes tout juste sorties du four. De vrais d\u00e9lices sucr\u00e9s et l\u00e9gers pour tous les jours !<\/p>\n<p>Drip Maniac propose ses parfums dans des\u00a0e-liquides\u00a050ml boost\u00e9s pr\u00eats \u00e0 vapoter, ainsi qu&rsquo;en concentr\u00e9 30ml \u00e0 diluer dans une base DIY. Tous sont garantis 100% fran\u00e7ais, rejoignez vite le gang !<\/p>\n<\/div>\n<\/div>\n<\/div>\n<\/div>\n<hr data-start=\"600\" data-end=\"603\" \/>\n","protected":false},"excerpt":{"rendered":"<p>Pommes &#8211; P\u00e2tes \u00e0 tartes et crumble &#8211; 50ml &#8211; 30\/70 &#8211; 0mg<\/p>\n","protected":false},"featured_media":2147,"comment_status":"open","ping_status":"closed","template":"","meta":{"slim_seo":{"title":"E-liquide Apple Rumble 50ml - Drip Maniac - Vapote-Shop","description":"Pommes - P\u00e2tes \u00e0 tartes et crumble - 50ml - 30\/70 - 0mg"}},"product_brand":[99],"product_cat":[47,52],"product_tag":[],"class_list":{"0":"post-2146","1":"product","2":"type-product","3":"status-publish","4":"has-post-thumbnail","6":"product_brand-drip-maniac","7":"product_cat-e-liquide-50ml","8":"product_cat-meilleures-ventes","10":"first","11":"instock","12":"featured","13":"shipping-taxable","14":"purchasable","15":"product-type-simple"},"_links":{"self":[{"href":"https:\/\/www.vapote-shop.fr\/index.php\/wp-json\/wp\/v2\/product\/2146","targetHints":{"allow":["GET"]}}],"collection":[{"href":"https:\/\/www.vapote-shop.fr\/index.php\/wp-json\/wp\/v2\/product"}],"about":[{"href":"https:\/\/www.vapote-shop.fr\/index.php\/wp-json\/wp\/v2\/types\/product"}],"replies":[{"embeddable":true,"href":"https:\/\/www.vapote-shop.fr\/index.php\/wp-json\/wp\/v2\/comments?post=2146"}],"wp:featuredmedia":[{"embeddable":true,"href":"https:\/\/www.vapote-shop.fr\/index.php\/wp-json\/wp\/v2\/media\/2147"}],"wp:attachment":[{"href":"https:\/\/www.vapote-shop.fr\/index.php\/wp-json\/wp\/v2\/media?parent=2146"}],"wp:term":[{"taxonomy":"product_brand","embeddable":true,"href":"https:\/\/www.vapote-shop.fr\/index.php\/wp-json\/wp\/v2\/product_brand?post=2146"},{"taxonomy":"product_cat","embeddable":true,"href":"https:\/\/www.vapote-shop.fr\/index.php\/wp-json\/wp\/v2\/product_cat?post=2146"},{"taxonomy":"product_tag","embeddable":true,"href":"https:\/\/www.vapote-shop.fr\/index.php\/wp-json\/wp\/v2\/product_tag?post=2146"}],"curies":[{"name":"wp","href":"https:\/\/api.w.org\/{rel}","templated":true}]}}