{"id":2155,"date":"2026-04-01T18:05:28","date_gmt":"2026-04-01T16:05:28","guid":{"rendered":"https:\/\/www.vapote-shop.fr\/?post_type=product&#038;p=2155"},"modified":"2026-04-03T14:43:58","modified_gmt":"2026-04-03T12:43:58","slug":"e-liquide-tribeca-high-vg-10-ml-halo","status":"publish","type":"product","link":"https:\/\/www.vapote-shop.fr\/index.php\/produit\/e-liquide-tribeca-high-vg-10-ml-halo\/","title":{"rendered":"E-liquide Tribeca High VG 10 ml &#8211; Halo<div class=\"custom-short-desc\">Classic RY4 - 10ml - High VG - 30\/70 PG\/VG - 3, 6, 12mg\/ml<\/div>"},"content":{"rendered":"<div class=\"c-pdt__section c-pdt__section--columns\">\n<div id=\"description_short\" class=\"\">\n<h3 class=\"u-h2 u-mb-3\">E-liquide Tribeca High VG 10 ml &#8211; Halo<\/h3>\n<div class=\"product-description c-pdt__description c-pdt__description--recap s-cms\">\n<p class=\"u-fiv\">Le mythique Tribeca de Halo vous a fait (re)d\u00e9couvrir le Classic RY4 ? Il est temps de poursuivre l&rsquo;aventure avec une composition High VG plus adapt\u00e9e aux mat\u00e9riels subohm, et de savourer encore son m\u00e9lange extra-doux de\u00a0<span style=\"color: red;\">Classic aromatis\u00e9 au caramel et \u00e0 la vanille.<\/span><\/p>\n<ul>\n<li><span style=\"color: red;\">Saveur : Classic blond &#8211; Caramel &#8211; Vanille<\/span><\/li>\n<li><span style=\"color: red;\">E-liquide\u00a030\/70 PG\/VG.<\/span><\/li>\n<li>Format 10 ml disponible en 3, 6 ou 12mg\/ml.<\/li>\n<li>L\u2019e-liquide Halo\u00a0Tribeca High-VG 10ml est fabriqu\u00e9 aux USA.<\/li>\n<\/ul>\n<p><i><u>Note<\/u>\u00a0: <span style=\"color: red;\">Cet\u00a0e-liquide 10ml est conseill\u00e9 pour des r\u00e9sistances de 0,15 \u00e0 0,5\uab65.<\/span><\/i><\/p>\n<\/div>\n<\/div>\n<\/div>\n<div class=\"c-pdt__sections c-pdt__sections--columns\">\n<div class=\"c-pdt__section c-pdt__section--columns\">\n<div id=\"description\" class=\"\">\n<div class=\"product-description c-pdt__description s-cms\">\n<h3>E-liquide Tribeca High VG 10ml &#8211; Halo<\/h3>\n<p><img decoding=\"async\" class=\"center-block\" src=\"https:\/\/pro.taklope.com\/img\/descrhtml\/halo_1084015.jpg\" alt=\"halo_1084015.jpg\" \/><\/p>\n<p>&nbsp;<\/p>\n<p class=\"u-fiv\">Le eliquide Tribeca est une saveur \u00e0 lui tout seul. Sa recette unique lui a conf\u00e9r\u00e9 peu \u00e0 peu une notori\u00e9t\u00e9 mondiale parmi les amateurs de e-liquides\u00a0Classic. Son go\u00fbt parfum\u00e9 et sa\u00a0touche subtilement gourmande\u00a0rappelle les Classic RY4 et leur touche de caramel vanill\u00e9, tout en conservant une certaine puret\u00e9 qui le rend unique en son genre.<br \/>\nLe fabricant am\u00e9ricain Halo a alors rendu son Tribeca accessibles aux possesseurs de cigarettes \u00e9lectroniques subohm plus puissantes, avec cette version e.liquide HVG enrichie en glyc\u00e9rine v\u00e9g\u00e9tale. Un clone moderne de la l\u00e9gende, qui n\u2019a d\u00e9finitivement rien perdu de son aura !<\/p>\n<p>E liquide am\u00e9ricain fabriqu\u00e9 par Halo. Recharge Tribeca High VG 10ml nicotin\u00e9e, saveur Classic RY4.<\/p>\n<p><span style=\"color: red;\">La base e-liquide 30\/70 PG\/VG tr\u00e8s \u00e9paisse utilis\u00e9e pour le Tribeca High VG de Halo n\u00e9cessite l&rsquo;utilisation d&rsquo;un mat\u00e9riel adapt\u00e9. Il est fortement recommand\u00e9 d&rsquo;utiliser un kit e-cigarette subohm avec une r\u00e9sistance de moins de 0,5ohm.<\/span><\/p>\n<p>Le eliquide Tribeca High VG de Halo est propos\u00e9 en flacon de 10ml. Vous pouvez choisir parmi des taux de nicotine de 3, 6 ou 12mg.<br \/>\n<i>Note : flacon vendu \u00e0 l&rsquo;unit\u00e9 sans emballage carton.<\/i><\/p>\n<p>&nbsp;<\/p>\n<p>Base du e-liquide Tribeca High VG 10ml &#8211; Halo :<\/p>\n<ul>\n<li>30% Propyl\u00e8ne Glycol<\/li>\n<li>70% Glyc\u00e9rine V\u00e9g\u00e9tale<\/li>\n<\/ul>\n<p>&nbsp;<\/p>\n<h3>Conservation de votre e-liquide Halo &#8211; Tribeca High VG<\/h3>\n<p>Pour une saveur durable, veillez \u00e0 conserver votre e-liquide dans un endroit sec, \u00e0 l\u2019abri de la lumi\u00e8re et \u00e0 temp\u00e9rature ambiante. Bien conserv\u00e9, un e-liquide Halo High VG peut \u00eatre consomm\u00e9 apr\u00e8s d\u00e9passement de la DLUO.<\/p>\n<p>La couleur du e-liquide peut se foncer apr\u00e8s des contacts r\u00e9p\u00e9t\u00e9s avec l&rsquo;air et la lumi\u00e8re. Ce changement n&rsquo;affecte cependant pas la qualit\u00e9 et le go\u00fbt du e-liquide.<\/p>\n<\/div>\n<\/div>\n<\/div>\n<div class=\"c-pdt__section\">\n<div id=\"product-details\" class=\"\" data-product=\"{&quot;id_shop_default&quot;:&quot;2&quot;,&quot;id_manufacturer&quot;:&quot;0&quot;,&quot;id_supplier&quot;:&quot;165&quot;,&quot;reference&quot;:&quot;&quot;,&quot;is_virtual&quot;:&quot;0&quot;,&quot;delivery_in_stock&quot;:&quot;&quot;,&quot;delivery_out_stock&quot;:&quot;&quot;,&quot;id_category_default&quot;:&quot;78&quot;,&quot;on_sale&quot;:&quot;0&quot;,&quot;online_only&quot;:&quot;0&quot;,&quot;ecotax&quot;:0,&quot;minimal_quantity&quot;:&quot;1&quot;,&quot;low_stock_threshold&quot;:null,&quot;low_stock_alert&quot;:&quot;0&quot;,&quot;price&quot;:&quot;1,95\\u00a0\\u20ac&quot;,&quot;unity&quot;:&quot;&quot;,&quot;unit_price_ratio&quot;:&quot;0.000000&quot;,&quot;additional_shipping_cost&quot;:&quot;0.000000&quot;,&quot;customizable&quot;:&quot;0&quot;,&quot;text_fields&quot;:&quot;0&quot;,&quot;uploadable_files&quot;:&quot;0&quot;,&quot;redirect_type&quot;:&quot;404&quot;,&quot;id_type_redirected&quot;:&quot;0&quot;,&quot;available_for_order&quot;:&quot;1&quot;,&quot;available_date&quot;:null,&quot;show_condition&quot;:&quot;0&quot;,&quot;condition&quot;:&quot;new&quot;,&quot;show_price&quot;:&quot;1&quot;,&quot;indexed&quot;:&quot;1&quot;,&quot;visibility&quot;:&quot;both&quot;,&quot;cache_default_attribute&quot;:&quot;136008&quot;,&quot;advanced_stock_management&quot;:&quot;1&quot;,&quot;date_add&quot;:&quot;2018-01-15 00:00:00&quot;,&quot;date_upd&quot;:&quot;2025-09-25 16:01:13&quot;,&quot;pack_stock_type&quot;:&quot;0&quot;,&quot;meta_keywords&quot;:&quot;&quot;,&quot;link_rewrite&quot;:&quot;tribeca-high-vg-10-ml&quot;,&quot;name&quot;:&quot;E-liquide Tribeca High VG 10 ml - Halo&quot;,&quot;available_now&quot;:&quot;&quot;,&quot;available_later&quot;:&quot;&quot;,&quot;id&quot;:5936,&quot;id_product&quot;:5936,&quot;out_of_stock&quot;:2,&quot;new&quot;:0,&quot;id_product_attribute&quot;:136008,&quot;quantity_wanted&quot;:1,&quot;allow_oosp&quot;:0,&quot;category&quot;:&quot;halo&quot;,&quot;category_name&quot;:&quot;Halo&quot;,&quot;link&quot;:&quot;https:\\\/\\\/pro.taklope.com\\\/halo\\\/5936-tribeca-high-vg-10-ml.html&quot;,&quot;attribute_price&quot;:0,&quot;price_tax_exc&quot;:1.9499999999999999555910790149937383830547332763671875,&quot;price_without_reduction&quot;:1.9499999999999999555910790149937383830547332763671875,&quot;reduction&quot;:0,&quot;specific_prices&quot;:{&quot;id_specific_price&quot;:&quot;26857501&quot;,&quot;id_specific_price_rule&quot;:&quot;0&quot;,&quot;id_cart&quot;:&quot;0&quot;,&quot;id_product&quot;:&quot;5936&quot;,&quot;id_product_attribute&quot;:&quot;0&quot;,&quot;id_shop&quot;:&quot;2&quot;,&quot;id_shop_group&quot;:&quot;0&quot;,&quot;id_currency&quot;:&quot;0&quot;,&quot;id_country&quot;:&quot;0&quot;,&quot;id_group&quot;:&quot;22&quot;,&quot;id_customer&quot;:&quot;0&quot;,&quot;price&quot;:1.9499999999999999555910790149937383830547332763671875,&quot;from_quantity&quot;:&quot;1&quot;,&quot;reduction&quot;:&quot;0.000000&quot;,&quot;reduction_tax&quot;:&quot;1&quot;,&quot;reduction_type&quot;:&quot;percentage&quot;,&quot;from&quot;:&quot;0000-00-00 00:00:00&quot;,&quot;to&quot;:&quot;0000-00-00 00:00:00&quot;,&quot;score&quot;:&quot;18&quot;},&quot;quantity&quot;:36,&quot;quantity_all_versions&quot;:253,&quot;id_image&quot;:&quot;fr-default&quot;,&quot;attachments&quot;:[],&quot;virtual&quot;:0,&quot;pack&quot;:0,&quot;packItems&quot;:[],&quot;nopackprice&quot;:0,&quot;customization_required&quot;:false,&quot;attributes&quot;:{&quot;6&quot;:{&quot;id_attribute&quot;:&quot;386&quot;,&quot;id_attribute_group&quot;:&quot;6&quot;,&quot;name&quot;:&quot;3 mg&quot;,&quot;group&quot;:&quot;Nicotine&quot;,&quot;reference&quot;:&quot;&quot;,&quot;ean13&quot;:&quot;842099111829&quot;,&quot;isbn&quot;:&quot;&quot;,&quot;upc&quot;:&quot;&quot;,&quot;mpn&quot;:&quot;&quot;}},&quot;rate&quot;:20,&quot;tax_name&quot;:&quot;TVA FR 20%&quot;,&quot;ecotax_rate&quot;:0,&quot;unit_price&quot;:&quot;&quot;,&quot;customizations&quot;:{&quot;fields&quot;:[]},&quot;id_customization&quot;:0,&quot;is_customizable&quot;:false,&quot;show_quantities&quot;:true,&quot;quantity_label&quot;:&quot;Produits&quot;,&quot;quantity_discounts&quot;:[],&quot;customer_group_discount&quot;:0,&quot;images&quot;:[{&quot;bySize&quot;:{&quot;small_default&quot;:{&quot;url&quot;:&quot;https:\\\/\\\/media.taklope.com\\\/66475-small_default\\\/tribeca-high-vg-10-ml.jpg&quot;,&quot;width&quot;:98,&quot;height&quot;:98},&quot;cart_default&quot;:{&quot;url&quot;:&quot;https:\\\/\\\/media.taklope.com\\\/66475-cart_default\\\/tribeca-high-vg-10-ml.jpg&quot;,&quot;width&quot;:125,&quot;height&quot;:125},&quot;home_default&quot;:{&quot;url&quot;:&quot;https:\\\/\\\/media.taklope.com\\\/66475-home_default\\\/tribeca-high-vg-10-ml.jpg&quot;,&quot;width&quot;:250,&quot;height&quot;:250},&quot;medium_default&quot;:{&quot;url&quot;:&quot;https:\\\/\\\/media.taklope.com\\\/66475-medium_default\\\/tribeca-high-vg-10-ml.jpg&quot;,&quot;width&quot;:452,&quot;height&quot;:452},&quot;large_default&quot;:{&quot;url&quot;:&quot;https:\\\/\\\/media.taklope.com\\\/66475-large_default\\\/tribeca-high-vg-10-ml.jpg&quot;,&quot;width&quot;:1000,&quot;height&quot;:1000}},&quot;small&quot;:{&quot;url&quot;:&quot;https:\\\/\\\/media.taklope.com\\\/66475-small_default\\\/tribeca-high-vg-10-ml.jpg&quot;,&quot;width&quot;:98,&quot;height&quot;:98},&quot;medium&quot;:{&quot;url&quot;:&quot;https:\\\/\\\/media.taklope.com\\\/66475-home_default\\\/tribeca-high-vg-10-ml.jpg&quot;,&quot;width&quot;:250,&quot;height&quot;:250},&quot;large&quot;:{&quot;url&quot;:&quot;https:\\\/\\\/media.taklope.com\\\/66475-large_default\\\/tribeca-high-vg-10-ml.jpg&quot;,&quot;width&quot;:1000,&quot;height&quot;:1000},&quot;legend&quot;:&quot;E-liquide Tribeca High VG 10 ml - Halo&quot;,&quot;id_image&quot;:&quot;66475&quot;,&quot;cover&quot;:&quot;1&quot;,&quot;position&quot;:&quot;1&quot;,&quot;associatedVariants&quot;:[&quot;136006&quot;,&quot;136007&quot;,&quot;136008&quot;,&quot;160270&quot;]}],&quot;cover&quot;:{&quot;bySize&quot;:{&quot;small_default&quot;:{&quot;url&quot;:&quot;https:\\\/\\\/media.taklope.com\\\/66475-small_default\\\/tribeca-high-vg-10-ml.jpg&quot;,&quot;width&quot;:98,&quot;height&quot;:98},&quot;cart_default&quot;:{&quot;url&quot;:&quot;https:\\\/\\\/media.taklope.com\\\/66475-cart_default\\\/tribeca-high-vg-10-ml.jpg&quot;,&quot;width&quot;:125,&quot;height&quot;:125},&quot;home_default&quot;:{&quot;url&quot;:&quot;https:\\\/\\\/media.taklope.com\\\/66475-home_default\\\/tribeca-high-vg-10-ml.jpg&quot;,&quot;width&quot;:250,&quot;height&quot;:250},&quot;medium_default&quot;:{&quot;url&quot;:&quot;https:\\\/\\\/media.taklope.com\\\/66475-medium_default\\\/tribeca-high-vg-10-ml.jpg&quot;,&quot;width&quot;:452,&quot;height&quot;:452},&quot;large_default&quot;:{&quot;url&quot;:&quot;https:\\\/\\\/media.taklope.com\\\/66475-large_default\\\/tribeca-high-vg-10-ml.jpg&quot;,&quot;width&quot;:1000,&quot;height&quot;:1000}},&quot;small&quot;:{&quot;url&quot;:&quot;https:\\\/\\\/media.taklope.com\\\/66475-small_default\\\/tribeca-high-vg-10-ml.jpg&quot;,&quot;width&quot;:98,&quot;height&quot;:98},&quot;medium&quot;:{&quot;url&quot;:&quot;https:\\\/\\\/media.taklope.com\\\/66475-home_default\\\/tribeca-high-vg-10-ml.jpg&quot;,&quot;width&quot;:250,&quot;height&quot;:250},&quot;large&quot;:{&quot;url&quot;:&quot;https:\\\/\\\/media.taklope.com\\\/66475-large_default\\\/tribeca-high-vg-10-ml.jpg&quot;,&quot;width&quot;:1000,&quot;height&quot;:1000},&quot;legend&quot;:&quot;E-liquide Tribeca High VG 10 ml - Halo&quot;,&quot;id_image&quot;:&quot;66475&quot;,&quot;cover&quot;:&quot;1&quot;,&quot;position&quot;:&quot;1&quot;,&quot;associatedVariants&quot;:[&quot;136006&quot;,&quot;136007&quot;,&quot;136008&quot;,&quot;160270&quot;]},&quot;has_discount&quot;:false,&quot;discount_type&quot;:&quot;percentage&quot;,&quot;discount_percentage&quot;:&quot;0%&quot;,&quot;discount_percentage_absolute&quot;:&quot;0%&quot;,&quot;discount_amount&quot;:&quot;0,00\\u00a0\\u20ac&quot;,&quot;discount_amount_to_display&quot;:&quot;-0,00\\u00a0\\u20ac&quot;,&quot;price_amount&quot;:1.9499999999999999555910790149937383830547332763671875,&quot;unit_price_full&quot;:&quot;&quot;,&quot;show_availability&quot;:true,&quot;availability_date&quot;:null,&quot;availability_message&quot;:&quot;&quot;,&quot;availability&quot;:&quot;available&quot;}\">\n<section class=\"product-features\">\n<p class=\"u-h2 u-mb-3\">Fiche technique<\/p>\n<div id=\"readmore-pdt-features\" class=\"u-mb-2\">\n<table class=\"data-sheet table table-striped u-mb-0\">\n<tbody>\n<tr class=\"c-pdt__features-row\">\n<th class=\"name\">Type de produit<\/th>\n<td class=\"value\">E-liquide<\/td>\n<\/tr>\n<tr class=\"c-pdt__features-row\">\n<th class=\"name\">Marque<\/th>\n<td class=\"value\">HALO<\/td>\n<\/tr>\n<tr class=\"c-pdt__features-row\">\n<th class=\"name\">Type de saveur<\/th>\n<td class=\"value\">Classic<\/td>\n<\/tr>\n<tr class=\"c-pdt__features-row\">\n<th class=\"name\">Dosage PG\/VG<\/th>\n<td class=\"value\">30\/70 &#8211; PG\/VG<\/td>\n<\/tr>\n<tr class=\"c-pdt__features-row\">\n<th class=\"name\">Contenance (en ml)<\/th>\n<td class=\"value\">10<\/td>\n<\/tr>\n<tr class=\"c-pdt__features-row\">\n<th class=\"name\">Origine<\/th>\n<td class=\"value\">USA<\/td>\n<\/tr>\n<tr class=\"c-pdt__features-row\">\n<th class=\"name\">Type e-liquide<\/th>\n<td class=\"value\">Pr\u00eat \u00e0 vaper 10ml<\/td>\n<\/tr>\n<\/tbody>\n<\/table>\n<\/div>\n<\/section>\n<\/div>\n<\/div>\n<div class=\"c-pdt__section c-pdt__section--columns\">\n<div id=\"disclaimer\" class=\"\">\n<p class=\"u-h2 u-mb-3\">Nicotine bon \u00e0 savoir<\/p>\n<div class=\"c-card c-pdt-disclaimer__card c-pdt-disclaimer__card--attention\">\n<div class=\"c-pdt-disclaimer__heading\">\n<div class=\"u-ml-1\">\n<p class=\"u-h4 u-txt-white u-mb-0\">Attention<\/p>\n<p class=\"u-mb-0\">Entre 0.25% et 1.66% m\/m de Nicotine<\/p>\n<p class=\"u-mb-0\">Nocif en cas d&rsquo;ingestion<\/p>\n<\/div>\n<\/div>\n<div class=\"c-pdt-disclaimer__content\">\n<p class=\"u-h4 u-mb-1\">Conseils de prudence<\/p>\n<ul>\n<li>P101 : En cas de consultation d&rsquo;un m\u00e9decin, garder \u00e0 disposition le r\u00e9cipient ou l&rsquo;\u00e9tiquette<\/li>\n<li>P102 : Tenir hors de port\u00e9e des enfants<\/li>\n<li>Se laver les mains soigneusement apr\u00e8s manipulation<\/li>\n<li>P270 : Ne pas manger, boire ou fumer en manipulant le produit<\/li>\n<li>P301+312 : Appeler un CENTRE ANTI-POISON ou un m\u00e9decin en cas de malaise<\/li>\n<li>P330 : Rincer la bouche<\/li>\n<li>EMBALLAGE : Indice tactile de danger<\/li>\n<\/ul>\n<\/div>\n<\/div>\n<div class=\"c-card c-pdt-disclaimer__card c-pdt-disclaimer__card--danger\">\n<div class=\"c-pdt-disclaimer__heading\">\n<div class=\"u-ml-1\">\n<p class=\"u-h4 u-txt-white u-mb-0\">Danger<\/p>\n<p class=\"u-mb-0\">Au-del\u00e0 de 1.66% m\/m de Nicotine<\/p>\n<p class=\"u-mb-0\">Toxique en cas d&rsquo;ingestion<\/p>\n<\/div>\n<\/div>\n<div class=\"c-pdt-disclaimer__content\">\n<p class=\"u-h4 u-mb-1\">Conseils de prudence<\/p>\n<ul>\n<li>P101 : En cas de consultation d&rsquo;un m\u00e9decin, garder \u00e0 disposition le r\u00e9cipient ou l&rsquo;\u00e9tiquette<\/li>\n<li>P102 : Tenir hors de port\u00e9e des enfants<\/li>\n<li>Se laver les mains soigneusement apr\u00e8s manipulation<\/li>\n<li>P270 : Ne pas manger, boire ou fumer en manipulant le produit<\/li>\n<li>EN CAS DE CONTACT AVEC LA PEAU : laver abondamment \u00e0 l&rsquo;eau et au savon<\/li>\n<li>P301+310 : Appeler imm\u00e9diatement un CENTRE ANTI-POISON ou un m\u00e9decin en cas de malaise<\/li>\n<li>P405 : Garder sous cl\u00e9<\/li>\n<li>EMBALLAGE : Fermeture de s\u00e9curit\u00e9 pour un enfant et indice tactile de danger<\/li>\n<\/ul>\n<\/div>\n<\/div>\n<\/div>\n<\/div>\n<div class=\"c-pdt__section c-pdt__section--columns\">\n<div id=\"manufacturer\" class=\"\">\n<div class=\"u-p-rel u-mb-1\">\n<div class=\"c-pdt__manu-thumbnail\"><img loading=\"lazy\" decoding=\"async\" class=\"u-img-fluid\" src=\"https:\/\/media.taklope.com\/c\/78-category_default\/halo.jpg\" alt=\"Halo\" width=\"250\" height=\"50\" \/><\/div>\n<p>Halo<\/p>\n<\/div>\n<div id=\"readmore-pdt-manufacturer\" class=\"c-pdt__manu-desc\" data-readmore=\"\" aria-expanded=\"true\">\n<p class=\"u-fiv\">Fleurons de la vape premium \u00ab\u00a0made in USA\u00a0\u00bb, les\u00a0e-liquides\u00a0et ar\u00f4mes concentr\u00e9s de la marque Halo font figure d&rsquo;imbattables hits, de grands classiques de la vape que les \u00e9ternels aficionados et les novices s&rsquo;arrachent. Avec ses deux titans les\u00a0eliquide halo\u00a0Tribeca et Sub Zero, Halo est depuis des ann\u00e9es au sommet des ventes mondiales. Des saveurs Classic aux hits menthol\u00e9s en passant par quelques recettes fruit\u00e9es toujours bien relev\u00e9es, Halo vise tous les palais et tous les types de vapoteurs. Les plus c\u00e9l\u00e8bres recettes Halo sont souvent disponibles en e-liquide pr\u00eat-\u00e0-vaper, en petit et grand format, en version High-VG ou m\u00eame en ar\u00f4me pour le DIY.<\/p>\n<p class=\"u-fiv\">Retrouvez toutes les cr\u00e9ations de la l\u00e9gende Halo et savourez le meilleur de la vape am\u00e9ricaine, avec ces potions uniques toutes contr\u00f4l\u00e9es par un laboratoire ind\u00e9pendant et garanties sans diac\u00e9tyle.<\/p>\n<\/div>\n<\/div>\n<\/div>\n<\/div>\n<hr data-start=\"600\" data-end=\"603\" \/>\n","protected":false},"excerpt":{"rendered":"<p><span style=\"color: red;\">Classic RY4 &#8211; 10ml &#8211; High VG &#8211; 30\/70 PG\/VG &#8211; 3, 6, 12mg\/ml<\/span><\/p>\n","protected":false},"featured_media":2156,"comment_status":"open","ping_status":"closed","template":"","meta":{"slim_seo":{"title":"E-liquide Tribeca High VG 10 ml - Halo - Vapote-Shop","description":"Classic RY4 - 10ml - High VG - 30\/70 PG\/VG - 3, 6, 12mg\/ml"}},"product_brand":[93],"product_cat":[68,52],"product_tag":[],"class_list":{"0":"post-2155","1":"product","2":"type-product","3":"status-publish","4":"has-post-thumbnail","6":"product_brand-halo","7":"product_cat-e-liquide-10ml","8":"product_cat-meilleures-ventes","10":"first","11":"instock","12":"featured","13":"shipping-taxable","14":"purchasable","15":"product-type-variable","16":"has-default-attributes"},"_links":{"self":[{"href":"https:\/\/www.vapote-shop.fr\/index.php\/wp-json\/wp\/v2\/product\/2155","targetHints":{"allow":["GET"]}}],"collection":[{"href":"https:\/\/www.vapote-shop.fr\/index.php\/wp-json\/wp\/v2\/product"}],"about":[{"href":"https:\/\/www.vapote-shop.fr\/index.php\/wp-json\/wp\/v2\/types\/product"}],"replies":[{"embeddable":true,"href":"https:\/\/www.vapote-shop.fr\/index.php\/wp-json\/wp\/v2\/comments?post=2155"}],"wp:featuredmedia":[{"embeddable":true,"href":"https:\/\/www.vapote-shop.fr\/index.php\/wp-json\/wp\/v2\/media\/2156"}],"wp:attachment":[{"href":"https:\/\/www.vapote-shop.fr\/index.php\/wp-json\/wp\/v2\/media?parent=2155"}],"wp:term":[{"taxonomy":"product_brand","embeddable":true,"href":"https:\/\/www.vapote-shop.fr\/index.php\/wp-json\/wp\/v2\/product_brand?post=2155"},{"taxonomy":"product_cat","embeddable":true,"href":"https:\/\/www.vapote-shop.fr\/index.php\/wp-json\/wp\/v2\/product_cat?post=2155"},{"taxonomy":"product_tag","embeddable":true,"href":"https:\/\/www.vapote-shop.fr\/index.php\/wp-json\/wp\/v2\/product_tag?post=2155"}],"curies":[{"name":"wp","href":"https:\/\/api.w.org\/{rel}","templated":true}]}}