{"id":872,"date":"2026-03-01T09:47:47","date_gmt":"2026-03-01T08:47:47","guid":{"rendered":"https:\/\/gadgetboost.lesgeeks.eu\/?post_type=product&#038;p=872"},"modified":"2026-04-01T07:09:07","modified_gmt":"2026-04-01T05:09:07","slug":"resistances-zenith-innokin","status":"publish","type":"product","link":"https:\/\/www.vapote-shop.fr\/index.php\/produit\/resistances-zenith-innokin\/","title":{"rendered":"R\u00e9sistances Zenith Innokin 0.3\u03a9 \/ 1.6\u03a9 \u2013 Pack de 5<div class=\"custom-short-desc\">Z Coil pour Zenith \/ Zlide \/ Kroma - MTL\/RDL\/DL - Mesh ou classique - 5pcs<\/div>"},"content":{"rendered":"<div class=\"c-pdt__section c-pdt__section--columns\">\n<div id=\"description_short\" class=\"\">\n<h3 class=\"u-h2 u-mb-3\">R\u00e9sistances Innokin &#8211; Z Coil pour Zenith \/ Zlide \/ Kroma &#8211; MTL\/RDL\/DL &#8211; Mesh ou classique &#8211; 5pcs<\/h3>\n<div class=\"product-description c-pdt__description c-pdt__description--recap s-cms\">\n<p>Les r\u00e9sistances Zenith Z Coil sont compatibles avec les clearomiseurs Zenith, Zenith 2, Zenith Pro, Zenith NEX et Zlide, ainsi que les kits pods et kits complets compatibles Z Coils (Gozee, Kroma Z, Coolfire&#8230;) du fabricant Innokin.<\/p>\n<p>Polyvalentes, les r\u00e9sistances Zenith offrent une grande vari\u00e9t\u00e9 de sensations en vape MTL serr\u00e9e, interm\u00e9diaire ou m\u00eame a\u00e9rienne (DL). Choisissez votre r\u00e9sistance Zenith selon votre vape et votre mat\u00e9riel :<\/p>\n<ul>\n<li>Zenith 1,6ohm : \u00e9conomique et id\u00e9ale pour une vape tr\u00e8s serr\u00e9e. Recommand\u00e9e pour les sels de nicotine ;<\/li>\n<li>Zenith 1,2ohm : dual-coil MTL dot\u00e9e de plus grandes alimentations. Recommand\u00e9e pour les sels de nicotine ;<\/li>\n<li><i>Zenith 1ohm : tirage DL a\u00e9rien (compatible Zenith Pro, Zenith 2, Zenith NEX, Zlide Top et Kroma Z uniquement)<\/i><\/li>\n<li>Zenith 0,8ohm : l\u00e9g\u00e8rement plus puissante et adapt\u00e9e \u00e0 une vape MTL serr\u00e9e plus chaude ;<\/li>\n<li>Zenith 0,6ohm : vape MTL serr\u00e9e avec technologie Duo Prime booster de vapeur ;<\/li>\n<li>Plexus 0,5ohm : fabrication en Mesh plus puissante et au rendu saveur\/vapeur am\u00e9lior\u00e9 en tirage RDL interm\u00e9diaire plus a\u00e9r\u00e9e ;<\/li>\n<li>Z-Plex3D 0,48ohm : fabrication en \u00ab\u00a0Mesh 3D\u00a0\u00bb optimis\u00e9e pour une vape RDL interm\u00e9diaire plus puissante et plus riche en vapeur ;<\/li>\n<li><i>Zenith 0,3ohm : tirage DL a\u00e9rien (compatible Zenith Pro, Zenith 2, Zenith NEX, Zlide Top et Kroma Z uniquement)<\/i><\/li>\n<\/ul>\n<p>R\u00e9sistances Z Coil Innokin pour clearomiseur et kits Zenith\/Zlide, vendues en pack de 5 pi\u00e8ces.<\/p>\n<\/div>\n<\/div>\n<\/div>\n<div class=\"c-pdt__sections c-pdt__sections--columns\">\n<div class=\"c-pdt__section c-pdt__section--columns\">\n<div id=\"description\" class=\"\">\n<div class=\"product-description c-pdt__description s-cms\">\n<h3>R\u00e9sistances Z Coil (Zenith \/ Zlide) &#8211; Innokin<\/h3>\n<p><img decoding=\"async\" class=\"center-block\" title=\"R\u00e9sistances Zenith \/ Zlide - Innokin\" src=\"https:\/\/pro.taklope.com\/img\/descrhtml\/bandeau_1412838.jpg\" alt=\"R\u00e9sistances Zenith \/ Zlide - Innokin\" \/><\/p>\n<p>Con\u00e7ues pour les clearomiseurs Zenith et Zlide d&rsquo;Innokin, ainsi que des kits et pods tels que le Kroma Z ou le Gozee, les r\u00e9sistances Z Coil vous propose une large gamme de valeurs couvrant toutes les vapes, tous les taux de nicotine et tous les tirages. Leurs puissances vari\u00e9es permettent de retrouver des sensations parfaites quelles que soient vos pr\u00e9f\u00e9rences, tout en retrouvant toujours la qualit\u00e9 de rendu premium ch\u00e8re \u00e0 la gamme.<\/p>\n<p>Vous avez le choix entre plusieurs mod\u00e8les de r\u00e9sistances Z Coil Zenith \/ Zlide :<\/p>\n<ul>\n<li>En 1,6ohm, \u00e0 utiliser de 10 \u00e0 14W, r\u00e9serv\u00e9e aux e-liquides avec un taux de VG inf\u00e9rieur ou \u00e9gal \u00e0 50%. Le coil est fabriqu\u00e9 avec du Kanthal A1.\u00a0<i>Compatible avec les eliquides aux sels de nicotine et aux eliquides CBD.<\/i><\/li>\n<li>En 1,2ohm, \u00e0 utiliser de 10 \u00e0 14W, ce mod\u00e8le pr\u00e9sent\u00e9 avec le Zenith Pro offre une vape 100% MTL plus riche en saveurs gr\u00e2ce \u00e0 son montage dual-coils. Ses alimentations \u00e9largies permettent l&rsquo;utilisation d&rsquo;e-liquides un peu plus \u00e9pais (60% VG max)<\/li>\n<li>En 1ohm, \u00e0 utiliser de 20 \u00e0 25W, ce mod\u00e8le exclusif offre une vape a\u00e9rienne (DL) \u00e9conome en puissance. De gros nuages, id\u00e9als pour un e-liquide plus \u00e9pais (60% VG Max).\u00a0Compatible uniquement avec les kits et clearomiseurs Zenith\/Zlide r\u00e9cents dot\u00e9s d&rsquo;un tirage a\u00e9rien (Zentih Pro, Zenith 2, Zlide Top, Goz+, Kroma R, Gozee&#8230;)<\/li>\n<li>En 0,8ohm, \u00e0 utiliser de 15 \u00e0 18W, elle offrira une vapeur un peu plus chaude et des bouff\u00e9es plus intenses tout en restant dans le domaine de l&rsquo;inhalation indirecte (MTL). Le coil est fabriqu\u00e9 avec du Kanthal A1.<\/li>\n<li>En 0,6ohm, \u00e0 utiliser de 9 \u00e0 13W, ses larges alimentations et sa technologie Duo Prime permet une vape MTL serr\u00e9e plus riche en vapeur, plus chaude, et compatible avec des e-liquides jusqu&rsquo;\u00e0 60%VG ;<\/li>\n<li>Plexus 0,5ohm, \u00e0 utiliser de 14 \u00e0 19W, une r\u00e9sistance en Mesh (bandelette m\u00e9tallique) plus puissante et d\u00e9cuplant le volume de vapeur. Id\u00e9ale pour une vape riche en nuages avec un tirage plus a\u00e9rien compatible avec l&rsquo;inhalation directe restrictive.<\/li>\n<li>Z-Plex3D 0,48ohm, \u00e0 utiliser de 13 \u00e0 16W, une r\u00e9sistance nouvelle g\u00e9n\u00e9ration d\u00e9velopp\u00e9e par Innokin. Utilisant du Mesh en relief, elle dure plus longtemps et optimise drastiquement le rendu saveur\/vapeur. Id\u00e9ale pour une vape chaude puissante avec l&rsquo;airflow du clearomiseur grand ouvert. Compatible avec l&rsquo;inhalation directe.<\/li>\n<li>En 0,3ohm, \u00e0 utiliser de 30 \u00e0 40W, la plus puissante des r\u00e9sistances Z Coil transformera votre clearomiseur Zenith\/Zlide derni\u00e8re g\u00e9n\u00e9ration en vraie machine \u00e0 vapeur XXL chaude et tr\u00e8s a\u00e9rienne. Pour taux de VG \u00e9lev\u00e9 (&gt;50%).\u00a0Compatible uniquement avec les kits et clearomiseurs Zenith\/Zlide r\u00e9cents dot\u00e9s d&rsquo;un tirage a\u00e9rien (Zentih Pro, Zenith 2, Zlide Top, Goz+, Kroma R, Gozee&#8230;)<\/li>\n<\/ul>\n<p>&nbsp;<\/p>\n<p>Pour remplacer vos r\u00e9sistances Z Coil sur le clearomiseur Zenith \/ Zlide, il suffit de d\u00e9visser le plateau inf\u00e9rieur puis tirer la r\u00e9sistance usag\u00e9e hors du r\u00e9servoir. Installez la nouvelle r\u00e9sistance avec soin puis remontez la base du clearomiseur. Attendez une dizaine de minute pour que le coton neuf de la r\u00e9sistance s\u2019imbibe correctement de e-liquide.<\/p>\n<p>Les r\u00e9sistances Innokin Zenith \/ Zlide sont vendues en pack de 5 pi\u00e8ces.<\/p>\n<hr \/>\n<h3>Compatibilit\u00e9s<\/h3>\n<p>Kits : Z Biip &#8211; Innokin, Kroma R, Zenith Pro Aegis Solo, Zenith Pro Swag 2, Adept Zenith &#8211; Innokin, CoolFire Z50 &#8211; Innokin, Kroma Z Pod &#8211; Innokin, D\u00e9butant Coolfire Z50, Zenith Pro iStick T80, Zenith Pro Gen, Zlide Tube &#8211; Innokin, Coolfire Z80 &#8211; Innokin, LiMAX Zenith 2 &#8211; Innokin, Gozee &#8211; Innokin, Coolfire Z80 NEX &#8211; Innokin<\/p>\n<p>Clearomiseurs : Zenith D22 &#8211; Innokin, Zenith Pro &#8211; Innokin, Zlide &#8211; Innokin, Cartouche Z Biip &#8211; Innokin, Cartouche Kroma Z Pod &#8211; Innokin, Zenith &#8211; Innokin, Zenith 4ml Upgrade &#8211; Innokin, Zenith 2 &#8211; Innokin, GoZ MTL Tank &#8211; Innokin, GoZ+ &#8211; Innokin, Zlide Top &#8211; Innokin, Zenith NEX &#8211; Innokin<\/p>\n<\/div>\n<\/div>\n<\/div>\n<div class=\"c-pdt__section\">\n<div id=\"product-details\" class=\"\" data-product=\"{&quot;id_shop_default&quot;:&quot;2&quot;,&quot;id_manufacturer&quot;:&quot;0&quot;,&quot;id_supplier&quot;:&quot;179&quot;,&quot;reference&quot;:&quot;&quot;,&quot;is_virtual&quot;:&quot;0&quot;,&quot;delivery_in_stock&quot;:&quot;&quot;,&quot;delivery_out_stock&quot;:&quot;&quot;,&quot;id_category_default&quot;:&quot;100&quot;,&quot;on_sale&quot;:&quot;0&quot;,&quot;online_only&quot;:&quot;0&quot;,&quot;ecotax&quot;:0,&quot;minimal_quantity&quot;:&quot;1&quot;,&quot;low_stock_threshold&quot;:null,&quot;low_stock_alert&quot;:&quot;0&quot;,&quot;price&quot;:&quot;4,89\\u00a0\\u20ac&quot;,&quot;unity&quot;:&quot;&quot;,&quot;unit_price_ratio&quot;:&quot;0.000000&quot;,&quot;additional_shipping_cost&quot;:&quot;0.000000&quot;,&quot;customizable&quot;:&quot;0&quot;,&quot;text_fields&quot;:&quot;0&quot;,&quot;uploadable_files&quot;:&quot;0&quot;,&quot;redirect_type&quot;:&quot;404&quot;,&quot;id_type_redirected&quot;:&quot;0&quot;,&quot;available_for_order&quot;:&quot;1&quot;,&quot;available_date&quot;:null,&quot;show_condition&quot;:&quot;0&quot;,&quot;condition&quot;:&quot;new&quot;,&quot;show_price&quot;:&quot;1&quot;,&quot;indexed&quot;:&quot;1&quot;,&quot;visibility&quot;:&quot;both&quot;,&quot;cache_default_attribute&quot;:&quot;121344&quot;,&quot;advanced_stock_management&quot;:&quot;1&quot;,&quot;date_add&quot;:&quot;2018-02-13 20:04:03&quot;,&quot;date_upd&quot;:&quot;2025-12-29 17:17:06&quot;,&quot;pack_stock_type&quot;:&quot;0&quot;,&quot;meta_keywords&quot;:&quot;&quot;,&quot;link_rewrite&quot;:&quot;resistances-zenith-innokin&quot;,&quot;name&quot;:&quot;R\\u00e9sistances Zenith - Innokin&quot;,&quot;available_now&quot;:&quot;&quot;,&quot;available_later&quot;:&quot;&quot;,&quot;id&quot;:5523,&quot;id_product&quot;:5523,&quot;out_of_stock&quot;:2,&quot;new&quot;:0,&quot;id_product_attribute&quot;:121344,&quot;quantity_wanted&quot;:1,&quot;allow_oosp&quot;:0,&quot;category&quot;:&quot;innokin&quot;,&quot;category_name&quot;:&quot;Innokin&quot;,&quot;link&quot;:&quot;https:\\\/\\\/pro.taklope.com\\\/innokin\\\/5523-resistances-zenith-innokin.html&quot;,&quot;attribute_price&quot;:0,&quot;price_tax_exc&quot;:4.88999999999999968025576890795491635799407958984375,&quot;price_without_reduction&quot;:4.88999999999999968025576890795491635799407958984375,&quot;reduction&quot;:0,&quot;specific_prices&quot;:{&quot;id_specific_price&quot;:&quot;26870322&quot;,&quot;id_specific_price_rule&quot;:&quot;0&quot;,&quot;id_cart&quot;:&quot;0&quot;,&quot;id_product&quot;:&quot;5523&quot;,&quot;id_product_attribute&quot;:&quot;121344&quot;,&quot;id_shop&quot;:&quot;2&quot;,&quot;id_shop_group&quot;:&quot;0&quot;,&quot;id_currency&quot;:&quot;0&quot;,&quot;id_country&quot;:&quot;0&quot;,&quot;id_group&quot;:&quot;22&quot;,&quot;id_customer&quot;:&quot;0&quot;,&quot;price&quot;:4.88999999999999968025576890795491635799407958984375,&quot;from_quantity&quot;:&quot;1&quot;,&quot;reduction&quot;:&quot;0.000000&quot;,&quot;reduction_tax&quot;:&quot;1&quot;,&quot;reduction_type&quot;:&quot;percentage&quot;,&quot;from&quot;:&quot;0000-00-00 00:00:00&quot;,&quot;to&quot;:&quot;0000-00-00 00:00:00&quot;,&quot;score&quot;:&quot;18&quot;},&quot;quantity&quot;:983,&quot;quantity_all_versions&quot;:3552,&quot;id_image&quot;:&quot;fr-default&quot;,&quot;attachments&quot;:[],&quot;virtual&quot;:0,&quot;pack&quot;:0,&quot;packItems&quot;:[],&quot;nopackprice&quot;:0,&quot;customization_required&quot;:false,&quot;attributes&quot;:{&quot;16&quot;:{&quot;id_attribute&quot;:&quot;39340&quot;,&quot;id_attribute_group&quot;:&quot;16&quot;,&quot;name&quot;:&quot;0.8 Ohm&quot;,&quot;group&quot;:&quot;Valeur&quot;,&quot;reference&quot;:&quot;&quot;,&quot;ean13&quot;:&quot;6921426623434&quot;,&quot;isbn&quot;:&quot;&quot;,&quot;upc&quot;:&quot;&quot;,&quot;mpn&quot;:&quot;&quot;}},&quot;rate&quot;:20,&quot;tax_name&quot;:&quot;TVA FR 20%&quot;,&quot;ecotax_rate&quot;:0,&quot;unit_price&quot;:&quot;&quot;,&quot;customizations&quot;:{&quot;fields&quot;:[]},&quot;id_customization&quot;:0,&quot;is_customizable&quot;:false,&quot;show_quantities&quot;:true,&quot;quantity_label&quot;:&quot;Produits&quot;,&quot;quantity_discounts&quot;:[],&quot;customer_group_discount&quot;:0,&quot;images&quot;:[{&quot;bySize&quot;:{&quot;small_default&quot;:{&quot;url&quot;:&quot;https:\\\/\\\/media.taklope.com\\\/51610-small_default\\\/resistances-zenith-innokin.jpg&quot;,&quot;width&quot;:98,&quot;height&quot;:98},&quot;cart_default&quot;:{&quot;url&quot;:&quot;https:\\\/\\\/media.taklope.com\\\/51610-cart_default\\\/resistances-zenith-innokin.jpg&quot;,&quot;width&quot;:125,&quot;height&quot;:125},&quot;home_default&quot;:{&quot;url&quot;:&quot;https:\\\/\\\/media.taklope.com\\\/51610-home_default\\\/resistances-zenith-innokin.jpg&quot;,&quot;width&quot;:250,&quot;height&quot;:250},&quot;medium_default&quot;:{&quot;url&quot;:&quot;https:\\\/\\\/media.taklope.com\\\/51610-medium_default\\\/resistances-zenith-innokin.jpg&quot;,&quot;width&quot;:452,&quot;height&quot;:452},&quot;large_default&quot;:{&quot;url&quot;:&quot;https:\\\/\\\/media.taklope.com\\\/51610-large_default\\\/resistances-zenith-innokin.jpg&quot;,&quot;width&quot;:1000,&quot;height&quot;:1000}},&quot;small&quot;:{&quot;url&quot;:&quot;https:\\\/\\\/media.taklope.com\\\/51610-small_default\\\/resistances-zenith-innokin.jpg&quot;,&quot;width&quot;:98,&quot;height&quot;:98},&quot;medium&quot;:{&quot;url&quot;:&quot;https:\\\/\\\/media.taklope.com\\\/51610-home_default\\\/resistances-zenith-innokin.jpg&quot;,&quot;width&quot;:250,&quot;height&quot;:250},&quot;large&quot;:{&quot;url&quot;:&quot;https:\\\/\\\/media.taklope.com\\\/51610-large_default\\\/resistances-zenith-innokin.jpg&quot;,&quot;width&quot;:1000,&quot;height&quot;:1000},&quot;legend&quot;:&quot;R\\u00e9sistances Zenith - Innokin&quot;,&quot;id_image&quot;:&quot;51610&quot;,&quot;cover&quot;:null,&quot;position&quot;:&quot;2&quot;,&quot;associatedVariants&quot;:[&quot;121344&quot;]}],&quot;cover&quot;:{&quot;bySize&quot;:{&quot;small_default&quot;:{&quot;url&quot;:&quot;https:\\\/\\\/media.taklope.com\\\/45031-small_default\\\/resistances-zenith-innokin.jpg&quot;,&quot;width&quot;:98,&quot;height&quot;:98},&quot;cart_default&quot;:{&quot;url&quot;:&quot;https:\\\/\\\/media.taklope.com\\\/45031-cart_default\\\/resistances-zenith-innokin.jpg&quot;,&quot;width&quot;:125,&quot;height&quot;:125},&quot;home_default&quot;:{&quot;url&quot;:&quot;https:\\\/\\\/media.taklope.com\\\/45031-home_default\\\/resistances-zenith-innokin.jpg&quot;,&quot;width&quot;:250,&quot;height&quot;:250},&quot;medium_default&quot;:{&quot;url&quot;:&quot;https:\\\/\\\/media.taklope.com\\\/45031-medium_default\\\/resistances-zenith-innokin.jpg&quot;,&quot;width&quot;:452,&quot;height&quot;:452},&quot;large_default&quot;:{&quot;url&quot;:&quot;https:\\\/\\\/media.taklope.com\\\/45031-large_default\\\/resistances-zenith-innokin.jpg&quot;,&quot;width&quot;:1000,&quot;height&quot;:1000}},&quot;small&quot;:{&quot;url&quot;:&quot;https:\\\/\\\/media.taklope.com\\\/45031-small_default\\\/resistances-zenith-innokin.jpg&quot;,&quot;width&quot;:98,&quot;height&quot;:98},&quot;medium&quot;:{&quot;url&quot;:&quot;https:\\\/\\\/media.taklope.com\\\/45031-home_default\\\/resistances-zenith-innokin.jpg&quot;,&quot;width&quot;:250,&quot;height&quot;:250},&quot;large&quot;:{&quot;url&quot;:&quot;https:\\\/\\\/media.taklope.com\\\/45031-large_default\\\/resistances-zenith-innokin.jpg&quot;,&quot;width&quot;:1000,&quot;height&quot;:1000},&quot;legend&quot;:&quot;R\\u00e9sistances Zenith - Innokin&quot;,&quot;id_image&quot;:&quot;45031&quot;,&quot;cover&quot;:&quot;1&quot;,&quot;position&quot;:&quot;1&quot;,&quot;associatedVariants&quot;:[&quot;256885&quot;,&quot;153724&quot;]},&quot;has_discount&quot;:false,&quot;discount_type&quot;:&quot;percentage&quot;,&quot;discount_percentage&quot;:&quot;0%&quot;,&quot;discount_percentage_absolute&quot;:&quot;0%&quot;,&quot;discount_amount&quot;:&quot;0,00\\u00a0\\u20ac&quot;,&quot;discount_amount_to_display&quot;:&quot;-0,00\\u00a0\\u20ac&quot;,&quot;price_amount&quot;:4.88999999999999968025576890795491635799407958984375,&quot;unit_price_full&quot;:&quot;&quot;,&quot;show_availability&quot;:true,&quot;availability_date&quot;:null,&quot;availability_message&quot;:&quot;&quot;,&quot;availability&quot;:&quot;available&quot;}\">\n<section class=\"product-features\">\n<p class=\"u-h2 u-mb-3\">Fiche technique<\/p>\n<div id=\"readmore-pdt-features\" class=\"u-mb-2\">\n<table class=\"data-sheet table table-striped u-mb-0\">\n<tbody>\n<tr class=\"c-pdt__features-row\">\n<th class=\"name\">Marque Compatible<\/th>\n<td class=\"value\">Innokin<\/td>\n<\/tr>\n<tr class=\"c-pdt__features-row\">\n<th class=\"name\">Slider<\/th>\n<td class=\"value\">1,2,3,5,6<\/td>\n<\/tr>\n<tr class=\"c-pdt__features-row\">\n<th class=\"name\">Contr\u00f4le de temp\u00e9rature<\/th>\n<td class=\"value\">Non<\/td>\n<\/tr>\n<tr class=\"c-pdt__features-row\">\n<th class=\"name\">Valeur de la r\u00e9sistance<\/th>\n<td class=\"value\">0,3ohm<br \/>\n0,5ohm<br \/>\n0,6ohm<br \/>\n0,8ohm<br \/>\n0,48ohm<br \/>\n1,2ohm<br \/>\n1,6 ohm<br \/>\n1ohm<\/td>\n<\/tr>\n<tr class=\"c-pdt__features-row\">\n<th class=\"name\">Type de produit<\/th>\n<td class=\"value\">R\u00e9sistance<\/td>\n<\/tr>\n<tr class=\"c-pdt__features-row\">\n<th class=\"name\">Marque<\/th>\n<td class=\"value\">INNOKIN<\/td>\n<\/tr>\n<tr class=\"c-pdt__features-row\">\n<th class=\"name\">Inhalation<\/th>\n<td class=\"value\">Directe ou Indirecte<\/td>\n<\/tr>\n<tr class=\"c-pdt__features-row\">\n<th class=\"name\">Compatibilit\u00e9 Kit<\/th>\n<td class=\"value\">Adept Zenith &#8211; Innokin<br \/>\nCoolFire Z50 &#8211; Innokin<br \/>\nCoolfire Z60 &#8211; Innokin<br \/>\nCoolfire Z80 &#8211; Innokin<br \/>\nCoolfire Z80 NEX &#8211; Innokin<br \/>\nD\u00e9butant Coolfire Z50 &#8211; Innokin<br \/>\nGozee &#8211; Innokin<br \/>\nKroma R &#8211; Innokin<br \/>\nKroma Z Pod &#8211; Innokin<br \/>\nLiMAX Zenith 2 &#8211; Innokin<br \/>\nZ Biip &#8211; Innokin<br \/>\nZenith Pro Aegis Solo &#8211; Innokin<br \/>\nZenith Pro Gen &#8211; Innokin<br \/>\nZenith Pro Swag 2 &#8211; Innokin<br \/>\nZenith Pro iStick T80 &#8211; Innokin<br \/>\nZlide Tube &#8211; Innokin<\/td>\n<\/tr>\n<tr class=\"c-pdt__features-row\">\n<th class=\"name\">Compatibilit\u00e9 clearomiseur<\/th>\n<td class=\"value\">Cartouche Kroma Z Pod &#8211; Innokin<br \/>\nCartouche Z Biip &#8211; Innokin<br \/>\nGoZ + Tank &#8211; Innokin<br \/>\nGoZ &#8211; Innokin<br \/>\nZenith &#8211; Innokin<br \/>\nZenith 2 &#8211; Innokin<br \/>\nZenith 4ml Upgrade &#8211; Innokin<br \/>\nZenith D22 &#8211; Innokin<br \/>\nZenith NEX &#8211; Innokin<br \/>\nZenith Pro &#8211; Innokin<br \/>\nZlide &#8211; Innokin<br \/>\nZlide Top &#8211; Innokin<\/td>\n<\/tr>\n<\/tbody>\n<\/table>\n<\/div>\n<\/section>\n<\/div>\n<\/div>\n<\/div>\n<hr data-start=\"600\" data-end=\"603\" \/>\n","protected":false},"excerpt":{"rendered":"<p>Z Coil pour Zenith \/ Zlide \/ Kroma &#8211; MTL\/RDL\/DL &#8211; Mesh ou classique &#8211; 5pcs<\/p>\n","protected":false},"featured_media":875,"comment_status":"open","ping_status":"closed","template":"","meta":{"slim_seo":{"title":"R\u00e9sistances Zenith Innokin 0.3\u03a9 \/ 1.6\u03a9 \u2013 Pack de 5 - Vapote-Shop","description":"Z Coil pour Zenith \/ Zlide \/ Kroma - MTL\/RDL\/DL - Mesh ou classique - 5pcs"}},"product_brand":[48],"product_cat":[52,49],"product_tag":[],"class_list":{"0":"post-872","1":"product","2":"type-product","3":"status-publish","4":"has-post-thumbnail","6":"product_brand-innokin","7":"product_cat-meilleures-ventes","8":"product_cat-resistances","10":"first","11":"instock","12":"shipping-taxable","13":"purchasable","14":"product-type-variable","15":"has-default-attributes"},"_links":{"self":[{"href":"https:\/\/www.vapote-shop.fr\/index.php\/wp-json\/wp\/v2\/product\/872","targetHints":{"allow":["GET"]}}],"collection":[{"href":"https:\/\/www.vapote-shop.fr\/index.php\/wp-json\/wp\/v2\/product"}],"about":[{"href":"https:\/\/www.vapote-shop.fr\/index.php\/wp-json\/wp\/v2\/types\/product"}],"replies":[{"embeddable":true,"href":"https:\/\/www.vapote-shop.fr\/index.php\/wp-json\/wp\/v2\/comments?post=872"}],"wp:featuredmedia":[{"embeddable":true,"href":"https:\/\/www.vapote-shop.fr\/index.php\/wp-json\/wp\/v2\/media\/875"}],"wp:attachment":[{"href":"https:\/\/www.vapote-shop.fr\/index.php\/wp-json\/wp\/v2\/media?parent=872"}],"wp:term":[{"taxonomy":"product_brand","embeddable":true,"href":"https:\/\/www.vapote-shop.fr\/index.php\/wp-json\/wp\/v2\/product_brand?post=872"},{"taxonomy":"product_cat","embeddable":true,"href":"https:\/\/www.vapote-shop.fr\/index.php\/wp-json\/wp\/v2\/product_cat?post=872"},{"taxonomy":"product_tag","embeddable":true,"href":"https:\/\/www.vapote-shop.fr\/index.php\/wp-json\/wp\/v2\/product_tag?post=872"}],"curies":[{"name":"wp","href":"https:\/\/api.w.org\/{rel}","templated":true}]}}