{"id":948,"date":"2026-03-03T17:38:44","date_gmt":"2026-03-03T16:38:44","guid":{"rendered":"https:\/\/gadgetboost.lesgeeks.eu\/?post_type=product&#038;p=948"},"modified":"2026-03-30T08:16:22","modified_gmt":"2026-03-30T06:16:22","slug":"e-liquide-freeze-dragon-50ml-0mg-de-nicotine","status":"publish","type":"product","link":"https:\/\/www.vapote-shop.fr\/index.php\/produit\/e-liquide-freeze-dragon-50ml-0mg-de-nicotine\/","title":{"rendered":"E-liquide Freeze Dragon 50ml Liquideo \u2013 Fruit du dragon frais<div class=\"custom-short-desc\">Fruit du dragon - Fra\u00eecheur - 50 ml - 50\/50 pg\/vg - 0mg \u00e0 booster<\/div>"},"content":{"rendered":"<div class=\"c-pdt__section c-pdt__section--columns\">\n<div id=\"description_short\" class=\"\">\n<h3 class=\"u-h2 u-mb-3\">E-liquide Freeze Dragon 50ml 0mg de nicotine &#8211; Liquideo<\/h3>\n<div class=\"product-description c-pdt__description c-pdt__description--recap s-cms\">\n<p class=\"u-fiv\">Des stalactites de feu vous attendent dans la gueule du e-liquide Freeze Dragon 50ml Liquideo, qui renferme un ar\u00f4me de fruit du dragon et un additif frais.<\/p>\n<ul>\n<li>Saveur : <span style=\"color: red;\">Fruit du dragon &#8211; Fra\u00eecheur<\/span><\/li>\n<li>E-liquide\u00a050\/50 PG\/VG.<\/li>\n<li>Format 50 ml <span style=\"color: red;\">sans nicotine<\/span> (0mg) en flacon 70ml \u00e0 booster.<\/li>\n<li>L\u2019e-liquide Freeze Dragon 50ml est fabriqu\u00e9 en France par Liquideo pour la gamme\u00a0Freeze.<\/li>\n<\/ul>\n<p><i><u>Note<\/u>\u00a0: Cet\u00a0e-liquide Liquideo est conseill\u00e9 pour des r\u00e9sistances de 0,5 \u00e0 0,8\uab65.<\/i><\/p>\n<\/div>\n<\/div>\n<\/div>\n<div class=\"c-pdt__sections c-pdt__sections--columns\">\n<div class=\"c-pdt__section c-pdt__section--columns\">\n<div id=\"description\" class=\"\">\n<div class=\"product-description c-pdt__description s-cms\">\n<h3>E-liquide Freeze Dragon 50ml &#8211; Liquideo<\/h3>\n<p><img decoding=\"async\" class=\"center-block\" title=\"E-liquide Freeze Dragon 50ml - Liquideo\" src=\"https:\/\/pro.taklope.com\/img\/descrhtml\/fdd_1115619.jpg\" alt=\"E-liquide Freeze Dragon 50ml - Liquideo\" \/><\/p>\n<p>&nbsp;<\/p>\n<p class=\"u-fiv\">Enfilez une c\u00f4te de maille et un heaume \u00e0 votre cigarette \u00e9lectronique si vous voulez qu\u2019elle survive au combat contre l\u2019e-liquide Liquideo Freeze Dragon 50ml, compos\u00e9 d\u2019un ar\u00f4me de\u00a0fruit du dragon\u00a0et d\u2019un\u00a0additif frais. Car la b\u00eate \u00e0 sang froid crache un feu particulier.<\/p>\n<p>E-liquide fran\u00e7ais\u00a0fabriqu\u00e9 par Liquideo pour la gamme Freeze, en grand format 50ml non nicotin\u00e9 servi dans un flacon 70ml pratique \u00e0 booster en nicotine.<\/p>\n<p>&nbsp;<\/p>\n<hr \/>\n<p>&nbsp;<\/p>\n<p>&nbsp;<\/p>\n<h3>Base du e-liquide Freeze Dragon Liquideo 50ml :<\/h3>\n<ul>\n<li>50 % : Propyl\u00e8ne Glycol<\/li>\n<li>50 % : Glyc\u00e9rine V\u00e9g\u00e9tale<\/li>\n<\/ul>\n<p>&nbsp;<\/p>\n<p>Le e-liquide Freeze Dragon 50ml Liquideo est fabriqu\u00e9 sur une base \u00e9quilibr\u00e9e 50\/50 PG\/VG.<\/p>\n<p>&nbsp;<\/p>\n<p>&nbsp;<\/p>\n<hr \/>\n<p>&nbsp;<\/p>\n<p>&nbsp;<\/p>\n<h3>Comment booster le e-liquide 50ml Liquideo Freeze Dragon ?<\/h3>\n<p>Le e-liquide Freeze Dragon Liquideo a une contenance de 50ml. Il ne contient pas de nicotine (0mg). Son grand flacon pratique de 70ml vous permettra toutefois d\u2019en ajouter directement selon vos besoins, et sans perte de saveur, gr\u00e2ce \u00e0 un ou plusieurs\u00a0boosters nicotin\u00e9s\u00a0(non-inclus). Car l\u2019e-liquide Liquideo Freeze Dragon 50ml est boost\u00e9 en ar\u00f4mes.<br \/>\nPar exemple, il faudra :<\/p>\n<ul>\n<li>Ajouter un booster de nicotine au flacon pour obtenir 60ml d\u2019e-liquide Freeze Dragon nicotin\u00e9 \u00e0 3.3 mg\/ml,<\/li>\n<li>Ajouter un second booster de nicotine au flacon du e-liquide Liquideo Freeze Dragon 50ml pour obtenir 70ml d\u2019 e-liquide nicotin\u00e9 \u00e0 5,7mg\/ml.<\/li>\n<\/ul>\n<p><i><u>Note<\/u>\u00a0: Il est d\u00e9conseill\u00e9 de m\u00e9langer le e-liquide Freeze Dragon 50ml avec plus de deux boosters. Au-del\u00e0, les ar\u00f4mes seront trop dilu\u00e9s et perdront en intensit\u00e9.<\/i><\/p>\n<p>&nbsp;<\/p>\n<p><img decoding=\"async\" src=\"https:\/\/media1.taklope.com\/img\/descrhtml\/50ml%20booste_1476182.jpg\" alt=\"\" \/><\/p>\n<p>&nbsp;<\/p>\n<h3>Conservation de votre e-liquide Freeze Dragon Liquideo 50ml<\/h3>\n<p>Pour une conservation optimale jour apr\u00e8s jour, conservez votre e-liquide 50ml Freeze Dragon dans un endroit sec et \u00e0 temp\u00e9rature ambiante. Ne l\u2019exposez pas en permanence \u00e0 la lumi\u00e8re et rebouchez soigneusement le flacon apr\u00e8s usage.<\/p>\n<p>Un\u00a0e-liquide grand format\u00a0Liquideo bien conserv\u00e9 pourra \u00eatre consomm\u00e9 apr\u00e8s d\u00e9passement de sa DLUO, sans perte significative de saveur.<\/p>\n<\/div>\n<\/div>\n<\/div>\n<div class=\"c-pdt__section\">\n<div id=\"product-details\" class=\"\" data-product=\"{&quot;id_shop_default&quot;:&quot;2&quot;,&quot;id_manufacturer&quot;:&quot;0&quot;,&quot;id_supplier&quot;:&quot;10&quot;,&quot;reference&quot;:&quot;&quot;,&quot;is_virtual&quot;:&quot;0&quot;,&quot;delivery_in_stock&quot;:&quot;&quot;,&quot;delivery_out_stock&quot;:&quot;&quot;,&quot;id_category_default&quot;:&quot;150&quot;,&quot;on_sale&quot;:&quot;0&quot;,&quot;online_only&quot;:&quot;0&quot;,&quot;ecotax&quot;:0,&quot;minimal_quantity&quot;:&quot;1&quot;,&quot;low_stock_threshold&quot;:null,&quot;low_stock_alert&quot;:&quot;0&quot;,&quot;price&quot;:&quot;4,10\\u00a0\\u20ac&quot;,&quot;unity&quot;:&quot;&quot;,&quot;unit_price_ratio&quot;:&quot;0.000000&quot;,&quot;additional_shipping_cost&quot;:&quot;0.000000&quot;,&quot;customizable&quot;:&quot;0&quot;,&quot;text_fields&quot;:&quot;0&quot;,&quot;uploadable_files&quot;:&quot;0&quot;,&quot;redirect_type&quot;:&quot;&quot;,&quot;id_type_redirected&quot;:&quot;0&quot;,&quot;available_for_order&quot;:&quot;1&quot;,&quot;available_date&quot;:&quot;0000-00-00&quot;,&quot;show_condition&quot;:&quot;0&quot;,&quot;condition&quot;:&quot;new&quot;,&quot;show_price&quot;:&quot;1&quot;,&quot;indexed&quot;:&quot;1&quot;,&quot;visibility&quot;:&quot;both&quot;,&quot;cache_default_attribute&quot;:&quot;0&quot;,&quot;advanced_stock_management&quot;:&quot;1&quot;,&quot;date_add&quot;:&quot;2026-01-29 20:40:24&quot;,&quot;date_upd&quot;:&quot;2026-02-23 09:36:10&quot;,&quot;pack_stock_type&quot;:&quot;0&quot;,&quot;meta_keywords&quot;:&quot;&quot;,&quot;link_rewrite&quot;:&quot;freeze-dragon-50ml&quot;,&quot;name&quot;:&quot;E-liquide Freeze Dragon 50ml - Liquideo&quot;,&quot;available_now&quot;:&quot;&quot;,&quot;available_later&quot;:&quot;&quot;,&quot;id&quot;:7491,&quot;id_product&quot;:7491,&quot;out_of_stock&quot;:2,&quot;new&quot;:0,&quot;id_product_attribute&quot;:&quot;0&quot;,&quot;quantity_wanted&quot;:1,&quot;allow_oosp&quot;:0,&quot;category&quot;:&quot;liquideo&quot;,&quot;category_name&quot;:&quot;Liquideo&quot;,&quot;link&quot;:&quot;https:\\\/\\\/pro.taklope.com\\\/liquideo\\\/7491-freeze-dragon-50ml.html&quot;,&quot;attribute_price&quot;:0,&quot;price_tax_exc&quot;:4.0999999999999996447286321199499070644378662109375,&quot;price_without_reduction&quot;:4.0999999999999996447286321199499070644378662109375,&quot;reduction&quot;:0,&quot;specific_prices&quot;:{&quot;id_specific_price&quot;:&quot;26847386&quot;,&quot;id_specific_price_rule&quot;:&quot;0&quot;,&quot;id_cart&quot;:&quot;0&quot;,&quot;id_product&quot;:&quot;7491&quot;,&quot;id_product_attribute&quot;:&quot;0&quot;,&quot;id_shop&quot;:&quot;2&quot;,&quot;id_shop_group&quot;:&quot;0&quot;,&quot;id_currency&quot;:&quot;0&quot;,&quot;id_country&quot;:&quot;0&quot;,&quot;id_group&quot;:&quot;22&quot;,&quot;id_customer&quot;:&quot;0&quot;,&quot;price&quot;:4.0999999999999996447286321199499070644378662109375,&quot;from_quantity&quot;:&quot;1&quot;,&quot;reduction&quot;:&quot;0.000000&quot;,&quot;reduction_tax&quot;:&quot;1&quot;,&quot;reduction_type&quot;:&quot;percentage&quot;,&quot;from&quot;:&quot;0000-00-00 00:00:00&quot;,&quot;to&quot;:&quot;0000-00-00 00:00:00&quot;,&quot;score&quot;:&quot;18&quot;},&quot;quantity&quot;:2694,&quot;quantity_all_versions&quot;:2694,&quot;id_image&quot;:&quot;fr-default&quot;,&quot;attachments&quot;:[],&quot;virtual&quot;:0,&quot;pack&quot;:0,&quot;packItems&quot;:[],&quot;nopackprice&quot;:0,&quot;customization_required&quot;:false,&quot;rate&quot;:20,&quot;tax_name&quot;:&quot;TVA FR 20%&quot;,&quot;ecotax_rate&quot;:0,&quot;unit_price&quot;:&quot;&quot;,&quot;customizations&quot;:{&quot;fields&quot;:[]},&quot;id_customization&quot;:0,&quot;is_customizable&quot;:false,&quot;show_quantities&quot;:true,&quot;quantity_label&quot;:&quot;Produits&quot;,&quot;quantity_discounts&quot;:[],&quot;customer_group_discount&quot;:0,&quot;images&quot;:[{&quot;bySize&quot;:{&quot;small_default&quot;:{&quot;url&quot;:&quot;https:\\\/\\\/media.taklope.com\\\/36308-small_default\\\/freeze-dragon-50ml.jpg&quot;,&quot;width&quot;:98,&quot;height&quot;:98},&quot;cart_default&quot;:{&quot;url&quot;:&quot;https:\\\/\\\/media.taklope.com\\\/36308-cart_default\\\/freeze-dragon-50ml.jpg&quot;,&quot;width&quot;:125,&quot;height&quot;:125},&quot;home_default&quot;:{&quot;url&quot;:&quot;https:\\\/\\\/media.taklope.com\\\/36308-home_default\\\/freeze-dragon-50ml.jpg&quot;,&quot;width&quot;:250,&quot;height&quot;:250},&quot;medium_default&quot;:{&quot;url&quot;:&quot;https:\\\/\\\/media.taklope.com\\\/36308-medium_default\\\/freeze-dragon-50ml.jpg&quot;,&quot;width&quot;:452,&quot;height&quot;:452},&quot;large_default&quot;:{&quot;url&quot;:&quot;https:\\\/\\\/media.taklope.com\\\/36308-large_default\\\/freeze-dragon-50ml.jpg&quot;,&quot;width&quot;:1000,&quot;height&quot;:1000}},&quot;small&quot;:{&quot;url&quot;:&quot;https:\\\/\\\/media.taklope.com\\\/36308-small_default\\\/freeze-dragon-50ml.jpg&quot;,&quot;width&quot;:98,&quot;height&quot;:98},&quot;medium&quot;:{&quot;url&quot;:&quot;https:\\\/\\\/media.taklope.com\\\/36308-home_default\\\/freeze-dragon-50ml.jpg&quot;,&quot;width&quot;:250,&quot;height&quot;:250},&quot;large&quot;:{&quot;url&quot;:&quot;https:\\\/\\\/media.taklope.com\\\/36308-large_default\\\/freeze-dragon-50ml.jpg&quot;,&quot;width&quot;:1000,&quot;height&quot;:1000},&quot;legend&quot;:&quot;Freeze Dragon 50ml - Liquideo&quot;,&quot;id_image&quot;:&quot;36308&quot;,&quot;cover&quot;:&quot;1&quot;,&quot;position&quot;:&quot;1&quot;,&quot;associatedVariants&quot;:[]}],&quot;cover&quot;:{&quot;bySize&quot;:{&quot;small_default&quot;:{&quot;url&quot;:&quot;https:\\\/\\\/media.taklope.com\\\/36308-small_default\\\/freeze-dragon-50ml.jpg&quot;,&quot;width&quot;:98,&quot;height&quot;:98},&quot;cart_default&quot;:{&quot;url&quot;:&quot;https:\\\/\\\/media.taklope.com\\\/36308-cart_default\\\/freeze-dragon-50ml.jpg&quot;,&quot;width&quot;:125,&quot;height&quot;:125},&quot;home_default&quot;:{&quot;url&quot;:&quot;https:\\\/\\\/media.taklope.com\\\/36308-home_default\\\/freeze-dragon-50ml.jpg&quot;,&quot;width&quot;:250,&quot;height&quot;:250},&quot;medium_default&quot;:{&quot;url&quot;:&quot;https:\\\/\\\/media.taklope.com\\\/36308-medium_default\\\/freeze-dragon-50ml.jpg&quot;,&quot;width&quot;:452,&quot;height&quot;:452},&quot;large_default&quot;:{&quot;url&quot;:&quot;https:\\\/\\\/media.taklope.com\\\/36308-large_default\\\/freeze-dragon-50ml.jpg&quot;,&quot;width&quot;:1000,&quot;height&quot;:1000}},&quot;small&quot;:{&quot;url&quot;:&quot;https:\\\/\\\/media.taklope.com\\\/36308-small_default\\\/freeze-dragon-50ml.jpg&quot;,&quot;width&quot;:98,&quot;height&quot;:98},&quot;medium&quot;:{&quot;url&quot;:&quot;https:\\\/\\\/media.taklope.com\\\/36308-home_default\\\/freeze-dragon-50ml.jpg&quot;,&quot;width&quot;:250,&quot;height&quot;:250},&quot;large&quot;:{&quot;url&quot;:&quot;https:\\\/\\\/media.taklope.com\\\/36308-large_default\\\/freeze-dragon-50ml.jpg&quot;,&quot;width&quot;:1000,&quot;height&quot;:1000},&quot;legend&quot;:&quot;Freeze Dragon 50ml - Liquideo&quot;,&quot;id_image&quot;:&quot;36308&quot;,&quot;cover&quot;:&quot;1&quot;,&quot;position&quot;:&quot;1&quot;,&quot;associatedVariants&quot;:[]},&quot;has_discount&quot;:false,&quot;discount_type&quot;:&quot;percentage&quot;,&quot;discount_percentage&quot;:&quot;0%&quot;,&quot;discount_percentage_absolute&quot;:&quot;0%&quot;,&quot;discount_amount&quot;:&quot;0,00\\u00a0\\u20ac&quot;,&quot;discount_amount_to_display&quot;:&quot;-0,00\\u00a0\\u20ac&quot;,&quot;price_amount&quot;:4.0999999999999996447286321199499070644378662109375,&quot;unit_price_full&quot;:&quot;&quot;,&quot;show_availability&quot;:true,&quot;availability_date&quot;:null,&quot;availability_message&quot;:&quot;&quot;,&quot;availability&quot;:&quot;available&quot;}\">\n<section class=\"product-features\">\n<p class=\"u-h2 u-mb-3\">Fiche technique<\/p>\n<div id=\"readmore-pdt-features\" class=\"u-mb-2\" data-readmore=\"\" aria-expanded=\"true\">\n<table class=\"data-sheet table table-striped u-mb-0\">\n<tbody>\n<tr class=\"c-pdt__features-row\">\n<th class=\"name\">Type de produit<\/th>\n<td class=\"value\">E-liquide<\/td>\n<\/tr>\n<tr class=\"c-pdt__features-row\">\n<th class=\"name\">Marque<\/th>\n<td class=\"value\">LIQUIDEO<\/td>\n<\/tr>\n<tr class=\"c-pdt__features-row\">\n<th class=\"name\">Type de saveur<\/th>\n<td class=\"value\">Frais<br \/>\nFruit\u00e9e<\/td>\n<\/tr>\n<tr class=\"c-pdt__features-row\">\n<th class=\"name\">Dosage PG\/VG<\/th>\n<td class=\"value\">50\/50 &#8211; PG\/VG<\/td>\n<\/tr>\n<tr class=\"c-pdt__features-row\">\n<th class=\"name\">Gamme<\/th>\n<td class=\"value\">Freeze<\/td>\n<\/tr>\n<tr class=\"c-pdt__features-row\">\n<th class=\"name\">Contenance (en ml)<\/th>\n<td class=\"value\">50<\/td>\n<\/tr>\n<tr class=\"c-pdt__features-row\">\n<th class=\"name\">Origine<\/th>\n<td class=\"value\">France<\/td>\n<\/tr>\n<tr class=\"c-pdt__features-row\">\n<th class=\"name\">Type e-liquide<\/th>\n<td class=\"value\">Boost\u00e9 en ar\u00f4me<\/td>\n<\/tr>\n<\/tbody>\n<\/table>\n<\/div>\n<\/section>\n<\/div>\n<\/div>\n<div class=\"c-pdt__section c-pdt__section--columns\">\n<div id=\"disclaimer\" class=\"\">\n<p class=\"u-h2 u-mb-3\">Nicotine bon \u00e0 savoir<\/p>\n<div class=\"c-card c-pdt-disclaimer__card c-pdt-disclaimer__card--attention\">\n<div class=\"c-pdt-disclaimer__heading\">\n<div class=\"u-ml-1\">\n<p class=\"u-h4 u-txt-white u-mb-0\">Attention<\/p>\n<p class=\"u-mb-0\">Entre 0.25% et 1.66% m\/m de Nicotine<\/p>\n<p class=\"u-mb-0\">Nocif en cas d&rsquo;ingestion<\/p>\n<\/div>\n<\/div>\n<div class=\"c-pdt-disclaimer__content\">\n<p class=\"u-h4 u-mb-1\">Conseils de prudence<\/p>\n<ul>\n<li>P101 : En cas de consultation d&rsquo;un m\u00e9decin, garder \u00e0 disposition le r\u00e9cipient ou l&rsquo;\u00e9tiquette<\/li>\n<li>P102 : Tenir hors de port\u00e9e des enfants<\/li>\n<li>Se laver les mains soigneusement apr\u00e8s manipulation<\/li>\n<li>P270 : Ne pas manger, boire ou fumer en manipulant le produit<\/li>\n<li>P301+312 : Appeler un CENTRE ANTI-POISON ou un m\u00e9decin en cas de malaise<\/li>\n<li>P330 : Rincer la bouche<\/li>\n<li>EMBALLAGE : Indice tactile de danger<\/li>\n<\/ul>\n<\/div>\n<\/div>\n<div class=\"c-card c-pdt-disclaimer__card c-pdt-disclaimer__card--danger\">\n<div class=\"c-pdt-disclaimer__heading\">\n<div class=\"u-ml-1\">\n<p class=\"u-h4 u-txt-white u-mb-0\">Danger<\/p>\n<p class=\"u-mb-0\">Au-del\u00e0 de 1.66% m\/m de Nicotine<\/p>\n<p class=\"u-mb-0\">Toxique en cas d&rsquo;ingestion<\/p>\n<\/div>\n<\/div>\n<div class=\"c-pdt-disclaimer__content\">\n<p class=\"u-h4 u-mb-1\">Conseils de prudence<\/p>\n<ul>\n<li>P101 : En cas de consultation d&rsquo;un m\u00e9decin, garder \u00e0 disposition le r\u00e9cipient ou l&rsquo;\u00e9tiquette<\/li>\n<li>P102 : Tenir hors de port\u00e9e des enfants<\/li>\n<li>Se laver les mains soigneusement apr\u00e8s manipulation<\/li>\n<li>P270 : Ne pas manger, boire ou fumer en manipulant le produit<\/li>\n<li>EN CAS DE CONTACT AVEC LA PEAU : laver abondamment \u00e0 l&rsquo;eau et au savon<\/li>\n<li>P301+310 : Appeler imm\u00e9diatement un CENTRE ANTI-POISON ou un m\u00e9decin en cas de malaise<\/li>\n<li>P405 : Garder sous cl\u00e9<\/li>\n<li>EMBALLAGE : Fermeture de s\u00e9curit\u00e9 pour un enfant et indice tactile de danger<\/li>\n<\/ul>\n<\/div>\n<\/div>\n<\/div>\n<\/div>\n<div class=\"c-pdt__section c-pdt__section--columns\">\n<div id=\"manufacturer\" class=\"\">\n<div class=\"u-p-rel u-mb-1\">\n<div class=\"c-pdt__manu-thumbnail\"><img loading=\"lazy\" decoding=\"async\" class=\"u-img-fluid\" src=\"https:\/\/media.taklope.com\/c\/150-category_default\/liquideo.jpg\" alt=\"Liquideo\" width=\"250\" height=\"50\" \/><\/div>\n<p>Liquideo<\/p>\n<\/div>\n<div id=\"readmore-pdt-manufacturer\" class=\"c-pdt__manu-desc\" data-readmore=\"\" aria-expanded=\"true\">\n<p class=\"u-fiv\">D\u00e9couvrez le\u00a0<strong>e-liquide\u00a0fran\u00e7ais Liquideo<\/strong>\u00a0!<br \/>\n<strong>Liquideo<\/strong>\u00a0est un fabricant de e-liquide fran\u00e7ais dont le laboratoire est situ\u00e9 en \u00cele-de-France, d\u00e9clar\u00e9 aupr\u00e8s de l\u2019ANSM (L&rsquo;Agence nationale de s\u00e9curit\u00e9 du m\u00e9dicament et des produits de sant\u00e9) et qui r\u00e9pond \u00e0 toutes les normes BPF ISO 22716.<br \/>\nSp\u00e9cialiste dans l\u2019univers du e-liquide fran\u00e7ais,\u00a0Liquideo\u00a0d\u00e9veloppe des gammes de produits tr\u00e8s attrayantes, avec des saveurs \u00e9tonnantes. Inspir\u00e9es parfois par les Etats-Unis ou les \u00ab\u00a0Best Sellers\u00a0\u00bb, les gammes\u00a0<strong>Dandy Liquideo<\/strong>\u00a0et\u00a0<strong>Xbud Liquideo<\/strong>\u00a0sont con\u00e7ues pour nous faire d\u00e9couvrir quelque chose d\u2019inconnu. Les saveurs Dandy sont simples et efficaces, tandis que la gamme Xbud propose des m\u00e9langes uniques \u00e0 la marque Liquideo.<br \/>\nPour la fabrication de son\u00a0<strong>e-liquide fran\u00e7ais<\/strong>, qu\u2019il s\u2019agisse du Dandy ou du Xbud, Liquideo, n\u2019utilise jamais d\u2019alcool, ni d\u2019eau. La base utilis\u00e9e est comprise en 50\/50 et 70\/30 (PG\/VG) suivant les ar\u00f4mes alimentaires utilis\u00e9s. La nicotine Liquideo fait preuve d\u2019une grande puret\u00e9, avec un degr\u00e9 sup\u00e9rieur \u00e0 99.5%. Liquideo propose aussi des e-liquides compatibles avec l\u2019ajout d\u2019un\u00a0booster nicotine\u00a0pour ajuster le taux selon les besoins.<\/p>\n<\/div>\n<\/div>\n<\/div>\n<\/div>\n<hr data-start=\"600\" data-end=\"603\" \/>\n","protected":false},"excerpt":{"rendered":"<p>Fruit du dragon &#8211; Fra\u00eecheur &#8211; 50 ml &#8211; 50\/50 pg\/vg &#8211; 0mg \u00e0 booster<\/p>\n","protected":false},"featured_media":949,"comment_status":"open","ping_status":"closed","template":"","meta":{"slim_seo":{"title":"E-liquide Freeze Dragon 50ml Liquideo \u2013 Fruit du dragon frais - Vapote-Shop","description":"Fruit du dragon - Fra\u00eecheur - 50 ml - 50\/50 pg\/vg - 0mg \u00e0 booster"}},"product_brand":[51],"product_cat":[90,47,52],"product_tag":[],"class_list":{"0":"post-948","1":"product","2":"type-product","3":"status-publish","4":"has-post-thumbnail","6":"product_brand-liquideo","7":"product_cat-deals","8":"product_cat-e-liquide-50ml","9":"product_cat-meilleures-ventes","11":"first","12":"instock","13":"sale","14":"shipping-taxable","15":"purchasable","16":"product-type-simple"},"_links":{"self":[{"href":"https:\/\/www.vapote-shop.fr\/index.php\/wp-json\/wp\/v2\/product\/948","targetHints":{"allow":["GET"]}}],"collection":[{"href":"https:\/\/www.vapote-shop.fr\/index.php\/wp-json\/wp\/v2\/product"}],"about":[{"href":"https:\/\/www.vapote-shop.fr\/index.php\/wp-json\/wp\/v2\/types\/product"}],"replies":[{"embeddable":true,"href":"https:\/\/www.vapote-shop.fr\/index.php\/wp-json\/wp\/v2\/comments?post=948"}],"wp:featuredmedia":[{"embeddable":true,"href":"https:\/\/www.vapote-shop.fr\/index.php\/wp-json\/wp\/v2\/media\/949"}],"wp:attachment":[{"href":"https:\/\/www.vapote-shop.fr\/index.php\/wp-json\/wp\/v2\/media?parent=948"}],"wp:term":[{"taxonomy":"product_brand","embeddable":true,"href":"https:\/\/www.vapote-shop.fr\/index.php\/wp-json\/wp\/v2\/product_brand?post=948"},{"taxonomy":"product_cat","embeddable":true,"href":"https:\/\/www.vapote-shop.fr\/index.php\/wp-json\/wp\/v2\/product_cat?post=948"},{"taxonomy":"product_tag","embeddable":true,"href":"https:\/\/www.vapote-shop.fr\/index.php\/wp-json\/wp\/v2\/product_tag?post=948"}],"curies":[{"name":"wp","href":"https:\/\/api.w.org\/{rel}","templated":true}]}}